{"id":21171,"date":"2024-09-06T09:01:49","date_gmt":"2024-09-06T08:01:49","guid":{"rendered":"https:\/\/mespack.com\/politica-de-qualidade\/"},"modified":"2025-07-15T10:51:38","modified_gmt":"2025-07-15T09:51:38","slug":"politica-de-qualidade","status":"publish","type":"page","link":"https:\/\/mespack.com\/pt-br\/politica-de-qualidade\/","title":{"rendered":"Pol\u00edtica de qualidade"},"content":{"rendered":"<p>Na Mespack, desenvolvemos nossa atividade no design, fabrica\u00e7\u00e3o, comercializa\u00e7\u00e3o e gest\u00e3o do servi\u00e7o p\u00f3s-venda de m\u00e1quinas para embalagens, realizando essas opera\u00e7\u00f5es em nossa planta localizada em:<br \/>\nc\/ Mar Adri\u00e0tic, 18. Pol\u00edgon Industrial la Torre del Rector 08130 \u2013 Santa Perp\u00e8tua de Mogoda (BARCELONA) ESPANHA.<\/p>\n<p>Nosso compromisso \u00e9 oferecer produtos de alta qualidade que atendam \u00e0s expectativas e necessidades de nossos clientes, respeitem o meio ambiente e impulsionem a inova\u00e7\u00e3o cont\u00ednua na ind\u00fastria de embalagens.<\/p>\n<p>Nossa Pol\u00edtica de Qualidade \u00e9 baseada nos seguintes <strong>pilares<\/strong>:<\/p>\n<ol>\n<li><b>Satisfa\u00e7\u00e3o do Cliente:<\/b><\/li>\n<\/ol>\n<ul>\n<li>N\u00f3s nos concentramos em entender e atender \u00e0s necessidades de nossos clientes, oferecendo produtos e servi\u00e7os que atendam aos seus requisitos e superem suas expectativas.<\/li>\n<li>A confidencialidade de nossos clientes \u00e9 fundamental. Comprometemo-nos a proteger sua identidade, informa\u00e7\u00f5es e marca em todas as etapas do projeto.<\/li>\n<li>Estabelecemos canais de comunica\u00e7\u00e3o abertos para receber feedback e melhorar continuamente.<\/li>\n<li>Garantimos a qualidade e a confiabilidade de nossos produtos por meio de controles e testes rigorosos ao longo do processo de fabrica\u00e7\u00e3o.<\/li>\n<li>Oferecemos um servi\u00e7o de atendimento ao cliente excepcional durante e ap\u00f3s a venda para garantir a completa satisfa\u00e7\u00e3o e fidelidade de nossos clientes.<\/li>\n<\/ul>\n<ol>\n<li><b>Respeito ao Meio Ambiente:<\/b><\/li>\n<\/ol>\n<ul>\n<li>Implementamos pr\u00e1ticas que promovem a sustentabilidade em nossos processos de produ\u00e7\u00e3o para minimizar o impacto ambiental:\n<ol>\n<li>Reduzindo o uso de mat\u00e9rias-primas.<\/li>\n<li>Substituindo materiais padr\u00e3o por elementos de embalagem mais sustent\u00e1veis, como materiais prontos para serem reciclados ou materiais reciclados biodegrad\u00e1veis ou compost\u00e1veis.<\/li>\n<li>Adaptando a tecnologia dos equipamentos da Mespack para criar solu\u00e7\u00f5es de embalagem ecologicamente inovadoras.<\/li>\n<li>Atualizando as m\u00e1quinas que o cliente j\u00e1 possui conforme as inova\u00e7\u00f5es mais eficientes e sustent\u00e1veis.<\/li>\n<\/ol>\n<\/li>\n<li>Promovemos uma cultura voltada para a sustentabilidade entre nossos funcion\u00e1rios e fornecedores, incentivando a responsabilidade ambiental em todas as nossas opera\u00e7\u00f5es.<\/li>\n<\/ul>\n<ol>\n<li><b>Inova\u00e7\u00e3o:<\/b><\/li>\n<\/ol>\n<ul>\n<li>Investimos continuamente em pesquisa e desenvolvimento para nos manter na vanguarda da tecnologia em m\u00e1quinas de embalagem.<\/li>\n<li>Promovemos uma cultura de inova\u00e7\u00e3o e melhoria cont\u00ednua em todos os n\u00edveis da empresa.<\/li>\n<li>Incentivamos um ambiente de trabalho que estimule a criatividade e a gera\u00e7\u00e3o de novas ideias.<\/li>\n<li>Colaboramos com institui\u00e7\u00f5es acad\u00eamicas e diversos parceiros estrat\u00e9gicos para incorporar os \u00faltimos avan\u00e7os tecnol\u00f3gicos em nossos produtos.<\/li>\n<\/ul>\n<p><b>Objetivos da Pol\u00edtica de Qualidade:<\/b><\/p>\n<ul>\n<li>Alcan\u00e7ar e manter altos n\u00edveis de satisfa\u00e7\u00e3o do cliente.<\/li>\n<li>Reduzir o impacto ambiental de nossas opera\u00e7\u00f5es e produtos.<\/li>\n<li>Desenvolver tecnologias inovadoras que otimizem o processo de embalagem e sejam ambientalmente amig\u00e1veis.<\/li>\n<\/ul>\n<p><b>Compromisso da Dire\u00e7\u00e3o:<\/b> A dire\u00e7\u00e3o da Mespack se compromete a cumprir as disposi\u00e7\u00f5es legais, regulamentares e outros requisitos aplic\u00e1veis. Al\u00e9m disso, fornece os recursos necess\u00e1rios para cumprir esta Pol\u00edtica de Qualidade e revisa periodicamente sua efic\u00e1cia para garantir a melhoria cont\u00ednua.<\/p>\n<p>Esta Pol\u00edtica est\u00e1 dispon\u00edvel para todo o pessoal, colaboradores, clientes e outras partes interessadas relevantes.<\/p>\n<p>Aprovada por: <b>Guillem Clofent<\/b>, Diretor Geral<\/p>\n<p><b>Local e Data:<\/b> Santa Perp\u00e9tua de Mogoda, Fevereiro de 2025<\/p>\n","protected":false},"excerpt":{"rendered":"<p>Na Mespack, desenvolvemos nossa atividade no design, fabrica\u00e7\u00e3o, comercializa\u00e7\u00e3o e gest\u00e3o do servi\u00e7o p\u00f3s-venda de m\u00e1quinas para embalagens, realizando essas opera\u00e7\u00f5es em nossa planta localizada em: c\/ Mar Adri\u00e0tic, 18. Pol\u00edgon Industrial la Torre del Rector 08130 \u2013 Santa Perp\u00e8tua de Mogoda (BARCELONA) ESPANHA. Nosso compromisso \u00e9 oferecer produtos de alta qualidade que atendam \u00e0s [&hellip;]<\/p>\n","protected":false},"author":20,"featured_media":0,"parent":0,"menu_order":0,"comment_status":"closed","ping_status":"closed","template":"","meta":{"_acf_changed":false,"footnotes":""},"class_list":["post-21171","page","type-page","status-publish","hentry"],"acf":[],"yoast_head":"<!-- This site is optimized with the Yoast SEO plugin v27.4 - https:\/\/yoast.com\/product\/yoast-seo-wordpress\/ -->\n<title>Pol\u00edtica de qualidade &#183; Mespack<\/title>\n<meta name=\"robots\" content=\"index, follow, max-snippet:-1, max-image-preview:large, max-video-preview:-1\" \/>\n<link rel=\"canonical\" href=\"https:\/\/mespack.com\/pt-br\/politica-de-qualidade\/\" \/>\n<meta property=\"og:locale\" content=\"pt_BR\" \/>\n<meta property=\"og:type\" content=\"article\" \/>\n<meta property=\"og:title\" content=\"Pol\u00edtica de qualidade &#183; Mespack\" \/>\n<meta property=\"og:description\" content=\"Na Mespack, desenvolvemos nossa atividade no design, fabrica\u00e7\u00e3o, comercializa\u00e7\u00e3o e gest\u00e3o do servi\u00e7o p\u00f3s-venda de m\u00e1quinas para embalagens, realizando essas opera\u00e7\u00f5es em nossa planta localizada em: c\/ Mar Adri\u00e0tic, 18. Pol\u00edgon Industrial la Torre del Rector 08130 \u2013 Santa Perp\u00e8tua de Mogoda (BARCELONA) ESPANHA. Nosso compromisso \u00e9 oferecer produtos de alta qualidade que atendam \u00e0s [&hellip;]\" \/>\n<meta property=\"og:url\" content=\"https:\/\/mespack.com\/pt-br\/politica-de-qualidade\/\" \/>\n<meta property=\"og:site_name\" content=\"Mespack\" \/>\n<meta property=\"article:modified_time\" content=\"2025-07-15T09:51:38+00:00\" \/>\n<meta name=\"twitter:card\" content=\"summary_large_image\" \/>\n<meta name=\"twitter:label1\" content=\"Est. tempo de leitura\" \/>\n\t<meta name=\"twitter:data1\" content=\"3 minutos\" \/>\n<script type=\"application\/ld+json\" class=\"yoast-schema-graph\">{\"@context\":\"https:\\\/\\\/schema.org\",\"@graph\":[{\"@type\":\"WebPage\",\"@id\":\"https:\\\/\\\/mespack.com\\\/pt-br\\\/politica-de-qualidade\\\/\",\"url\":\"https:\\\/\\\/mespack.com\\\/pt-br\\\/politica-de-qualidade\\\/\",\"name\":\"Pol\u00edtica de qualidade &#183; Mespack\",\"isPartOf\":{\"@id\":\"https:\\\/\\\/mespack.com\\\/pt-br\\\/#website\"},\"datePublished\":\"2024-09-06T08:01:49+00:00\",\"dateModified\":\"2025-07-15T09:51:38+00:00\",\"breadcrumb\":{\"@id\":\"https:\\\/\\\/mespack.com\\\/pt-br\\\/politica-de-qualidade\\\/#breadcrumb\"},\"inLanguage\":\"pt-BR\",\"potentialAction\":[{\"@type\":\"ReadAction\",\"target\":[\"https:\\\/\\\/mespack.com\\\/pt-br\\\/politica-de-qualidade\\\/\"]}]},{\"@type\":\"BreadcrumbList\",\"@id\":\"https:\\\/\\\/mespack.com\\\/pt-br\\\/politica-de-qualidade\\\/#breadcrumb\",\"itemListElement\":[{\"@type\":\"ListItem\",\"position\":1,\"name\":\"Home\",\"item\":\"https:\\\/\\\/mespack.com\\\/pt-br\\\/\"},{\"@type\":\"ListItem\",\"position\":2,\"name\":\"Pol\u00edtica de qualidade\"}]},{\"@type\":\"WebSite\",\"@id\":\"https:\\\/\\\/mespack.com\\\/pt-br\\\/#website\",\"url\":\"https:\\\/\\\/mespack.com\\\/pt-br\\\/\",\"name\":\"Mespack\",\"description\":\"A Duravant Company\",\"publisher\":{\"@id\":\"https:\\\/\\\/mespack.com\\\/pt-br\\\/#organization\"},\"potentialAction\":[{\"@type\":\"SearchAction\",\"target\":{\"@type\":\"EntryPoint\",\"urlTemplate\":\"https:\\\/\\\/mespack.com\\\/pt-br\\\/?s={search_term_string}\"},\"query-input\":{\"@type\":\"PropertyValueSpecification\",\"valueRequired\":true,\"valueName\":\"search_term_string\"}}],\"inLanguage\":\"pt-BR\"},{\"@type\":\"Organization\",\"@id\":\"https:\\\/\\\/mespack.com\\\/pt-br\\\/#organization\",\"name\":\"Mespack\",\"url\":\"https:\\\/\\\/mespack.com\\\/pt-br\\\/\",\"logo\":{\"@type\":\"ImageObject\",\"inLanguage\":\"pt-BR\",\"@id\":\"https:\\\/\\\/mespack.com\\\/pt-br\\\/#\\\/schema\\\/logo\\\/image\\\/\",\"url\":\"https:\\\/\\\/mespack.com\\\/wp-content\\\/uploads\\\/2021\\\/07\\\/logo-mespack-1.svg\",\"contentUrl\":\"https:\\\/\\\/mespack.com\\\/wp-content\\\/uploads\\\/2021\\\/07\\\/logo-mespack-1.svg\",\"width\":1,\"height\":1,\"caption\":\"Mespack\"},\"image\":{\"@id\":\"https:\\\/\\\/mespack.com\\\/pt-br\\\/#\\\/schema\\\/logo\\\/image\\\/\"},\"sameAs\":[\"https:\\\/\\\/www.linkedin.com\\\/company\\\/mespack\\\/\"]}]}<\/script>\n<!-- \/ Yoast SEO plugin. -->","yoast_head_json":{"title":"Pol\u00edtica de qualidade &#183; Mespack","robots":{"index":"index","follow":"follow","max-snippet":"max-snippet:-1","max-image-preview":"max-image-preview:large","max-video-preview":"max-video-preview:-1"},"canonical":"https:\/\/mespack.com\/pt-br\/politica-de-qualidade\/","og_locale":"pt_BR","og_type":"article","og_title":"Pol\u00edtica de qualidade &#183; Mespack","og_description":"Na Mespack, desenvolvemos nossa atividade no design, fabrica\u00e7\u00e3o, comercializa\u00e7\u00e3o e gest\u00e3o do servi\u00e7o p\u00f3s-venda de m\u00e1quinas para embalagens, realizando essas opera\u00e7\u00f5es em nossa planta localizada em: c\/ Mar Adri\u00e0tic, 18. Pol\u00edgon Industrial la Torre del Rector 08130 \u2013 Santa Perp\u00e8tua de Mogoda (BARCELONA) ESPANHA. Nosso compromisso \u00e9 oferecer produtos de alta qualidade que atendam \u00e0s [&hellip;]","og_url":"https:\/\/mespack.com\/pt-br\/politica-de-qualidade\/","og_site_name":"Mespack","article_modified_time":"2025-07-15T09:51:38+00:00","twitter_card":"summary_large_image","twitter_misc":{"Est. tempo de leitura":"3 minutos"},"schema":{"@context":"https:\/\/schema.org","@graph":[{"@type":"WebPage","@id":"https:\/\/mespack.com\/pt-br\/politica-de-qualidade\/","url":"https:\/\/mespack.com\/pt-br\/politica-de-qualidade\/","name":"Pol\u00edtica de qualidade &#183; Mespack","isPartOf":{"@id":"https:\/\/mespack.com\/pt-br\/#website"},"datePublished":"2024-09-06T08:01:49+00:00","dateModified":"2025-07-15T09:51:38+00:00","breadcrumb":{"@id":"https:\/\/mespack.com\/pt-br\/politica-de-qualidade\/#breadcrumb"},"inLanguage":"pt-BR","potentialAction":[{"@type":"ReadAction","target":["https:\/\/mespack.com\/pt-br\/politica-de-qualidade\/"]}]},{"@type":"BreadcrumbList","@id":"https:\/\/mespack.com\/pt-br\/politica-de-qualidade\/#breadcrumb","itemListElement":[{"@type":"ListItem","position":1,"name":"Home","item":"https:\/\/mespack.com\/pt-br\/"},{"@type":"ListItem","position":2,"name":"Pol\u00edtica de qualidade"}]},{"@type":"WebSite","@id":"https:\/\/mespack.com\/pt-br\/#website","url":"https:\/\/mespack.com\/pt-br\/","name":"Mespack","description":"A Duravant Company","publisher":{"@id":"https:\/\/mespack.com\/pt-br\/#organization"},"potentialAction":[{"@type":"SearchAction","target":{"@type":"EntryPoint","urlTemplate":"https:\/\/mespack.com\/pt-br\/?s={search_term_string}"},"query-input":{"@type":"PropertyValueSpecification","valueRequired":true,"valueName":"search_term_string"}}],"inLanguage":"pt-BR"},{"@type":"Organization","@id":"https:\/\/mespack.com\/pt-br\/#organization","name":"Mespack","url":"https:\/\/mespack.com\/pt-br\/","logo":{"@type":"ImageObject","inLanguage":"pt-BR","@id":"https:\/\/mespack.com\/pt-br\/#\/schema\/logo\/image\/","url":"https:\/\/mespack.com\/wp-content\/uploads\/2021\/07\/logo-mespack-1.svg","contentUrl":"https:\/\/mespack.com\/wp-content\/uploads\/2021\/07\/logo-mespack-1.svg","width":1,"height":1,"caption":"Mespack"},"image":{"@id":"https:\/\/mespack.com\/pt-br\/#\/schema\/logo\/image\/"},"sameAs":["https:\/\/www.linkedin.com\/company\/mespack\/"]}]}},"_links":{"self":[{"href":"https:\/\/mespack.com\/pt-br\/wp-json\/wp\/v2\/pages\/21171","targetHints":{"allow":["GET"]}}],"collection":[{"href":"https:\/\/mespack.com\/pt-br\/wp-json\/wp\/v2\/pages"}],"about":[{"href":"https:\/\/mespack.com\/pt-br\/wp-json\/wp\/v2\/types\/page"}],"author":[{"embeddable":true,"href":"https:\/\/mespack.com\/pt-br\/wp-json\/wp\/v2\/users\/20"}],"replies":[{"embeddable":true,"href":"https:\/\/mespack.com\/pt-br\/wp-json\/wp\/v2\/comments?post=21171"}],"version-history":[{"count":0,"href":"https:\/\/mespack.com\/pt-br\/wp-json\/wp\/v2\/pages\/21171\/revisions"}],"wp:attachment":[{"href":"https:\/\/mespack.com\/pt-br\/wp-json\/wp\/v2\/media?parent=21171"}],"curies":[{"name":"wp","href":"https:\/\/api.w.org\/{rel}","templated":true}]}}