{"id":17239,"date":"2021-09-23T14:28:16","date_gmt":"2021-09-23T13:28:16","guid":{"rendered":"https:\/\/mespack.com\/aviso-legal\/"},"modified":"2025-12-09T10:39:42","modified_gmt":"2025-12-09T09:39:42","slug":"aviso-legal","status":"publish","type":"page","link":"https:\/\/mespack.com\/pt-br\/aviso-legal\/","title":{"rendered":"Aviso Legal"},"content":{"rendered":"\t\t<div data-elementor-type=\"wp-page\" data-elementor-id=\"17239\" class=\"elementor elementor-17239 elementor-5194\" data-elementor-post-type=\"page\">\n\t\t\t\t\t\t<section class=\"elementor-section elementor-top-section elementor-element elementor-element-2dde5ee elementor-section-boxed elementor-section-height-default elementor-section-height-default\" data-id=\"2dde5ee\" data-element_type=\"section\" data-e-type=\"section\">\n\t\t\t\t\t\t<div class=\"elementor-container elementor-column-gap-default\">\n\t\t\t\t\t<div class=\"elementor-column elementor-col-100 elementor-top-column elementor-element elementor-element-ae0f52a\" data-id=\"ae0f52a\" data-element_type=\"column\" data-e-type=\"column\">\n\t\t\t<div class=\"elementor-widget-wrap elementor-element-populated\">\n\t\t\t\t\t\t<div class=\"elementor-element elementor-element-b522226 elementor-widget elementor-widget-template\" data-id=\"b522226\" data-element_type=\"widget\" data-e-type=\"widget\" data-widget_type=\"template.default\">\n\t\t\t\t<div class=\"elementor-widget-container\">\n\t\t\t\t\t\t\t<div class=\"elementor-template\">\n\t\t\t\t\t<div data-elementor-type=\"section\" data-elementor-id=\"17665\" class=\"elementor elementor-17665 elementor-423 elementor-423\" data-elementor-post-type=\"elementor_library\">\n\t\t\t\t\t<section class=\"elementor-section elementor-top-section elementor-element elementor-element-7394da99 elementor-section-boxed elementor-section-height-default elementor-section-height-default\" data-id=\"7394da99\" data-element_type=\"section\" data-e-type=\"section\" id=\"page-header\">\n\t\t\t\t\t\t<div class=\"elementor-container elementor-column-gap-default\">\n\t\t\t\t\t<div class=\"elementor-column elementor-col-100 elementor-top-column elementor-element elementor-element-1a16b5cb\" data-id=\"1a16b5cb\" data-element_type=\"column\" data-e-type=\"column\">\n\t\t\t<div class=\"elementor-widget-wrap elementor-element-populated\">\n\t\t\t\t\t\t<div class=\"elementor-element elementor-element-b424e45 elementor-widget elementor-widget-shortcode\" data-id=\"b424e45\" data-element_type=\"widget\" data-e-type=\"widget\" data-widget_type=\"shortcode.default\">\n\t\t\t\t<div class=\"elementor-widget-container\">\n\t\t\t\t\t\t\t<div class=\"elementor-shortcode\"><span><span><a href=\"https:\/\/mespack.com\/pt-br\/\">Home<\/a><\/span><\/span><\/div>\n\t\t\t\t\t\t<\/div>\n\t\t\t\t<\/div>\n\t\t\t\t<div class=\"elementor-element elementor-element-6763ce8f elementor-widget elementor-widget-spacer\" data-id=\"6763ce8f\" data-element_type=\"widget\" data-e-type=\"widget\" data-widget_type=\"spacer.default\">\n\t\t\t\t<div class=\"elementor-widget-container\">\n\t\t\t\t\t\t\t<div class=\"elementor-spacer\">\n\t\t\t<div class=\"elementor-spacer-inner\"><\/div>\n\t\t<\/div>\n\t\t\t\t\t\t<\/div>\n\t\t\t\t<\/div>\n\t\t\t\t<div class=\"elementor-element elementor-element-6972426 elementor-widget-divider--view-line_icon elementor-widget-divider--element-align-left elementor-view-default elementor-widget elementor-widget-divider\" data-id=\"6972426\" data-element_type=\"widget\" data-e-type=\"widget\" data-widget_type=\"divider.default\">\n\t\t\t\t<div class=\"elementor-widget-container\">\n\t\t\t\t\t\t\t<div class=\"elementor-divider\">\n\t\t\t<span class=\"elementor-divider-separator\">\n\t\t\t\t\t\t\t<div class=\"elementor-icon elementor-divider__element\">\n\t\t\t\t\t<svg xmlns=\"http:\/\/www.w3.org\/2000\/svg\" width=\"230\" height=\"19\" viewBox=\"0 0 230 19\" fill=\"none\"><rect width=\"230\" height=\"19\" fill=\"#E3092C\"><\/rect><\/svg><\/div>\n\t\t\t\t\t\t<\/span>\n\t\t<\/div>\n\t\t\t\t\t\t<\/div>\n\t\t\t\t<\/div>\n\t\t\t\t\t<\/div>\n\t\t<\/div>\n\t\t\t\t\t<\/div>\n\t\t<\/section>\n\t\t\t\t<\/div>\n\t\t\t\t<\/div>\n\t\t\t\t\t\t<\/div>\n\t\t\t\t<\/div>\n\t\t\t\t\t<\/div>\n\t\t<\/div>\n\t\t\t\t\t<\/div>\n\t\t<\/section>\n\t\t\t\t<section class=\"elementor-section elementor-top-section elementor-element elementor-element-195760ef elementor-section-boxed elementor-section-height-default elementor-section-height-default\" data-id=\"195760ef\" data-element_type=\"section\" data-e-type=\"section\">\n\t\t\t\t\t\t<div class=\"elementor-container elementor-column-gap-default\">\n\t\t\t\t\t<div class=\"elementor-column elementor-col-100 elementor-top-column elementor-element elementor-element-533ab4f0\" data-id=\"533ab4f0\" data-element_type=\"column\" data-e-type=\"column\">\n\t\t\t<div class=\"elementor-widget-wrap elementor-element-populated\">\n\t\t\t\t\t\t<div class=\"elementor-element elementor-element-2b7cef20 elementor-widget elementor-widget-text-editor\" data-id=\"2b7cef20\" data-element_type=\"widget\" data-e-type=\"widget\" data-widget_type=\"text-editor.default\">\n\t\t\t\t<div class=\"elementor-widget-container\">\n\t\t\t\t\t\t\t\t\t<p>Este site \u00e9 propriedade da MESPACK, S.L., com NIF (N\u00famero de Identifica\u00e7\u00e3o Fiscal) B60718749 e cujo endere\u00e7o \u00e9 MAR ADRI\u00c0TIC, 18 PO. IND. TORRE DEL RECTOR 08130 Santa Perp\u00e8tua de Mogoda (BARCELONA) e que est\u00e1 Registrada no Registro Mercantil de Barcelona, no Volume 27.772, folha 50, p\u00e1gina B-123.329<\/p><br><p>Para consultas ou propostas, envie um e-mail para rgpd@mespack.com<br \/>Este site \u00e9 regido exclusivamente pela legisla\u00e7\u00e3o espanhola, e todos os que o utilizam, sejam cidad\u00e3os espanh\u00f3is ou estrangeiros, est\u00e3o sujeitos a ela.<br \/>O acesso ao nosso site pelo USU\u00c1RIO \u00e9 gratuito e \u00e9 concedido sob a condi\u00e7\u00e3o de que o usu\u00e1rio tenha lido e aceitado integral, expressa e sem reservas as CONDI\u00c7\u00d5ES GERAIS DE USO vigentes no momento do acesso, as quais pedimos que leia cuidadosamente. No momento em que o USU\u00c1RIO utiliza nosso portal, seus conte\u00fados ou servi\u00e7os, ele aceita e se submete expressamente \u00e0s condi\u00e7\u00f5es gerais de uso do mesmo. Se o usu\u00e1rio n\u00e3o concordar com estas condi\u00e7\u00f5es de uso, ele deve se abster de usar e trabalhar com este portal.<br \/>Podemos, a qualquer momento, alterar a apresenta\u00e7\u00e3o e configura\u00e7\u00e3o do nosso site, expandir ou reduzir servi\u00e7os e at\u00e9 remov\u00ea-lo da Web, juntamente com os servi\u00e7os e conte\u00fados fornecidos, unilateralmente e sem aviso pr\u00e9vio.<\/p><br><p><strong>A. PROPRIEDADE INTELECTUAL<\/strong><\/p><br><p>Todo o conte\u00fado, texto, imagens, marcas e c\u00f3digo-fonte s\u00e3o de nossa propriedade ou de terceiros dos quais foram obtidos direitos de uso, e s\u00e3o protegidos por direitos de propriedade intelectual e industrial.<\/p><br><p>O usu\u00e1rio tem o direito apenas de us\u00e1-los privadamente, sem motiva\u00e7\u00e3o financeira e requer autoriza\u00e7\u00e3o expressa para modific\u00e1-los, reproduzi-los, explor\u00e1-los ou distribu\u00ed-los, ou para exercer qualquer direito pertencente ao seu propriet\u00e1rio.<\/p><br><p><strong>B. CONDI\u00c7\u00d5ES DE ACESSO<\/strong><\/p><br><p>O acesso ao nosso site \u00e9 gratuito e n\u00e3o requer assinatura ou registro.<\/p><br><p>A transmiss\u00e3o de dados pessoais pelo USU\u00c1RIO implica na aceita\u00e7\u00e3o expressa da pol\u00edtica de privacidade do nosso site<br \/>Ao acessar nosso site, o usu\u00e1rio deve agir de boa f\u00e9, de acordo com as normas de ordem p\u00fablica e com essas condi\u00e7\u00f5es gerais de uso. O acesso ao nosso site \u00e9 de responsabilidade exclusiva do usu\u00e1rio, que ser\u00e1 sempre respons\u00e1vel por quaisquer danos que esse acesso possa causar a terceiros ou a n\u00f3s.<\/p><br><p>Dada a impossibilidade de controlar as informa\u00e7\u00f5es, conte\u00fados e servi\u00e7os que podem ser encontrados em outros sites acess\u00edveis por meio dos links dispon\u00edveis em nosso site, informamos que n\u00e3o somos respons\u00e1veis por quaisquer danos ou preju\u00edzos de qualquer natureza que possam surgir do uso, por parte do usu\u00e1rio, desses sites n\u00e3o associados \u00e0 nossa empresa.<\/p><br><p><strong>C. RESPONSABILIDADES<\/strong><\/p><br><p>Ao disponibilizar este site ao usu\u00e1rio, nossa inten\u00e7\u00e3o \u00e9 oferecer um servi\u00e7o de qualidade utilizando o mais alto grau de dilig\u00eancia na presta\u00e7\u00e3o desse servi\u00e7o, assim como nos meios tecnol\u00f3gicos utilizados. No entanto, n\u00e3o somos respons\u00e1veis pela presen\u00e7a de v\u00edrus e outros elementos que possam danificar o sistema de computador do usu\u00e1rio de qualquer forma.<\/p><br><p>N\u00e3o garantimos um servi\u00e7o cont\u00ednuo ou ininterrupto.<br \/>\u00c9 proibido ao USU\u00c1RIO realizar qualquer a\u00e7\u00e3o em nosso portal que resulte em uma sobrecarga excessiva de nossos sistemas de computador, bem como introduzir qualquer v\u00edrus ou instalar qualquer rob\u00f4s ou software que altere o funcionamento normal do nosso site, ou de qualquer forma seja capaz de danificar nossos sistemas de computador.<\/p><br><p>O USU\u00c1RIO assume toda a responsabilidade decorrente do uso do nosso site.<\/p><br><p>O USU\u00c1RIO reconhece que compreendeu todas as informa\u00e7\u00f5es relativas \u00e0s condi\u00e7\u00f5es de uso do nosso portal, e reconhece que s\u00e3o suficientes para excluir qualquer erro nelas, e, portanto, as aceita integral e expressamente.<\/p>\t\t\t\t\t\t\t\t<\/div>\n\t\t\t\t<\/div>\n\t\t\t\t\t<\/div>\n\t\t<\/div>\n\t\t\t\t\t<\/div>\n\t\t<\/section>\n\t\t\t\t<\/div>\n\t\t","protected":false},"excerpt":{"rendered":"<p>Este site \u00e9 propriedade da MESPACK, S.L., com NIF (N\u00famero de Identifica\u00e7\u00e3o Fiscal) B60718749 e cujo endere\u00e7o \u00e9 MAR ADRI\u00c0TIC, 18 PO. IND. TORRE DEL RECTOR 08130 Santa Perp\u00e8tua de Mogoda (BARCELONA) e que est\u00e1 Registrada no Registro Mercantil de Barcelona, no Volume 27.772, folha 50, p\u00e1gina B-123.329 Para consultas ou propostas, envie um e-mail [&hellip;]<\/p>\n","protected":false},"author":21,"featured_media":0,"parent":0,"menu_order":0,"comment_status":"closed","ping_status":"closed","template":"elementor_header_footer","meta":{"_acf_changed":false,"footnotes":""},"class_list":["post-17239","page","type-page","status-publish","hentry"],"acf":[],"yoast_head":"<!-- This site is optimized with the Yoast SEO plugin v27.4 - https:\/\/yoast.com\/product\/yoast-seo-wordpress\/ -->\n<title>Aviso Legal &#183; Mespack<\/title>\n<meta name=\"description\" content=\"Aviso Legal\" \/>\n<meta name=\"robots\" content=\"noindex, follow\" \/>\n<meta property=\"og:locale\" content=\"pt_BR\" \/>\n<meta property=\"og:type\" content=\"article\" \/>\n<meta property=\"og:title\" content=\"Aviso Legal &#183; Mespack\" \/>\n<meta property=\"og:description\" content=\"Aviso Legal\" \/>\n<meta property=\"og:url\" content=\"https:\/\/mespack.com\/pt-br\/aviso-legal\/\" \/>\n<meta property=\"og:site_name\" content=\"Mespack\" \/>\n<meta property=\"article:modified_time\" content=\"2025-12-09T09:39:42+00:00\" \/>\n<meta name=\"twitter:card\" content=\"summary_large_image\" \/>\n<meta name=\"twitter:label1\" content=\"Est. tempo de leitura\" \/>\n\t<meta name=\"twitter:data1\" content=\"3 minutos\" \/>\n<script type=\"application\/ld+json\" class=\"yoast-schema-graph\">{\"@context\":\"https:\\\/\\\/schema.org\",\"@graph\":[{\"@type\":\"WebPage\",\"@id\":\"https:\\\/\\\/mespack.com\\\/pt-br\\\/aviso-legal\\\/\",\"url\":\"https:\\\/\\\/mespack.com\\\/pt-br\\\/aviso-legal\\\/\",\"name\":\"Aviso Legal &#183; Mespack\",\"isPartOf\":{\"@id\":\"https:\\\/\\\/mespack.com\\\/pt-br\\\/#website\"},\"datePublished\":\"2021-09-23T13:28:16+00:00\",\"dateModified\":\"2025-12-09T09:39:42+00:00\",\"description\":\"Aviso Legal\",\"breadcrumb\":{\"@id\":\"https:\\\/\\\/mespack.com\\\/pt-br\\\/aviso-legal\\\/#breadcrumb\"},\"inLanguage\":\"pt-BR\",\"potentialAction\":[{\"@type\":\"ReadAction\",\"target\":[\"https:\\\/\\\/mespack.com\\\/pt-br\\\/aviso-legal\\\/\"]}]},{\"@type\":\"BreadcrumbList\",\"@id\":\"https:\\\/\\\/mespack.com\\\/pt-br\\\/aviso-legal\\\/#breadcrumb\",\"itemListElement\":[{\"@type\":\"ListItem\",\"position\":1,\"name\":\"Home\",\"item\":\"https:\\\/\\\/mespack.com\\\/pt-br\\\/\"},{\"@type\":\"ListItem\",\"position\":2,\"name\":\"Aviso Legal\"}]},{\"@type\":\"WebSite\",\"@id\":\"https:\\\/\\\/mespack.com\\\/pt-br\\\/#website\",\"url\":\"https:\\\/\\\/mespack.com\\\/pt-br\\\/\",\"name\":\"Mespack\",\"description\":\"A Duravant Company\",\"publisher\":{\"@id\":\"https:\\\/\\\/mespack.com\\\/pt-br\\\/#organization\"},\"potentialAction\":[{\"@type\":\"SearchAction\",\"target\":{\"@type\":\"EntryPoint\",\"urlTemplate\":\"https:\\\/\\\/mespack.com\\\/pt-br\\\/?s={search_term_string}\"},\"query-input\":{\"@type\":\"PropertyValueSpecification\",\"valueRequired\":true,\"valueName\":\"search_term_string\"}}],\"inLanguage\":\"pt-BR\"},{\"@type\":\"Organization\",\"@id\":\"https:\\\/\\\/mespack.com\\\/pt-br\\\/#organization\",\"name\":\"Mespack\",\"url\":\"https:\\\/\\\/mespack.com\\\/pt-br\\\/\",\"logo\":{\"@type\":\"ImageObject\",\"inLanguage\":\"pt-BR\",\"@id\":\"https:\\\/\\\/mespack.com\\\/pt-br\\\/#\\\/schema\\\/logo\\\/image\\\/\",\"url\":\"https:\\\/\\\/mespack.com\\\/wp-content\\\/uploads\\\/2021\\\/07\\\/logo-mespack-1.svg\",\"contentUrl\":\"https:\\\/\\\/mespack.com\\\/wp-content\\\/uploads\\\/2021\\\/07\\\/logo-mespack-1.svg\",\"width\":1,\"height\":1,\"caption\":\"Mespack\"},\"image\":{\"@id\":\"https:\\\/\\\/mespack.com\\\/pt-br\\\/#\\\/schema\\\/logo\\\/image\\\/\"},\"sameAs\":[\"https:\\\/\\\/www.linkedin.com\\\/company\\\/mespack\\\/\"]}]}<\/script>\n<!-- \/ Yoast SEO plugin. -->","yoast_head_json":{"title":"Aviso Legal &#183; Mespack","description":"Aviso Legal","robots":{"index":"noindex","follow":"follow"},"og_locale":"pt_BR","og_type":"article","og_title":"Aviso Legal &#183; Mespack","og_description":"Aviso Legal","og_url":"https:\/\/mespack.com\/pt-br\/aviso-legal\/","og_site_name":"Mespack","article_modified_time":"2025-12-09T09:39:42+00:00","twitter_card":"summary_large_image","twitter_misc":{"Est. tempo de leitura":"3 minutos"},"schema":{"@context":"https:\/\/schema.org","@graph":[{"@type":"WebPage","@id":"https:\/\/mespack.com\/pt-br\/aviso-legal\/","url":"https:\/\/mespack.com\/pt-br\/aviso-legal\/","name":"Aviso Legal &#183; Mespack","isPartOf":{"@id":"https:\/\/mespack.com\/pt-br\/#website"},"datePublished":"2021-09-23T13:28:16+00:00","dateModified":"2025-12-09T09:39:42+00:00","description":"Aviso Legal","breadcrumb":{"@id":"https:\/\/mespack.com\/pt-br\/aviso-legal\/#breadcrumb"},"inLanguage":"pt-BR","potentialAction":[{"@type":"ReadAction","target":["https:\/\/mespack.com\/pt-br\/aviso-legal\/"]}]},{"@type":"BreadcrumbList","@id":"https:\/\/mespack.com\/pt-br\/aviso-legal\/#breadcrumb","itemListElement":[{"@type":"ListItem","position":1,"name":"Home","item":"https:\/\/mespack.com\/pt-br\/"},{"@type":"ListItem","position":2,"name":"Aviso Legal"}]},{"@type":"WebSite","@id":"https:\/\/mespack.com\/pt-br\/#website","url":"https:\/\/mespack.com\/pt-br\/","name":"Mespack","description":"A Duravant Company","publisher":{"@id":"https:\/\/mespack.com\/pt-br\/#organization"},"potentialAction":[{"@type":"SearchAction","target":{"@type":"EntryPoint","urlTemplate":"https:\/\/mespack.com\/pt-br\/?s={search_term_string}"},"query-input":{"@type":"PropertyValueSpecification","valueRequired":true,"valueName":"search_term_string"}}],"inLanguage":"pt-BR"},{"@type":"Organization","@id":"https:\/\/mespack.com\/pt-br\/#organization","name":"Mespack","url":"https:\/\/mespack.com\/pt-br\/","logo":{"@type":"ImageObject","inLanguage":"pt-BR","@id":"https:\/\/mespack.com\/pt-br\/#\/schema\/logo\/image\/","url":"https:\/\/mespack.com\/wp-content\/uploads\/2021\/07\/logo-mespack-1.svg","contentUrl":"https:\/\/mespack.com\/wp-content\/uploads\/2021\/07\/logo-mespack-1.svg","width":1,"height":1,"caption":"Mespack"},"image":{"@id":"https:\/\/mespack.com\/pt-br\/#\/schema\/logo\/image\/"},"sameAs":["https:\/\/www.linkedin.com\/company\/mespack\/"]}]}},"_links":{"self":[{"href":"https:\/\/mespack.com\/pt-br\/wp-json\/wp\/v2\/pages\/17239","targetHints":{"allow":["GET"]}}],"collection":[{"href":"https:\/\/mespack.com\/pt-br\/wp-json\/wp\/v2\/pages"}],"about":[{"href":"https:\/\/mespack.com\/pt-br\/wp-json\/wp\/v2\/types\/page"}],"author":[{"embeddable":true,"href":"https:\/\/mespack.com\/pt-br\/wp-json\/wp\/v2\/users\/21"}],"replies":[{"embeddable":true,"href":"https:\/\/mespack.com\/pt-br\/wp-json\/wp\/v2\/comments?post=17239"}],"version-history":[{"count":0,"href":"https:\/\/mespack.com\/pt-br\/wp-json\/wp\/v2\/pages\/17239\/revisions"}],"wp:attachment":[{"href":"https:\/\/mespack.com\/pt-br\/wp-json\/wp\/v2\/media?parent=17239"}],"curies":[{"name":"wp","href":"https:\/\/api.w.org\/{rel}","templated":true}]}}