{"id":17228,"date":"2021-09-22T13:33:38","date_gmt":"2021-09-22T12:33:38","guid":{"rendered":"https:\/\/mespack.com\/sobre-nos\/"},"modified":"2021-09-22T13:33:38","modified_gmt":"2021-09-22T12:33:38","slug":"sobre-nos","status":"publish","type":"page","link":"https:\/\/mespack.com\/pt-br\/sobre-nos\/","title":{"rendered":"Sobre n\u00f3s"},"content":{"rendered":"","protected":false},"excerpt":{"rendered":"","protected":false},"author":21,"featured_media":0,"parent":0,"menu_order":0,"comment_status":"closed","ping_status":"closed","template":"page-gotochild.php","meta":{"_acf_changed":false,"footnotes":""},"class_list":["post-17228","page","type-page","status-publish","hentry"],"acf":[],"yoast_head":"<!-- This site is optimized with the Yoast SEO plugin v27.4 - https:\/\/yoast.com\/product\/yoast-seo-wordpress\/ -->\n<title>Sobre n\u00f3s &#183; Mespack<\/title>\n<meta name=\"description\" content=\"A Mespack \u00e9 uma fabricante internacional de m\u00e1quinas de embalagem inovadoras, equipamentos de fim de linha e c\u00e1psulas sol\u00faveis.\" \/>\n<meta name=\"robots\" content=\"index, follow, max-snippet:-1, max-image-preview:large, max-video-preview:-1\" \/>\n<link rel=\"canonical\" href=\"https:\/\/mespack.com\/pt-br\/sobre-nos\/\" \/>\n<meta property=\"og:locale\" content=\"pt_BR\" \/>\n<meta property=\"og:type\" content=\"article\" \/>\n<meta property=\"og:title\" content=\"Sobre n\u00f3s &#183; Mespack\" \/>\n<meta property=\"og:description\" content=\"A Mespack \u00e9 uma fabricante internacional de m\u00e1quinas de embalagem inovadoras, equipamentos de fim de linha e c\u00e1psulas sol\u00faveis.\" \/>\n<meta property=\"og:url\" content=\"https:\/\/mespack.com\/pt-br\/sobre-nos\/\" \/>\n<meta property=\"og:site_name\" content=\"Mespack\" \/>\n<meta name=\"twitter:card\" content=\"summary_large_image\" \/>\n<script type=\"application\/ld+json\" class=\"yoast-schema-graph\">{\"@context\":\"https:\\\/\\\/schema.org\",\"@graph\":[{\"@type\":\"WebPage\",\"@id\":\"https:\\\/\\\/mespack.com\\\/pt-br\\\/sobre-nos\\\/\",\"url\":\"https:\\\/\\\/mespack.com\\\/pt-br\\\/sobre-nos\\\/\",\"name\":\"Sobre n\u00f3s &#183; Mespack\",\"isPartOf\":{\"@id\":\"https:\\\/\\\/mespack.com\\\/pt-br\\\/#website\"},\"datePublished\":\"2021-09-22T12:33:38+00:00\",\"description\":\"A Mespack \u00e9 uma fabricante internacional de m\u00e1quinas de embalagem inovadoras, equipamentos de fim de linha e c\u00e1psulas sol\u00faveis.\",\"breadcrumb\":{\"@id\":\"https:\\\/\\\/mespack.com\\\/pt-br\\\/sobre-nos\\\/#breadcrumb\"},\"inLanguage\":\"pt-BR\",\"potentialAction\":[{\"@type\":\"ReadAction\",\"target\":[\"https:\\\/\\\/mespack.com\\\/pt-br\\\/sobre-nos\\\/\"]}]},{\"@type\":\"BreadcrumbList\",\"@id\":\"https:\\\/\\\/mespack.com\\\/pt-br\\\/sobre-nos\\\/#breadcrumb\",\"itemListElement\":[{\"@type\":\"ListItem\",\"position\":1,\"name\":\"Home\",\"item\":\"https:\\\/\\\/mespack.com\\\/pt-br\\\/\"},{\"@type\":\"ListItem\",\"position\":2,\"name\":\"Sobre n\u00f3s\"}]},{\"@type\":\"WebSite\",\"@id\":\"https:\\\/\\\/mespack.com\\\/pt-br\\\/#website\",\"url\":\"https:\\\/\\\/mespack.com\\\/pt-br\\\/\",\"name\":\"Mespack\",\"description\":\"A Duravant Company\",\"publisher\":{\"@id\":\"https:\\\/\\\/mespack.com\\\/pt-br\\\/#organization\"},\"potentialAction\":[{\"@type\":\"SearchAction\",\"target\":{\"@type\":\"EntryPoint\",\"urlTemplate\":\"https:\\\/\\\/mespack.com\\\/pt-br\\\/?s={search_term_string}\"},\"query-input\":{\"@type\":\"PropertyValueSpecification\",\"valueRequired\":true,\"valueName\":\"search_term_string\"}}],\"inLanguage\":\"pt-BR\"},{\"@type\":\"Organization\",\"@id\":\"https:\\\/\\\/mespack.com\\\/pt-br\\\/#organization\",\"name\":\"Mespack\",\"url\":\"https:\\\/\\\/mespack.com\\\/pt-br\\\/\",\"logo\":{\"@type\":\"ImageObject\",\"inLanguage\":\"pt-BR\",\"@id\":\"https:\\\/\\\/mespack.com\\\/pt-br\\\/#\\\/schema\\\/logo\\\/image\\\/\",\"url\":\"https:\\\/\\\/mespack.com\\\/wp-content\\\/uploads\\\/2021\\\/07\\\/logo-mespack-1.svg\",\"contentUrl\":\"https:\\\/\\\/mespack.com\\\/wp-content\\\/uploads\\\/2021\\\/07\\\/logo-mespack-1.svg\",\"width\":1,\"height\":1,\"caption\":\"Mespack\"},\"image\":{\"@id\":\"https:\\\/\\\/mespack.com\\\/pt-br\\\/#\\\/schema\\\/logo\\\/image\\\/\"},\"sameAs\":[\"https:\\\/\\\/www.linkedin.com\\\/company\\\/mespack\\\/\"]}]}<\/script>\n<!-- \/ Yoast SEO plugin. -->","yoast_head_json":{"title":"Sobre n\u00f3s &#183; Mespack","description":"A Mespack \u00e9 uma fabricante internacional de m\u00e1quinas de embalagem inovadoras, equipamentos de fim de linha e c\u00e1psulas sol\u00faveis.","robots":{"index":"index","follow":"follow","max-snippet":"max-snippet:-1","max-image-preview":"max-image-preview:large","max-video-preview":"max-video-preview:-1"},"canonical":"https:\/\/mespack.com\/pt-br\/sobre-nos\/","og_locale":"pt_BR","og_type":"article","og_title":"Sobre n\u00f3s &#183; Mespack","og_description":"A Mespack \u00e9 uma fabricante internacional de m\u00e1quinas de embalagem inovadoras, equipamentos de fim de linha e c\u00e1psulas sol\u00faveis.","og_url":"https:\/\/mespack.com\/pt-br\/sobre-nos\/","og_site_name":"Mespack","twitter_card":"summary_large_image","schema":{"@context":"https:\/\/schema.org","@graph":[{"@type":"WebPage","@id":"https:\/\/mespack.com\/pt-br\/sobre-nos\/","url":"https:\/\/mespack.com\/pt-br\/sobre-nos\/","name":"Sobre n\u00f3s &#183; Mespack","isPartOf":{"@id":"https:\/\/mespack.com\/pt-br\/#website"},"datePublished":"2021-09-22T12:33:38+00:00","description":"A Mespack \u00e9 uma fabricante internacional de m\u00e1quinas de embalagem inovadoras, equipamentos de fim de linha e c\u00e1psulas sol\u00faveis.","breadcrumb":{"@id":"https:\/\/mespack.com\/pt-br\/sobre-nos\/#breadcrumb"},"inLanguage":"pt-BR","potentialAction":[{"@type":"ReadAction","target":["https:\/\/mespack.com\/pt-br\/sobre-nos\/"]}]},{"@type":"BreadcrumbList","@id":"https:\/\/mespack.com\/pt-br\/sobre-nos\/#breadcrumb","itemListElement":[{"@type":"ListItem","position":1,"name":"Home","item":"https:\/\/mespack.com\/pt-br\/"},{"@type":"ListItem","position":2,"name":"Sobre n\u00f3s"}]},{"@type":"WebSite","@id":"https:\/\/mespack.com\/pt-br\/#website","url":"https:\/\/mespack.com\/pt-br\/","name":"Mespack","description":"A Duravant Company","publisher":{"@id":"https:\/\/mespack.com\/pt-br\/#organization"},"potentialAction":[{"@type":"SearchAction","target":{"@type":"EntryPoint","urlTemplate":"https:\/\/mespack.com\/pt-br\/?s={search_term_string}"},"query-input":{"@type":"PropertyValueSpecification","valueRequired":true,"valueName":"search_term_string"}}],"inLanguage":"pt-BR"},{"@type":"Organization","@id":"https:\/\/mespack.com\/pt-br\/#organization","name":"Mespack","url":"https:\/\/mespack.com\/pt-br\/","logo":{"@type":"ImageObject","inLanguage":"pt-BR","@id":"https:\/\/mespack.com\/pt-br\/#\/schema\/logo\/image\/","url":"https:\/\/mespack.com\/wp-content\/uploads\/2021\/07\/logo-mespack-1.svg","contentUrl":"https:\/\/mespack.com\/wp-content\/uploads\/2021\/07\/logo-mespack-1.svg","width":1,"height":1,"caption":"Mespack"},"image":{"@id":"https:\/\/mespack.com\/pt-br\/#\/schema\/logo\/image\/"},"sameAs":["https:\/\/www.linkedin.com\/company\/mespack\/"]}]}},"_links":{"self":[{"href":"https:\/\/mespack.com\/pt-br\/wp-json\/wp\/v2\/pages\/17228","targetHints":{"allow":["GET"]}}],"collection":[{"href":"https:\/\/mespack.com\/pt-br\/wp-json\/wp\/v2\/pages"}],"about":[{"href":"https:\/\/mespack.com\/pt-br\/wp-json\/wp\/v2\/types\/page"}],"author":[{"embeddable":true,"href":"https:\/\/mespack.com\/pt-br\/wp-json\/wp\/v2\/users\/21"}],"replies":[{"embeddable":true,"href":"https:\/\/mespack.com\/pt-br\/wp-json\/wp\/v2\/comments?post=17228"}],"version-history":[{"count":0,"href":"https:\/\/mespack.com\/pt-br\/wp-json\/wp\/v2\/pages\/17228\/revisions"}],"wp:attachment":[{"href":"https:\/\/mespack.com\/pt-br\/wp-json\/wp\/v2\/media?parent=17228"}],"curies":[{"name":"wp","href":"https:\/\/api.w.org\/{rel}","templated":true}]}}