{"id":17183,"date":"2021-09-13T16:38:06","date_gmt":"2021-09-13T15:38:06","guid":{"rendered":"https:\/\/mespack.com\/solucoes-higienicas\/"},"modified":"2024-02-20T08:55:53","modified_gmt":"2024-02-20T07:55:53","slug":"solucoes-higienicas","status":"publish","type":"page","link":"https:\/\/mespack.com\/pt-br\/solucoes-higienicas\/","title":{"rendered":"Solu\u00e7\u00f5es higi\u00eanicas"},"content":{"rendered":"\t\t<div data-elementor-type=\"wp-page\" data-elementor-id=\"17183\" class=\"elementor elementor-17183 elementor-3435\" data-elementor-post-type=\"page\">\n\t\t\t\t\t\t<section class=\"elementor-section elementor-top-section elementor-element elementor-element-2a8a267 elementor-section-boxed elementor-section-height-default elementor-section-height-default\" data-id=\"2a8a267\" data-element_type=\"section\" data-e-type=\"section\">\n\t\t\t\t\t\t<div class=\"elementor-container elementor-column-gap-default\">\n\t\t\t\t\t<div class=\"elementor-column elementor-col-100 elementor-top-column elementor-element elementor-element-bccd5b7\" data-id=\"bccd5b7\" data-element_type=\"column\" data-e-type=\"column\">\n\t\t\t<div class=\"elementor-widget-wrap elementor-element-populated\">\n\t\t\t\t\t\t<div class=\"elementor-element elementor-element-abbc2b5 elementor-widget elementor-widget-spacer\" data-id=\"abbc2b5\" data-element_type=\"widget\" data-e-type=\"widget\" data-widget_type=\"spacer.default\">\n\t\t\t\t<div class=\"elementor-widget-container\">\n\t\t\t\t\t\t\t<div class=\"elementor-spacer\">\n\t\t\t<div class=\"elementor-spacer-inner\"><\/div>\n\t\t<\/div>\n\t\t\t\t\t\t<\/div>\n\t\t\t\t<\/div>\n\t\t\t\t<div class=\"elementor-element elementor-element-79fe2ad elementor-widget elementor-widget-heading\" data-id=\"79fe2ad\" data-element_type=\"widget\" data-e-type=\"widget\" data-widget_type=\"heading.default\">\n\t\t\t\t<div class=\"elementor-widget-container\">\n\t\t\t\t\t<h1 class=\"elementor-heading-title elementor-size-default\">Solu\u00e7\u00f5es higi\u00eanicas<\/h1>\t\t\t\t<\/div>\n\t\t\t\t<\/div>\n\t\t\t\t<div class=\"elementor-element elementor-element-8f843ab elementor-widget-divider--view-line_icon elementor-widget-divider--element-align-left elementor-view-default elementor-widget elementor-widget-divider\" data-id=\"8f843ab\" data-element_type=\"widget\" data-e-type=\"widget\" data-widget_type=\"divider.default\">\n\t\t\t\t<div class=\"elementor-widget-container\">\n\t\t\t\t\t\t\t<div class=\"elementor-divider\">\n\t\t\t<span class=\"elementor-divider-separator\">\n\t\t\t\t\t\t\t<div class=\"elementor-icon elementor-divider__element\">\n\t\t\t\t\t<svg xmlns=\"http:\/\/www.w3.org\/2000\/svg\" width=\"230\" height=\"19\" viewBox=\"0 0 230 19\" fill=\"none\"><rect width=\"230\" height=\"19\" fill=\"#E3092C\"><\/rect><\/svg><\/div>\n\t\t\t\t\t\t<\/span>\n\t\t<\/div>\n\t\t\t\t\t\t<\/div>\n\t\t\t\t<\/div>\n\t\t\t\t\t<\/div>\n\t\t<\/div>\n\t\t\t\t\t<\/div>\n\t\t<\/section>\n\t\t\t\t<section class=\"elementor-section elementor-top-section elementor-element elementor-element-5d12e97 elementor-section-boxed elementor-section-height-default elementor-section-height-default\" data-id=\"5d12e97\" data-element_type=\"section\" data-e-type=\"section\">\n\t\t\t\t\t\t<div class=\"elementor-container elementor-column-gap-default\">\n\t\t\t\t\t<div class=\"elementor-column elementor-col-100 elementor-top-column elementor-element elementor-element-a99ca83\" data-id=\"a99ca83\" data-element_type=\"column\" data-e-type=\"column\">\n\t\t\t<div class=\"elementor-widget-wrap elementor-element-populated\">\n\t\t\t\t\t\t<div class=\"elementor-element elementor-element-9a0b2ed elementor-widget elementor-widget-text-editor\" data-id=\"9a0b2ed\" data-element_type=\"widget\" data-e-type=\"widget\" data-widget_type=\"text-editor.default\">\n\t\t\t\t<div class=\"elementor-widget-container\">\n\t\t\t\t\t\t\t\t\t<p><span data-sheets-value=\"{&quot;1&quot;:2,&quot;2&quot;:&quot;Different levels of hygienic solutions, from washdown machine to higher levels of sanitization for your machines. Laminar flow can achieve up to 99,999% bacteria free production.&quot;}\" data-sheets-userformat=\"{&quot;2&quot;:15297,&quot;3&quot;:{&quot;1&quot;:0},&quot;9&quot;:0,&quot;10&quot;:0,&quot;11&quot;:4,&quot;12&quot;:0,&quot;14&quot;:[null,2,0],&quot;15&quot;:&quot;Calibri, sans-serif&quot;,&quot;16&quot;:11}\">Diferentes n\u00edveis de solu\u00e7\u00f5es higi\u00eanicas, desde m\u00e1quinas washdown at\u00e9 n\u00edveis mais altos de sanitiza\u00e7\u00e3o para suas m\u00e1quinas. O fluxo laminar pode alcan\u00e7ar uma produ\u00e7\u00e3o at\u00e9 99,999% livre de bact\u00e9rias.<\/span><\/p>\n\t\t\t\t\t\t\t\t<\/div>\n\t\t\t\t<\/div>\n\t\t\t\t\t<\/div>\n\t\t<\/div>\n\t\t\t\t\t<\/div>\n\t\t<\/section>\n\t\t\t\t<section class=\"elementor-section elementor-top-section elementor-element elementor-element-7d2a7bf elementor-section-boxed elementor-section-height-default elementor-section-height-default\" data-id=\"7d2a7bf\" data-element_type=\"section\" data-e-type=\"section\">\n\t\t\t\t\t\t<div class=\"elementor-container elementor-column-gap-default\">\n\t\t\t\t\t<div class=\"elementor-column elementor-col-50 elementor-top-column elementor-element elementor-element-973db5b\" data-id=\"973db5b\" data-element_type=\"column\" data-e-type=\"column\">\n\t\t\t<div class=\"elementor-widget-wrap elementor-element-populated\">\n\t\t\t\t\t\t<div class=\"elementor-element elementor-element-1f7015e elementor-widget elementor-widget-heading\" data-id=\"1f7015e\" data-element_type=\"widget\" data-e-type=\"widget\" data-widget_type=\"heading.default\">\n\t\t\t\t<div class=\"elementor-widget-container\">\n\t\t\t\t\t<h3 class=\"elementor-heading-title elementor-size-default\">Inje\u00e7\u00e3o de g\u00e1s<\/h3>\t\t\t\t<\/div>\n\t\t\t\t<\/div>\n\t\t\t\t<div class=\"elementor-element elementor-element-a78897e elementor-widget elementor-widget-text-editor\" data-id=\"a78897e\" data-element_type=\"widget\" data-e-type=\"widget\" data-widget_type=\"text-editor.default\">\n\t\t\t\t<div class=\"elementor-widget-container\">\n\t\t\t\t\t\t\t\t\t<p>Tr\u00eas sistemas diferentes de inje\u00e7\u00e3o de g\u00e1s para reduzir o oxig\u00eanio residual no pouch para: b\u00e1sico 7-10% \/ intermedi\u00e1rio 3-5% \/ total 1,5-2%. O sistema b\u00e1sico de inje\u00e7\u00e3o de g\u00e1s consiste em dois pontos de entrada de nitrog\u00eanio: um localizado na \u00e1rea de envase (no funil ou bico\/dependendo do produto); o segundo localizado na \u00e1rea de estiramento do pouch. O sistema intermedi\u00e1rio de inje\u00e7\u00e3o de g\u00e1s consiste em pontos de entrada cont\u00ednuos de nitrog\u00eanio localizados dentro do funil, na \u00e1rea de envase, nos funis e\/ou bicos (dependendo do produto) e na \u00e1rea de estiramento do pouch. O sistema de inje\u00e7\u00e3o de g\u00e1s total consiste em um sistema de inje\u00e7\u00e3o controlado eletropneumaticamente com pontos de inje\u00e7\u00e3o de g\u00e1s inerte no funil, \u00e1rea de envase, funis e sopradores que ajudam a abrir o pouch. Para alcan\u00e7ar um volume t\u00e3o baixo de oxig\u00eanio residual, \u00e9 necess\u00e1rio construir uma \u00e1rea de envase quase herm\u00e9tica. Al\u00e9m disso, o design e a constru\u00e7\u00e3o do interior da \u00e1rea de envase eliminam \u00e2ngulos mortos, incorporam um coletor de poeira e utilizam materiais com superf\u00edcies ultrapolidas para facilitar a limpeza. O a\u00e7o inoxid\u00e1vel AISI 304 \u00e9 usado para os injetores de g\u00e1s.<\/p>\n\t\t\t\t\t\t\t\t<\/div>\n\t\t\t\t<\/div>\n\t\t\t\t\t<\/div>\n\t\t<\/div>\n\t\t\t\t<div class=\"elementor-column elementor-col-50 elementor-top-column elementor-element elementor-element-3878a80\" data-id=\"3878a80\" data-element_type=\"column\" data-e-type=\"column\">\n\t\t\t<div class=\"elementor-widget-wrap elementor-element-populated\">\n\t\t\t\t\t\t<div class=\"elementor-element elementor-element-00e68cc elementor-widget elementor-widget-heading\" data-id=\"00e68cc\" data-element_type=\"widget\" data-e-type=\"widget\" data-widget_type=\"heading.default\">\n\t\t\t\t<div class=\"elementor-widget-container\">\n\t\t\t\t\t<h3 class=\"elementor-heading-title elementor-size-default\">Fluxo laminar<\/h3>\t\t\t\t<\/div>\n\t\t\t\t<\/div>\n\t\t\t\t<div class=\"elementor-element elementor-element-2fc56e2 elementor-widget elementor-widget-text-editor\" data-id=\"2fc56e2\" data-element_type=\"widget\" data-e-type=\"widget\" data-widget_type=\"text-editor.default\">\n\t\t\t\t<div class=\"elementor-widget-container\">\n\t\t\t\t\t\t\t\t\t<p>A bancada de fluxo laminar horizontal de alta qualidade proporciona um fluxo laminar de ar horizontal filtrado por HEPA (fluxo cruzado). Esse sistema cria uma \u00e1rea de trabalho de acordo com a ISO 14644-1 (Classe 5) \/ GMP Anexo 1 (Classe A) e impede que o ar ambiente entre na \u00e1rea de trabalho, garantindo a prote\u00e7\u00e3o do produto. A prote\u00e7\u00e3o ideal do filme \u00e9 garantida como resultado da filtragem HEPA (filtro HEPA H14, 99,999% (DOP) classe 10) ao longo do comprimento escolhido da m\u00e1quina horizontal de embalagem. Princ\u00edpio de funcionamento: &#8211; Os m\u00f3dulos de impuls\u00e3o criam condi\u00e7\u00f5es est\u00e9reis e livres de part\u00edculas (ISO 5 &#8211; Classe 100), devido \u00e0 aplica\u00e7\u00e3o do princ\u00edpio cont\u00ednuo de varredura da \u00e1rea de trabalho com ar ultrafiltrado sob condi\u00e7\u00f5es de fluxo laminar. &#8211; O ar \u00e9 aspirado pelo ventilador por est\u00e1gios de pr\u00e9-filtro, conduzido at\u00e9 o plenum e filtrado no filtro HEPA. O fluxo laminar gerado, ap\u00f3s o filtro HEPA, varre e protege a \u00e1rea de trabalho, levando quaisquer part\u00edculas presentes no ar para fora da \u00e1rea atrav\u00e9s da zona inferior das cortinas.<\/p>\n\t\t\t\t\t\t\t\t<\/div>\n\t\t\t\t<\/div>\n\t\t\t\t\t<\/div>\n\t\t<\/div>\n\t\t\t\t\t<\/div>\n\t\t<\/section>\n\t\t\t\t<section class=\"elementor-section elementor-top-section elementor-element elementor-element-c7fa369 elementor-section-boxed elementor-section-height-default elementor-section-height-default\" data-id=\"c7fa369\" data-element_type=\"section\" data-e-type=\"section\">\n\t\t\t\t\t\t<div class=\"elementor-container elementor-column-gap-default\">\n\t\t\t\t\t<div class=\"elementor-column elementor-col-50 elementor-top-column elementor-element elementor-element-b7d6a67\" data-id=\"b7d6a67\" data-element_type=\"column\" data-e-type=\"column\">\n\t\t\t<div class=\"elementor-widget-wrap elementor-element-populated\">\n\t\t\t\t\t\t<div class=\"elementor-element elementor-element-1989521 elementor-widget elementor-widget-heading\" data-id=\"1989521\" data-element_type=\"widget\" data-e-type=\"widget\" data-widget_type=\"heading.default\">\n\t\t\t\t<div class=\"elementor-widget-container\">\n\t\t\t\t\t<h3 class=\"elementor-heading-title elementor-size-default\">L\u00e2mpada UV<\/h3>\t\t\t\t<\/div>\n\t\t\t\t<\/div>\n\t\t\t\t<div class=\"elementor-element elementor-element-92a9287 elementor-widget elementor-widget-text-editor\" data-id=\"92a9287\" data-element_type=\"widget\" data-e-type=\"widget\" data-widget_type=\"text-editor.default\">\n\t\t\t\t<div class=\"elementor-widget-container\">\n\t\t\t\t\t\t\t\t\t<p>O sistema de desinfec\u00e7\u00e3o do filme com luz ultravioleta est\u00e1 localizado no desbobinador da m\u00e1quina, antes do grupo de forma\u00e7\u00e3o de pouches. Com uma dura\u00e7\u00e3o de aproximadamente 8.000 horas, essa l\u00e2mpada ultravioleta fornece um n\u00edvel de desinfec\u00e7\u00e3o LOG 3. A l\u00e2mpada \u00e9 composta por 4 tubos \u00fanicos de luz germicida de 180 Watts (65W UV-C) que n\u00e3o geram oz\u00f4nio ou res\u00edduos. A unidade \u00e9 montada em um gabinete estanque de a\u00e7o inoxid\u00e1vel com base refletiva e prote\u00e7\u00e3o IP65.<\/p>\n\t\t\t\t\t\t\t\t<\/div>\n\t\t\t\t<\/div>\n\t\t\t\t\t<\/div>\n\t\t<\/div>\n\t\t\t\t<div class=\"elementor-column elementor-col-50 elementor-top-column elementor-element elementor-element-249ae3f\" data-id=\"249ae3f\" data-element_type=\"column\" data-e-type=\"column\">\n\t\t\t<div class=\"elementor-widget-wrap elementor-element-populated\">\n\t\t\t\t\t\t<div class=\"elementor-element elementor-element-98baecf elementor-widget elementor-widget-heading\" data-id=\"98baecf\" data-element_type=\"widget\" data-e-type=\"widget\" data-widget_type=\"heading.default\">\n\t\t\t\t<div class=\"elementor-widget-container\">\n\t\t\t\t\t<h3 class=\"elementor-heading-title elementor-size-default\">Washdown<\/h3>\t\t\t\t<\/div>\n\t\t\t\t<\/div>\n\t\t\t\t<div class=\"elementor-element elementor-element-d4b3e8d elementor-widget elementor-widget-text-editor\" data-id=\"d4b3e8d\" data-element_type=\"widget\" data-e-type=\"widget\" data-widget_type=\"text-editor.default\">\n\t\t\t\t<div class=\"elementor-widget-container\">\n\t\t\t\t\t\t\t\t\t<p>Para fins higi\u00eanicos, a op\u00e7\u00e3o washdown inclui: &#8211; Prepara\u00e7\u00e3o da m\u00e1quina para lavagem com \u00e1gua sob press\u00e3o &#8211; Design higi\u00eanico (superf\u00edcies inclinadas para evitar ac\u00famulo de \u00e1gua; elimina\u00e7\u00e3o de furos e cantos; soldagem com raio de 3; juntas de silicone na parte de tr\u00e1s das morda\u00e7as para garantir estanqueidade \u00e0 \u00e1gua; juntas apertadas aprovadas pela FDA com design higi\u00eanico; componentes f\u00e1ceis de limpar; sistema de envase sobre as prote\u00e7\u00f5es para limpeza r\u00e1pida e f\u00e1cil)<br \/>&#8211; Gabinetes IP66 <br \/>&#8211; Conectores IP68<\/p>\n\t\t\t\t\t\t\t\t<\/div>\n\t\t\t\t<\/div>\n\t\t\t\t\t<\/div>\n\t\t<\/div>\n\t\t\t\t\t<\/div>\n\t\t<\/section>\n\t\t\t\t<\/div>\n\t\t","protected":false},"excerpt":{"rendered":"<p>Diferentes n\u00edveis de solu\u00e7\u00f5es higi\u00eanicas, desde m\u00e1quinas washdown at\u00e9 n\u00edveis mais altos de sanitiza\u00e7\u00e3o para suas m\u00e1quinas. O fluxo laminar pode alcan\u00e7ar uma produ\u00e7\u00e3o at\u00e9 99,999% livre de bact\u00e9rias. Inje\u00e7\u00e3o de g\u00e1s Tr\u00eas sistemas diferentes de inje\u00e7\u00e3o de g\u00e1s para reduzir o oxig\u00eanio residual no pouch para: b\u00e1sico 7-10% \/ intermedi\u00e1rio 3-5% \/ total 1,5-2%. [&hellip;]<\/p>\n","protected":false},"author":20,"featured_media":0,"parent":0,"menu_order":0,"comment_status":"closed","ping_status":"closed","template":"elementor_header_footer","meta":{"_acf_changed":false,"footnotes":""},"class_list":["post-17183","page","type-page","status-publish","hentry"],"acf":[],"yoast_head":"<!-- This site is optimized with the Yoast SEO plugin v27.5 - https:\/\/yoast.com\/product\/yoast-seo-wordpress\/ -->\n<title>Solu\u00e7\u00f5es higi\u00eanicas para equipamentos de embalagem | Mespack<\/title>\n<meta name=\"description\" content=\"Diferentes n\u00edveis de solu\u00e7\u00f5es higi\u00eanicas, desde m\u00e1quinas washdown at\u00e9 n\u00edveis mais altos de sanitiza\u00e7\u00e3o para suas m\u00e1quinas.\" \/>\n<meta name=\"robots\" content=\"index, follow, max-snippet:-1, max-image-preview:large, max-video-preview:-1\" \/>\n<link rel=\"canonical\" href=\"https:\/\/mespack.com\/pt-br\/solucoes-higienicas\/\" \/>\n<meta property=\"og:locale\" content=\"pt_BR\" \/>\n<meta property=\"og:type\" content=\"article\" \/>\n<meta property=\"og:title\" content=\"Solu\u00e7\u00f5es higi\u00eanicas para equipamentos de embalagem | Mespack\" \/>\n<meta property=\"og:description\" content=\"Diferentes n\u00edveis de solu\u00e7\u00f5es higi\u00eanicas, desde m\u00e1quinas washdown at\u00e9 n\u00edveis mais altos de sanitiza\u00e7\u00e3o para suas m\u00e1quinas.\" \/>\n<meta property=\"og:url\" content=\"https:\/\/mespack.com\/pt-br\/solucoes-higienicas\/\" \/>\n<meta property=\"og:site_name\" content=\"Mespack\" \/>\n<meta property=\"article:modified_time\" content=\"2024-02-20T07:55:53+00:00\" \/>\n<meta name=\"twitter:card\" content=\"summary_large_image\" \/>\n<meta name=\"twitter:label1\" content=\"Est. tempo de leitura\" \/>\n\t<meta name=\"twitter:data1\" content=\"3 minutos\" \/>\n<script type=\"application\/ld+json\" class=\"yoast-schema-graph\">{\"@context\":\"https:\\\/\\\/schema.org\",\"@graph\":[{\"@type\":\"WebPage\",\"@id\":\"https:\\\/\\\/mespack.com\\\/pt-br\\\/solucoes-higienicas\\\/\",\"url\":\"https:\\\/\\\/mespack.com\\\/pt-br\\\/solucoes-higienicas\\\/\",\"name\":\"Solu\u00e7\u00f5es higi\u00eanicas para equipamentos de embalagem | Mespack\",\"isPartOf\":{\"@id\":\"https:\\\/\\\/mespack.com\\\/pt-br\\\/#website\"},\"datePublished\":\"2021-09-13T15:38:06+00:00\",\"dateModified\":\"2024-02-20T07:55:53+00:00\",\"description\":\"Diferentes n\u00edveis de solu\u00e7\u00f5es higi\u00eanicas, desde m\u00e1quinas washdown at\u00e9 n\u00edveis mais altos de sanitiza\u00e7\u00e3o para suas m\u00e1quinas.\",\"breadcrumb\":{\"@id\":\"https:\\\/\\\/mespack.com\\\/pt-br\\\/solucoes-higienicas\\\/#breadcrumb\"},\"inLanguage\":\"pt-BR\",\"potentialAction\":[{\"@type\":\"ReadAction\",\"target\":[\"https:\\\/\\\/mespack.com\\\/pt-br\\\/solucoes-higienicas\\\/\"]}]},{\"@type\":\"BreadcrumbList\",\"@id\":\"https:\\\/\\\/mespack.com\\\/pt-br\\\/solucoes-higienicas\\\/#breadcrumb\",\"itemListElement\":[{\"@type\":\"ListItem\",\"position\":1,\"name\":\"Home\",\"item\":\"https:\\\/\\\/mespack.com\\\/pt-br\\\/\"},{\"@type\":\"ListItem\",\"position\":2,\"name\":\"Solu\u00e7\u00f5es higi\u00eanicas\"}]},{\"@type\":\"WebSite\",\"@id\":\"https:\\\/\\\/mespack.com\\\/pt-br\\\/#website\",\"url\":\"https:\\\/\\\/mespack.com\\\/pt-br\\\/\",\"name\":\"Mespack\",\"description\":\"A Duravant Company\",\"publisher\":{\"@id\":\"https:\\\/\\\/mespack.com\\\/pt-br\\\/#organization\"},\"potentialAction\":[{\"@type\":\"SearchAction\",\"target\":{\"@type\":\"EntryPoint\",\"urlTemplate\":\"https:\\\/\\\/mespack.com\\\/pt-br\\\/?s={search_term_string}\"},\"query-input\":{\"@type\":\"PropertyValueSpecification\",\"valueRequired\":true,\"valueName\":\"search_term_string\"}}],\"inLanguage\":\"pt-BR\"},{\"@type\":\"Organization\",\"@id\":\"https:\\\/\\\/mespack.com\\\/pt-br\\\/#organization\",\"name\":\"Mespack\",\"url\":\"https:\\\/\\\/mespack.com\\\/pt-br\\\/\",\"logo\":{\"@type\":\"ImageObject\",\"inLanguage\":\"pt-BR\",\"@id\":\"https:\\\/\\\/mespack.com\\\/pt-br\\\/#\\\/schema\\\/logo\\\/image\\\/\",\"url\":\"https:\\\/\\\/mespack.com\\\/wp-content\\\/uploads\\\/2021\\\/07\\\/logo-mespack-1.svg\",\"contentUrl\":\"https:\\\/\\\/mespack.com\\\/wp-content\\\/uploads\\\/2021\\\/07\\\/logo-mespack-1.svg\",\"width\":1,\"height\":1,\"caption\":\"Mespack\"},\"image\":{\"@id\":\"https:\\\/\\\/mespack.com\\\/pt-br\\\/#\\\/schema\\\/logo\\\/image\\\/\"},\"sameAs\":[\"https:\\\/\\\/www.linkedin.com\\\/company\\\/mespack\\\/\"]}]}<\/script>\n<!-- \/ Yoast SEO plugin. -->","yoast_head_json":{"title":"Solu\u00e7\u00f5es higi\u00eanicas para equipamentos de embalagem | Mespack","description":"Diferentes n\u00edveis de solu\u00e7\u00f5es higi\u00eanicas, desde m\u00e1quinas washdown at\u00e9 n\u00edveis mais altos de sanitiza\u00e7\u00e3o para suas m\u00e1quinas.","robots":{"index":"index","follow":"follow","max-snippet":"max-snippet:-1","max-image-preview":"max-image-preview:large","max-video-preview":"max-video-preview:-1"},"canonical":"https:\/\/mespack.com\/pt-br\/solucoes-higienicas\/","og_locale":"pt_BR","og_type":"article","og_title":"Solu\u00e7\u00f5es higi\u00eanicas para equipamentos de embalagem | Mespack","og_description":"Diferentes n\u00edveis de solu\u00e7\u00f5es higi\u00eanicas, desde m\u00e1quinas washdown at\u00e9 n\u00edveis mais altos de sanitiza\u00e7\u00e3o para suas m\u00e1quinas.","og_url":"https:\/\/mespack.com\/pt-br\/solucoes-higienicas\/","og_site_name":"Mespack","article_modified_time":"2024-02-20T07:55:53+00:00","twitter_card":"summary_large_image","twitter_misc":{"Est. tempo de leitura":"3 minutos"},"schema":{"@context":"https:\/\/schema.org","@graph":[{"@type":"WebPage","@id":"https:\/\/mespack.com\/pt-br\/solucoes-higienicas\/","url":"https:\/\/mespack.com\/pt-br\/solucoes-higienicas\/","name":"Solu\u00e7\u00f5es higi\u00eanicas para equipamentos de embalagem | Mespack","isPartOf":{"@id":"https:\/\/mespack.com\/pt-br\/#website"},"datePublished":"2021-09-13T15:38:06+00:00","dateModified":"2024-02-20T07:55:53+00:00","description":"Diferentes n\u00edveis de solu\u00e7\u00f5es higi\u00eanicas, desde m\u00e1quinas washdown at\u00e9 n\u00edveis mais altos de sanitiza\u00e7\u00e3o para suas m\u00e1quinas.","breadcrumb":{"@id":"https:\/\/mespack.com\/pt-br\/solucoes-higienicas\/#breadcrumb"},"inLanguage":"pt-BR","potentialAction":[{"@type":"ReadAction","target":["https:\/\/mespack.com\/pt-br\/solucoes-higienicas\/"]}]},{"@type":"BreadcrumbList","@id":"https:\/\/mespack.com\/pt-br\/solucoes-higienicas\/#breadcrumb","itemListElement":[{"@type":"ListItem","position":1,"name":"Home","item":"https:\/\/mespack.com\/pt-br\/"},{"@type":"ListItem","position":2,"name":"Solu\u00e7\u00f5es higi\u00eanicas"}]},{"@type":"WebSite","@id":"https:\/\/mespack.com\/pt-br\/#website","url":"https:\/\/mespack.com\/pt-br\/","name":"Mespack","description":"A Duravant Company","publisher":{"@id":"https:\/\/mespack.com\/pt-br\/#organization"},"potentialAction":[{"@type":"SearchAction","target":{"@type":"EntryPoint","urlTemplate":"https:\/\/mespack.com\/pt-br\/?s={search_term_string}"},"query-input":{"@type":"PropertyValueSpecification","valueRequired":true,"valueName":"search_term_string"}}],"inLanguage":"pt-BR"},{"@type":"Organization","@id":"https:\/\/mespack.com\/pt-br\/#organization","name":"Mespack","url":"https:\/\/mespack.com\/pt-br\/","logo":{"@type":"ImageObject","inLanguage":"pt-BR","@id":"https:\/\/mespack.com\/pt-br\/#\/schema\/logo\/image\/","url":"https:\/\/mespack.com\/wp-content\/uploads\/2021\/07\/logo-mespack-1.svg","contentUrl":"https:\/\/mespack.com\/wp-content\/uploads\/2021\/07\/logo-mespack-1.svg","width":1,"height":1,"caption":"Mespack"},"image":{"@id":"https:\/\/mespack.com\/pt-br\/#\/schema\/logo\/image\/"},"sameAs":["https:\/\/www.linkedin.com\/company\/mespack\/"]}]}},"_links":{"self":[{"href":"https:\/\/mespack.com\/pt-br\/wp-json\/wp\/v2\/pages\/17183","targetHints":{"allow":["GET"]}}],"collection":[{"href":"https:\/\/mespack.com\/pt-br\/wp-json\/wp\/v2\/pages"}],"about":[{"href":"https:\/\/mespack.com\/pt-br\/wp-json\/wp\/v2\/types\/page"}],"author":[{"embeddable":true,"href":"https:\/\/mespack.com\/pt-br\/wp-json\/wp\/v2\/users\/20"}],"replies":[{"embeddable":true,"href":"https:\/\/mespack.com\/pt-br\/wp-json\/wp\/v2\/comments?post=17183"}],"version-history":[{"count":0,"href":"https:\/\/mespack.com\/pt-br\/wp-json\/wp\/v2\/pages\/17183\/revisions"}],"wp:attachment":[{"href":"https:\/\/mespack.com\/pt-br\/wp-json\/wp\/v2\/media?parent=17183"}],"curies":[{"name":"wp","href":"https:\/\/api.w.org\/{rel}","templated":true}]}}