{"id":17178,"date":"2021-09-13T16:04:20","date_gmt":"2021-09-13T15:04:20","guid":{"rendered":"https:\/\/mespack.com\/automacoes-e-facilidade-de-uso\/"},"modified":"2024-02-20T08:55:44","modified_gmt":"2024-02-20T07:55:44","slug":"automacoes-e-facilidade-de-uso","status":"publish","type":"page","link":"https:\/\/mespack.com\/pt-br\/automacoes-e-facilidade-de-uso\/","title":{"rendered":"Automa\u00e7\u00f5es e facilidade de uso"},"content":{"rendered":"\t\t<div data-elementor-type=\"wp-page\" data-elementor-id=\"17178\" class=\"elementor elementor-17178 elementor-3413\" data-elementor-post-type=\"page\">\n\t\t\t\t\t\t<section class=\"elementor-section elementor-top-section elementor-element elementor-element-2a8a267 elementor-section-boxed elementor-section-height-default elementor-section-height-default\" data-id=\"2a8a267\" data-element_type=\"section\" data-e-type=\"section\">\n\t\t\t\t\t\t<div class=\"elementor-container elementor-column-gap-default\">\n\t\t\t\t\t<div class=\"elementor-column elementor-col-100 elementor-top-column elementor-element elementor-element-bccd5b7\" data-id=\"bccd5b7\" data-element_type=\"column\" data-e-type=\"column\">\n\t\t\t<div class=\"elementor-widget-wrap elementor-element-populated\">\n\t\t\t\t\t\t<div class=\"elementor-element elementor-element-abbc2b5 elementor-widget elementor-widget-spacer\" data-id=\"abbc2b5\" data-element_type=\"widget\" data-e-type=\"widget\" data-widget_type=\"spacer.default\">\n\t\t\t\t<div class=\"elementor-widget-container\">\n\t\t\t\t\t\t\t<div class=\"elementor-spacer\">\n\t\t\t<div class=\"elementor-spacer-inner\"><\/div>\n\t\t<\/div>\n\t\t\t\t\t\t<\/div>\n\t\t\t\t<\/div>\n\t\t\t\t<div class=\"elementor-element elementor-element-79fe2ad elementor-widget elementor-widget-heading\" data-id=\"79fe2ad\" data-element_type=\"widget\" data-e-type=\"widget\" data-widget_type=\"heading.default\">\n\t\t\t\t<div class=\"elementor-widget-container\">\n\t\t\t\t\t<h1 class=\"elementor-heading-title elementor-size-default\">Automa\u00e7\u00f5es e facilidade de uso<\/h1>\t\t\t\t<\/div>\n\t\t\t\t<\/div>\n\t\t\t\t<div class=\"elementor-element elementor-element-8f843ab elementor-widget-divider--view-line_icon elementor-widget-divider--element-align-left elementor-view-default elementor-widget elementor-widget-divider\" data-id=\"8f843ab\" data-element_type=\"widget\" data-e-type=\"widget\" data-widget_type=\"divider.default\">\n\t\t\t\t<div class=\"elementor-widget-container\">\n\t\t\t\t\t\t\t<div class=\"elementor-divider\">\n\t\t\t<span class=\"elementor-divider-separator\">\n\t\t\t\t\t\t\t<div class=\"elementor-icon elementor-divider__element\">\n\t\t\t\t\t<svg xmlns=\"http:\/\/www.w3.org\/2000\/svg\" width=\"230\" height=\"19\" viewBox=\"0 0 230 19\" fill=\"none\"><rect width=\"230\" height=\"19\" fill=\"#E3092C\"><\/rect><\/svg><\/div>\n\t\t\t\t\t\t<\/span>\n\t\t<\/div>\n\t\t\t\t\t\t<\/div>\n\t\t\t\t<\/div>\n\t\t\t\t\t<\/div>\n\t\t<\/div>\n\t\t\t\t\t<\/div>\n\t\t<\/section>\n\t\t\t\t<section class=\"elementor-section elementor-top-section elementor-element elementor-element-3152826 elementor-section-boxed elementor-section-height-default elementor-section-height-default\" data-id=\"3152826\" data-element_type=\"section\" data-e-type=\"section\">\n\t\t\t\t\t\t<div class=\"elementor-container elementor-column-gap-default\">\n\t\t\t\t\t<div class=\"elementor-column elementor-col-100 elementor-top-column elementor-element elementor-element-956abf0\" data-id=\"956abf0\" data-element_type=\"column\" data-e-type=\"column\">\n\t\t\t<div class=\"elementor-widget-wrap elementor-element-populated\">\n\t\t\t\t\t\t<div class=\"elementor-element elementor-element-546b77e elementor-widget elementor-widget-text-editor\" data-id=\"546b77e\" data-element_type=\"widget\" data-e-type=\"widget\" data-widget_type=\"text-editor.default\">\n\t\t\t\t<div class=\"elementor-widget-container\">\n\t\t\t\t\t\t\t\t\t<p><span data-sheets-value=\"{&quot;1&quot;:2,&quot;2&quot;:&quot;Automation is highly valued in our solutions. We believe it is one of the most important processes which assists you in reducing machine downtime and increasing production. At Mespack, we have integrated the concept of automation into various parts of our machines, such as an automatic changeover, a quick changeover, and an autosplice unwinder.&quot;}\" data-sheets-userformat=\"{&quot;2&quot;:15297,&quot;3&quot;:{&quot;1&quot;:0},&quot;9&quot;:0,&quot;10&quot;:0,&quot;11&quot;:4,&quot;12&quot;:0,&quot;14&quot;:[null,2,0],&quot;15&quot;:&quot;Calibri, sans-serif&quot;,&quot;16&quot;:11}\">A automa\u00e7\u00e3o \u00e9 altamente valorizada em nossas solu\u00e7\u00f5es. Acreditamos que \u00e9 um dos processos mais importantes que o ajuda a reduzir o tempo de inatividade da m\u00e1quina e aumentar a produ\u00e7\u00e3o. Na Mespack, integramos o conceito de automa\u00e7\u00e3o em v\u00e1rias partes de nossas m\u00e1quinas, como a troca autom\u00e1tica, a troca r\u00e1pida e o desbobinador de emenda autom\u00e1tica.<\/span><\/p>\n\t\t\t\t\t\t\t\t<\/div>\n\t\t\t\t<\/div>\n\t\t\t\t\t<\/div>\n\t\t<\/div>\n\t\t\t\t\t<\/div>\n\t\t<\/section>\n\t\t\t\t<section class=\"elementor-section elementor-top-section elementor-element elementor-element-7d2a7bf elementor-section-boxed elementor-section-height-default elementor-section-height-default\" data-id=\"7d2a7bf\" data-element_type=\"section\" data-e-type=\"section\">\n\t\t\t\t\t\t<div class=\"elementor-container elementor-column-gap-default\">\n\t\t\t\t\t<div class=\"elementor-column elementor-col-33 elementor-top-column elementor-element elementor-element-973db5b\" data-id=\"973db5b\" data-element_type=\"column\" data-e-type=\"column\">\n\t\t\t<div class=\"elementor-widget-wrap elementor-element-populated\">\n\t\t\t\t\t\t<div class=\"elementor-element elementor-element-9117bd6 elementor-widget elementor-widget-image\" data-id=\"9117bd6\" data-element_type=\"widget\" data-e-type=\"widget\" data-widget_type=\"image.default\">\n\t\t\t\t<div class=\"elementor-widget-container\">\n\t\t\t\t\t\t\t\t\t\t\t\t\t\t\t<img fetchpriority=\"high\" decoding=\"async\" width=\"800\" height=\"533\" src=\"https:\/\/mespack.com\/wp-content\/uploads\/2021\/09\/automations-automatic-changeover.jpg\" class=\"attachment-large size-large wp-image-17179\" alt=\"\" srcset=\"https:\/\/mespack.com\/wp-content\/uploads\/2021\/09\/automations-automatic-changeover.jpg 900w, https:\/\/mespack.com\/wp-content\/uploads\/2021\/09\/automations-automatic-changeover-300x200.jpg 300w, https:\/\/mespack.com\/wp-content\/uploads\/2021\/09\/automations-automatic-changeover-768x512.jpg 768w\" sizes=\"(max-width: 800px) 100vw, 800px\" \/>\t\t\t\t\t\t\t\t\t\t\t\t\t\t\t<\/div>\n\t\t\t\t<\/div>\n\t\t\t\t<div class=\"elementor-element elementor-element-1f7015e elementor-widget elementor-widget-heading\" data-id=\"1f7015e\" data-element_type=\"widget\" data-e-type=\"widget\" data-widget_type=\"heading.default\">\n\t\t\t\t<div class=\"elementor-widget-container\">\n\t\t\t\t\t<h3 class=\"elementor-heading-title elementor-size-default\">Troca de formato autom\u00e1tica<\/h3>\t\t\t\t<\/div>\n\t\t\t\t<\/div>\n\t\t\t\t<div class=\"elementor-element elementor-element-a78897e elementor-widget elementor-widget-text-editor\" data-id=\"a78897e\" data-element_type=\"widget\" data-e-type=\"widget\" data-widget_type=\"text-editor.default\">\n\t\t\t\t<div class=\"elementor-widget-container\">\n\t\t\t\t\t\t\t\t\t<p>O sistema troca de formato autom\u00e1tica \u00e9 composto por:<\/p>\n<ul>\n<li>Servomotoriza\u00e7\u00e3o do grupo de selagem sem a necessidade de fazer ajustes.<\/li>\n<li>Sistema amig\u00e1vel ao usu\u00e1rio atrav\u00e9s de IHM.<\/li>\n<\/ul>\n\t\t\t\t\t\t\t\t<\/div>\n\t\t\t\t<\/div>\n\t\t\t\t\t<\/div>\n\t\t<\/div>\n\t\t\t\t<div class=\"elementor-column elementor-col-33 elementor-top-column elementor-element elementor-element-3878a80\" data-id=\"3878a80\" data-element_type=\"column\" data-e-type=\"column\">\n\t\t\t<div class=\"elementor-widget-wrap elementor-element-populated\">\n\t\t\t\t\t\t<div class=\"elementor-element elementor-element-b83d977 elementor-widget elementor-widget-image\" data-id=\"b83d977\" data-element_type=\"widget\" data-e-type=\"widget\" data-widget_type=\"image.default\">\n\t\t\t\t<div class=\"elementor-widget-container\">\n\t\t\t\t\t\t\t\t\t\t\t\t\t\t\t<img decoding=\"async\" width=\"800\" height=\"533\" src=\"https:\/\/mespack.com\/wp-content\/uploads\/2021\/09\/automations-quick-changeover.jpg\" class=\"attachment-large size-large wp-image-17181\" alt=\"\" srcset=\"https:\/\/mespack.com\/wp-content\/uploads\/2021\/09\/automations-quick-changeover.jpg 900w, https:\/\/mespack.com\/wp-content\/uploads\/2021\/09\/automations-quick-changeover-300x200.jpg 300w, https:\/\/mespack.com\/wp-content\/uploads\/2021\/09\/automations-quick-changeover-768x512.jpg 768w\" sizes=\"(max-width: 800px) 100vw, 800px\" \/>\t\t\t\t\t\t\t\t\t\t\t\t\t\t\t<\/div>\n\t\t\t\t<\/div>\n\t\t\t\t<div class=\"elementor-element elementor-element-00e68cc elementor-widget elementor-widget-heading\" data-id=\"00e68cc\" data-element_type=\"widget\" data-e-type=\"widget\" data-widget_type=\"heading.default\">\n\t\t\t\t<div class=\"elementor-widget-container\">\n\t\t\t\t\t<h3 class=\"elementor-heading-title elementor-size-default\">Troca r\u00e1pida<\/h3>\t\t\t\t<\/div>\n\t\t\t\t<\/div>\n\t\t\t\t<div class=\"elementor-element elementor-element-2fc56e2 elementor-widget elementor-widget-text-editor\" data-id=\"2fc56e2\" data-element_type=\"widget\" data-e-type=\"widget\" data-widget_type=\"text-editor.default\">\n\t\t\t\t<div class=\"elementor-widget-container\">\n\t\t\t\t\t\t\t\t\t<p>O sistema revolver de troca r\u00e1pida de formato consiste em uma barra de posicionamento, que \u00e9 paralela ao guia longitudinal e possui morda\u00e7as pr\u00e9-configuradas para cada formato de pouch. Para alterar o formato, \u00e9 necess\u00e1rio soltar o grupo de selagem, ajustar a guia na posi\u00e7\u00e3o correspondente ao novo formato e fixar novamente o grupo de selagem, prendendo os retentores na posi\u00e7\u00e3o definida. Esse sistema permite uma troca de formato r\u00e1pida sem a necessidade de fazer outros ajustes.<\/p>\n\t\t\t\t\t\t\t\t<\/div>\n\t\t\t\t<\/div>\n\t\t\t\t\t<\/div>\n\t\t<\/div>\n\t\t\t\t<div class=\"elementor-column elementor-col-33 elementor-top-column elementor-element elementor-element-b7d6a67\" data-id=\"b7d6a67\" data-element_type=\"column\" data-e-type=\"column\">\n\t\t\t<div class=\"elementor-widget-wrap elementor-element-populated\">\n\t\t\t\t\t\t<div class=\"elementor-element elementor-element-2d5370e elementor-widget elementor-widget-image\" data-id=\"2d5370e\" data-element_type=\"widget\" data-e-type=\"widget\" data-widget_type=\"image.default\">\n\t\t\t\t<div class=\"elementor-widget-container\">\n\t\t\t\t\t\t\t\t\t\t\t\t\t\t\t<img decoding=\"async\" width=\"800\" height=\"533\" src=\"https:\/\/mespack.com\/wp-content\/uploads\/2021\/09\/automations-autosplice-unwinder.jpg\" class=\"attachment-large size-large wp-image-17180\" alt=\"\" srcset=\"https:\/\/mespack.com\/wp-content\/uploads\/2021\/09\/automations-autosplice-unwinder.jpg 900w, https:\/\/mespack.com\/wp-content\/uploads\/2021\/09\/automations-autosplice-unwinder-300x200.jpg 300w, https:\/\/mespack.com\/wp-content\/uploads\/2021\/09\/automations-autosplice-unwinder-768x512.jpg 768w\" sizes=\"(max-width: 800px) 100vw, 800px\" \/>\t\t\t\t\t\t\t\t\t\t\t\t\t\t\t<\/div>\n\t\t\t\t<\/div>\n\t\t\t\t<div class=\"elementor-element elementor-element-1989521 elementor-widget elementor-widget-heading\" data-id=\"1989521\" data-element_type=\"widget\" data-e-type=\"widget\" data-widget_type=\"heading.default\">\n\t\t\t\t<div class=\"elementor-widget-container\">\n\t\t\t\t\t<h3 class=\"elementor-heading-title elementor-size-default\">Desbobinador de emenda autom\u00e1tica<\/h3>\t\t\t\t<\/div>\n\t\t\t\t<\/div>\n\t\t\t\t<div class=\"elementor-element elementor-element-92a9287 elementor-widget elementor-widget-text-editor\" data-id=\"92a9287\" data-element_type=\"widget\" data-e-type=\"widget\" data-widget_type=\"text-editor.default\">\n\t\t\t\t<div class=\"elementor-widget-container\">\n\t\t\t\t\t\t\t\t\t<p>O sistema autom\u00e1tico de emenda de bobinas integra o dispositivo Butler, que emenda automaticamente a se\u00e7\u00e3o final da bobina acabada com a se\u00e7\u00e3o inicial da nova bobina, evitando assim paradas de produ\u00e7\u00e3o para realizar esse processo. Fabricado em uma estrutura com suporte para duas bobinas, o dispositivo Butler est\u00e1 localizado na mesa de emenda de bobinas, entre a bobina superior e a inferior.&nbsp;<\/p>\n\t\t\t\t\t\t\t\t<\/div>\n\t\t\t\t<\/div>\n\t\t\t\t\t<\/div>\n\t\t<\/div>\n\t\t\t\t\t<\/div>\n\t\t<\/section>\n\t\t\t\t<\/div>\n\t\t","protected":false},"excerpt":{"rendered":"<p>A automa\u00e7\u00e3o \u00e9 altamente valorizada em nossas solu\u00e7\u00f5es. Acreditamos que \u00e9 um dos processos mais importantes que o ajuda a reduzir o tempo de inatividade da m\u00e1quina e aumentar a produ\u00e7\u00e3o. Na Mespack, integramos o conceito de automa\u00e7\u00e3o em v\u00e1rias partes de nossas m\u00e1quinas, como a troca autom\u00e1tica, a troca r\u00e1pida e o desbobinador de [&hellip;]<\/p>\n","protected":false},"author":20,"featured_media":0,"parent":0,"menu_order":0,"comment_status":"closed","ping_status":"closed","template":"elementor_header_footer","meta":{"_acf_changed":false,"footnotes":""},"class_list":["post-17178","page","type-page","status-publish","hentry"],"acf":[],"yoast_head":"<!-- This site is optimized with the Yoast SEO plugin v27.5 - https:\/\/yoast.com\/product\/yoast-seo-wordpress\/ -->\n<title>Automa\u00e7\u00f5es e equipamentos de uso f\u00e1cil | Mespack<\/title>\n<meta name=\"description\" content=\"Integramos o conceito de automa\u00e7\u00e3o em partes de nossas m\u00e1quinas, como troca autom\u00e1tica, troca r\u00e1pida e desbobinador de emenda autom\u00e1tica.\" \/>\n<meta name=\"robots\" content=\"index, follow, max-snippet:-1, max-image-preview:large, max-video-preview:-1\" \/>\n<link rel=\"canonical\" href=\"https:\/\/mespack.com\/pt-br\/automacoes-e-facilidade-de-uso\/\" \/>\n<meta property=\"og:locale\" content=\"pt_BR\" \/>\n<meta property=\"og:type\" content=\"article\" \/>\n<meta property=\"og:title\" content=\"Automa\u00e7\u00f5es e equipamentos de uso f\u00e1cil | Mespack\" \/>\n<meta property=\"og:description\" content=\"Integramos o conceito de automa\u00e7\u00e3o em partes de nossas m\u00e1quinas, como troca autom\u00e1tica, troca r\u00e1pida e desbobinador de emenda autom\u00e1tica.\" \/>\n<meta property=\"og:url\" content=\"https:\/\/mespack.com\/pt-br\/automacoes-e-facilidade-de-uso\/\" \/>\n<meta property=\"og:site_name\" content=\"Mespack\" \/>\n<meta property=\"article:modified_time\" content=\"2024-02-20T07:55:44+00:00\" \/>\n<meta property=\"og:image\" content=\"https:\/\/mespack.com\/wp-content\/uploads\/2021\/09\/automations-automatic-changeover.jpg\" \/>\n<meta name=\"twitter:card\" content=\"summary_large_image\" \/>\n<meta name=\"twitter:label1\" content=\"Est. tempo de leitura\" \/>\n\t<meta name=\"twitter:data1\" content=\"1 minuto\" \/>\n<script type=\"application\/ld+json\" class=\"yoast-schema-graph\">{\"@context\":\"https:\\\/\\\/schema.org\",\"@graph\":[{\"@type\":\"WebPage\",\"@id\":\"https:\\\/\\\/mespack.com\\\/pt-br\\\/automacoes-e-facilidade-de-uso\\\/\",\"url\":\"https:\\\/\\\/mespack.com\\\/pt-br\\\/automacoes-e-facilidade-de-uso\\\/\",\"name\":\"Automa\u00e7\u00f5es e equipamentos de uso f\u00e1cil | Mespack\",\"isPartOf\":{\"@id\":\"https:\\\/\\\/mespack.com\\\/pt-br\\\/#website\"},\"primaryImageOfPage\":{\"@id\":\"https:\\\/\\\/mespack.com\\\/pt-br\\\/automacoes-e-facilidade-de-uso\\\/#primaryimage\"},\"image\":{\"@id\":\"https:\\\/\\\/mespack.com\\\/pt-br\\\/automacoes-e-facilidade-de-uso\\\/#primaryimage\"},\"thumbnailUrl\":\"https:\\\/\\\/mespack.com\\\/wp-content\\\/uploads\\\/2021\\\/09\\\/automations-automatic-changeover.jpg\",\"datePublished\":\"2021-09-13T15:04:20+00:00\",\"dateModified\":\"2024-02-20T07:55:44+00:00\",\"description\":\"Integramos o conceito de automa\u00e7\u00e3o em partes de nossas m\u00e1quinas, como troca autom\u00e1tica, troca r\u00e1pida e desbobinador de emenda autom\u00e1tica.\",\"breadcrumb\":{\"@id\":\"https:\\\/\\\/mespack.com\\\/pt-br\\\/automacoes-e-facilidade-de-uso\\\/#breadcrumb\"},\"inLanguage\":\"pt-BR\",\"potentialAction\":[{\"@type\":\"ReadAction\",\"target\":[\"https:\\\/\\\/mespack.com\\\/pt-br\\\/automacoes-e-facilidade-de-uso\\\/\"]}]},{\"@type\":\"ImageObject\",\"inLanguage\":\"pt-BR\",\"@id\":\"https:\\\/\\\/mespack.com\\\/pt-br\\\/automacoes-e-facilidade-de-uso\\\/#primaryimage\",\"url\":\"https:\\\/\\\/mespack.com\\\/wp-content\\\/uploads\\\/2021\\\/09\\\/automations-automatic-changeover.jpg\",\"contentUrl\":\"https:\\\/\\\/mespack.com\\\/wp-content\\\/uploads\\\/2021\\\/09\\\/automations-automatic-changeover.jpg\"},{\"@type\":\"BreadcrumbList\",\"@id\":\"https:\\\/\\\/mespack.com\\\/pt-br\\\/automacoes-e-facilidade-de-uso\\\/#breadcrumb\",\"itemListElement\":[{\"@type\":\"ListItem\",\"position\":1,\"name\":\"Home\",\"item\":\"https:\\\/\\\/mespack.com\\\/pt-br\\\/\"},{\"@type\":\"ListItem\",\"position\":2,\"name\":\"Automa\u00e7\u00f5es e facilidade de uso\"}]},{\"@type\":\"WebSite\",\"@id\":\"https:\\\/\\\/mespack.com\\\/pt-br\\\/#website\",\"url\":\"https:\\\/\\\/mespack.com\\\/pt-br\\\/\",\"name\":\"Mespack\",\"description\":\"A Duravant Company\",\"publisher\":{\"@id\":\"https:\\\/\\\/mespack.com\\\/pt-br\\\/#organization\"},\"potentialAction\":[{\"@type\":\"SearchAction\",\"target\":{\"@type\":\"EntryPoint\",\"urlTemplate\":\"https:\\\/\\\/mespack.com\\\/pt-br\\\/?s={search_term_string}\"},\"query-input\":{\"@type\":\"PropertyValueSpecification\",\"valueRequired\":true,\"valueName\":\"search_term_string\"}}],\"inLanguage\":\"pt-BR\"},{\"@type\":\"Organization\",\"@id\":\"https:\\\/\\\/mespack.com\\\/pt-br\\\/#organization\",\"name\":\"Mespack\",\"url\":\"https:\\\/\\\/mespack.com\\\/pt-br\\\/\",\"logo\":{\"@type\":\"ImageObject\",\"inLanguage\":\"pt-BR\",\"@id\":\"https:\\\/\\\/mespack.com\\\/pt-br\\\/#\\\/schema\\\/logo\\\/image\\\/\",\"url\":\"https:\\\/\\\/mespack.com\\\/wp-content\\\/uploads\\\/2021\\\/07\\\/logo-mespack-1.svg\",\"contentUrl\":\"https:\\\/\\\/mespack.com\\\/wp-content\\\/uploads\\\/2021\\\/07\\\/logo-mespack-1.svg\",\"width\":1,\"height\":1,\"caption\":\"Mespack\"},\"image\":{\"@id\":\"https:\\\/\\\/mespack.com\\\/pt-br\\\/#\\\/schema\\\/logo\\\/image\\\/\"},\"sameAs\":[\"https:\\\/\\\/www.linkedin.com\\\/company\\\/mespack\\\/\"]}]}<\/script>\n<!-- \/ Yoast SEO plugin. -->","yoast_head_json":{"title":"Automa\u00e7\u00f5es e equipamentos de uso f\u00e1cil | Mespack","description":"Integramos o conceito de automa\u00e7\u00e3o em partes de nossas m\u00e1quinas, como troca autom\u00e1tica, troca r\u00e1pida e desbobinador de emenda autom\u00e1tica.","robots":{"index":"index","follow":"follow","max-snippet":"max-snippet:-1","max-image-preview":"max-image-preview:large","max-video-preview":"max-video-preview:-1"},"canonical":"https:\/\/mespack.com\/pt-br\/automacoes-e-facilidade-de-uso\/","og_locale":"pt_BR","og_type":"article","og_title":"Automa\u00e7\u00f5es e equipamentos de uso f\u00e1cil | Mespack","og_description":"Integramos o conceito de automa\u00e7\u00e3o em partes de nossas m\u00e1quinas, como troca autom\u00e1tica, troca r\u00e1pida e desbobinador de emenda autom\u00e1tica.","og_url":"https:\/\/mespack.com\/pt-br\/automacoes-e-facilidade-de-uso\/","og_site_name":"Mespack","article_modified_time":"2024-02-20T07:55:44+00:00","og_image":[{"url":"https:\/\/mespack.com\/wp-content\/uploads\/2021\/09\/automations-automatic-changeover.jpg","type":"","width":"","height":""}],"twitter_card":"summary_large_image","twitter_misc":{"Est. tempo de leitura":"1 minuto"},"schema":{"@context":"https:\/\/schema.org","@graph":[{"@type":"WebPage","@id":"https:\/\/mespack.com\/pt-br\/automacoes-e-facilidade-de-uso\/","url":"https:\/\/mespack.com\/pt-br\/automacoes-e-facilidade-de-uso\/","name":"Automa\u00e7\u00f5es e equipamentos de uso f\u00e1cil | Mespack","isPartOf":{"@id":"https:\/\/mespack.com\/pt-br\/#website"},"primaryImageOfPage":{"@id":"https:\/\/mespack.com\/pt-br\/automacoes-e-facilidade-de-uso\/#primaryimage"},"image":{"@id":"https:\/\/mespack.com\/pt-br\/automacoes-e-facilidade-de-uso\/#primaryimage"},"thumbnailUrl":"https:\/\/mespack.com\/wp-content\/uploads\/2021\/09\/automations-automatic-changeover.jpg","datePublished":"2021-09-13T15:04:20+00:00","dateModified":"2024-02-20T07:55:44+00:00","description":"Integramos o conceito de automa\u00e7\u00e3o em partes de nossas m\u00e1quinas, como troca autom\u00e1tica, troca r\u00e1pida e desbobinador de emenda autom\u00e1tica.","breadcrumb":{"@id":"https:\/\/mespack.com\/pt-br\/automacoes-e-facilidade-de-uso\/#breadcrumb"},"inLanguage":"pt-BR","potentialAction":[{"@type":"ReadAction","target":["https:\/\/mespack.com\/pt-br\/automacoes-e-facilidade-de-uso\/"]}]},{"@type":"ImageObject","inLanguage":"pt-BR","@id":"https:\/\/mespack.com\/pt-br\/automacoes-e-facilidade-de-uso\/#primaryimage","url":"https:\/\/mespack.com\/wp-content\/uploads\/2021\/09\/automations-automatic-changeover.jpg","contentUrl":"https:\/\/mespack.com\/wp-content\/uploads\/2021\/09\/automations-automatic-changeover.jpg"},{"@type":"BreadcrumbList","@id":"https:\/\/mespack.com\/pt-br\/automacoes-e-facilidade-de-uso\/#breadcrumb","itemListElement":[{"@type":"ListItem","position":1,"name":"Home","item":"https:\/\/mespack.com\/pt-br\/"},{"@type":"ListItem","position":2,"name":"Automa\u00e7\u00f5es e facilidade de uso"}]},{"@type":"WebSite","@id":"https:\/\/mespack.com\/pt-br\/#website","url":"https:\/\/mespack.com\/pt-br\/","name":"Mespack","description":"A Duravant Company","publisher":{"@id":"https:\/\/mespack.com\/pt-br\/#organization"},"potentialAction":[{"@type":"SearchAction","target":{"@type":"EntryPoint","urlTemplate":"https:\/\/mespack.com\/pt-br\/?s={search_term_string}"},"query-input":{"@type":"PropertyValueSpecification","valueRequired":true,"valueName":"search_term_string"}}],"inLanguage":"pt-BR"},{"@type":"Organization","@id":"https:\/\/mespack.com\/pt-br\/#organization","name":"Mespack","url":"https:\/\/mespack.com\/pt-br\/","logo":{"@type":"ImageObject","inLanguage":"pt-BR","@id":"https:\/\/mespack.com\/pt-br\/#\/schema\/logo\/image\/","url":"https:\/\/mespack.com\/wp-content\/uploads\/2021\/07\/logo-mespack-1.svg","contentUrl":"https:\/\/mespack.com\/wp-content\/uploads\/2021\/07\/logo-mespack-1.svg","width":1,"height":1,"caption":"Mespack"},"image":{"@id":"https:\/\/mespack.com\/pt-br\/#\/schema\/logo\/image\/"},"sameAs":["https:\/\/www.linkedin.com\/company\/mespack\/"]}]}},"_links":{"self":[{"href":"https:\/\/mespack.com\/pt-br\/wp-json\/wp\/v2\/pages\/17178","targetHints":{"allow":["GET"]}}],"collection":[{"href":"https:\/\/mespack.com\/pt-br\/wp-json\/wp\/v2\/pages"}],"about":[{"href":"https:\/\/mespack.com\/pt-br\/wp-json\/wp\/v2\/types\/page"}],"author":[{"embeddable":true,"href":"https:\/\/mespack.com\/pt-br\/wp-json\/wp\/v2\/users\/20"}],"replies":[{"embeddable":true,"href":"https:\/\/mespack.com\/pt-br\/wp-json\/wp\/v2\/comments?post=17178"}],"version-history":[{"count":0,"href":"https:\/\/mespack.com\/pt-br\/wp-json\/wp\/v2\/pages\/17178\/revisions"}],"wp:attachment":[{"href":"https:\/\/mespack.com\/pt-br\/wp-json\/wp\/v2\/media?parent=17178"}],"curies":[{"name":"wp","href":"https:\/\/api.w.org\/{rel}","templated":true}]}}