{"id":21170,"date":"2024-09-06T09:01:49","date_gmt":"2024-09-06T08:01:49","guid":{"rendered":"https:\/\/mespack.com\/politique-de-qualite\/"},"modified":"2025-07-15T10:51:21","modified_gmt":"2025-07-15T09:51:21","slug":"politique-de-qualite","status":"publish","type":"page","link":"https:\/\/mespack.com\/fr\/politique-de-qualite\/","title":{"rendered":"Politique de qualit\u00e9"},"content":{"rendered":"<p>Chez Mespack, nous exer\u00e7ons notre activit\u00e9 dans la conception, la fabrication, la commercialisation et la gestion du service apr\u00e8s-vente de machines d&#8217;emballage, en r\u00e9alisant ces op\u00e9rations dans notre usine situ\u00e9e \u00e0 :<br \/>\nc\/ Mar Adri\u00e0tic, 18. Pol\u00edgon Industrial la Torre del Rector 08130 \u2013 Santa Perp\u00e8tua de Mogoda (BARCELONE) ESPAGNE.<\/p>\n<p>Notre engagement est d&rsquo;offrir des produits de haute qualit\u00e9 qui r\u00e9pondent aux attentes et aux besoins de nos clients, respectent l&rsquo;environnement et favorisent l&rsquo;innovation continue dans l&rsquo;industrie de l&#8217;emballage.<\/p>\n<p>Notre Politique de Qualit\u00e9 est bas\u00e9e sur les <strong>piliers<\/strong> suivants :<\/p>\n<ol>\n<li><b>Satisfaction du Client :<\/b><\/li>\n<\/ol>\n<ul>\n<li>Nous nous concentrons sur la compr\u00e9hension et la satisfaction des besoins de nos clients en offrant des produits et services qui r\u00e9pondent \u00e0 leurs exigences et d\u00e9passent leurs attentes.<\/li>\n<li>La confidentialit\u00e9 de nos clients est essentielle. Nous nous engageons \u00e0 prot\u00e9ger leur identit\u00e9, leurs informations et leur marque \u00e0 chaque \u00e9tape du projet.<\/li>\n<li>Nous \u00e9tablissons des canaux de communication ouverts pour recevoir des retours et nous am\u00e9liorer en continu.<\/li>\n<li>Nous garantissons la qualit\u00e9 et la fiabilit\u00e9 de nos produits gr\u00e2ce \u00e0 des contr\u00f4les et des tests rigoureux tout au long du processus de fabrication.<\/li>\n<li>Nous offrons un service client\u00e8le exceptionnel pendant et apr\u00e8s la vente pour assurer la satisfaction et la fid\u00e9lit\u00e9 compl\u00e8tes de nos clients.<\/li>\n<\/ul>\n<ol>\n<li><b>Respect de l&rsquo;Environnement :<\/b><\/li>\n<\/ol>\n<ul>\n<li>Nous mettons en \u0153uvre des pratiques qui favorisent la durabilit\u00e9 dans nos processus de production afin de minimiser l&rsquo;impact environnemental :\n<ol>\n<li>R\u00e9duire l&rsquo;utilisation de mati\u00e8res premi\u00e8res.<\/li>\n<li>Remplacer les mat\u00e9riaux standard par des \u00e9l\u00e9ments d&#8217;emballage plus durables, tels que des mat\u00e9riaux pr\u00eats \u00e0 \u00eatre recycl\u00e9s ou des mat\u00e9riaux recycl\u00e9s biod\u00e9gradables ou compostables.<\/li>\n<li>Adapter la technologie des \u00e9quipements de Mespack pour cr\u00e9er des solutions d&#8217;emballage \u00e9cologiquement innovantes.<\/li>\n<li>Mettre \u00e0 jour les machines que le client poss\u00e8de d\u00e9j\u00e0 en fonction des innovations les plus efficaces et durables.<\/li>\n<\/ol>\n<\/li>\n<li>Nous favorisons une culture orient\u00e9e vers la durabilit\u00e9 parmi nos employ\u00e9s et fournisseurs, en promouvant la responsabilit\u00e9 environnementale dans toutes nos op\u00e9rations.<\/li>\n<\/ul>\n<ol>\n<li><b>Innovation :<\/b><\/li>\n<\/ol>\n<ul>\n<li>Nous investissons continuellement dans la recherche et le d\u00e9veloppement pour rester \u00e0 la pointe de la technologie des machines d&#8217;emballage.<\/li>\n<li>Nous favorisons une culture d&rsquo;innovation et d&rsquo;am\u00e9lioration continue \u00e0 tous les niveaux de l&rsquo;entreprise.<\/li>\n<li>Nous promouvons un environnement de travail qui stimule la cr\u00e9ativit\u00e9 et la g\u00e9n\u00e9ration de nouvelles id\u00e9es.<\/li>\n<li>Nous collaborons avec des institutions acad\u00e9miques et divers partenaires strat\u00e9giques pour int\u00e9grer les derni\u00e8res avanc\u00e9es technologiques dans nos produits.<\/li>\n<\/ul>\n<p><b>Objectifs de la Politique de Qualit\u00e9 :<\/b><\/p>\n<ul>\n<li>Atteindre et maintenir des niveaux \u00e9lev\u00e9s de satisfaction client.<\/li>\n<li>R\u00e9duire l&rsquo;impact environnemental de nos op\u00e9rations et produits.<\/li>\n<li>D\u00e9velopper des technologies innovantes qui optimisent le processus d&#8217;emballage et respectent l&rsquo;environnement.<\/li>\n<\/ul>\n<p><b>Engagement de la Direction :<\/b> La direction de Mespack s&rsquo;engage \u00e0 respecter les dispositions l\u00e9gales, r\u00e9glementaires et autres exigences applicables. De plus, elle fournit les ressources n\u00e9cessaires pour respecter cette Politique de Qualit\u00e9 et examine p\u00e9riodiquement son efficacit\u00e9 afin d&rsquo;assurer une am\u00e9lioration continue.<\/p>\n<p>Cette Politique est disponible pour tout le personnel, les collaborateurs, les clients et les autres parties int\u00e9ress\u00e9es pertinentes.<\/p>\n<p>Approuv\u00e9e par: <b>Guillem Clofent<\/b>, Directeur G\u00e9n\u00e9ral<\/p>\n<p><b>Lieu et Date :<\/b> Santa Perpetua de Mogoda, F\u00e9vrier 2025<\/p>\n","protected":false},"excerpt":{"rendered":"<p>Chez Mespack, nous exer\u00e7ons notre activit\u00e9 dans la conception, la fabrication, la commercialisation et la gestion du service apr\u00e8s-vente de machines d&#8217;emballage, en r\u00e9alisant ces op\u00e9rations dans notre usine situ\u00e9e \u00e0 : c\/ Mar Adri\u00e0tic, 18. Pol\u00edgon Industrial la Torre del Rector 08130 \u2013 Santa Perp\u00e8tua de Mogoda (BARCELONE) ESPAGNE. Notre engagement est d&rsquo;offrir des [&hellip;]<\/p>\n","protected":false},"author":20,"featured_media":0,"parent":0,"menu_order":0,"comment_status":"closed","ping_status":"closed","template":"","meta":{"_acf_changed":false,"footnotes":""},"class_list":["post-21170","page","type-page","status-publish","hentry"],"acf":[],"yoast_head":"<!-- This site is optimized with the Yoast SEO plugin v27.5 - https:\/\/yoast.com\/product\/yoast-seo-wordpress\/ -->\n<title>Politique de qualit\u00e9 &#183; Mespack<\/title>\n<meta name=\"robots\" content=\"index, follow, max-snippet:-1, max-image-preview:large, max-video-preview:-1\" \/>\n<link rel=\"canonical\" href=\"https:\/\/mespack.com\/fr\/politique-de-qualite\/\" \/>\n<meta property=\"og:locale\" content=\"fr_FR\" \/>\n<meta property=\"og:type\" content=\"article\" \/>\n<meta property=\"og:title\" content=\"Politique de qualit\u00e9 &#183; Mespack\" \/>\n<meta property=\"og:description\" content=\"Chez Mespack, nous exer\u00e7ons notre activit\u00e9 dans la conception, la fabrication, la commercialisation et la gestion du service apr\u00e8s-vente de machines d&#8217;emballage, en r\u00e9alisant ces op\u00e9rations dans notre usine situ\u00e9e \u00e0 : c\/ Mar Adri\u00e0tic, 18. Pol\u00edgon Industrial la Torre del Rector 08130 \u2013 Santa Perp\u00e8tua de Mogoda (BARCELONE) ESPAGNE. Notre engagement est d&rsquo;offrir des [&hellip;]\" \/>\n<meta property=\"og:url\" content=\"https:\/\/mespack.com\/fr\/politique-de-qualite\/\" \/>\n<meta property=\"og:site_name\" content=\"Mespack\" \/>\n<meta property=\"article:modified_time\" content=\"2025-07-15T09:51:21+00:00\" \/>\n<meta name=\"twitter:card\" content=\"summary_large_image\" \/>\n<meta name=\"twitter:label1\" content=\"Dur\u00e9e de lecture estim\u00e9e\" \/>\n\t<meta name=\"twitter:data1\" content=\"3 minutes\" \/>\n<script type=\"application\/ld+json\" class=\"yoast-schema-graph\">{\"@context\":\"https:\\\/\\\/schema.org\",\"@graph\":[{\"@type\":\"WebPage\",\"@id\":\"https:\\\/\\\/mespack.com\\\/fr\\\/politique-de-qualite\\\/\",\"url\":\"https:\\\/\\\/mespack.com\\\/fr\\\/politique-de-qualite\\\/\",\"name\":\"Politique de qualit\u00e9 &#183; Mespack\",\"isPartOf\":{\"@id\":\"https:\\\/\\\/mespack.com\\\/fr\\\/#website\"},\"datePublished\":\"2024-09-06T08:01:49+00:00\",\"dateModified\":\"2025-07-15T09:51:21+00:00\",\"breadcrumb\":{\"@id\":\"https:\\\/\\\/mespack.com\\\/fr\\\/politique-de-qualite\\\/#breadcrumb\"},\"inLanguage\":\"fr-FR\",\"potentialAction\":[{\"@type\":\"ReadAction\",\"target\":[\"https:\\\/\\\/mespack.com\\\/fr\\\/politique-de-qualite\\\/\"]}]},{\"@type\":\"BreadcrumbList\",\"@id\":\"https:\\\/\\\/mespack.com\\\/fr\\\/politique-de-qualite\\\/#breadcrumb\",\"itemListElement\":[{\"@type\":\"ListItem\",\"position\":1,\"name\":\"Home\",\"item\":\"https:\\\/\\\/mespack.com\\\/fr\\\/\"},{\"@type\":\"ListItem\",\"position\":2,\"name\":\"Politique de qualit\u00e9\"}]},{\"@type\":\"WebSite\",\"@id\":\"https:\\\/\\\/mespack.com\\\/fr\\\/#website\",\"url\":\"https:\\\/\\\/mespack.com\\\/fr\\\/\",\"name\":\"Mespack\",\"description\":\"A Duravant Company\",\"publisher\":{\"@id\":\"https:\\\/\\\/mespack.com\\\/fr\\\/#organization\"},\"potentialAction\":[{\"@type\":\"SearchAction\",\"target\":{\"@type\":\"EntryPoint\",\"urlTemplate\":\"https:\\\/\\\/mespack.com\\\/fr\\\/?s={search_term_string}\"},\"query-input\":{\"@type\":\"PropertyValueSpecification\",\"valueRequired\":true,\"valueName\":\"search_term_string\"}}],\"inLanguage\":\"fr-FR\"},{\"@type\":\"Organization\",\"@id\":\"https:\\\/\\\/mespack.com\\\/fr\\\/#organization\",\"name\":\"Mespack\",\"url\":\"https:\\\/\\\/mespack.com\\\/fr\\\/\",\"logo\":{\"@type\":\"ImageObject\",\"inLanguage\":\"fr-FR\",\"@id\":\"https:\\\/\\\/mespack.com\\\/fr\\\/#\\\/schema\\\/logo\\\/image\\\/\",\"url\":\"https:\\\/\\\/mespack.com\\\/wp-content\\\/uploads\\\/2021\\\/07\\\/logo-mespack-1.svg\",\"contentUrl\":\"https:\\\/\\\/mespack.com\\\/wp-content\\\/uploads\\\/2021\\\/07\\\/logo-mespack-1.svg\",\"width\":1,\"height\":1,\"caption\":\"Mespack\"},\"image\":{\"@id\":\"https:\\\/\\\/mespack.com\\\/fr\\\/#\\\/schema\\\/logo\\\/image\\\/\"},\"sameAs\":[\"https:\\\/\\\/www.linkedin.com\\\/company\\\/mespack\\\/\"]}]}<\/script>\n<!-- \/ Yoast SEO plugin. -->","yoast_head_json":{"title":"Politique de qualit\u00e9 &#183; Mespack","robots":{"index":"index","follow":"follow","max-snippet":"max-snippet:-1","max-image-preview":"max-image-preview:large","max-video-preview":"max-video-preview:-1"},"canonical":"https:\/\/mespack.com\/fr\/politique-de-qualite\/","og_locale":"fr_FR","og_type":"article","og_title":"Politique de qualit\u00e9 &#183; Mespack","og_description":"Chez Mespack, nous exer\u00e7ons notre activit\u00e9 dans la conception, la fabrication, la commercialisation et la gestion du service apr\u00e8s-vente de machines d&#8217;emballage, en r\u00e9alisant ces op\u00e9rations dans notre usine situ\u00e9e \u00e0 : c\/ Mar Adri\u00e0tic, 18. Pol\u00edgon Industrial la Torre del Rector 08130 \u2013 Santa Perp\u00e8tua de Mogoda (BARCELONE) ESPAGNE. Notre engagement est d&rsquo;offrir des [&hellip;]","og_url":"https:\/\/mespack.com\/fr\/politique-de-qualite\/","og_site_name":"Mespack","article_modified_time":"2025-07-15T09:51:21+00:00","twitter_card":"summary_large_image","twitter_misc":{"Dur\u00e9e de lecture estim\u00e9e":"3 minutes"},"schema":{"@context":"https:\/\/schema.org","@graph":[{"@type":"WebPage","@id":"https:\/\/mespack.com\/fr\/politique-de-qualite\/","url":"https:\/\/mespack.com\/fr\/politique-de-qualite\/","name":"Politique de qualit\u00e9 &#183; Mespack","isPartOf":{"@id":"https:\/\/mespack.com\/fr\/#website"},"datePublished":"2024-09-06T08:01:49+00:00","dateModified":"2025-07-15T09:51:21+00:00","breadcrumb":{"@id":"https:\/\/mespack.com\/fr\/politique-de-qualite\/#breadcrumb"},"inLanguage":"fr-FR","potentialAction":[{"@type":"ReadAction","target":["https:\/\/mespack.com\/fr\/politique-de-qualite\/"]}]},{"@type":"BreadcrumbList","@id":"https:\/\/mespack.com\/fr\/politique-de-qualite\/#breadcrumb","itemListElement":[{"@type":"ListItem","position":1,"name":"Home","item":"https:\/\/mespack.com\/fr\/"},{"@type":"ListItem","position":2,"name":"Politique de qualit\u00e9"}]},{"@type":"WebSite","@id":"https:\/\/mespack.com\/fr\/#website","url":"https:\/\/mespack.com\/fr\/","name":"Mespack","description":"A Duravant Company","publisher":{"@id":"https:\/\/mespack.com\/fr\/#organization"},"potentialAction":[{"@type":"SearchAction","target":{"@type":"EntryPoint","urlTemplate":"https:\/\/mespack.com\/fr\/?s={search_term_string}"},"query-input":{"@type":"PropertyValueSpecification","valueRequired":true,"valueName":"search_term_string"}}],"inLanguage":"fr-FR"},{"@type":"Organization","@id":"https:\/\/mespack.com\/fr\/#organization","name":"Mespack","url":"https:\/\/mespack.com\/fr\/","logo":{"@type":"ImageObject","inLanguage":"fr-FR","@id":"https:\/\/mespack.com\/fr\/#\/schema\/logo\/image\/","url":"https:\/\/mespack.com\/wp-content\/uploads\/2021\/07\/logo-mespack-1.svg","contentUrl":"https:\/\/mespack.com\/wp-content\/uploads\/2021\/07\/logo-mespack-1.svg","width":1,"height":1,"caption":"Mespack"},"image":{"@id":"https:\/\/mespack.com\/fr\/#\/schema\/logo\/image\/"},"sameAs":["https:\/\/www.linkedin.com\/company\/mespack\/"]}]}},"_links":{"self":[{"href":"https:\/\/mespack.com\/fr\/wp-json\/wp\/v2\/pages\/21170","targetHints":{"allow":["GET"]}}],"collection":[{"href":"https:\/\/mespack.com\/fr\/wp-json\/wp\/v2\/pages"}],"about":[{"href":"https:\/\/mespack.com\/fr\/wp-json\/wp\/v2\/types\/page"}],"author":[{"embeddable":true,"href":"https:\/\/mespack.com\/fr\/wp-json\/wp\/v2\/users\/20"}],"replies":[{"embeddable":true,"href":"https:\/\/mespack.com\/fr\/wp-json\/wp\/v2\/comments?post=21170"}],"version-history":[{"count":0,"href":"https:\/\/mespack.com\/fr\/wp-json\/wp\/v2\/pages\/21170\/revisions"}],"wp:attachment":[{"href":"https:\/\/mespack.com\/fr\/wp-json\/wp\/v2\/media?parent=21170"}],"curies":[{"name":"wp","href":"https:\/\/api.w.org\/{rel}","templated":true}]}}