{"id":15018,"date":"2021-09-13T16:04:20","date_gmt":"2021-09-13T15:04:20","guid":{"rendered":"https:\/\/mespack.com\/automatisation-et-equipement-convivial\/"},"modified":"2023-10-23T16:13:57","modified_gmt":"2023-10-23T14:13:57","slug":"automatisation-et-equipement-convivial","status":"publish","type":"page","link":"https:\/\/mespack.com\/fr\/automatisation-et-equipement-convivial\/","title":{"rendered":"Automatisation et \u00e9quipement convivial"},"content":{"rendered":"\t\t<div data-elementor-type=\"wp-page\" data-elementor-id=\"15018\" class=\"elementor elementor-15018 elementor-3413\" data-elementor-post-type=\"page\">\n\t\t\t\t\t\t<section class=\"elementor-section elementor-top-section elementor-element elementor-element-2a8a267 elementor-section-boxed elementor-section-height-default elementor-section-height-default\" data-id=\"2a8a267\" data-element_type=\"section\" data-e-type=\"section\">\n\t\t\t\t\t\t<div class=\"elementor-container elementor-column-gap-default\">\n\t\t\t\t\t<div class=\"elementor-column elementor-col-100 elementor-top-column elementor-element elementor-element-bccd5b7\" data-id=\"bccd5b7\" data-element_type=\"column\" data-e-type=\"column\">\n\t\t\t<div class=\"elementor-widget-wrap elementor-element-populated\">\n\t\t\t\t\t\t<div class=\"elementor-element elementor-element-abbc2b5 elementor-widget elementor-widget-spacer\" data-id=\"abbc2b5\" data-element_type=\"widget\" data-e-type=\"widget\" data-widget_type=\"spacer.default\">\n\t\t\t\t<div class=\"elementor-widget-container\">\n\t\t\t\t\t\t\t<div class=\"elementor-spacer\">\n\t\t\t<div class=\"elementor-spacer-inner\"><\/div>\n\t\t<\/div>\n\t\t\t\t\t\t<\/div>\n\t\t\t\t<\/div>\n\t\t\t\t<div class=\"elementor-element elementor-element-79fe2ad elementor-widget elementor-widget-heading\" data-id=\"79fe2ad\" data-element_type=\"widget\" data-e-type=\"widget\" data-widget_type=\"heading.default\">\n\t\t\t\t<div class=\"elementor-widget-container\">\n\t\t\t\t\t<h1 class=\"elementor-heading-title elementor-size-default\">Automatisation et \u00e9quipement convivial<\/h1>\t\t\t\t<\/div>\n\t\t\t\t<\/div>\n\t\t\t\t<div class=\"elementor-element elementor-element-8f843ab elementor-widget-divider--view-line_icon elementor-widget-divider--element-align-left elementor-view-default elementor-widget elementor-widget-divider\" data-id=\"8f843ab\" data-element_type=\"widget\" data-e-type=\"widget\" data-widget_type=\"divider.default\">\n\t\t\t\t<div class=\"elementor-widget-container\">\n\t\t\t\t\t\t\t<div class=\"elementor-divider\">\n\t\t\t<span class=\"elementor-divider-separator\">\n\t\t\t\t\t\t\t<div class=\"elementor-icon elementor-divider__element\">\n\t\t\t\t\t<svg xmlns=\"http:\/\/www.w3.org\/2000\/svg\" width=\"230\" height=\"19\" viewBox=\"0 0 230 19\" fill=\"none\"><rect width=\"230\" height=\"19\" fill=\"#E3092C\"><\/rect><\/svg><\/div>\n\t\t\t\t\t\t<\/span>\n\t\t<\/div>\n\t\t\t\t\t\t<\/div>\n\t\t\t\t<\/div>\n\t\t\t\t\t<\/div>\n\t\t<\/div>\n\t\t\t\t\t<\/div>\n\t\t<\/section>\n\t\t\t\t<section class=\"elementor-section elementor-top-section elementor-element elementor-element-3152826 elementor-section-boxed elementor-section-height-default elementor-section-height-default\" data-id=\"3152826\" data-element_type=\"section\" data-e-type=\"section\">\n\t\t\t\t\t\t<div class=\"elementor-container elementor-column-gap-default\">\n\t\t\t\t\t<div class=\"elementor-column elementor-col-100 elementor-top-column elementor-element elementor-element-956abf0\" data-id=\"956abf0\" data-element_type=\"column\" data-e-type=\"column\">\n\t\t\t<div class=\"elementor-widget-wrap elementor-element-populated\">\n\t\t\t\t\t\t<div class=\"elementor-element elementor-element-546b77e elementor-widget elementor-widget-text-editor\" data-id=\"546b77e\" data-element_type=\"widget\" data-e-type=\"widget\" data-widget_type=\"text-editor.default\">\n\t\t\t\t<div class=\"elementor-widget-container\">\n\t\t\t\t\t\t\t\t\t<p><span data-sheets-value=\"{&quot;1&quot;:2,&quot;2&quot;:&quot;Automation is highly valued in our solutions. We believe it is one of the most important processes which assists you in reducing machine downtime and increasing production. At Mespack, we have integrated the concept of automation into various parts of our machines, such as an automatic changeover, a quick changeover, and an autosplice unwinder.&quot;}\" data-sheets-userformat=\"{&quot;2&quot;:15297,&quot;3&quot;:{&quot;1&quot;:0},&quot;9&quot;:0,&quot;10&quot;:0,&quot;11&quot;:4,&quot;12&quot;:0,&quot;14&quot;:[null,2,0],&quot;15&quot;:&quot;Calibri, sans-serif&quot;,&quot;16&quot;:11}\">L&rsquo;automatisation est tr\u00e8s valoris\u00e9e dans nos solutions. Nous pensons qu&rsquo;il s&rsquo;agit de l&rsquo;un des processus les plus importants qui vous aide \u00e0 r\u00e9duire les temps d&rsquo;arr\u00eat de la machine et \u00e0 augmenter la production. Chez Mespack, nous avons int\u00e9gr\u00e9 le concept d&rsquo;automatisation dans plusieurs parties de nos machines, comme un changement automatique, un changement rapide et une bobine \u00e0 raccord automatique.<\/span><\/p>\n\t\t\t\t\t\t\t\t<\/div>\n\t\t\t\t<\/div>\n\t\t\t\t\t<\/div>\n\t\t<\/div>\n\t\t\t\t\t<\/div>\n\t\t<\/section>\n\t\t\t\t<section class=\"elementor-section elementor-top-section elementor-element elementor-element-7d2a7bf elementor-section-boxed elementor-section-height-default elementor-section-height-default\" data-id=\"7d2a7bf\" data-element_type=\"section\" data-e-type=\"section\">\n\t\t\t\t\t\t<div class=\"elementor-container elementor-column-gap-default\">\n\t\t\t\t\t<div class=\"elementor-column elementor-col-33 elementor-top-column elementor-element elementor-element-973db5b\" data-id=\"973db5b\" data-element_type=\"column\" data-e-type=\"column\">\n\t\t\t<div class=\"elementor-widget-wrap elementor-element-populated\">\n\t\t\t\t\t\t<div class=\"elementor-element elementor-element-9117bd6 elementor-widget elementor-widget-image\" data-id=\"9117bd6\" data-element_type=\"widget\" data-e-type=\"widget\" data-widget_type=\"image.default\">\n\t\t\t\t<div class=\"elementor-widget-container\">\n\t\t\t\t\t\t\t\t\t\t\t\t\t\t\t<img fetchpriority=\"high\" decoding=\"async\" width=\"800\" height=\"533\" src=\"https:\/\/mespack.com\/wp-content\/uploads\/2021\/09\/automations-automatic-changeover.jpg\" class=\"attachment-large size-large wp-image-8044\" alt=\"\" srcset=\"https:\/\/mespack.com\/wp-content\/uploads\/2021\/09\/automations-automatic-changeover.jpg 900w, https:\/\/mespack.com\/wp-content\/uploads\/2021\/09\/automations-automatic-changeover-300x200.jpg 300w, https:\/\/mespack.com\/wp-content\/uploads\/2021\/09\/automations-automatic-changeover-768x512.jpg 768w\" sizes=\"(max-width: 800px) 100vw, 800px\" \/>\t\t\t\t\t\t\t\t\t\t\t\t\t\t\t<\/div>\n\t\t\t\t<\/div>\n\t\t\t\t<div class=\"elementor-element elementor-element-1f7015e elementor-widget elementor-widget-heading\" data-id=\"1f7015e\" data-element_type=\"widget\" data-e-type=\"widget\" data-widget_type=\"heading.default\">\n\t\t\t\t<div class=\"elementor-widget-container\">\n\t\t\t\t\t<h3 class=\"elementor-heading-title elementor-size-default\">Changement automatique<\/h3>\t\t\t\t<\/div>\n\t\t\t\t<\/div>\n\t\t\t\t<div class=\"elementor-element elementor-element-a78897e elementor-widget elementor-widget-text-editor\" data-id=\"a78897e\" data-element_type=\"widget\" data-e-type=\"widget\" data-widget_type=\"text-editor.default\">\n\t\t\t\t<div class=\"elementor-widget-container\">\n\t\t\t\t\t\t\t\t\t<p>Le syst\u00e8me de changement automatique est compos\u00e9 de\u00a0:<\/p>\n<ul>\n<li>Servomotorisation du groupe d&rsquo;operculage sans r\u00e9glage n\u00e9cessaire.<\/li>\n<li>Syst\u00e8me convivial avec l&rsquo;IHM.<\/li>\n<\/ul>\n\t\t\t\t\t\t\t\t<\/div>\n\t\t\t\t<\/div>\n\t\t\t\t\t<\/div>\n\t\t<\/div>\n\t\t\t\t<div class=\"elementor-column elementor-col-33 elementor-top-column elementor-element elementor-element-3878a80\" data-id=\"3878a80\" data-element_type=\"column\" data-e-type=\"column\">\n\t\t\t<div class=\"elementor-widget-wrap elementor-element-populated\">\n\t\t\t\t\t\t<div class=\"elementor-element elementor-element-b83d977 elementor-widget elementor-widget-image\" data-id=\"b83d977\" data-element_type=\"widget\" data-e-type=\"widget\" data-widget_type=\"image.default\">\n\t\t\t\t<div class=\"elementor-widget-container\">\n\t\t\t\t\t\t\t\t\t\t\t\t\t\t\t<img decoding=\"async\" width=\"800\" height=\"533\" src=\"https:\/\/mespack.com\/wp-content\/uploads\/2021\/09\/automations-quick-changeover.jpg\" class=\"attachment-large size-large wp-image-8048\" alt=\"\" srcset=\"https:\/\/mespack.com\/wp-content\/uploads\/2021\/09\/automations-quick-changeover.jpg 900w, https:\/\/mespack.com\/wp-content\/uploads\/2021\/09\/automations-quick-changeover-300x200.jpg 300w, https:\/\/mespack.com\/wp-content\/uploads\/2021\/09\/automations-quick-changeover-768x512.jpg 768w\" sizes=\"(max-width: 800px) 100vw, 800px\" \/>\t\t\t\t\t\t\t\t\t\t\t\t\t\t\t<\/div>\n\t\t\t\t<\/div>\n\t\t\t\t<div class=\"elementor-element elementor-element-00e68cc elementor-widget elementor-widget-heading\" data-id=\"00e68cc\" data-element_type=\"widget\" data-e-type=\"widget\" data-widget_type=\"heading.default\">\n\t\t\t\t<div class=\"elementor-widget-container\">\n\t\t\t\t\t<h3 class=\"elementor-heading-title elementor-size-default\">Changement rapide<\/h3>\t\t\t\t<\/div>\n\t\t\t\t<\/div>\n\t\t\t\t<div class=\"elementor-element elementor-element-2fc56e2 elementor-widget elementor-widget-text-editor\" data-id=\"2fc56e2\" data-element_type=\"widget\" data-e-type=\"widget\" data-widget_type=\"text-editor.default\">\n\t\t\t\t<div class=\"elementor-widget-container\">\n\t\t\t\t\t\t\t\t\t<p>Le syst\u00e8me revolver de changement rapide de format consiste en une barre de positionnement, parall\u00e8le au guide longitudinal et des m\u00e2choires de positionnement pr\u00e9configur\u00e9es pour chaque format de sachet. Pour changer de format, il faut rel\u00e2cher le groupe d&rsquo;operculage, situer le guide dans la position correspondant au nouveau format et refixer le groupe d&rsquo;operculage en mettant les \u00e9l\u00e9ments de retenue dans la position d\u00e9finie. Ce syst\u00e8me permet un changement rapide de format sans autre r\u00e9glage n\u00e9cessaire.<\/p>\n\t\t\t\t\t\t\t\t<\/div>\n\t\t\t\t<\/div>\n\t\t\t\t\t<\/div>\n\t\t<\/div>\n\t\t\t\t<div class=\"elementor-column elementor-col-33 elementor-top-column elementor-element elementor-element-b7d6a67\" data-id=\"b7d6a67\" data-element_type=\"column\" data-e-type=\"column\">\n\t\t\t<div class=\"elementor-widget-wrap elementor-element-populated\">\n\t\t\t\t\t\t<div class=\"elementor-element elementor-element-2d5370e elementor-widget elementor-widget-image\" data-id=\"2d5370e\" data-element_type=\"widget\" data-e-type=\"widget\" data-widget_type=\"image.default\">\n\t\t\t\t<div class=\"elementor-widget-container\">\n\t\t\t\t\t\t\t\t\t\t\t\t\t\t\t<img decoding=\"async\" width=\"800\" height=\"533\" src=\"https:\/\/mespack.com\/wp-content\/uploads\/2021\/09\/automations-autosplice-unwinder.jpg\" class=\"attachment-large size-large wp-image-8046\" alt=\"\" srcset=\"https:\/\/mespack.com\/wp-content\/uploads\/2021\/09\/automations-autosplice-unwinder.jpg 900w, https:\/\/mespack.com\/wp-content\/uploads\/2021\/09\/automations-autosplice-unwinder-300x200.jpg 300w, https:\/\/mespack.com\/wp-content\/uploads\/2021\/09\/automations-autosplice-unwinder-768x512.jpg 768w\" sizes=\"(max-width: 800px) 100vw, 800px\" \/>\t\t\t\t\t\t\t\t\t\t\t\t\t\t\t<\/div>\n\t\t\t\t<\/div>\n\t\t\t\t<div class=\"elementor-element elementor-element-1989521 elementor-widget elementor-widget-heading\" data-id=\"1989521\" data-element_type=\"widget\" data-e-type=\"widget\" data-widget_type=\"heading.default\">\n\t\t\t\t<div class=\"elementor-widget-container\">\n\t\t\t\t\t<h3 class=\"elementor-heading-title elementor-size-default\">Bobine \u00e0 raccord automatique<\/h3>\t\t\t\t<\/div>\n\t\t\t\t<\/div>\n\t\t\t\t<div class=\"elementor-element elementor-element-92a9287 elementor-widget elementor-widget-text-editor\" data-id=\"92a9287\" data-element_type=\"widget\" data-e-type=\"widget\" data-widget_type=\"text-editor.default\">\n\t\t\t\t<div class=\"elementor-widget-container\">\n\t\t\t\t\t\t\t\t\t<p>Le syst\u00e8me automatique de raccord de bobine int\u00e8gre un dispositif Butler qui raccorde automatiquement la section finale de la bobine termin\u00e9e avec la section initiale de la nouvelle bobine, \u00e9vitant ainsi les arr\u00eats de production dus \u00e0 l&rsquo;ex\u00e9cution de ce processus. Fabriqu\u00e9 dans une structure avec support pour deux bobines, le dispositif Butler est situ\u00e9 sur la table de raccord de bobine entre la bobine sup\u00e9rieure et inf\u00e9rieure.&nbsp;<\/p>\n\t\t\t\t\t\t\t\t<\/div>\n\t\t\t\t<\/div>\n\t\t\t\t\t<\/div>\n\t\t<\/div>\n\t\t\t\t\t<\/div>\n\t\t<\/section>\n\t\t\t\t<\/div>\n\t\t","protected":false},"excerpt":{"rendered":"<p>L&rsquo;automatisation est tr\u00e8s valoris\u00e9e dans nos solutions. Nous pensons qu&rsquo;il s&rsquo;agit de l&rsquo;un des processus les plus importants qui vous aide \u00e0 r\u00e9duire les temps d&rsquo;arr\u00eat de la machine et \u00e0 augmenter la production. Chez Mespack, nous avons int\u00e9gr\u00e9 le concept d&rsquo;automatisation dans plusieurs parties de nos machines, comme un changement automatique, un changement rapide [&hellip;]<\/p>\n","protected":false},"author":20,"featured_media":0,"parent":0,"menu_order":0,"comment_status":"closed","ping_status":"closed","template":"elementor_header_footer","meta":{"_acf_changed":false,"footnotes":""},"class_list":["post-15018","page","type-page","status-publish","hentry"],"acf":[],"yoast_head":"<!-- This site is optimized with the Yoast SEO plugin v27.5 - https:\/\/yoast.com\/product\/yoast-seo-wordpress\/ -->\n<title>Automatisation et \u00e9quipement convivial | Mespack<\/title>\n<meta name=\"description\" content=\"Nous avons int\u00e9gr\u00e9 le concept d&#039;automatisation dans une partie de nos machines, comme un changement automatique, un changement rapide et une bobine de raccord automatique.\" \/>\n<meta name=\"robots\" content=\"index, follow, max-snippet:-1, max-image-preview:large, max-video-preview:-1\" \/>\n<link rel=\"canonical\" href=\"https:\/\/mespack.com\/fr\/automatisation-et-equipement-convivial\/\" \/>\n<meta property=\"og:locale\" content=\"fr_FR\" \/>\n<meta property=\"og:type\" content=\"article\" \/>\n<meta property=\"og:title\" content=\"Automatisation et \u00e9quipement convivial | Mespack\" \/>\n<meta property=\"og:description\" content=\"Nous avons int\u00e9gr\u00e9 le concept d&#039;automatisation dans une partie de nos machines, comme un changement automatique, un changement rapide et une bobine de raccord automatique.\" \/>\n<meta property=\"og:url\" content=\"https:\/\/mespack.com\/fr\/automatisation-et-equipement-convivial\/\" \/>\n<meta property=\"og:site_name\" content=\"Mespack\" \/>\n<meta property=\"article:modified_time\" content=\"2023-10-23T14:13:57+00:00\" \/>\n<meta property=\"og:image\" content=\"https:\/\/mespack.com\/wp-content\/uploads\/2021\/09\/automations-automatic-changeover.jpg\" \/>\n<meta name=\"twitter:card\" content=\"summary_large_image\" \/>\n<meta name=\"twitter:label1\" content=\"Dur\u00e9e de lecture estim\u00e9e\" \/>\n\t<meta name=\"twitter:data1\" content=\"1 minute\" \/>\n<script type=\"application\/ld+json\" class=\"yoast-schema-graph\">{\"@context\":\"https:\\\/\\\/schema.org\",\"@graph\":[{\"@type\":\"WebPage\",\"@id\":\"https:\\\/\\\/mespack.com\\\/fr\\\/automatisation-et-equipement-convivial\\\/\",\"url\":\"https:\\\/\\\/mespack.com\\\/fr\\\/automatisation-et-equipement-convivial\\\/\",\"name\":\"Automatisation et \u00e9quipement convivial | Mespack\",\"isPartOf\":{\"@id\":\"https:\\\/\\\/mespack.com\\\/fr\\\/#website\"},\"primaryImageOfPage\":{\"@id\":\"https:\\\/\\\/mespack.com\\\/fr\\\/automatisation-et-equipement-convivial\\\/#primaryimage\"},\"image\":{\"@id\":\"https:\\\/\\\/mespack.com\\\/fr\\\/automatisation-et-equipement-convivial\\\/#primaryimage\"},\"thumbnailUrl\":\"https:\\\/\\\/mespack.com\\\/wp-content\\\/uploads\\\/2021\\\/09\\\/automations-automatic-changeover.jpg\",\"datePublished\":\"2021-09-13T15:04:20+00:00\",\"dateModified\":\"2023-10-23T14:13:57+00:00\",\"description\":\"Nous avons int\u00e9gr\u00e9 le concept d'automatisation dans une partie de nos machines, comme un changement automatique, un changement rapide et une bobine de raccord automatique.\",\"breadcrumb\":{\"@id\":\"https:\\\/\\\/mespack.com\\\/fr\\\/automatisation-et-equipement-convivial\\\/#breadcrumb\"},\"inLanguage\":\"fr-FR\",\"potentialAction\":[{\"@type\":\"ReadAction\",\"target\":[\"https:\\\/\\\/mespack.com\\\/fr\\\/automatisation-et-equipement-convivial\\\/\"]}]},{\"@type\":\"ImageObject\",\"inLanguage\":\"fr-FR\",\"@id\":\"https:\\\/\\\/mespack.com\\\/fr\\\/automatisation-et-equipement-convivial\\\/#primaryimage\",\"url\":\"https:\\\/\\\/mespack.com\\\/wp-content\\\/uploads\\\/2021\\\/09\\\/automations-automatic-changeover.jpg\",\"contentUrl\":\"https:\\\/\\\/mespack.com\\\/wp-content\\\/uploads\\\/2021\\\/09\\\/automations-automatic-changeover.jpg\"},{\"@type\":\"BreadcrumbList\",\"@id\":\"https:\\\/\\\/mespack.com\\\/fr\\\/automatisation-et-equipement-convivial\\\/#breadcrumb\",\"itemListElement\":[{\"@type\":\"ListItem\",\"position\":1,\"name\":\"Home\",\"item\":\"https:\\\/\\\/mespack.com\\\/fr\\\/\"},{\"@type\":\"ListItem\",\"position\":2,\"name\":\"Automatisation et \u00e9quipement convivial\"}]},{\"@type\":\"WebSite\",\"@id\":\"https:\\\/\\\/mespack.com\\\/fr\\\/#website\",\"url\":\"https:\\\/\\\/mespack.com\\\/fr\\\/\",\"name\":\"Mespack\",\"description\":\"A Duravant Company\",\"publisher\":{\"@id\":\"https:\\\/\\\/mespack.com\\\/fr\\\/#organization\"},\"potentialAction\":[{\"@type\":\"SearchAction\",\"target\":{\"@type\":\"EntryPoint\",\"urlTemplate\":\"https:\\\/\\\/mespack.com\\\/fr\\\/?s={search_term_string}\"},\"query-input\":{\"@type\":\"PropertyValueSpecification\",\"valueRequired\":true,\"valueName\":\"search_term_string\"}}],\"inLanguage\":\"fr-FR\"},{\"@type\":\"Organization\",\"@id\":\"https:\\\/\\\/mespack.com\\\/fr\\\/#organization\",\"name\":\"Mespack\",\"url\":\"https:\\\/\\\/mespack.com\\\/fr\\\/\",\"logo\":{\"@type\":\"ImageObject\",\"inLanguage\":\"fr-FR\",\"@id\":\"https:\\\/\\\/mespack.com\\\/fr\\\/#\\\/schema\\\/logo\\\/image\\\/\",\"url\":\"https:\\\/\\\/mespack.com\\\/wp-content\\\/uploads\\\/2021\\\/07\\\/logo-mespack-1.svg\",\"contentUrl\":\"https:\\\/\\\/mespack.com\\\/wp-content\\\/uploads\\\/2021\\\/07\\\/logo-mespack-1.svg\",\"width\":1,\"height\":1,\"caption\":\"Mespack\"},\"image\":{\"@id\":\"https:\\\/\\\/mespack.com\\\/fr\\\/#\\\/schema\\\/logo\\\/image\\\/\"},\"sameAs\":[\"https:\\\/\\\/www.linkedin.com\\\/company\\\/mespack\\\/\"]}]}<\/script>\n<!-- \/ Yoast SEO plugin. -->","yoast_head_json":{"title":"Automatisation et \u00e9quipement convivial | Mespack","description":"Nous avons int\u00e9gr\u00e9 le concept d'automatisation dans une partie de nos machines, comme un changement automatique, un changement rapide et une bobine de raccord automatique.","robots":{"index":"index","follow":"follow","max-snippet":"max-snippet:-1","max-image-preview":"max-image-preview:large","max-video-preview":"max-video-preview:-1"},"canonical":"https:\/\/mespack.com\/fr\/automatisation-et-equipement-convivial\/","og_locale":"fr_FR","og_type":"article","og_title":"Automatisation et \u00e9quipement convivial | Mespack","og_description":"Nous avons int\u00e9gr\u00e9 le concept d'automatisation dans une partie de nos machines, comme un changement automatique, un changement rapide et une bobine de raccord automatique.","og_url":"https:\/\/mespack.com\/fr\/automatisation-et-equipement-convivial\/","og_site_name":"Mespack","article_modified_time":"2023-10-23T14:13:57+00:00","og_image":[{"url":"https:\/\/mespack.com\/wp-content\/uploads\/2021\/09\/automations-automatic-changeover.jpg","type":"","width":"","height":""}],"twitter_card":"summary_large_image","twitter_misc":{"Dur\u00e9e de lecture estim\u00e9e":"1 minute"},"schema":{"@context":"https:\/\/schema.org","@graph":[{"@type":"WebPage","@id":"https:\/\/mespack.com\/fr\/automatisation-et-equipement-convivial\/","url":"https:\/\/mespack.com\/fr\/automatisation-et-equipement-convivial\/","name":"Automatisation et \u00e9quipement convivial | Mespack","isPartOf":{"@id":"https:\/\/mespack.com\/fr\/#website"},"primaryImageOfPage":{"@id":"https:\/\/mespack.com\/fr\/automatisation-et-equipement-convivial\/#primaryimage"},"image":{"@id":"https:\/\/mespack.com\/fr\/automatisation-et-equipement-convivial\/#primaryimage"},"thumbnailUrl":"https:\/\/mespack.com\/wp-content\/uploads\/2021\/09\/automations-automatic-changeover.jpg","datePublished":"2021-09-13T15:04:20+00:00","dateModified":"2023-10-23T14:13:57+00:00","description":"Nous avons int\u00e9gr\u00e9 le concept d'automatisation dans une partie de nos machines, comme un changement automatique, un changement rapide et une bobine de raccord automatique.","breadcrumb":{"@id":"https:\/\/mespack.com\/fr\/automatisation-et-equipement-convivial\/#breadcrumb"},"inLanguage":"fr-FR","potentialAction":[{"@type":"ReadAction","target":["https:\/\/mespack.com\/fr\/automatisation-et-equipement-convivial\/"]}]},{"@type":"ImageObject","inLanguage":"fr-FR","@id":"https:\/\/mespack.com\/fr\/automatisation-et-equipement-convivial\/#primaryimage","url":"https:\/\/mespack.com\/wp-content\/uploads\/2021\/09\/automations-automatic-changeover.jpg","contentUrl":"https:\/\/mespack.com\/wp-content\/uploads\/2021\/09\/automations-automatic-changeover.jpg"},{"@type":"BreadcrumbList","@id":"https:\/\/mespack.com\/fr\/automatisation-et-equipement-convivial\/#breadcrumb","itemListElement":[{"@type":"ListItem","position":1,"name":"Home","item":"https:\/\/mespack.com\/fr\/"},{"@type":"ListItem","position":2,"name":"Automatisation et \u00e9quipement convivial"}]},{"@type":"WebSite","@id":"https:\/\/mespack.com\/fr\/#website","url":"https:\/\/mespack.com\/fr\/","name":"Mespack","description":"A Duravant Company","publisher":{"@id":"https:\/\/mespack.com\/fr\/#organization"},"potentialAction":[{"@type":"SearchAction","target":{"@type":"EntryPoint","urlTemplate":"https:\/\/mespack.com\/fr\/?s={search_term_string}"},"query-input":{"@type":"PropertyValueSpecification","valueRequired":true,"valueName":"search_term_string"}}],"inLanguage":"fr-FR"},{"@type":"Organization","@id":"https:\/\/mespack.com\/fr\/#organization","name":"Mespack","url":"https:\/\/mespack.com\/fr\/","logo":{"@type":"ImageObject","inLanguage":"fr-FR","@id":"https:\/\/mespack.com\/fr\/#\/schema\/logo\/image\/","url":"https:\/\/mespack.com\/wp-content\/uploads\/2021\/07\/logo-mespack-1.svg","contentUrl":"https:\/\/mespack.com\/wp-content\/uploads\/2021\/07\/logo-mespack-1.svg","width":1,"height":1,"caption":"Mespack"},"image":{"@id":"https:\/\/mespack.com\/fr\/#\/schema\/logo\/image\/"},"sameAs":["https:\/\/www.linkedin.com\/company\/mespack\/"]}]}},"_links":{"self":[{"href":"https:\/\/mespack.com\/fr\/wp-json\/wp\/v2\/pages\/15018","targetHints":{"allow":["GET"]}}],"collection":[{"href":"https:\/\/mespack.com\/fr\/wp-json\/wp\/v2\/pages"}],"about":[{"href":"https:\/\/mespack.com\/fr\/wp-json\/wp\/v2\/types\/page"}],"author":[{"embeddable":true,"href":"https:\/\/mespack.com\/fr\/wp-json\/wp\/v2\/users\/20"}],"replies":[{"embeddable":true,"href":"https:\/\/mespack.com\/fr\/wp-json\/wp\/v2\/comments?post=15018"}],"version-history":[{"count":0,"href":"https:\/\/mespack.com\/fr\/wp-json\/wp\/v2\/pages\/15018\/revisions"}],"wp:attachment":[{"href":"https:\/\/mespack.com\/fr\/wp-json\/wp\/v2\/media?parent=15018"}],"curies":[{"name":"wp","href":"https:\/\/api.w.org\/{rel}","templated":true}]}}