{"id":15016,"date":"2021-09-13T16:38:06","date_gmt":"2021-09-13T14:38:06","guid":{"rendered":"https:\/\/mespack.com\/solutions-hygieniques\/"},"modified":"2023-10-23T16:13:47","modified_gmt":"2023-10-23T14:13:47","slug":"solutions-hygieniques","status":"publish","type":"page","link":"https:\/\/mespack.com\/fr\/solutions-hygieniques\/","title":{"rendered":"Solutions hygi\u00e9niques"},"content":{"rendered":"\t\t<div data-elementor-type=\"wp-page\" data-elementor-id=\"15016\" class=\"elementor elementor-15016 elementor-3435\" data-elementor-post-type=\"page\">\n\t\t\t\t\t\t<section class=\"elementor-section elementor-top-section elementor-element elementor-element-2a8a267 elementor-section-boxed elementor-section-height-default elementor-section-height-default\" data-id=\"2a8a267\" data-element_type=\"section\" data-e-type=\"section\">\n\t\t\t\t\t\t<div class=\"elementor-container elementor-column-gap-default\">\n\t\t\t\t\t<div class=\"elementor-column elementor-col-100 elementor-top-column elementor-element elementor-element-bccd5b7\" data-id=\"bccd5b7\" data-element_type=\"column\" data-e-type=\"column\">\n\t\t\t<div class=\"elementor-widget-wrap elementor-element-populated\">\n\t\t\t\t\t\t<div class=\"elementor-element elementor-element-abbc2b5 elementor-widget elementor-widget-spacer\" data-id=\"abbc2b5\" data-element_type=\"widget\" data-e-type=\"widget\" data-widget_type=\"spacer.default\">\n\t\t\t\t<div class=\"elementor-widget-container\">\n\t\t\t\t\t\t\t<div class=\"elementor-spacer\">\n\t\t\t<div class=\"elementor-spacer-inner\"><\/div>\n\t\t<\/div>\n\t\t\t\t\t\t<\/div>\n\t\t\t\t<\/div>\n\t\t\t\t<div class=\"elementor-element elementor-element-79fe2ad elementor-widget elementor-widget-heading\" data-id=\"79fe2ad\" data-element_type=\"widget\" data-e-type=\"widget\" data-widget_type=\"heading.default\">\n\t\t\t\t<div class=\"elementor-widget-container\">\n\t\t\t\t\t<h1 class=\"elementor-heading-title elementor-size-default\">Solutions hygi\u00e9niques<\/h1>\t\t\t\t<\/div>\n\t\t\t\t<\/div>\n\t\t\t\t<div class=\"elementor-element elementor-element-8f843ab elementor-widget-divider--view-line_icon elementor-widget-divider--element-align-left elementor-view-default elementor-widget elementor-widget-divider\" data-id=\"8f843ab\" data-element_type=\"widget\" data-e-type=\"widget\" data-widget_type=\"divider.default\">\n\t\t\t\t<div class=\"elementor-widget-container\">\n\t\t\t\t\t\t\t<div class=\"elementor-divider\">\n\t\t\t<span class=\"elementor-divider-separator\">\n\t\t\t\t\t\t\t<div class=\"elementor-icon elementor-divider__element\">\n\t\t\t\t\t<svg xmlns=\"http:\/\/www.w3.org\/2000\/svg\" width=\"230\" height=\"19\" viewBox=\"0 0 230 19\" fill=\"none\"><rect width=\"230\" height=\"19\" fill=\"#E3092C\"><\/rect><\/svg><\/div>\n\t\t\t\t\t\t<\/span>\n\t\t<\/div>\n\t\t\t\t\t\t<\/div>\n\t\t\t\t<\/div>\n\t\t\t\t\t<\/div>\n\t\t<\/div>\n\t\t\t\t\t<\/div>\n\t\t<\/section>\n\t\t\t\t<section class=\"elementor-section elementor-top-section elementor-element elementor-element-5d12e97 elementor-section-boxed elementor-section-height-default elementor-section-height-default\" data-id=\"5d12e97\" data-element_type=\"section\" data-e-type=\"section\">\n\t\t\t\t\t\t<div class=\"elementor-container elementor-column-gap-default\">\n\t\t\t\t\t<div class=\"elementor-column elementor-col-100 elementor-top-column elementor-element elementor-element-a99ca83\" data-id=\"a99ca83\" data-element_type=\"column\" data-e-type=\"column\">\n\t\t\t<div class=\"elementor-widget-wrap elementor-element-populated\">\n\t\t\t\t\t\t<div class=\"elementor-element elementor-element-9a0b2ed elementor-widget elementor-widget-text-editor\" data-id=\"9a0b2ed\" data-element_type=\"widget\" data-e-type=\"widget\" data-widget_type=\"text-editor.default\">\n\t\t\t\t<div class=\"elementor-widget-container\">\n\t\t\t\t\t\t\t\t\t<p><span data-sheets-value=\"{&quot;1&quot;:2,&quot;2&quot;:&quot;Different levels of hygienic solutions, from washdown machine to higher levels of sanitization for your machines. Laminar flow can achieve up to 99,999% bacteria free production.&quot;}\" data-sheets-userformat=\"{&quot;2&quot;:15297,&quot;3&quot;:{&quot;1&quot;:0},&quot;9&quot;:0,&quot;10&quot;:0,&quot;11&quot;:4,&quot;12&quot;:0,&quot;14&quot;:[null,2,0],&quot;15&quot;:&quot;Calibri, sans-serif&quot;,&quot;16&quot;:11}\">Diff\u00e9rents niveaux de solutions hygi\u00e9niques depuis la machine de nettoyage \u00e0 haute pression jusqu&rsquo;\u00e0 de plus hauts niveaux d&rsquo;assainissement pour vos machines. Le flux laminaire peut atteindre jusqu&rsquo;\u00e0 99 999% de production sans bact\u00e9ries.<\/span><\/p>\n\t\t\t\t\t\t\t\t<\/div>\n\t\t\t\t<\/div>\n\t\t\t\t\t<\/div>\n\t\t<\/div>\n\t\t\t\t\t<\/div>\n\t\t<\/section>\n\t\t\t\t<section class=\"elementor-section elementor-top-section elementor-element elementor-element-7d2a7bf elementor-section-boxed elementor-section-height-default elementor-section-height-default\" data-id=\"7d2a7bf\" data-element_type=\"section\" data-e-type=\"section\">\n\t\t\t\t\t\t<div class=\"elementor-container elementor-column-gap-default\">\n\t\t\t\t\t<div class=\"elementor-column elementor-col-50 elementor-top-column elementor-element elementor-element-973db5b\" data-id=\"973db5b\" data-element_type=\"column\" data-e-type=\"column\">\n\t\t\t<div class=\"elementor-widget-wrap elementor-element-populated\">\n\t\t\t\t\t\t<div class=\"elementor-element elementor-element-1f7015e elementor-widget elementor-widget-heading\" data-id=\"1f7015e\" data-element_type=\"widget\" data-e-type=\"widget\" data-widget_type=\"heading.default\">\n\t\t\t\t<div class=\"elementor-widget-container\">\n\t\t\t\t\t<h3 class=\"elementor-heading-title elementor-size-default\">Injection de gaz<\/h3>\t\t\t\t<\/div>\n\t\t\t\t<\/div>\n\t\t\t\t<div class=\"elementor-element elementor-element-a78897e elementor-widget elementor-widget-text-editor\" data-id=\"a78897e\" data-element_type=\"widget\" data-e-type=\"widget\" data-widget_type=\"text-editor.default\">\n\t\t\t\t<div class=\"elementor-widget-container\">\n\t\t\t\t\t\t\t\t\t<p>Trois syst\u00e8mes diff\u00e9rents d&rsquo;injection de gaz pour r\u00e9duire l&rsquo;oxyg\u00e8ne r\u00e9siduel dans le sachet jusqu&rsquo;\u00e0\u00a0: 7-10% de base \/ 3-5% interm\u00e9diaire \/ 1,5-2% total. Le syst\u00e8me d&rsquo;injection de gaz de base consiste en deux points d&rsquo;entr\u00e9e d&rsquo;azote\u00a0: un situ\u00e9 dans la zone de remplissage (dans l&rsquo;entonnoir ou une buse\/selon le produit)\u00a0; l&rsquo;autre situ\u00e9 dans la zone d&rsquo;\u00e9tirement du sachet. Le syst\u00e8me d&rsquo;injection de gaz interm\u00e9diaire consiste en des points d&rsquo;entr\u00e9e d&rsquo;azote continue dans la tr\u00e9mie, la zone de remplissage, les entonnoirs et\/ou les buses (selon le produit), et la zone d&rsquo;\u00e9tirement du sachet. Le syst\u00e8me d&rsquo;injection de gaz consiste en un syst\u00e8me d&rsquo;injection contr\u00f4l\u00e9 \u00e9lectro-pneumatiquement avec des points d&rsquo;injection de gaz dans la tr\u00e9mie, la zone de remplissage, les entonnoirs et les ventilateurs qui aident \u00e0 ouvrir le sachet. Pour atteindre un tel volume d&rsquo;oxyg\u00e8ne r\u00e9siduel, il faut monter une zone de remplissage presque herm\u00e9tique. De plus, la conception et la construction de l&rsquo;int\u00e9rieur de la zone de remplissage \u00e9liminent les angles morts, incorporent un collecteur de poussi\u00e8res et utilisent des mat\u00e9riels \u00e0 surface finement polie pour faciliter le nettoyage. De l&rsquo;acier inoxydable AISI 304 est utilis\u00e9 pour les injecteurs de gaz.<\/p>\n\t\t\t\t\t\t\t\t<\/div>\n\t\t\t\t<\/div>\n\t\t\t\t\t<\/div>\n\t\t<\/div>\n\t\t\t\t<div class=\"elementor-column elementor-col-50 elementor-top-column elementor-element elementor-element-3878a80\" data-id=\"3878a80\" data-element_type=\"column\" data-e-type=\"column\">\n\t\t\t<div class=\"elementor-widget-wrap elementor-element-populated\">\n\t\t\t\t\t\t<div class=\"elementor-element elementor-element-00e68cc elementor-widget elementor-widget-heading\" data-id=\"00e68cc\" data-element_type=\"widget\" data-e-type=\"widget\" data-widget_type=\"heading.default\">\n\t\t\t\t<div class=\"elementor-widget-container\">\n\t\t\t\t\t<h3 class=\"elementor-heading-title elementor-size-default\">Flux laminaire<\/h3>\t\t\t\t<\/div>\n\t\t\t\t<\/div>\n\t\t\t\t<div class=\"elementor-element elementor-element-2fc56e2 elementor-widget elementor-widget-text-editor\" data-id=\"2fc56e2\" data-element_type=\"widget\" data-e-type=\"widget\" data-widget_type=\"text-editor.default\">\n\t\t\t\t<div class=\"elementor-widget-container\">\n\t\t\t\t\t\t\t\t\t<p>Le plan de travail de flux laminaire horizontal de grande qualit\u00e9 apporte un flux d&rsquo;air laminaire horizontal filtr\u00e9 HEPA (flux transversal). Ce syst\u00e8me cr\u00e9e une zone de travail ISO 14644-1 (Classe 5) \/ GMP Annexe 1 (Classe A) et \u00e9vite que l&rsquo;air ambiant n&rsquo;entre dans la zone de travail, garantissant la protection du produit. La protection optimum du film est garantie gr\u00e2ce \u00e0 la filtration HEPA (filtre HEPA H14, 99,999% (DOP) classe 10) sur la longueur choisie de la machine HFFS. Principe de travail\u00a0: \u2013 Modules d&rsquo;impulsion cr\u00e9e des conditions st\u00e9riles et sans particules (ISO 5 \u2013 Classe 100), dus \u00e0 l&rsquo;application du balayage continu de la zone de travail avec un air ultra-filtr\u00e9 dans des conditions de flux laminaire. \u2013 L&rsquo;air est aspir\u00e9 par un ventilateur par \u00e9tapes pr\u00e9filtr\u00e9es, conduit vers le pl\u00e9num et filtr\u00e9 dans le filtre HEPA. Flux laminaire g\u00e9n\u00e9r\u00e9, apr\u00e8s HEPA le filtre nettoie et prot\u00e8ge la zone de travail, envoie toute particule dans l&rsquo;air en dehors de la zone \u00e0 travers la zone inf\u00e9rieure des rideaux.<\/p>\n\t\t\t\t\t\t\t\t<\/div>\n\t\t\t\t<\/div>\n\t\t\t\t\t<\/div>\n\t\t<\/div>\n\t\t\t\t\t<\/div>\n\t\t<\/section>\n\t\t\t\t<section class=\"elementor-section elementor-top-section elementor-element elementor-element-c7fa369 elementor-section-boxed elementor-section-height-default elementor-section-height-default\" data-id=\"c7fa369\" data-element_type=\"section\" data-e-type=\"section\">\n\t\t\t\t\t\t<div class=\"elementor-container elementor-column-gap-default\">\n\t\t\t\t\t<div class=\"elementor-column elementor-col-50 elementor-top-column elementor-element elementor-element-b7d6a67\" data-id=\"b7d6a67\" data-element_type=\"column\" data-e-type=\"column\">\n\t\t\t<div class=\"elementor-widget-wrap elementor-element-populated\">\n\t\t\t\t\t\t<div class=\"elementor-element elementor-element-1989521 elementor-widget elementor-widget-heading\" data-id=\"1989521\" data-element_type=\"widget\" data-e-type=\"widget\" data-widget_type=\"heading.default\">\n\t\t\t\t<div class=\"elementor-widget-container\">\n\t\t\t\t\t<h3 class=\"elementor-heading-title elementor-size-default\">Lampe UV<\/h3>\t\t\t\t<\/div>\n\t\t\t\t<\/div>\n\t\t\t\t<div class=\"elementor-element elementor-element-92a9287 elementor-widget elementor-widget-text-editor\" data-id=\"92a9287\" data-element_type=\"widget\" data-e-type=\"widget\" data-widget_type=\"text-editor.default\">\n\t\t\t\t<div class=\"elementor-widget-container\">\n\t\t\t\t\t\t\t\t\t<p>Le syst\u00e8me de d\u00e9sinfection du film avec lumi\u00e8re ultraviolette est situ\u00e9 dans le d\u00e9vidoir de la machine, avant le groupe de formage de sachets. Avec une dur\u00e9e de ~ 8,000 h, cette lampe ultraviolette fournit un niveau de d\u00e9sinfection LOG 3. La lampe est compos\u00e9e de 4 tubes mono de lumi\u00e8re germicide de 180\u00a0W (65\u00a0W UV-C) qui ne g\u00e9n\u00e8re pas d&rsquo;ozone ou de r\u00e9sidu. L&rsquo;unit\u00e9 est mont\u00e9e dans une armoire \u00e9tanche en acier inoxydable avec une base r\u00e9fl\u00e9chissante et protection IP65.<\/p>\n\t\t\t\t\t\t\t\t<\/div>\n\t\t\t\t<\/div>\n\t\t\t\t\t<\/div>\n\t\t<\/div>\n\t\t\t\t<div class=\"elementor-column elementor-col-50 elementor-top-column elementor-element elementor-element-249ae3f\" data-id=\"249ae3f\" data-element_type=\"column\" data-e-type=\"column\">\n\t\t\t<div class=\"elementor-widget-wrap elementor-element-populated\">\n\t\t\t\t\t\t<div class=\"elementor-element elementor-element-98baecf elementor-widget elementor-widget-heading\" data-id=\"98baecf\" data-element_type=\"widget\" data-e-type=\"widget\" data-widget_type=\"heading.default\">\n\t\t\t\t<div class=\"elementor-widget-container\">\n\t\t\t\t\t<h3 class=\"elementor-heading-title elementor-size-default\">Nettoyage \u00e0 haute pression<\/h3>\t\t\t\t<\/div>\n\t\t\t\t<\/div>\n\t\t\t\t<div class=\"elementor-element elementor-element-d4b3e8d elementor-widget elementor-widget-text-editor\" data-id=\"d4b3e8d\" data-element_type=\"widget\" data-e-type=\"widget\" data-widget_type=\"text-editor.default\">\n\t\t\t\t<div class=\"elementor-widget-container\">\n\t\t\t\t\t\t\t\t\t<p>Pour des raisons d&rsquo;hygi\u00e8ne, l&rsquo;option de nettoyage \u00e0 haute pression comprend\u00a0: \u2013 Pr\u00e9paration de machine pour lavage \u00e0 l&rsquo;eau \u00e0 pression \u2013 Conception hygi\u00e9nique (surfaces inclin\u00e9es pour \u00e9viter la stagnation de l&rsquo;eau\u00a0; \u00e9limination de trous et d&rsquo;angles\u00a0; soudage \u00e0 rayon 3\u00a0; joints de silicone au dos des m\u00e2choires pour garantir l&rsquo;\u00e9tanch\u00e9it\u00e9\u00a0; unions \u00e9tanches \u00e0 design hygi\u00e9nique approuv\u00e9es par la FDA\u00a0; composants faciles \u00e0 nettoyer\u00a0; syst\u00e8me de remplissage en haut des protections pour un nettoyage facile et rapide)<br \/>\u2013 Armoires IP66 <br \/>\u2013 Connecteurs IP68<\/p>\n\t\t\t\t\t\t\t\t<\/div>\n\t\t\t\t<\/div>\n\t\t\t\t\t<\/div>\n\t\t<\/div>\n\t\t\t\t\t<\/div>\n\t\t<\/section>\n\t\t\t\t<\/div>\n\t\t","protected":false},"excerpt":{"rendered":"<p>Diff\u00e9rents niveaux de solutions hygi\u00e9niques depuis la machine de nettoyage \u00e0 haute pression jusqu&rsquo;\u00e0 de plus hauts niveaux d&rsquo;assainissement pour vos machines. Le flux laminaire peut atteindre jusqu&rsquo;\u00e0 99 999% de production sans bact\u00e9ries. Injection de gaz Trois syst\u00e8mes diff\u00e9rents d&rsquo;injection de gaz pour r\u00e9duire l&rsquo;oxyg\u00e8ne r\u00e9siduel dans le sachet jusqu&rsquo;\u00e0\u00a0: 7-10% de base \/ [&hellip;]<\/p>\n","protected":false},"author":20,"featured_media":0,"parent":0,"menu_order":0,"comment_status":"closed","ping_status":"closed","template":"elementor_header_footer","meta":{"_acf_changed":false,"footnotes":""},"class_list":["post-15016","page","type-page","status-publish","hentry"],"acf":[],"yoast_head":"<!-- This site is optimized with the Yoast SEO plugin v27.5 - https:\/\/yoast.com\/product\/yoast-seo-wordpress\/ -->\n<title>Solutions Hygi\u00e9niques pour \u00e9quipement d&#039;emballage | Mespack<\/title>\n<meta name=\"description\" content=\"Diff\u00e9rents niveaux de solutions hygi\u00e9niques depuis la machine de nettoyage \u00e0 haute pression jusqu&#039;\u00e0 de plus hauts niveaux d&#039;assainissement pour vos machines.\" \/>\n<meta name=\"robots\" content=\"index, follow, max-snippet:-1, max-image-preview:large, max-video-preview:-1\" \/>\n<link rel=\"canonical\" href=\"https:\/\/mespack.com\/fr\/solutions-hygieniques\/\" \/>\n<meta property=\"og:locale\" content=\"fr_FR\" \/>\n<meta property=\"og:type\" content=\"article\" \/>\n<meta property=\"og:title\" content=\"Solutions Hygi\u00e9niques pour \u00e9quipement d&#039;emballage | Mespack\" \/>\n<meta property=\"og:description\" content=\"Diff\u00e9rents niveaux de solutions hygi\u00e9niques depuis la machine de nettoyage \u00e0 haute pression jusqu&#039;\u00e0 de plus hauts niveaux d&#039;assainissement pour vos machines.\" \/>\n<meta property=\"og:url\" content=\"https:\/\/mespack.com\/fr\/solutions-hygieniques\/\" \/>\n<meta property=\"og:site_name\" content=\"Mespack\" \/>\n<meta property=\"article:modified_time\" content=\"2023-10-23T14:13:47+00:00\" \/>\n<meta name=\"twitter:card\" content=\"summary_large_image\" \/>\n<meta name=\"twitter:label1\" content=\"Dur\u00e9e de lecture estim\u00e9e\" \/>\n\t<meta name=\"twitter:data1\" content=\"3 minutes\" \/>\n<script type=\"application\/ld+json\" class=\"yoast-schema-graph\">{\"@context\":\"https:\\\/\\\/schema.org\",\"@graph\":[{\"@type\":\"WebPage\",\"@id\":\"https:\\\/\\\/mespack.com\\\/fr\\\/solutions-hygieniques\\\/\",\"url\":\"https:\\\/\\\/mespack.com\\\/fr\\\/solutions-hygieniques\\\/\",\"name\":\"Solutions Hygi\u00e9niques pour \u00e9quipement d'emballage | Mespack\",\"isPartOf\":{\"@id\":\"https:\\\/\\\/mespack.com\\\/fr\\\/#website\"},\"datePublished\":\"2021-09-13T14:38:06+00:00\",\"dateModified\":\"2023-10-23T14:13:47+00:00\",\"description\":\"Diff\u00e9rents niveaux de solutions hygi\u00e9niques depuis la machine de nettoyage \u00e0 haute pression jusqu'\u00e0 de plus hauts niveaux d'assainissement pour vos machines.\",\"breadcrumb\":{\"@id\":\"https:\\\/\\\/mespack.com\\\/fr\\\/solutions-hygieniques\\\/#breadcrumb\"},\"inLanguage\":\"fr-FR\",\"potentialAction\":[{\"@type\":\"ReadAction\",\"target\":[\"https:\\\/\\\/mespack.com\\\/fr\\\/solutions-hygieniques\\\/\"]}]},{\"@type\":\"BreadcrumbList\",\"@id\":\"https:\\\/\\\/mespack.com\\\/fr\\\/solutions-hygieniques\\\/#breadcrumb\",\"itemListElement\":[{\"@type\":\"ListItem\",\"position\":1,\"name\":\"Home\",\"item\":\"https:\\\/\\\/mespack.com\\\/fr\\\/\"},{\"@type\":\"ListItem\",\"position\":2,\"name\":\"Solutions hygi\u00e9niques\"}]},{\"@type\":\"WebSite\",\"@id\":\"https:\\\/\\\/mespack.com\\\/fr\\\/#website\",\"url\":\"https:\\\/\\\/mespack.com\\\/fr\\\/\",\"name\":\"Mespack\",\"description\":\"A Duravant Company\",\"publisher\":{\"@id\":\"https:\\\/\\\/mespack.com\\\/fr\\\/#organization\"},\"potentialAction\":[{\"@type\":\"SearchAction\",\"target\":{\"@type\":\"EntryPoint\",\"urlTemplate\":\"https:\\\/\\\/mespack.com\\\/fr\\\/?s={search_term_string}\"},\"query-input\":{\"@type\":\"PropertyValueSpecification\",\"valueRequired\":true,\"valueName\":\"search_term_string\"}}],\"inLanguage\":\"fr-FR\"},{\"@type\":\"Organization\",\"@id\":\"https:\\\/\\\/mespack.com\\\/fr\\\/#organization\",\"name\":\"Mespack\",\"url\":\"https:\\\/\\\/mespack.com\\\/fr\\\/\",\"logo\":{\"@type\":\"ImageObject\",\"inLanguage\":\"fr-FR\",\"@id\":\"https:\\\/\\\/mespack.com\\\/fr\\\/#\\\/schema\\\/logo\\\/image\\\/\",\"url\":\"https:\\\/\\\/mespack.com\\\/wp-content\\\/uploads\\\/2021\\\/07\\\/logo-mespack-1.svg\",\"contentUrl\":\"https:\\\/\\\/mespack.com\\\/wp-content\\\/uploads\\\/2021\\\/07\\\/logo-mespack-1.svg\",\"width\":1,\"height\":1,\"caption\":\"Mespack\"},\"image\":{\"@id\":\"https:\\\/\\\/mespack.com\\\/fr\\\/#\\\/schema\\\/logo\\\/image\\\/\"},\"sameAs\":[\"https:\\\/\\\/www.linkedin.com\\\/company\\\/mespack\\\/\"]}]}<\/script>\n<!-- \/ Yoast SEO plugin. -->","yoast_head_json":{"title":"Solutions Hygi\u00e9niques pour \u00e9quipement d'emballage | Mespack","description":"Diff\u00e9rents niveaux de solutions hygi\u00e9niques depuis la machine de nettoyage \u00e0 haute pression jusqu'\u00e0 de plus hauts niveaux d'assainissement pour vos machines.","robots":{"index":"index","follow":"follow","max-snippet":"max-snippet:-1","max-image-preview":"max-image-preview:large","max-video-preview":"max-video-preview:-1"},"canonical":"https:\/\/mespack.com\/fr\/solutions-hygieniques\/","og_locale":"fr_FR","og_type":"article","og_title":"Solutions Hygi\u00e9niques pour \u00e9quipement d'emballage | Mespack","og_description":"Diff\u00e9rents niveaux de solutions hygi\u00e9niques depuis la machine de nettoyage \u00e0 haute pression jusqu'\u00e0 de plus hauts niveaux d'assainissement pour vos machines.","og_url":"https:\/\/mespack.com\/fr\/solutions-hygieniques\/","og_site_name":"Mespack","article_modified_time":"2023-10-23T14:13:47+00:00","twitter_card":"summary_large_image","twitter_misc":{"Dur\u00e9e de lecture estim\u00e9e":"3 minutes"},"schema":{"@context":"https:\/\/schema.org","@graph":[{"@type":"WebPage","@id":"https:\/\/mespack.com\/fr\/solutions-hygieniques\/","url":"https:\/\/mespack.com\/fr\/solutions-hygieniques\/","name":"Solutions Hygi\u00e9niques pour \u00e9quipement d'emballage | Mespack","isPartOf":{"@id":"https:\/\/mespack.com\/fr\/#website"},"datePublished":"2021-09-13T14:38:06+00:00","dateModified":"2023-10-23T14:13:47+00:00","description":"Diff\u00e9rents niveaux de solutions hygi\u00e9niques depuis la machine de nettoyage \u00e0 haute pression jusqu'\u00e0 de plus hauts niveaux d'assainissement pour vos machines.","breadcrumb":{"@id":"https:\/\/mespack.com\/fr\/solutions-hygieniques\/#breadcrumb"},"inLanguage":"fr-FR","potentialAction":[{"@type":"ReadAction","target":["https:\/\/mespack.com\/fr\/solutions-hygieniques\/"]}]},{"@type":"BreadcrumbList","@id":"https:\/\/mespack.com\/fr\/solutions-hygieniques\/#breadcrumb","itemListElement":[{"@type":"ListItem","position":1,"name":"Home","item":"https:\/\/mespack.com\/fr\/"},{"@type":"ListItem","position":2,"name":"Solutions hygi\u00e9niques"}]},{"@type":"WebSite","@id":"https:\/\/mespack.com\/fr\/#website","url":"https:\/\/mespack.com\/fr\/","name":"Mespack","description":"A Duravant Company","publisher":{"@id":"https:\/\/mespack.com\/fr\/#organization"},"potentialAction":[{"@type":"SearchAction","target":{"@type":"EntryPoint","urlTemplate":"https:\/\/mespack.com\/fr\/?s={search_term_string}"},"query-input":{"@type":"PropertyValueSpecification","valueRequired":true,"valueName":"search_term_string"}}],"inLanguage":"fr-FR"},{"@type":"Organization","@id":"https:\/\/mespack.com\/fr\/#organization","name":"Mespack","url":"https:\/\/mespack.com\/fr\/","logo":{"@type":"ImageObject","inLanguage":"fr-FR","@id":"https:\/\/mespack.com\/fr\/#\/schema\/logo\/image\/","url":"https:\/\/mespack.com\/wp-content\/uploads\/2021\/07\/logo-mespack-1.svg","contentUrl":"https:\/\/mespack.com\/wp-content\/uploads\/2021\/07\/logo-mespack-1.svg","width":1,"height":1,"caption":"Mespack"},"image":{"@id":"https:\/\/mespack.com\/fr\/#\/schema\/logo\/image\/"},"sameAs":["https:\/\/www.linkedin.com\/company\/mespack\/"]}]}},"_links":{"self":[{"href":"https:\/\/mespack.com\/fr\/wp-json\/wp\/v2\/pages\/15016","targetHints":{"allow":["GET"]}}],"collection":[{"href":"https:\/\/mespack.com\/fr\/wp-json\/wp\/v2\/pages"}],"about":[{"href":"https:\/\/mespack.com\/fr\/wp-json\/wp\/v2\/types\/page"}],"author":[{"embeddable":true,"href":"https:\/\/mespack.com\/fr\/wp-json\/wp\/v2\/users\/20"}],"replies":[{"embeddable":true,"href":"https:\/\/mespack.com\/fr\/wp-json\/wp\/v2\/comments?post=15016"}],"version-history":[{"count":0,"href":"https:\/\/mespack.com\/fr\/wp-json\/wp\/v2\/pages\/15016\/revisions"}],"wp:attachment":[{"href":"https:\/\/mespack.com\/fr\/wp-json\/wp\/v2\/media?parent=15016"}],"curies":[{"name":"wp","href":"https:\/\/api.w.org\/{rel}","templated":true}]}}