{"id":15008,"date":"2021-09-13T16:48:27","date_gmt":"2021-09-13T14:48:27","guid":{"rendered":"https:\/\/mespack.com\/systeme-de-codage\/"},"modified":"2023-10-23T16:11:02","modified_gmt":"2023-10-23T14:11:02","slug":"systeme-de-codage","status":"publish","type":"page","link":"https:\/\/mespack.com\/fr\/systeme-de-codage\/","title":{"rendered":"Syst\u00e8me de codage"},"content":{"rendered":"\t\t<div data-elementor-type=\"wp-page\" data-elementor-id=\"15008\" class=\"elementor elementor-15008 elementor-3442\" data-elementor-post-type=\"page\">\n\t\t\t\t\t\t<section class=\"elementor-section elementor-top-section elementor-element elementor-element-2a8a267 elementor-section-boxed elementor-section-height-default elementor-section-height-default\" data-id=\"2a8a267\" data-element_type=\"section\" data-e-type=\"section\">\n\t\t\t\t\t\t<div class=\"elementor-container elementor-column-gap-default\">\n\t\t\t\t\t<div class=\"elementor-column elementor-col-100 elementor-top-column elementor-element elementor-element-bccd5b7\" data-id=\"bccd5b7\" data-element_type=\"column\" data-e-type=\"column\">\n\t\t\t<div class=\"elementor-widget-wrap elementor-element-populated\">\n\t\t\t\t\t\t<div class=\"elementor-element elementor-element-abbc2b5 elementor-widget elementor-widget-spacer\" data-id=\"abbc2b5\" data-element_type=\"widget\" data-e-type=\"widget\" data-widget_type=\"spacer.default\">\n\t\t\t\t<div class=\"elementor-widget-container\">\n\t\t\t\t\t\t\t<div class=\"elementor-spacer\">\n\t\t\t<div class=\"elementor-spacer-inner\"><\/div>\n\t\t<\/div>\n\t\t\t\t\t\t<\/div>\n\t\t\t\t<\/div>\n\t\t\t\t<div class=\"elementor-element elementor-element-79fe2ad elementor-widget elementor-widget-heading\" data-id=\"79fe2ad\" data-element_type=\"widget\" data-e-type=\"widget\" data-widget_type=\"heading.default\">\n\t\t\t\t<div class=\"elementor-widget-container\">\n\t\t\t\t\t<h1 class=\"elementor-heading-title elementor-size-default\">Syst\u00e8me de codage<\/h1>\t\t\t\t<\/div>\n\t\t\t\t<\/div>\n\t\t\t\t<div class=\"elementor-element elementor-element-8f843ab elementor-widget-divider--view-line_icon elementor-widget-divider--element-align-left elementor-view-default elementor-widget elementor-widget-divider\" data-id=\"8f843ab\" data-element_type=\"widget\" data-e-type=\"widget\" data-widget_type=\"divider.default\">\n\t\t\t\t<div class=\"elementor-widget-container\">\n\t\t\t\t\t\t\t<div class=\"elementor-divider\">\n\t\t\t<span class=\"elementor-divider-separator\">\n\t\t\t\t\t\t\t<div class=\"elementor-icon elementor-divider__element\">\n\t\t\t\t\t<svg xmlns=\"http:\/\/www.w3.org\/2000\/svg\" width=\"230\" height=\"19\" viewBox=\"0 0 230 19\" fill=\"none\"><rect width=\"230\" height=\"19\" fill=\"#E3092C\"><\/rect><\/svg><\/div>\n\t\t\t\t\t\t<\/span>\n\t\t<\/div>\n\t\t\t\t\t\t<\/div>\n\t\t\t\t<\/div>\n\t\t\t\t\t<\/div>\n\t\t<\/div>\n\t\t\t\t\t<\/div>\n\t\t<\/section>\n\t\t\t\t<section class=\"elementor-section elementor-top-section elementor-element elementor-element-5d12e97 elementor-section-boxed elementor-section-height-default elementor-section-height-default\" data-id=\"5d12e97\" data-element_type=\"section\" data-e-type=\"section\">\n\t\t\t\t\t\t<div class=\"elementor-container elementor-column-gap-default\">\n\t\t\t\t\t<div class=\"elementor-column elementor-col-100 elementor-top-column elementor-element elementor-element-a99ca83\" data-id=\"a99ca83\" data-element_type=\"column\" data-e-type=\"column\">\n\t\t\t<div class=\"elementor-widget-wrap elementor-element-populated\">\n\t\t\t\t\t\t<div class=\"elementor-element elementor-element-9a0b2ed elementor-widget elementor-widget-text-editor\" data-id=\"9a0b2ed\" data-element_type=\"widget\" data-e-type=\"widget\" data-widget_type=\"text-editor.default\">\n\t\t\t\t<div class=\"elementor-widget-container\">\n\t\t\t\t\t\t\t\t\t<p><span data-sheets-value=\"{&quot;1&quot;:2,&quot;2&quot;:&quot;A wide variety of solutions are available for different types of printing. We provide the lastest technology solutions, enabling us to meet your flexible packaging printing needs.&quot;}\" data-sheets-userformat=\"{&quot;2&quot;:15297,&quot;3&quot;:{&quot;1&quot;:0},&quot;9&quot;:0,&quot;10&quot;:0,&quot;11&quot;:4,&quot;12&quot;:0,&quot;14&quot;:[null,2,0],&quot;15&quot;:&quot;Calibri, sans-serif&quot;,&quot;16&quot;:11}\">Un vaste choix de solutions est disponible pour diff\u00e9rents types d&rsquo;impression. Nous apportons des solutions \u00e0 technologie tr\u00e8s moderne, nous permettant de r\u00e9pondre \u00e0 vos besoins en impression d&#8217;emballage souple.<\/span><\/p>\n\t\t\t\t\t\t\t\t<\/div>\n\t\t\t\t<\/div>\n\t\t\t\t\t<\/div>\n\t\t<\/div>\n\t\t\t\t\t<\/div>\n\t\t<\/section>\n\t\t\t\t<section class=\"elementor-section elementor-top-section elementor-element elementor-element-7d2a7bf elementor-section-boxed elementor-section-height-default elementor-section-height-default\" data-id=\"7d2a7bf\" data-element_type=\"section\" data-e-type=\"section\">\n\t\t\t\t\t\t<div class=\"elementor-container elementor-column-gap-default\">\n\t\t\t\t\t<div class=\"elementor-column elementor-col-33 elementor-top-column elementor-element elementor-element-973db5b\" data-id=\"973db5b\" data-element_type=\"column\" data-e-type=\"column\">\n\t\t\t<div class=\"elementor-widget-wrap elementor-element-populated\">\n\t\t\t\t\t\t<div class=\"elementor-element elementor-element-1f7015e elementor-widget elementor-widget-heading\" data-id=\"1f7015e\" data-element_type=\"widget\" data-e-type=\"widget\" data-widget_type=\"heading.default\">\n\t\t\t\t<div class=\"elementor-widget-container\">\n\t\t\t\t\t<h3 class=\"elementor-heading-title elementor-size-default\">Laser<\/h3>\t\t\t\t<\/div>\n\t\t\t\t<\/div>\n\t\t\t\t<div class=\"elementor-element elementor-element-a78897e elementor-widget elementor-widget-text-editor\" data-id=\"a78897e\" data-element_type=\"widget\" data-e-type=\"widget\" data-widget_type=\"text-editor.default\">\n\t\t\t\t<div class=\"elementor-widget-container\">\n\t\t\t\t\t\t\t\t\t<p><span data-sheets-value=\"{&quot;1&quot;:2,&quot;2&quot;:&quot;Laser technology is completely compatible with our machines. Clean technology without consumables. Cost-effective, high quality, and an energy efficient solution for web wide coding.&quot;}\" data-sheets-userformat=\"{&quot;2&quot;:15297,&quot;3&quot;:{&quot;1&quot;:0},&quot;9&quot;:0,&quot;10&quot;:0,&quot;11&quot;:4,&quot;12&quot;:0,&quot;14&quot;:[null,2,0],&quot;15&quot;:&quot;Calibri, sans-serif&quot;,&quot;16&quot;:11}\">La technologie laser est enti\u00e8rement compatible avec nos machines. Une technologie propre sans consommables. Solution rentable, de grande qualit\u00e9 et \u00e9co\u00e9nerg\u00e9tique pour le codage de la largeur de bande.<\/span><\/p>\n\t\t\t\t\t\t\t\t<\/div>\n\t\t\t\t<\/div>\n\t\t\t\t\t<\/div>\n\t\t<\/div>\n\t\t\t\t<div class=\"elementor-column elementor-col-33 elementor-top-column elementor-element elementor-element-3878a80\" data-id=\"3878a80\" data-element_type=\"column\" data-e-type=\"column\">\n\t\t\t<div class=\"elementor-widget-wrap elementor-element-populated\">\n\t\t\t\t\t\t<div class=\"elementor-element elementor-element-00e68cc elementor-widget elementor-widget-heading\" data-id=\"00e68cc\" data-element_type=\"widget\" data-e-type=\"widget\" data-widget_type=\"heading.default\">\n\t\t\t\t<div class=\"elementor-widget-container\">\n\t\t\t\t\t<h3 class=\"elementor-heading-title elementor-size-default\">Inkjet<\/h3>\t\t\t\t<\/div>\n\t\t\t\t<\/div>\n\t\t\t\t<div class=\"elementor-element elementor-element-2fc56e2 elementor-widget elementor-widget-text-editor\" data-id=\"2fc56e2\" data-element_type=\"widget\" data-e-type=\"widget\" data-widget_type=\"text-editor.default\">\n\t\t\t\t<div class=\"elementor-widget-container\">\n\t\t\t\t\t\t\t\t\t<p><span data-sheets-value=\"{&quot;1&quot;:2,&quot;2&quot;:&quot;Inkjet printer provides quality code and a cost-effective marking solution. Continuous solution to make line prints possible.&quot;}\" data-sheets-userformat=\"{&quot;2&quot;:15297,&quot;3&quot;:{&quot;1&quot;:0},&quot;9&quot;:0,&quot;10&quot;:0,&quot;11&quot;:4,&quot;12&quot;:0,&quot;14&quot;:[null,2,0],&quot;15&quot;:&quot;Calibri, sans-serif&quot;,&quot;16&quot;:11}\">L&rsquo;imprimeuse \u00e0 Inkjet est la solution pour un marquage rentable et la qualit\u00e9 du code. Solution continue pour permettre d&rsquo;imprimer les lignes.<\/span><\/p>\n\t\t\t\t\t\t\t\t<\/div>\n\t\t\t\t<\/div>\n\t\t\t\t\t<\/div>\n\t\t<\/div>\n\t\t\t\t<div class=\"elementor-column elementor-col-33 elementor-top-column elementor-element elementor-element-b7d6a67\" data-id=\"b7d6a67\" data-element_type=\"column\" data-e-type=\"column\">\n\t\t\t<div class=\"elementor-widget-wrap elementor-element-populated\">\n\t\t\t\t\t\t<div class=\"elementor-element elementor-element-1989521 elementor-widget elementor-widget-heading\" data-id=\"1989521\" data-element_type=\"widget\" data-e-type=\"widget\" data-widget_type=\"heading.default\">\n\t\t\t\t<div class=\"elementor-widget-container\">\n\t\t\t\t\t<h3 class=\"elementor-heading-title elementor-size-default\">Transfert thermique<\/h3>\t\t\t\t<\/div>\n\t\t\t\t<\/div>\n\t\t\t\t<div class=\"elementor-element elementor-element-92a9287 elementor-widget elementor-widget-text-editor\" data-id=\"92a9287\" data-element_type=\"widget\" data-e-type=\"widget\" data-widget_type=\"text-editor.default\">\n\t\t\t\t<div class=\"elementor-widget-container\">\n\t\t\t\t\t\t\t\t\t<p><span data-sheets-value=\"{&quot;1&quot;:2,&quot;2&quot;:&quot;Thermo transfer, also known as Thermal Transfer Overprinting (TTO), is a digital technology used for high volume applications with high resolution. TTO can achieve adequate quality printing at high speeds.&quot;}\" data-sheets-userformat=\"{&quot;2&quot;:15297,&quot;3&quot;:{&quot;1&quot;:0},&quot;9&quot;:0,&quot;10&quot;:0,&quot;11&quot;:4,&quot;12&quot;:0,&quot;14&quot;:[null,2,0],&quot;15&quot;:&quot;Calibri, sans-serif&quot;,&quot;16&quot;:11}\">Le transfert thermique, connu aussi comme TTO (surimpression \u00e0 transfert thermique), est une technologie num\u00e9rique utilis\u00e9e pour les applications de grand volume et grande r\u00e9solution. La TTO peut obtenir une qualit\u00e9 ad\u00e9quate d&rsquo;impression \u00e0 grande vitesse.<\/span><\/p>\n\t\t\t\t\t\t\t\t<\/div>\n\t\t\t\t<\/div>\n\t\t\t\t\t<\/div>\n\t\t<\/div>\n\t\t\t\t\t<\/div>\n\t\t<\/section>\n\t\t\t\t<section class=\"elementor-section elementor-top-section elementor-element elementor-element-c7fa369 elementor-section-boxed elementor-section-height-default elementor-section-height-default\" data-id=\"c7fa369\" data-element_type=\"section\" data-e-type=\"section\">\n\t\t\t\t\t\t<div class=\"elementor-container elementor-column-gap-default\">\n\t\t\t\t\t<div class=\"elementor-column elementor-col-50 elementor-top-column elementor-element elementor-element-249ae3f\" data-id=\"249ae3f\" data-element_type=\"column\" data-e-type=\"column\">\n\t\t\t<div class=\"elementor-widget-wrap elementor-element-populated\">\n\t\t\t\t\t\t<div class=\"elementor-element elementor-element-98baecf elementor-widget elementor-widget-heading\" data-id=\"98baecf\" data-element_type=\"widget\" data-e-type=\"widget\" data-widget_type=\"heading.default\">\n\t\t\t\t<div class=\"elementor-widget-container\">\n\t\t\t\t\t<h3 class=\"elementor-heading-title elementor-size-default\">Code de gaufrage<\/h3>\t\t\t\t<\/div>\n\t\t\t\t<\/div>\n\t\t\t\t<div class=\"elementor-element elementor-element-d4b3e8d elementor-widget elementor-widget-text-editor\" data-id=\"d4b3e8d\" data-element_type=\"widget\" data-e-type=\"widget\" data-widget_type=\"text-editor.default\">\n\t\t\t\t<div class=\"elementor-widget-container\">\n\t\t\t\t\t\t\t\t\t<p><span data-sheets-value=\"{&quot;1&quot;:2,&quot;2&quot;:&quot;Pneumatically driven independent module to emboss a code at the vertical sealing area of the pouch. Coding system has a capacity of 15 digits in two coding lines. As the digits are manually set, an easy access and removing system is provided.&quot;}\" data-sheets-userformat=\"{&quot;2&quot;:15297,&quot;3&quot;:{&quot;1&quot;:0},&quot;9&quot;:0,&quot;10&quot;:0,&quot;11&quot;:4,&quot;12&quot;:0,&quot;14&quot;:[null,2,0],&quot;15&quot;:&quot;Calibri, sans-serif&quot;,&quot;16&quot;:11}\">Module ind\u00e9pendant et entra\u00een\u00e9 pneumatiquement pour gaufrer un code dans la zone d&rsquo;operculage vertical du sachet. Le syst\u00e8me de codage a une capacit\u00e9 de 15 caract\u00e8res sur deux lignes de code. Les caract\u00e8res \u00e9tant d\u00e9finis manuellement, cela permet un syst\u00e8me de retrait et un acc\u00e8s facile.<\/span><\/p>\n\t\t\t\t\t\t\t\t<\/div>\n\t\t\t\t<\/div>\n\t\t\t\t\t<\/div>\n\t\t<\/div>\n\t\t\t\t<div class=\"elementor-column elementor-col-50 elementor-top-column elementor-element elementor-element-47b4cb3\" data-id=\"47b4cb3\" data-element_type=\"column\" data-e-type=\"column\">\n\t\t\t<div class=\"elementor-widget-wrap\">\n\t\t\t\t\t\t\t<\/div>\n\t\t<\/div>\n\t\t\t\t\t<\/div>\n\t\t<\/section>\n\t\t\t\t<\/div>\n\t\t","protected":false},"excerpt":{"rendered":"<p>Un vaste choix de solutions est disponible pour diff\u00e9rents types d&rsquo;impression. Nous apportons des solutions \u00e0 technologie tr\u00e8s moderne, nous permettant de r\u00e9pondre \u00e0 vos besoins en impression d&#8217;emballage souple. Laser La technologie laser est enti\u00e8rement compatible avec nos machines. Une technologie propre sans consommables. Solution rentable, de grande qualit\u00e9 et \u00e9co\u00e9nerg\u00e9tique pour le codage [&hellip;]<\/p>\n","protected":false},"author":20,"featured_media":0,"parent":0,"menu_order":0,"comment_status":"closed","ping_status":"closed","template":"elementor_header_footer","meta":{"_acf_changed":false,"footnotes":""},"class_list":["post-15008","page","type-page","status-publish","hentry"],"acf":[],"yoast_head":"<!-- This site is optimized with the Yoast SEO plugin v27.5 - https:\/\/yoast.com\/product\/yoast-seo-wordpress\/ -->\n<title>Syst\u00e8me de codage | Mespack<\/title>\n<meta name=\"description\" content=\"Un vaste choix de solutions est disponible pour diff\u00e9rents types d&#039;impression. Solutions \u00e0 technologie tr\u00e8s moderne, nous permettant de r\u00e9pondre \u00e0 vos besoins en impression d&#039;emballage.\" \/>\n<meta name=\"robots\" content=\"index, follow, max-snippet:-1, max-image-preview:large, max-video-preview:-1\" \/>\n<link rel=\"canonical\" href=\"https:\/\/mespack.com\/fr\/systeme-de-codage\/\" \/>\n<meta property=\"og:locale\" content=\"fr_FR\" \/>\n<meta property=\"og:type\" content=\"article\" \/>\n<meta property=\"og:title\" content=\"Syst\u00e8me de codage | Mespack\" \/>\n<meta property=\"og:description\" content=\"Un vaste choix de solutions est disponible pour diff\u00e9rents types d&#039;impression. Solutions \u00e0 technologie tr\u00e8s moderne, nous permettant de r\u00e9pondre \u00e0 vos besoins en impression d&#039;emballage.\" \/>\n<meta property=\"og:url\" content=\"https:\/\/mespack.com\/fr\/systeme-de-codage\/\" \/>\n<meta property=\"og:site_name\" content=\"Mespack\" \/>\n<meta property=\"article:modified_time\" content=\"2023-10-23T14:11:02+00:00\" \/>\n<meta name=\"twitter:card\" content=\"summary_large_image\" \/>\n<meta name=\"twitter:label1\" content=\"Dur\u00e9e de lecture estim\u00e9e\" \/>\n\t<meta name=\"twitter:data1\" content=\"1 minute\" \/>\n<script type=\"application\/ld+json\" class=\"yoast-schema-graph\">{\"@context\":\"https:\\\/\\\/schema.org\",\"@graph\":[{\"@type\":\"WebPage\",\"@id\":\"https:\\\/\\\/mespack.com\\\/fr\\\/systeme-de-codage\\\/\",\"url\":\"https:\\\/\\\/mespack.com\\\/fr\\\/systeme-de-codage\\\/\",\"name\":\"Syst\u00e8me de codage | Mespack\",\"isPartOf\":{\"@id\":\"https:\\\/\\\/mespack.com\\\/fr\\\/#website\"},\"datePublished\":\"2021-09-13T14:48:27+00:00\",\"dateModified\":\"2023-10-23T14:11:02+00:00\",\"description\":\"Un vaste choix de solutions est disponible pour diff\u00e9rents types d'impression. Solutions \u00e0 technologie tr\u00e8s moderne, nous permettant de r\u00e9pondre \u00e0 vos besoins en impression d'emballage.\",\"breadcrumb\":{\"@id\":\"https:\\\/\\\/mespack.com\\\/fr\\\/systeme-de-codage\\\/#breadcrumb\"},\"inLanguage\":\"fr-FR\",\"potentialAction\":[{\"@type\":\"ReadAction\",\"target\":[\"https:\\\/\\\/mespack.com\\\/fr\\\/systeme-de-codage\\\/\"]}]},{\"@type\":\"BreadcrumbList\",\"@id\":\"https:\\\/\\\/mespack.com\\\/fr\\\/systeme-de-codage\\\/#breadcrumb\",\"itemListElement\":[{\"@type\":\"ListItem\",\"position\":1,\"name\":\"Home\",\"item\":\"https:\\\/\\\/mespack.com\\\/fr\\\/\"},{\"@type\":\"ListItem\",\"position\":2,\"name\":\"Syst\u00e8me de codage\"}]},{\"@type\":\"WebSite\",\"@id\":\"https:\\\/\\\/mespack.com\\\/fr\\\/#website\",\"url\":\"https:\\\/\\\/mespack.com\\\/fr\\\/\",\"name\":\"Mespack\",\"description\":\"A Duravant Company\",\"publisher\":{\"@id\":\"https:\\\/\\\/mespack.com\\\/fr\\\/#organization\"},\"potentialAction\":[{\"@type\":\"SearchAction\",\"target\":{\"@type\":\"EntryPoint\",\"urlTemplate\":\"https:\\\/\\\/mespack.com\\\/fr\\\/?s={search_term_string}\"},\"query-input\":{\"@type\":\"PropertyValueSpecification\",\"valueRequired\":true,\"valueName\":\"search_term_string\"}}],\"inLanguage\":\"fr-FR\"},{\"@type\":\"Organization\",\"@id\":\"https:\\\/\\\/mespack.com\\\/fr\\\/#organization\",\"name\":\"Mespack\",\"url\":\"https:\\\/\\\/mespack.com\\\/fr\\\/\",\"logo\":{\"@type\":\"ImageObject\",\"inLanguage\":\"fr-FR\",\"@id\":\"https:\\\/\\\/mespack.com\\\/fr\\\/#\\\/schema\\\/logo\\\/image\\\/\",\"url\":\"https:\\\/\\\/mespack.com\\\/wp-content\\\/uploads\\\/2021\\\/07\\\/logo-mespack-1.svg\",\"contentUrl\":\"https:\\\/\\\/mespack.com\\\/wp-content\\\/uploads\\\/2021\\\/07\\\/logo-mespack-1.svg\",\"width\":1,\"height\":1,\"caption\":\"Mespack\"},\"image\":{\"@id\":\"https:\\\/\\\/mespack.com\\\/fr\\\/#\\\/schema\\\/logo\\\/image\\\/\"},\"sameAs\":[\"https:\\\/\\\/www.linkedin.com\\\/company\\\/mespack\\\/\"]}]}<\/script>\n<!-- \/ Yoast SEO plugin. -->","yoast_head_json":{"title":"Syst\u00e8me de codage | Mespack","description":"Un vaste choix de solutions est disponible pour diff\u00e9rents types d'impression. Solutions \u00e0 technologie tr\u00e8s moderne, nous permettant de r\u00e9pondre \u00e0 vos besoins en impression d'emballage.","robots":{"index":"index","follow":"follow","max-snippet":"max-snippet:-1","max-image-preview":"max-image-preview:large","max-video-preview":"max-video-preview:-1"},"canonical":"https:\/\/mespack.com\/fr\/systeme-de-codage\/","og_locale":"fr_FR","og_type":"article","og_title":"Syst\u00e8me de codage | Mespack","og_description":"Un vaste choix de solutions est disponible pour diff\u00e9rents types d'impression. Solutions \u00e0 technologie tr\u00e8s moderne, nous permettant de r\u00e9pondre \u00e0 vos besoins en impression d'emballage.","og_url":"https:\/\/mespack.com\/fr\/systeme-de-codage\/","og_site_name":"Mespack","article_modified_time":"2023-10-23T14:11:02+00:00","twitter_card":"summary_large_image","twitter_misc":{"Dur\u00e9e de lecture estim\u00e9e":"1 minute"},"schema":{"@context":"https:\/\/schema.org","@graph":[{"@type":"WebPage","@id":"https:\/\/mespack.com\/fr\/systeme-de-codage\/","url":"https:\/\/mespack.com\/fr\/systeme-de-codage\/","name":"Syst\u00e8me de codage | Mespack","isPartOf":{"@id":"https:\/\/mespack.com\/fr\/#website"},"datePublished":"2021-09-13T14:48:27+00:00","dateModified":"2023-10-23T14:11:02+00:00","description":"Un vaste choix de solutions est disponible pour diff\u00e9rents types d'impression. Solutions \u00e0 technologie tr\u00e8s moderne, nous permettant de r\u00e9pondre \u00e0 vos besoins en impression d'emballage.","breadcrumb":{"@id":"https:\/\/mespack.com\/fr\/systeme-de-codage\/#breadcrumb"},"inLanguage":"fr-FR","potentialAction":[{"@type":"ReadAction","target":["https:\/\/mespack.com\/fr\/systeme-de-codage\/"]}]},{"@type":"BreadcrumbList","@id":"https:\/\/mespack.com\/fr\/systeme-de-codage\/#breadcrumb","itemListElement":[{"@type":"ListItem","position":1,"name":"Home","item":"https:\/\/mespack.com\/fr\/"},{"@type":"ListItem","position":2,"name":"Syst\u00e8me de codage"}]},{"@type":"WebSite","@id":"https:\/\/mespack.com\/fr\/#website","url":"https:\/\/mespack.com\/fr\/","name":"Mespack","description":"A Duravant Company","publisher":{"@id":"https:\/\/mespack.com\/fr\/#organization"},"potentialAction":[{"@type":"SearchAction","target":{"@type":"EntryPoint","urlTemplate":"https:\/\/mespack.com\/fr\/?s={search_term_string}"},"query-input":{"@type":"PropertyValueSpecification","valueRequired":true,"valueName":"search_term_string"}}],"inLanguage":"fr-FR"},{"@type":"Organization","@id":"https:\/\/mespack.com\/fr\/#organization","name":"Mespack","url":"https:\/\/mespack.com\/fr\/","logo":{"@type":"ImageObject","inLanguage":"fr-FR","@id":"https:\/\/mespack.com\/fr\/#\/schema\/logo\/image\/","url":"https:\/\/mespack.com\/wp-content\/uploads\/2021\/07\/logo-mespack-1.svg","contentUrl":"https:\/\/mespack.com\/wp-content\/uploads\/2021\/07\/logo-mespack-1.svg","width":1,"height":1,"caption":"Mespack"},"image":{"@id":"https:\/\/mespack.com\/fr\/#\/schema\/logo\/image\/"},"sameAs":["https:\/\/www.linkedin.com\/company\/mespack\/"]}]}},"_links":{"self":[{"href":"https:\/\/mespack.com\/fr\/wp-json\/wp\/v2\/pages\/15008","targetHints":{"allow":["GET"]}}],"collection":[{"href":"https:\/\/mespack.com\/fr\/wp-json\/wp\/v2\/pages"}],"about":[{"href":"https:\/\/mespack.com\/fr\/wp-json\/wp\/v2\/types\/page"}],"author":[{"embeddable":true,"href":"https:\/\/mespack.com\/fr\/wp-json\/wp\/v2\/users\/20"}],"replies":[{"embeddable":true,"href":"https:\/\/mespack.com\/fr\/wp-json\/wp\/v2\/comments?post=15008"}],"version-history":[{"count":0,"href":"https:\/\/mespack.com\/fr\/wp-json\/wp\/v2\/pages\/15008\/revisions"}],"wp:attachment":[{"href":"https:\/\/mespack.com\/fr\/wp-json\/wp\/v2\/media?parent=15008"}],"curies":[{"name":"wp","href":"https:\/\/api.w.org\/{rel}","templated":true}]}}