{"id":14988,"date":"2021-09-23T14:28:16","date_gmt":"2021-09-23T13:28:16","guid":{"rendered":"https:\/\/mespack.com\/avertissement-legal\/"},"modified":"2025-12-09T10:39:39","modified_gmt":"2025-12-09T09:39:39","slug":"avertissement-legal","status":"publish","type":"page","link":"https:\/\/mespack.com\/fr\/avertissement-legal\/","title":{"rendered":"Avertissement l\u00e9gal"},"content":{"rendered":"\t\t<div data-elementor-type=\"wp-page\" data-elementor-id=\"14988\" class=\"elementor elementor-14988 elementor-5194\" data-elementor-post-type=\"page\">\n\t\t\t\t\t\t<section class=\"elementor-section elementor-top-section elementor-element elementor-element-2dde5ee elementor-section-boxed elementor-section-height-default elementor-section-height-default\" data-id=\"2dde5ee\" data-element_type=\"section\" data-e-type=\"section\">\n\t\t\t\t\t\t<div class=\"elementor-container elementor-column-gap-default\">\n\t\t\t\t\t<div class=\"elementor-column elementor-col-100 elementor-top-column elementor-element elementor-element-ae0f52a\" data-id=\"ae0f52a\" data-element_type=\"column\" data-e-type=\"column\">\n\t\t\t<div class=\"elementor-widget-wrap elementor-element-populated\">\n\t\t\t\t\t\t<div class=\"elementor-element elementor-element-b522226 elementor-widget elementor-widget-template\" data-id=\"b522226\" data-element_type=\"widget\" data-e-type=\"widget\" data-widget_type=\"template.default\">\n\t\t\t\t<div class=\"elementor-widget-container\">\n\t\t\t\t\t\t\t<div class=\"elementor-template\">\n\t\t\t\t\t<div data-elementor-type=\"section\" data-elementor-id=\"15072\" class=\"elementor elementor-15072 elementor-423 elementor-423\" data-elementor-post-type=\"elementor_library\">\n\t\t\t<section class=\"elementor-element elementor-element-479161b e-flex e-con-boxed e-con e-parent\" data-id=\"479161b\" data-element_type=\"container\" data-e-type=\"container\">\n\t\t\t\t\t<div class=\"e-con-inner\">\n\t\t\t\t<div class=\"elementor-element elementor-element-f2c40f6 elementor-widget elementor-widget-shortcode\" data-id=\"f2c40f6\" data-element_type=\"widget\" data-e-type=\"widget\" data-widget_type=\"shortcode.default\">\n\t\t\t\t<div class=\"elementor-widget-container\">\n\t\t\t\t\t\t\t<div class=\"elementor-shortcode\"><span><span><a href=\"https:\/\/mespack.com\/fr\/\">Home<\/a><\/span><\/span><\/div>\n\t\t\t\t\t\t<\/div>\n\t\t\t\t<\/div>\n\t\t<div class=\"elementor-element elementor-element-e880a38 e-con-full e-flex e-con e-child\" data-id=\"e880a38\" data-element_type=\"container\" data-e-type=\"container\">\n\t\t\t\t<\/div>\n\t\t\t\t<div class=\"elementor-element elementor-element-d79f5ca elementor-widget-divider--view-line_icon elementor-widget-divider--element-align-left elementor-view-default elementor-widget elementor-widget-divider\" data-id=\"d79f5ca\" data-element_type=\"widget\" data-e-type=\"widget\" data-widget_type=\"divider.default\">\n\t\t\t\t<div class=\"elementor-widget-container\">\n\t\t\t\t\t\t\t<div class=\"elementor-divider\">\n\t\t\t<span class=\"elementor-divider-separator\">\n\t\t\t\t\t\t\t<div class=\"elementor-icon elementor-divider__element\">\n\t\t\t\t\t<svg xmlns=\"http:\/\/www.w3.org\/2000\/svg\" width=\"230\" height=\"19\" viewBox=\"0 0 230 19\" fill=\"none\"><rect width=\"230\" height=\"19\" fill=\"#E3092C\"><\/rect><\/svg><\/div>\n\t\t\t\t\t\t<\/span>\n\t\t<\/div>\n\t\t\t\t\t\t<\/div>\n\t\t\t\t<\/div>\n\t\t\t\t\t<\/div>\n\t\t\t\t<\/section>\n\t\t\t\t<\/div>\n\t\t\t\t<\/div>\n\t\t\t\t\t\t<\/div>\n\t\t\t\t<\/div>\n\t\t\t\t\t<\/div>\n\t\t<\/div>\n\t\t\t\t\t<\/div>\n\t\t<\/section>\n\t\t\t\t<section class=\"elementor-section elementor-top-section elementor-element elementor-element-195760ef elementor-section-boxed elementor-section-height-default elementor-section-height-default\" data-id=\"195760ef\" data-element_type=\"section\" data-e-type=\"section\">\n\t\t\t\t\t\t<div class=\"elementor-container elementor-column-gap-default\">\n\t\t\t\t\t<div class=\"elementor-column elementor-col-100 elementor-top-column elementor-element elementor-element-533ab4f0\" data-id=\"533ab4f0\" data-element_type=\"column\" data-e-type=\"column\">\n\t\t\t<div class=\"elementor-widget-wrap elementor-element-populated\">\n\t\t\t\t\t\t<div class=\"elementor-element elementor-element-2b7cef20 elementor-widget elementor-widget-text-editor\" data-id=\"2b7cef20\" data-element_type=\"widget\" data-e-type=\"widget\" data-widget_type=\"text-editor.default\">\n\t\t\t\t<div class=\"elementor-widget-container\">\n\t\t\t\t\t\t\t\t\t<p>Ce site Internet appartient \u00e0 MESPACK, S.L., NIF (n\u00ba de TVA) B60718749, sise MAR ADRI\u00c0TIC, 18 PO. IND. TORRE DEL RECTOR 08130 Santa Perpetua de Mogoda (BARCELONA), inscrite au Registre du commerce de Barcelona, Volume 27\u00a0772, feuillet 50, page B-123.329<\/p><br><p>Pour toute question ou proposition, envoyez-nous un message \u00e0\u00a0: rgpd@mespack.com<br \/>Ce site Internet est r\u00e9gi exclusivement r\u00e9gi par les lois espagnoles et quiconque utilise le site Internet y sont soumis, tant nationaux qu&rsquo;\u00e9trangers.<br \/>L&rsquo;acc\u00e8s \u00e0 notre site Internet par l&rsquo;UTILISATEUR est libre et autoris\u00e9 \u00e0 condition que l&rsquo;utilisateur ait lu et accept\u00e9 compl\u00e8tement, express\u00e9ment et sans r\u00e9serve les CONDITIONS G\u00c9N\u00c9RALES D&rsquo;UTILISATION en vigueur au moment de l&rsquo;acc\u00e8s, que nous vous demandons de lire attentivement. Quand l&rsquo;UTILISATEUR utilise notre site, son contenu ou les services, il ou elle accepte et se soumet express\u00e9ment \u00e0 ces conditions g\u00e9n\u00e9rales d&rsquo;utilisation. Si l&rsquo;utilisateur n&rsquo;est pas d&rsquo;accord avec ces conditions d&rsquo;utilisation, il ou elle doit s&rsquo;abstenir d&rsquo;utiliser et de travailler avec ce site.<br \/>\u00c0 tout moment, nous pouvons changer la pr\u00e9sentation et la configuration de notre site Internet, \u00e9largir ou r\u00e9duire les services, et m\u00eame le retirer d&rsquo;Internet, ainsi que les services et le contenu fourni, unilat\u00e9ralement et sans pr\u00e9avis.<\/p><br><p><strong>A. PROPRI\u00c9T\u00c9 INTELLECTUELLE<\/strong><\/p><br><p>Tout le contenu, le texte, les images, les marques et les codes source nous appartiennent ou ceux de tout tiers dont les droits d&rsquo;utilisation ont \u00e9t\u00e9 obtenus et sont prot\u00e9g\u00e9s par les Droits de propri\u00e9t\u00e9 intellectuelle et industrielle.<\/p><br><p>L&rsquo;utilisateur a seulement le droit de les utiliser de mani\u00e8re priv\u00e9e, non motiv\u00e9 par un gain financier, et exige l&rsquo;autorisation expresse de modifier, reproduire, exploiter ou les distribuer ou pour exercer tout droit appartenant \u00e0 leur propri\u00e9taire.<\/p><br><p><strong>B. CONDITIONS D&rsquo;ACC\u00c8S<\/strong><\/p><br><p>L&rsquo;acc\u00e8s \u00e0 notre site Internet est gratuite et n&rsquo;exige aucune souscription ni enregistrement.<\/p><br><p>La transmission de donn\u00e9es personnelles par l&rsquo;UTILISATEUR implique son acceptation expresse de notre politique de confidentialit\u00e9.<br \/>En acc\u00e9dant \u00e0 ce site Internet, l&rsquo;utilisateur doit agir de bonne foi, conform\u00e9ment aux normes d&rsquo;ordre public et \u00e0 ces Conditions g\u00e9n\u00e9rales d&rsquo;utilisation. L&rsquo;utilisateur est uniquement et exclusivement responsable de l&rsquo;acc\u00e8s \u00e0 notre site Internet et sera dans tous les cas responsable de tout dommage que tel acc\u00e8s pourrait causer \u00e0 des tiers ou \u00e0 nous.<\/p><br><p>En raison de l&rsquo;impossibilit\u00e9 de contr\u00f4ler les informations, le contenu et les services pouvant se trouve dans d&rsquo;autres sites Internet avec acc\u00e8s par les liens disponibles sur notre site Internet, nous vous informons par la pr\u00e9sente que nous n&rsquo;acceptons aucune responsabilit\u00e9 pour tout dommage ou l\u00e9sion de tout type pouvant surgir de l&rsquo;utilisation de ces sites Internet non associ\u00e9s \u00e0 notre compagnie.<\/p><br><p><strong>C. RESPONSABILIT\u00c9S<\/strong><\/p><br><p>En rendant ce site Internet disponible \u00e0 l&rsquo;utilisateur, notre intention est d&rsquo;offrir un service de qualit\u00e9 en utilisant le plus haut degr\u00e9 de diligence dans la prestation de ce service, ainsi que les moyens technologiques utilis\u00e9s. Cependant, nous ne sommes pas responsables de la pr\u00e9sence de virus et autres \u00e9l\u00e9ments pouvant endommager le syst\u00e8me informatique de l&rsquo;utilisateur d&rsquo;une fa\u00e7on ou d&rsquo;une autre.<\/p><br><p>Nous ne garantissons pas un service continu ou ininterrompu.<br \/>L&rsquo;UTILSATEUR n&rsquo;est pas autoris\u00e9 \u00e0 ex\u00e9cuter toute action sur notre portail qui pourrait donner lieu \u00e0 une surcharge excessive de nos syst\u00e8mes informatiques, ainsi que l&rsquo;introduction de virus ou installant des robots ou un logiciel pouvant alt\u00e9rer le fonctionnement normal de notre site Internet ou de toute fa\u00e7on soit capable d&rsquo;endommager nos syst\u00e8mes informatiques.<\/p><br><p>L&rsquo;UTILISATEUR assume toute la responsabilit\u00e9 r\u00e9sultant de l&rsquo;utilisation de notre site Internet.<\/p><br><p>L&rsquo;UTILISATEUR reconna\u00eet avoir compris toutes les informations concernant les conditions d&rsquo;utilisation de notre portail et reconna\u00eet qu&rsquo;elles sont suffisantes pour exclure toute erreur et les accepte donc enti\u00e8rement et express\u00e9ment.<\/p>\t\t\t\t\t\t\t\t<\/div>\n\t\t\t\t<\/div>\n\t\t\t\t\t<\/div>\n\t\t<\/div>\n\t\t\t\t\t<\/div>\n\t\t<\/section>\n\t\t\t\t<\/div>\n\t\t","protected":false},"excerpt":{"rendered":"<p>Ce site Internet appartient \u00e0 MESPACK, S.L., NIF (n\u00ba de TVA) B60718749, sise MAR ADRI\u00c0TIC, 18 PO. IND. TORRE DEL RECTOR 08130 Santa Perpetua de Mogoda (BARCELONA), inscrite au Registre du commerce de Barcelona, Volume 27\u00a0772, feuillet 50, page B-123.329 Pour toute question ou proposition, envoyez-nous un message \u00e0\u00a0: rgpd@mespack.comCe site Internet est r\u00e9gi exclusivement [&hellip;]<\/p>\n","protected":false},"author":21,"featured_media":0,"parent":0,"menu_order":0,"comment_status":"closed","ping_status":"closed","template":"elementor_header_footer","meta":{"_acf_changed":false,"footnotes":""},"class_list":["post-14988","page","type-page","status-publish","hentry"],"acf":[],"yoast_head":"<!-- This site is optimized with the Yoast SEO plugin v27.5 - https:\/\/yoast.com\/product\/yoast-seo-wordpress\/ -->\n<title>Avertissement l\u00e9gal &#183; Mespack<\/title>\n<meta name=\"description\" content=\"Avertissement l\u00e9gal\" \/>\n<meta name=\"robots\" content=\"noindex, follow\" \/>\n<meta property=\"og:locale\" content=\"fr_FR\" \/>\n<meta property=\"og:type\" content=\"article\" \/>\n<meta property=\"og:title\" content=\"Avertissement l\u00e9gal &#183; Mespack\" \/>\n<meta property=\"og:description\" content=\"Avertissement l\u00e9gal\" \/>\n<meta property=\"og:url\" content=\"https:\/\/mespack.com\/fr\/avertissement-legal\/\" \/>\n<meta property=\"og:site_name\" content=\"Mespack\" \/>\n<meta property=\"article:modified_time\" content=\"2025-12-09T09:39:39+00:00\" \/>\n<meta name=\"twitter:card\" content=\"summary_large_image\" \/>\n<meta name=\"twitter:label1\" content=\"Dur\u00e9e de lecture estim\u00e9e\" \/>\n\t<meta name=\"twitter:data1\" content=\"3 minutes\" \/>\n<script type=\"application\/ld+json\" class=\"yoast-schema-graph\">{\"@context\":\"https:\\\/\\\/schema.org\",\"@graph\":[{\"@type\":\"WebPage\",\"@id\":\"https:\\\/\\\/mespack.com\\\/fr\\\/avertissement-legal\\\/\",\"url\":\"https:\\\/\\\/mespack.com\\\/fr\\\/avertissement-legal\\\/\",\"name\":\"Avertissement l\u00e9gal &#183; Mespack\",\"isPartOf\":{\"@id\":\"https:\\\/\\\/mespack.com\\\/fr\\\/#website\"},\"datePublished\":\"2021-09-23T13:28:16+00:00\",\"dateModified\":\"2025-12-09T09:39:39+00:00\",\"description\":\"Avertissement l\u00e9gal\",\"breadcrumb\":{\"@id\":\"https:\\\/\\\/mespack.com\\\/fr\\\/avertissement-legal\\\/#breadcrumb\"},\"inLanguage\":\"fr-FR\",\"potentialAction\":[{\"@type\":\"ReadAction\",\"target\":[\"https:\\\/\\\/mespack.com\\\/fr\\\/avertissement-legal\\\/\"]}]},{\"@type\":\"BreadcrumbList\",\"@id\":\"https:\\\/\\\/mespack.com\\\/fr\\\/avertissement-legal\\\/#breadcrumb\",\"itemListElement\":[{\"@type\":\"ListItem\",\"position\":1,\"name\":\"Home\",\"item\":\"https:\\\/\\\/mespack.com\\\/fr\\\/\"},{\"@type\":\"ListItem\",\"position\":2,\"name\":\"Avertissement l\u00e9gal\"}]},{\"@type\":\"WebSite\",\"@id\":\"https:\\\/\\\/mespack.com\\\/fr\\\/#website\",\"url\":\"https:\\\/\\\/mespack.com\\\/fr\\\/\",\"name\":\"Mespack\",\"description\":\"A Duravant Company\",\"publisher\":{\"@id\":\"https:\\\/\\\/mespack.com\\\/fr\\\/#organization\"},\"potentialAction\":[{\"@type\":\"SearchAction\",\"target\":{\"@type\":\"EntryPoint\",\"urlTemplate\":\"https:\\\/\\\/mespack.com\\\/fr\\\/?s={search_term_string}\"},\"query-input\":{\"@type\":\"PropertyValueSpecification\",\"valueRequired\":true,\"valueName\":\"search_term_string\"}}],\"inLanguage\":\"fr-FR\"},{\"@type\":\"Organization\",\"@id\":\"https:\\\/\\\/mespack.com\\\/fr\\\/#organization\",\"name\":\"Mespack\",\"url\":\"https:\\\/\\\/mespack.com\\\/fr\\\/\",\"logo\":{\"@type\":\"ImageObject\",\"inLanguage\":\"fr-FR\",\"@id\":\"https:\\\/\\\/mespack.com\\\/fr\\\/#\\\/schema\\\/logo\\\/image\\\/\",\"url\":\"https:\\\/\\\/mespack.com\\\/wp-content\\\/uploads\\\/2021\\\/07\\\/logo-mespack-1.svg\",\"contentUrl\":\"https:\\\/\\\/mespack.com\\\/wp-content\\\/uploads\\\/2021\\\/07\\\/logo-mespack-1.svg\",\"width\":1,\"height\":1,\"caption\":\"Mespack\"},\"image\":{\"@id\":\"https:\\\/\\\/mespack.com\\\/fr\\\/#\\\/schema\\\/logo\\\/image\\\/\"},\"sameAs\":[\"https:\\\/\\\/www.linkedin.com\\\/company\\\/mespack\\\/\"]}]}<\/script>\n<!-- \/ Yoast SEO plugin. -->","yoast_head_json":{"title":"Avertissement l\u00e9gal &#183; Mespack","description":"Avertissement l\u00e9gal","robots":{"index":"noindex","follow":"follow"},"og_locale":"fr_FR","og_type":"article","og_title":"Avertissement l\u00e9gal &#183; Mespack","og_description":"Avertissement l\u00e9gal","og_url":"https:\/\/mespack.com\/fr\/avertissement-legal\/","og_site_name":"Mespack","article_modified_time":"2025-12-09T09:39:39+00:00","twitter_card":"summary_large_image","twitter_misc":{"Dur\u00e9e de lecture estim\u00e9e":"3 minutes"},"schema":{"@context":"https:\/\/schema.org","@graph":[{"@type":"WebPage","@id":"https:\/\/mespack.com\/fr\/avertissement-legal\/","url":"https:\/\/mespack.com\/fr\/avertissement-legal\/","name":"Avertissement l\u00e9gal &#183; Mespack","isPartOf":{"@id":"https:\/\/mespack.com\/fr\/#website"},"datePublished":"2021-09-23T13:28:16+00:00","dateModified":"2025-12-09T09:39:39+00:00","description":"Avertissement l\u00e9gal","breadcrumb":{"@id":"https:\/\/mespack.com\/fr\/avertissement-legal\/#breadcrumb"},"inLanguage":"fr-FR","potentialAction":[{"@type":"ReadAction","target":["https:\/\/mespack.com\/fr\/avertissement-legal\/"]}]},{"@type":"BreadcrumbList","@id":"https:\/\/mespack.com\/fr\/avertissement-legal\/#breadcrumb","itemListElement":[{"@type":"ListItem","position":1,"name":"Home","item":"https:\/\/mespack.com\/fr\/"},{"@type":"ListItem","position":2,"name":"Avertissement l\u00e9gal"}]},{"@type":"WebSite","@id":"https:\/\/mespack.com\/fr\/#website","url":"https:\/\/mespack.com\/fr\/","name":"Mespack","description":"A Duravant Company","publisher":{"@id":"https:\/\/mespack.com\/fr\/#organization"},"potentialAction":[{"@type":"SearchAction","target":{"@type":"EntryPoint","urlTemplate":"https:\/\/mespack.com\/fr\/?s={search_term_string}"},"query-input":{"@type":"PropertyValueSpecification","valueRequired":true,"valueName":"search_term_string"}}],"inLanguage":"fr-FR"},{"@type":"Organization","@id":"https:\/\/mespack.com\/fr\/#organization","name":"Mespack","url":"https:\/\/mespack.com\/fr\/","logo":{"@type":"ImageObject","inLanguage":"fr-FR","@id":"https:\/\/mespack.com\/fr\/#\/schema\/logo\/image\/","url":"https:\/\/mespack.com\/wp-content\/uploads\/2021\/07\/logo-mespack-1.svg","contentUrl":"https:\/\/mespack.com\/wp-content\/uploads\/2021\/07\/logo-mespack-1.svg","width":1,"height":1,"caption":"Mespack"},"image":{"@id":"https:\/\/mespack.com\/fr\/#\/schema\/logo\/image\/"},"sameAs":["https:\/\/www.linkedin.com\/company\/mespack\/"]}]}},"_links":{"self":[{"href":"https:\/\/mespack.com\/fr\/wp-json\/wp\/v2\/pages\/14988","targetHints":{"allow":["GET"]}}],"collection":[{"href":"https:\/\/mespack.com\/fr\/wp-json\/wp\/v2\/pages"}],"about":[{"href":"https:\/\/mespack.com\/fr\/wp-json\/wp\/v2\/types\/page"}],"author":[{"embeddable":true,"href":"https:\/\/mespack.com\/fr\/wp-json\/wp\/v2\/users\/21"}],"replies":[{"embeddable":true,"href":"https:\/\/mespack.com\/fr\/wp-json\/wp\/v2\/comments?post=14988"}],"version-history":[{"count":0,"href":"https:\/\/mespack.com\/fr\/wp-json\/wp\/v2\/pages\/14988\/revisions"}],"wp:attachment":[{"href":"https:\/\/mespack.com\/fr\/wp-json\/wp\/v2\/media?parent=14988"}],"curies":[{"name":"wp","href":"https:\/\/api.w.org\/{rel}","templated":true}]}}