{"id":14978,"date":"2021-11-25T12:32:17","date_gmt":"2021-11-25T11:32:17","guid":{"rendered":"https:\/\/mespack.com\/machine-demballage-soluble-dans-leau\/"},"modified":"2026-04-29T01:05:05","modified_gmt":"2026-04-29T00:05:05","slug":"machine-demballage-soluble-dans-leau","status":"publish","type":"page","link":"https:\/\/mespack.com\/fr\/machine-demballage-soluble-dans-leau\/","title":{"rendered":"Machine d&#8217;emballage soluble dans l&rsquo;eau"},"content":{"rendered":"\t\t<div data-elementor-type=\"wp-page\" data-elementor-id=\"14978\" class=\"elementor elementor-14978 elementor-6192\" data-elementor-post-type=\"page\">\n\t\t\t\t\t\t<section class=\"elementor-section elementor-top-section elementor-element elementor-element-4e16f10 elementor-section-boxed elementor-section-height-default elementor-section-height-default\" data-id=\"4e16f10\" data-element_type=\"section\" data-e-type=\"section\">\n\t\t\t\t\t\t<div class=\"elementor-container elementor-column-gap-default\">\n\t\t\t\t\t<div class=\"elementor-column elementor-col-33 elementor-top-column elementor-element elementor-element-263884a\" data-id=\"263884a\" data-element_type=\"column\" data-e-type=\"column\">\n\t\t\t<div class=\"elementor-widget-wrap elementor-element-populated\">\n\t\t\t\t\t\t<div class=\"elementor-element elementor-element-6598681 elementor-widget elementor-widget-heading\" data-id=\"6598681\" data-element_type=\"widget\" data-e-type=\"widget\" data-widget_type=\"heading.default\">\n\t\t\t\t<div class=\"elementor-widget-container\">\n\t\t\t\t\t<h2 class=\"elementor-heading-title elementor-size-default\">Mespack a repris r\u00e9cemment Cloud Packaging, un important fabricant de machines de capsules solubles dans l'eau qui a cr\u00e9\u00e9 la technologie du tambour rotatif en 1965. Cette technologie est la base du tambour de formage rotatif, qui a \u00e9t\u00e9 raffin\u00e9 et perfectionn\u00e9 depuis plus d\u2019un demi-si\u00e8cle\u00a0; le tambour de formage rotatif est au centre de notre s\u00e9rie Hydroforma. <\/h2>\t\t\t\t<\/div>\n\t\t\t\t<\/div>\n\t\t\t\t<div class=\"elementor-element elementor-element-1acbc1f elementor-widget elementor-widget-spacer\" data-id=\"1acbc1f\" data-element_type=\"widget\" data-e-type=\"widget\" data-widget_type=\"spacer.default\">\n\t\t\t\t<div class=\"elementor-widget-container\">\n\t\t\t\t\t\t\t<div class=\"elementor-spacer\">\n\t\t\t<div class=\"elementor-spacer-inner\"><\/div>\n\t\t<\/div>\n\t\t\t\t\t\t<\/div>\n\t\t\t\t<\/div>\n\t\t\t\t<div class=\"elementor-element elementor-element-85456c3 elementor-widget elementor-widget-gallery\" data-id=\"85456c3\" data-element_type=\"widget\" data-e-type=\"widget\" data-settings=\"{&quot;columns&quot;:6,&quot;gap&quot;:{&quot;unit&quot;:&quot;px&quot;,&quot;size&quot;:37,&quot;sizes&quot;:[]},&quot;aspect_ratio&quot;:&quot;9:16&quot;,&quot;columns_tablet&quot;:4,&quot;columns_mobile&quot;:5,&quot;gap_tablet&quot;:{&quot;unit&quot;:&quot;px&quot;,&quot;size&quot;:14,&quot;sizes&quot;:[]},&quot;gap_mobile&quot;:{&quot;unit&quot;:&quot;px&quot;,&quot;size&quot;:14,&quot;sizes&quot;:[]},&quot;lazyload&quot;:&quot;yes&quot;,&quot;gallery_layout&quot;:&quot;grid&quot;,&quot;content_hover_animation&quot;:&quot;fade-in&quot;}\" data-widget_type=\"gallery.default\">\n\t\t\t\t<div class=\"elementor-widget-container\">\n\t\t\t\t\t\t\t<div class=\"elementor-gallery__container\">\n\t\t\t\t\t\t\t<div class=\"e-gallery-item elementor-gallery-item elementor-animated-content\">\n\t\t\t\t\t<div class=\"e-gallery-image elementor-gallery-item__image\" data-thumbnail=\"https:\/\/mespack.com\/wp-content\/uploads\/2021\/09\/1-chamber-pod.svg\" data-width=\"0\" data-height=\"0\" aria-label=\"\" role=\"img\" ><\/div>\n\t\t\t\t\t\t\t\t\t\t\t\t\t\t<\/div>\n\t\t\t\t\t\t\t<div class=\"e-gallery-item elementor-gallery-item elementor-animated-content\">\n\t\t\t\t\t<div class=\"e-gallery-image elementor-gallery-item__image\" data-thumbnail=\"https:\/\/mespack.com\/wp-content\/uploads\/2021\/09\/2-chamber-pod.svg\" data-width=\"0\" data-height=\"0\" aria-label=\"\" role=\"img\" ><\/div>\n\t\t\t\t\t\t\t\t\t\t\t\t\t\t<\/div>\n\t\t\t\t\t\t\t<div class=\"e-gallery-item elementor-gallery-item elementor-animated-content\">\n\t\t\t\t\t<div class=\"e-gallery-image elementor-gallery-item__image\" data-thumbnail=\"https:\/\/mespack.com\/wp-content\/uploads\/2021\/09\/3-chamber-pod.svg\" data-width=\"0\" data-height=\"0\" aria-label=\"\" role=\"img\" ><\/div>\n\t\t\t\t\t\t\t\t\t\t\t\t\t\t<\/div>\n\t\t\t\t\t\t\t<div class=\"e-gallery-item elementor-gallery-item elementor-animated-content\">\n\t\t\t\t\t<div class=\"e-gallery-image elementor-gallery-item__image\" data-thumbnail=\"https:\/\/mespack.com\/wp-content\/uploads\/2021\/09\/4-chamber-pod.svg\" data-width=\"0\" data-height=\"0\" aria-label=\"\" role=\"img\" ><\/div>\n\t\t\t\t\t\t\t\t\t\t\t\t\t\t<\/div>\n\t\t\t\t\t\t\t<div class=\"e-gallery-item elementor-gallery-item elementor-animated-content\">\n\t\t\t\t\t<div class=\"e-gallery-image elementor-gallery-item__image\" data-thumbnail=\"https:\/\/mespack.com\/wp-content\/uploads\/2021\/09\/5-chamber-pod.svg\" data-width=\"0\" data-height=\"0\" aria-label=\"\" role=\"img\" ><\/div>\n\t\t\t\t\t\t\t\t\t\t\t\t\t\t<\/div>\n\t\t\t\t\t<\/div>\n\t\t\t\t\t<\/div>\n\t\t\t\t<\/div>\n\t\t\t\t\t<\/div>\n\t\t<\/div>\n\t\t\t\t<div class=\"elementor-column elementor-col-33 elementor-top-column elementor-element elementor-element-71db888\" data-id=\"71db888\" data-element_type=\"column\" data-e-type=\"column\">\n\t\t\t<div class=\"elementor-widget-wrap\">\n\t\t\t\t\t\t\t<\/div>\n\t\t<\/div>\n\t\t\t\t<div class=\"elementor-column elementor-col-33 elementor-top-column elementor-element elementor-element-fbd95b7\" data-id=\"fbd95b7\" data-element_type=\"column\" data-e-type=\"column\">\n\t\t\t<div class=\"elementor-widget-wrap elementor-element-populated\">\n\t\t\t\t\t\t<div class=\"elementor-element elementor-element-1bc1049 elementor-widget elementor-widget-text-editor\" data-id=\"1bc1049\" data-element_type=\"widget\" data-e-type=\"widget\" data-widget_type=\"text-editor.default\">\n\t\t\t\t<div class=\"elementor-widget-container\">\n\t\t\t\t\t\t\t\t\t<p>Principalement, la s\u00e9rie Hydroforma comprend trois mod\u00e8les pour la production de capsules de d\u00e9tergent. L&rsquo;Hydroforma 660 est la solution industrielle la plus rapide et la plus efficace pour les capsules solubles dans l&rsquo;eau. Les machines d&#8217;emballage Mespack Cloud, Hydroforma 330 et Hydroforma 165, avec leur plus petite empreinte carbone et moins ch\u00e8res, sont des versions r\u00e9duites de l&rsquo;Hydroforma 660 industrielle.<\/p>\n<p>Les trois unit\u00e9s excellent dans l&#8217;emballage des d\u00e9tergents liquides, les assouplissants de tissu, les traitements d&rsquo;eau, les additifs pour b\u00e9ton, ainsi que les produits chimiques pour l&rsquo;industrie chimique et l&rsquo;agriculture. L&rsquo;utilisation des machines Hydroforma d&#8217;emballage soluble dans l&rsquo;eau offre les avantages suivants\u00a0: pr\u00e9cision des doses pr\u00e9-mesur\u00e9es, facilit\u00e9 pour l&rsquo;utilisateur final, plus grande s\u00e9curit\u00e9 d&rsquo;utilisation (pas de contact chimique, moins de poussi\u00e8re et moins de vapeurs inhal\u00e9es), respectueuses de l&rsquo;environnement, concentration de produit pour une r\u00e9duction d&#8217;emballage et de co\u00fbt.<\/p>\n<p>Mespack dispose aussi d&rsquo;une machine \u00e9chantillon pour aider nos clients dans le d\u00e9veloppement de leur nouveau produit. Cette station doit \u00eatre enti\u00e8rement prot\u00e9g\u00e9e et mont\u00e9e sur un cadre autoportant\u00a0; il s&rsquo;agit d&rsquo;un processus contr\u00f4l\u00e9 pouvant \u00eatre r\u00e9p\u00e9t\u00e9 qui simule autant que possible le mode d&rsquo;op\u00e9ration d&rsquo;une machine PVA Mespack.<\/p>\n\t\t\t\t\t\t\t\t<\/div>\n\t\t\t\t<\/div>\n\t\t\t\t\t<\/div>\n\t\t<\/div>\n\t\t\t\t\t<\/div>\n\t\t<\/section>\n\t\t<div class=\"elementor-element elementor-element-9ba457e e-flex e-con-boxed e-con e-parent\" data-id=\"9ba457e\" data-element_type=\"container\" data-e-type=\"container\">\n\t\t\t\t\t<div class=\"e-con-inner\">\n\t\t\t\t<div class=\"elementor-element elementor-element-40cf79d elementor-widget elementor-widget-heading\" data-id=\"40cf79d\" data-element_type=\"widget\" data-e-type=\"widget\" data-widget_type=\"heading.default\">\n\t\t\t\t<div class=\"elementor-widget-container\">\n\t\t\t\t\t<h3 class=\"elementor-heading-title elementor-size-default\">S\u00e9rie<\/h3>\t\t\t\t<\/div>\n\t\t\t\t<\/div>\n\t\t\t\t\t<\/div>\n\t\t\t\t<\/div>\n\t\t<div class=\"elementor-element elementor-element-65741f3 e-flex e-con-boxed e-con e-parent\" data-id=\"65741f3\" data-element_type=\"container\" data-e-type=\"container\">\n\t\t\t\t\t<div class=\"e-con-inner\">\n\t\t<div class=\"elementor-element elementor-element-6984c01 e-flex e-con-boxed e-con e-child\" data-id=\"6984c01\" data-element_type=\"container\" data-e-type=\"container\" data-settings=\"{&quot;background_background&quot;:&quot;gradient&quot;}\">\n\t\t\t\t\t<div class=\"e-con-inner\">\n\t\t\t\t<div class=\"elementor-element elementor-element-c9df7b5 elementor-widget__width-initial elementor-widget elementor-widget-image\" data-id=\"c9df7b5\" data-element_type=\"widget\" data-e-type=\"widget\" data-widget_type=\"image.default\">\n\t\t\t\t<div class=\"elementor-widget-container\">\n\t\t\t\t\t\t\t\t\t\t\t\t\t\t\t<img fetchpriority=\"high\" decoding=\"async\" width=\"800\" height=\"600\" src=\"https:\/\/mespack.com\/wp-content\/uploads\/2022\/02\/Hydroforma-660-DS-1024x768.webp\" class=\"attachment-large size-large wp-image-27237\" alt=\"Hydroforma-660-DS\" srcset=\"https:\/\/mespack.com\/wp-content\/uploads\/2022\/02\/Hydroforma-660-DS-1024x768.webp 1024w, https:\/\/mespack.com\/wp-content\/uploads\/2022\/02\/Hydroforma-660-DS-300x225.webp 300w, https:\/\/mespack.com\/wp-content\/uploads\/2022\/02\/Hydroforma-660-DS-768x576.webp 768w, https:\/\/mespack.com\/wp-content\/uploads\/2022\/02\/Hydroforma-660-DS.webp 1067w\" sizes=\"(max-width: 800px) 100vw, 800px\" \/>\t\t\t\t\t\t\t\t\t\t\t\t\t\t\t<\/div>\n\t\t\t\t<\/div>\n\t\t<div class=\"elementor-element elementor-element-96a4a22 e-flex e-con-boxed e-con e-child\" data-id=\"96a4a22\" data-element_type=\"container\" data-e-type=\"container\">\n\t\t\t\t\t<div class=\"e-con-inner\">\n\t\t\t\t<div class=\"elementor-element elementor-element-8ba4d92 elementor-widget elementor-widget-heading\" data-id=\"8ba4d92\" data-element_type=\"widget\" data-e-type=\"widget\" data-widget_type=\"heading.default\">\n\t\t\t\t<div class=\"elementor-widget-container\">\n\t\t\t\t\t<h3 class=\"elementor-heading-title elementor-size-default\">S\u00e9rie Hydroforma de Cloud Packaging<\/h3>\t\t\t\t<\/div>\n\t\t\t\t<\/div>\n\t\t\t\t<div class=\"elementor-element elementor-element-d0891b9 elementor-widget elementor-widget-heading\" data-id=\"d0891b9\" data-element_type=\"widget\" data-e-type=\"widget\" data-widget_type=\"heading.default\">\n\t\t\t\t<div class=\"elementor-widget-container\">\n\t\t\t\t\t<h4 class=\"elementor-heading-title elementor-size-default\">Plus rapide que les autres machines de la concurrence, avec moins de d\u00e9chets et des temps de cycle plus \u00e9lev\u00e9s.<\/h4>\t\t\t\t<\/div>\n\t\t\t\t<\/div>\n\t\t\t\t<div class=\"elementor-element elementor-element-b1c9a3d elementor-widget__width-auto elementor-widget elementor-widget-button\" data-id=\"b1c9a3d\" data-element_type=\"widget\" data-e-type=\"widget\" data-widget_type=\"button.default\">\n\t\t\t\t<div class=\"elementor-widget-container\">\n\t\t\t\t\t\t\t\t\t<div class=\"elementor-button-wrapper\">\n\t\t\t\t\t<a class=\"elementor-button elementor-button-link elementor-size-sm\" href=\"https:\/\/mespack.com\/fr\/serie-hydroforma-de-cloud-packaging\/\">\n\t\t\t\t\t\t<span class=\"elementor-button-content-wrapper\">\n\t\t\t\t\t\t\t\t\t<span class=\"elementor-button-text\">Davantage d'informations<\/span>\n\t\t\t\t\t<\/span>\n\t\t\t\t\t<\/a>\n\t\t\t\t<\/div>\n\t\t\t\t\t\t\t\t<\/div>\n\t\t\t\t<\/div>\n\t\t\t\t\t<\/div>\n\t\t\t\t<\/div>\n\t\t\t\t\t<\/div>\n\t\t\t\t<\/div>\n\t\t\t\t\t<\/div>\n\t\t\t\t<\/div>\n\t\t<div class=\"elementor-element elementor-element-6092c14 e-flex e-con-boxed e-con e-parent\" data-id=\"6092c14\" data-element_type=\"container\" data-e-type=\"container\">\n\t\t\t\t\t<div class=\"e-con-inner\">\n\t\t<div class=\"elementor-element elementor-element-ce360a7 e-flex e-con-boxed e-con e-child\" data-id=\"ce360a7\" data-element_type=\"container\" data-e-type=\"container\" data-settings=\"{&quot;background_background&quot;:&quot;gradient&quot;}\">\n\t\t\t\t\t<div class=\"e-con-inner\">\n\t\t\t\t<div class=\"elementor-element elementor-element-8d5d304 elementor-widget__width-initial elementor-widget elementor-widget-image\" data-id=\"8d5d304\" data-element_type=\"widget\" data-e-type=\"widget\" data-widget_type=\"image.default\">\n\t\t\t\t<div class=\"elementor-widget-container\">\n\t\t\t\t\t\t\t\t\t\t\t\t\t\t\t<img decoding=\"async\" width=\"800\" height=\"508\" src=\"https:\/\/mespack.com\/wp-content\/uploads\/2023\/04\/Hydroforma-660-FB-1024x650.webp\" class=\"attachment-large size-large wp-image-27241\" alt=\"\" srcset=\"https:\/\/mespack.com\/wp-content\/uploads\/2023\/04\/Hydroforma-660-FB-1024x650.webp 1024w, https:\/\/mespack.com\/wp-content\/uploads\/2023\/04\/Hydroforma-660-FB-300x190.webp 300w, https:\/\/mespack.com\/wp-content\/uploads\/2023\/04\/Hydroforma-660-FB-768x488.webp 768w, https:\/\/mespack.com\/wp-content\/uploads\/2023\/04\/Hydroforma-660-FB.webp 1260w\" sizes=\"(max-width: 800px) 100vw, 800px\" \/>\t\t\t\t\t\t\t\t\t\t\t\t\t\t\t<\/div>\n\t\t\t\t<\/div>\n\t\t<div class=\"elementor-element elementor-element-30107ee e-flex e-con-boxed e-con e-child\" data-id=\"30107ee\" data-element_type=\"container\" data-e-type=\"container\">\n\t\t\t\t\t<div class=\"e-con-inner\">\n\t\t\t\t<div class=\"elementor-element elementor-element-8cb6946 elementor-widget elementor-widget-heading\" data-id=\"8cb6946\" data-element_type=\"widget\" data-e-type=\"widget\" data-widget_type=\"heading.default\">\n\t\t\t\t<div class=\"elementor-widget-container\">\n\t\t\t\t\t<h3 class=\"elementor-heading-title elementor-size-default\">Hydroforma FB Series<\/h3>\t\t\t\t<\/div>\n\t\t\t\t<\/div>\n\t\t\t\t<div class=\"elementor-element elementor-element-b97bfa0 elementor-widget elementor-widget-heading\" data-id=\"b97bfa0\" data-element_type=\"widget\" data-e-type=\"widget\" data-widget_type=\"heading.default\">\n\t\t\t\t<div class=\"elementor-widget-container\">\n\t\t\t\t\t<h4 class=\"elementor-heading-title elementor-size-default\">Notre derni\u00e8re innovation en \u00e9quipement \u00e0 capsules solubles dans l'eau<\/h4>\t\t\t\t<\/div>\n\t\t\t\t<\/div>\n\t\t\t\t<div class=\"elementor-element elementor-element-9b5c295 elementor-widget__width-auto elementor-widget elementor-widget-button\" data-id=\"9b5c295\" data-element_type=\"widget\" data-e-type=\"widget\" data-widget_type=\"button.default\">\n\t\t\t\t<div class=\"elementor-widget-container\">\n\t\t\t\t\t\t\t\t\t<div class=\"elementor-button-wrapper\">\n\t\t\t\t\t<a class=\"elementor-button elementor-button-link elementor-size-sm\" href=\"https:\/\/mespack.com\/fr\/serie-hydroforma-fb\/\">\n\t\t\t\t\t\t<span class=\"elementor-button-content-wrapper\">\n\t\t\t\t\t\t\t\t\t<span class=\"elementor-button-text\">Davantage d'informations<\/span>\n\t\t\t\t\t<\/span>\n\t\t\t\t\t<\/a>\n\t\t\t\t<\/div>\n\t\t\t\t\t\t\t\t<\/div>\n\t\t\t\t<\/div>\n\t\t\t\t\t<\/div>\n\t\t\t\t<\/div>\n\t\t\t\t\t<\/div>\n\t\t\t\t<\/div>\n\t\t\t\t\t<\/div>\n\t\t\t\t<\/div>\n\t\t\t\t<\/div>\n\t\t","protected":false},"excerpt":{"rendered":"<p>Mespack a repris r\u00e9cemment Cloud Packaging, un important fabricant de machines de capsules solubles dans l&rsquo;eau qui a cr\u00e9\u00e9 la technologie du tambour rotatif en 1965. Cette technologie est la base du tambour de formage rotatif, qui a \u00e9t\u00e9 raffin\u00e9 et perfectionn\u00e9 depuis plus d\u2019un demi-si\u00e8cle\u00a0; le tambour de formage rotatif est au centre de [&hellip;]<\/p>\n","protected":false},"author":21,"featured_media":0,"parent":0,"menu_order":0,"comment_status":"closed","ping_status":"closed","template":"","meta":{"_acf_changed":false,"footnotes":""},"class_list":["post-14978","page","type-page","status-publish","hentry"],"acf":[],"yoast_head":"<!-- This site is optimized with the Yoast SEO plugin v27.5 - https:\/\/yoast.com\/product\/yoast-seo-wordpress\/ -->\n<title>Emballage soluble dans l&#039;eau | Mespack<\/title>\n<meta name=\"description\" content=\"La s\u00e9rie Hydroforma comprend trois mod\u00e8les pour la production d&#039;emballage soluble dans l&#039;eau comme les capsules de d\u00e9tergents.\" \/>\n<meta name=\"robots\" content=\"index, follow, max-snippet:-1, max-image-preview:large, max-video-preview:-1\" \/>\n<link rel=\"canonical\" href=\"https:\/\/mespack.com\/fr\/machine-demballage-soluble-dans-leau\/\" \/>\n<meta property=\"og:locale\" content=\"fr_FR\" \/>\n<meta property=\"og:type\" content=\"article\" \/>\n<meta property=\"og:title\" content=\"Emballage soluble dans l&#039;eau | Mespack\" \/>\n<meta property=\"og:description\" content=\"La s\u00e9rie Hydroforma comprend trois mod\u00e8les pour la production d&#039;emballage soluble dans l&#039;eau comme les capsules de d\u00e9tergents.\" \/>\n<meta property=\"og:url\" content=\"https:\/\/mespack.com\/fr\/machine-demballage-soluble-dans-leau\/\" \/>\n<meta property=\"og:site_name\" content=\"Mespack\" \/>\n<meta property=\"article:modified_time\" content=\"2026-04-29T00:05:05+00:00\" \/>\n<meta property=\"og:image\" content=\"https:\/\/mespack.com\/wp-content\/uploads\/2022\/02\/Hydroforma-660-DS.webp\" \/>\n\t<meta property=\"og:image:width\" content=\"1067\" \/>\n\t<meta property=\"og:image:height\" content=\"800\" \/>\n\t<meta property=\"og:image:type\" content=\"image\/webp\" \/>\n<meta name=\"twitter:card\" content=\"summary_large_image\" \/>\n<meta name=\"twitter:label1\" content=\"Dur\u00e9e de lecture estim\u00e9e\" \/>\n\t<meta name=\"twitter:data1\" content=\"2 minutes\" \/>\n<script type=\"application\/ld+json\" class=\"yoast-schema-graph\">{\"@context\":\"https:\\\/\\\/schema.org\",\"@graph\":[{\"@type\":\"WebPage\",\"@id\":\"https:\\\/\\\/mespack.com\\\/fr\\\/machine-demballage-soluble-dans-leau\\\/\",\"url\":\"https:\\\/\\\/mespack.com\\\/fr\\\/machine-demballage-soluble-dans-leau\\\/\",\"name\":\"Emballage soluble dans l'eau | Mespack\",\"isPartOf\":{\"@id\":\"https:\\\/\\\/mespack.com\\\/fr\\\/#website\"},\"primaryImageOfPage\":{\"@id\":\"https:\\\/\\\/mespack.com\\\/fr\\\/machine-demballage-soluble-dans-leau\\\/#primaryimage\"},\"image\":{\"@id\":\"https:\\\/\\\/mespack.com\\\/fr\\\/machine-demballage-soluble-dans-leau\\\/#primaryimage\"},\"thumbnailUrl\":\"https:\\\/\\\/mespack.com\\\/wp-content\\\/uploads\\\/2022\\\/02\\\/Hydroforma-660-DS-1024x768.webp\",\"datePublished\":\"2021-11-25T11:32:17+00:00\",\"dateModified\":\"2026-04-29T00:05:05+00:00\",\"description\":\"La s\u00e9rie Hydroforma comprend trois mod\u00e8les pour la production d'emballage soluble dans l'eau comme les capsules de d\u00e9tergents.\",\"breadcrumb\":{\"@id\":\"https:\\\/\\\/mespack.com\\\/fr\\\/machine-demballage-soluble-dans-leau\\\/#breadcrumb\"},\"inLanguage\":\"fr-FR\",\"potentialAction\":[{\"@type\":\"ReadAction\",\"target\":[\"https:\\\/\\\/mespack.com\\\/fr\\\/machine-demballage-soluble-dans-leau\\\/\"]}]},{\"@type\":\"ImageObject\",\"inLanguage\":\"fr-FR\",\"@id\":\"https:\\\/\\\/mespack.com\\\/fr\\\/machine-demballage-soluble-dans-leau\\\/#primaryimage\",\"url\":\"https:\\\/\\\/mespack.com\\\/wp-content\\\/uploads\\\/2022\\\/02\\\/Hydroforma-660-DS-1024x768.webp\",\"contentUrl\":\"https:\\\/\\\/mespack.com\\\/wp-content\\\/uploads\\\/2022\\\/02\\\/Hydroforma-660-DS-1024x768.webp\"},{\"@type\":\"BreadcrumbList\",\"@id\":\"https:\\\/\\\/mespack.com\\\/fr\\\/machine-demballage-soluble-dans-leau\\\/#breadcrumb\",\"itemListElement\":[{\"@type\":\"ListItem\",\"position\":1,\"name\":\"Home\",\"item\":\"https:\\\/\\\/mespack.com\\\/fr\\\/\"},{\"@type\":\"ListItem\",\"position\":2,\"name\":\"Machine d&#8217;emballage soluble dans l&#8217;eau\"}]},{\"@type\":\"WebSite\",\"@id\":\"https:\\\/\\\/mespack.com\\\/fr\\\/#website\",\"url\":\"https:\\\/\\\/mespack.com\\\/fr\\\/\",\"name\":\"Mespack\",\"description\":\"A Duravant Company\",\"publisher\":{\"@id\":\"https:\\\/\\\/mespack.com\\\/fr\\\/#organization\"},\"potentialAction\":[{\"@type\":\"SearchAction\",\"target\":{\"@type\":\"EntryPoint\",\"urlTemplate\":\"https:\\\/\\\/mespack.com\\\/fr\\\/?s={search_term_string}\"},\"query-input\":{\"@type\":\"PropertyValueSpecification\",\"valueRequired\":true,\"valueName\":\"search_term_string\"}}],\"inLanguage\":\"fr-FR\"},{\"@type\":\"Organization\",\"@id\":\"https:\\\/\\\/mespack.com\\\/fr\\\/#organization\",\"name\":\"Mespack\",\"url\":\"https:\\\/\\\/mespack.com\\\/fr\\\/\",\"logo\":{\"@type\":\"ImageObject\",\"inLanguage\":\"fr-FR\",\"@id\":\"https:\\\/\\\/mespack.com\\\/fr\\\/#\\\/schema\\\/logo\\\/image\\\/\",\"url\":\"https:\\\/\\\/mespack.com\\\/wp-content\\\/uploads\\\/2021\\\/07\\\/logo-mespack-1.svg\",\"contentUrl\":\"https:\\\/\\\/mespack.com\\\/wp-content\\\/uploads\\\/2021\\\/07\\\/logo-mespack-1.svg\",\"width\":1,\"height\":1,\"caption\":\"Mespack\"},\"image\":{\"@id\":\"https:\\\/\\\/mespack.com\\\/fr\\\/#\\\/schema\\\/logo\\\/image\\\/\"},\"sameAs\":[\"https:\\\/\\\/www.linkedin.com\\\/company\\\/mespack\\\/\"]}]}<\/script>\n<!-- \/ Yoast SEO plugin. -->","yoast_head_json":{"title":"Emballage soluble dans l'eau | Mespack","description":"La s\u00e9rie Hydroforma comprend trois mod\u00e8les pour la production d'emballage soluble dans l'eau comme les capsules de d\u00e9tergents.","robots":{"index":"index","follow":"follow","max-snippet":"max-snippet:-1","max-image-preview":"max-image-preview:large","max-video-preview":"max-video-preview:-1"},"canonical":"https:\/\/mespack.com\/fr\/machine-demballage-soluble-dans-leau\/","og_locale":"fr_FR","og_type":"article","og_title":"Emballage soluble dans l'eau | Mespack","og_description":"La s\u00e9rie Hydroforma comprend trois mod\u00e8les pour la production d'emballage soluble dans l'eau comme les capsules de d\u00e9tergents.","og_url":"https:\/\/mespack.com\/fr\/machine-demballage-soluble-dans-leau\/","og_site_name":"Mespack","article_modified_time":"2026-04-29T00:05:05+00:00","og_image":[{"width":1067,"height":800,"url":"https:\/\/mespack.com\/wp-content\/uploads\/2022\/02\/Hydroforma-660-DS.webp","type":"image\/webp"}],"twitter_card":"summary_large_image","twitter_misc":{"Dur\u00e9e de lecture estim\u00e9e":"2 minutes"},"schema":{"@context":"https:\/\/schema.org","@graph":[{"@type":"WebPage","@id":"https:\/\/mespack.com\/fr\/machine-demballage-soluble-dans-leau\/","url":"https:\/\/mespack.com\/fr\/machine-demballage-soluble-dans-leau\/","name":"Emballage soluble dans l'eau | Mespack","isPartOf":{"@id":"https:\/\/mespack.com\/fr\/#website"},"primaryImageOfPage":{"@id":"https:\/\/mespack.com\/fr\/machine-demballage-soluble-dans-leau\/#primaryimage"},"image":{"@id":"https:\/\/mespack.com\/fr\/machine-demballage-soluble-dans-leau\/#primaryimage"},"thumbnailUrl":"https:\/\/mespack.com\/wp-content\/uploads\/2022\/02\/Hydroforma-660-DS-1024x768.webp","datePublished":"2021-11-25T11:32:17+00:00","dateModified":"2026-04-29T00:05:05+00:00","description":"La s\u00e9rie Hydroforma comprend trois mod\u00e8les pour la production d'emballage soluble dans l'eau comme les capsules de d\u00e9tergents.","breadcrumb":{"@id":"https:\/\/mespack.com\/fr\/machine-demballage-soluble-dans-leau\/#breadcrumb"},"inLanguage":"fr-FR","potentialAction":[{"@type":"ReadAction","target":["https:\/\/mespack.com\/fr\/machine-demballage-soluble-dans-leau\/"]}]},{"@type":"ImageObject","inLanguage":"fr-FR","@id":"https:\/\/mespack.com\/fr\/machine-demballage-soluble-dans-leau\/#primaryimage","url":"https:\/\/mespack.com\/wp-content\/uploads\/2022\/02\/Hydroforma-660-DS-1024x768.webp","contentUrl":"https:\/\/mespack.com\/wp-content\/uploads\/2022\/02\/Hydroforma-660-DS-1024x768.webp"},{"@type":"BreadcrumbList","@id":"https:\/\/mespack.com\/fr\/machine-demballage-soluble-dans-leau\/#breadcrumb","itemListElement":[{"@type":"ListItem","position":1,"name":"Home","item":"https:\/\/mespack.com\/fr\/"},{"@type":"ListItem","position":2,"name":"Machine d&#8217;emballage soluble dans l&#8217;eau"}]},{"@type":"WebSite","@id":"https:\/\/mespack.com\/fr\/#website","url":"https:\/\/mespack.com\/fr\/","name":"Mespack","description":"A Duravant Company","publisher":{"@id":"https:\/\/mespack.com\/fr\/#organization"},"potentialAction":[{"@type":"SearchAction","target":{"@type":"EntryPoint","urlTemplate":"https:\/\/mespack.com\/fr\/?s={search_term_string}"},"query-input":{"@type":"PropertyValueSpecification","valueRequired":true,"valueName":"search_term_string"}}],"inLanguage":"fr-FR"},{"@type":"Organization","@id":"https:\/\/mespack.com\/fr\/#organization","name":"Mespack","url":"https:\/\/mespack.com\/fr\/","logo":{"@type":"ImageObject","inLanguage":"fr-FR","@id":"https:\/\/mespack.com\/fr\/#\/schema\/logo\/image\/","url":"https:\/\/mespack.com\/wp-content\/uploads\/2021\/07\/logo-mespack-1.svg","contentUrl":"https:\/\/mespack.com\/wp-content\/uploads\/2021\/07\/logo-mespack-1.svg","width":1,"height":1,"caption":"Mespack"},"image":{"@id":"https:\/\/mespack.com\/fr\/#\/schema\/logo\/image\/"},"sameAs":["https:\/\/www.linkedin.com\/company\/mespack\/"]}]}},"_links":{"self":[{"href":"https:\/\/mespack.com\/fr\/wp-json\/wp\/v2\/pages\/14978","targetHints":{"allow":["GET"]}}],"collection":[{"href":"https:\/\/mespack.com\/fr\/wp-json\/wp\/v2\/pages"}],"about":[{"href":"https:\/\/mespack.com\/fr\/wp-json\/wp\/v2\/types\/page"}],"author":[{"embeddable":true,"href":"https:\/\/mespack.com\/fr\/wp-json\/wp\/v2\/users\/21"}],"replies":[{"embeddable":true,"href":"https:\/\/mespack.com\/fr\/wp-json\/wp\/v2\/comments?post=14978"}],"version-history":[{"count":0,"href":"https:\/\/mespack.com\/fr\/wp-json\/wp\/v2\/pages\/14978\/revisions"}],"wp:attachment":[{"href":"https:\/\/mespack.com\/fr\/wp-json\/wp\/v2\/media?parent=14978"}],"curies":[{"name":"wp","href":"https:\/\/api.w.org\/{rel}","templated":true}]}}