{"id":14970,"date":"2021-11-25T14:22:27","date_gmt":"2021-11-25T13:22:27","guid":{"rendered":"https:\/\/mespack.com\/hybride-horizontal-emballage-lamine-et-pre-fait\/"},"modified":"2024-02-20T09:07:22","modified_gmt":"2024-02-20T08:07:22","slug":"hybride-horizontal-emballage-lamine-et-pre-fait","status":"publish","type":"page","link":"https:\/\/mespack.com\/fr\/hybride-horizontal-emballage-lamine-et-pre-fait\/","title":{"rendered":"Hybride Horizontal\u00a0: Emballage lamin\u00e9 et pr\u00e9-fait"},"content":{"rendered":"\t\t<div data-elementor-type=\"wp-page\" data-elementor-id=\"14970\" class=\"elementor elementor-14970 elementor-6229\" data-elementor-post-type=\"page\">\n\t\t\t\t\t\t<section class=\"elementor-section elementor-top-section elementor-element elementor-element-68c0535 elementor-section-boxed elementor-section-height-default elementor-section-height-default\" data-id=\"68c0535\" data-element_type=\"section\" data-e-type=\"section\">\n\t\t\t\t\t\t<div class=\"elementor-container elementor-column-gap-default\">\n\t\t\t\t\t<div class=\"elementor-column elementor-col-100 elementor-top-column elementor-element elementor-element-c1c35ed\" data-id=\"c1c35ed\" data-element_type=\"column\" data-e-type=\"column\">\n\t\t\t<div class=\"elementor-widget-wrap elementor-element-populated\">\n\t\t\t\t\t\t<div class=\"elementor-element elementor-element-82b91e5 elementor-widget elementor-widget-template\" data-id=\"82b91e5\" data-element_type=\"widget\" data-e-type=\"widget\" data-widget_type=\"template.default\">\n\t\t\t\t<div class=\"elementor-widget-container\">\n\t\t\t\t\t\t\t<div class=\"elementor-template\">\n\t\t\t\t\t<div data-elementor-type=\"section\" data-elementor-id=\"15072\" class=\"elementor elementor-15072 elementor-423 elementor-423\" data-elementor-post-type=\"elementor_library\">\n\t\t\t<section class=\"elementor-element elementor-element-479161b e-flex e-con-boxed e-con e-parent\" data-id=\"479161b\" data-element_type=\"container\" data-e-type=\"container\">\n\t\t\t\t\t<div class=\"e-con-inner\">\n\t\t\t\t<div class=\"elementor-element elementor-element-f2c40f6 elementor-widget elementor-widget-shortcode\" data-id=\"f2c40f6\" data-element_type=\"widget\" data-e-type=\"widget\" data-widget_type=\"shortcode.default\">\n\t\t\t\t<div class=\"elementor-widget-container\">\n\t\t\t\t\t\t\t<div class=\"elementor-shortcode\"><span><span><a href=\"https:\/\/mespack.com\/fr\/\">Home<\/a><\/span><\/span><\/div>\n\t\t\t\t\t\t<\/div>\n\t\t\t\t<\/div>\n\t\t<div class=\"elementor-element elementor-element-e880a38 e-con-full e-flex e-con e-child\" data-id=\"e880a38\" data-element_type=\"container\" data-e-type=\"container\">\n\t\t\t\t<\/div>\n\t\t\t\t<div class=\"elementor-element elementor-element-d79f5ca elementor-widget-divider--view-line_icon elementor-widget-divider--element-align-left elementor-view-default elementor-widget elementor-widget-divider\" data-id=\"d79f5ca\" data-element_type=\"widget\" data-e-type=\"widget\" data-widget_type=\"divider.default\">\n\t\t\t\t<div class=\"elementor-widget-container\">\n\t\t\t\t\t\t\t<div class=\"elementor-divider\">\n\t\t\t<span class=\"elementor-divider-separator\">\n\t\t\t\t\t\t\t<div class=\"elementor-icon elementor-divider__element\">\n\t\t\t\t\t<svg xmlns=\"http:\/\/www.w3.org\/2000\/svg\" width=\"230\" height=\"19\" viewBox=\"0 0 230 19\" fill=\"none\"><rect width=\"230\" height=\"19\" fill=\"#E3092C\"><\/rect><\/svg><\/div>\n\t\t\t\t\t\t<\/span>\n\t\t<\/div>\n\t\t\t\t\t\t<\/div>\n\t\t\t\t<\/div>\n\t\t\t\t\t<\/div>\n\t\t\t\t<\/section>\n\t\t\t\t<\/div>\n\t\t\t\t<\/div>\n\t\t\t\t\t\t<\/div>\n\t\t\t\t<\/div>\n\t\t\t\t\t<\/div>\n\t\t<\/div>\n\t\t\t\t\t<\/div>\n\t\t<\/section>\n\t\t\t\t<section class=\"elementor-section elementor-top-section elementor-element elementor-element-37a42f3 elementor-section-boxed elementor-section-height-default elementor-section-height-default\" data-id=\"37a42f3\" data-element_type=\"section\" data-e-type=\"section\">\n\t\t\t\t\t\t<div class=\"elementor-container elementor-column-gap-default\">\n\t\t\t\t\t<div class=\"elementor-column elementor-col-33 elementor-top-column elementor-element elementor-element-f84d846\" data-id=\"f84d846\" data-element_type=\"column\" data-e-type=\"column\">\n\t\t\t<div class=\"elementor-widget-wrap elementor-element-populated\">\n\t\t\t\t\t\t<div class=\"elementor-element elementor-element-80f10e9 elementor-widget elementor-widget-heading\" data-id=\"80f10e9\" data-element_type=\"widget\" data-e-type=\"widget\" data-widget_type=\"heading.default\">\n\t\t\t\t<div class=\"elementor-widget-container\">\n\t\t\t\t\t<h2 class=\"elementor-heading-title elementor-size-default\">La s\u00e9rie IMH est une machine d'emballage polyvalente \u00e0 mouvement intermittent qui peut fonctionner comme une machine d'emballage pr\u00e9-fait ou lamin\u00e9\u00a0; ce mode d'\u00e9change peut \u00eatre ex\u00e9cut\u00e9 avec l'utilisation d'un simple programme. <\/h2>\t\t\t\t<\/div>\n\t\t\t\t<\/div>\n\t\t\t\t<div class=\"elementor-element elementor-element-d3b8695 elementor-widget elementor-widget-spacer\" data-id=\"d3b8695\" data-element_type=\"widget\" data-e-type=\"widget\" data-widget_type=\"spacer.default\">\n\t\t\t\t<div class=\"elementor-widget-container\">\n\t\t\t\t\t\t\t<div class=\"elementor-spacer\">\n\t\t\t<div class=\"elementor-spacer-inner\"><\/div>\n\t\t<\/div>\n\t\t\t\t\t\t<\/div>\n\t\t\t\t<\/div>\n\t\t\t\t<div class=\"elementor-element elementor-element-6518b9d elementor-widget elementor-widget-gallery\" data-id=\"6518b9d\" data-element_type=\"widget\" data-e-type=\"widget\" data-settings=\"{&quot;columns&quot;:6,&quot;gap&quot;:{&quot;unit&quot;:&quot;px&quot;,&quot;size&quot;:38,&quot;sizes&quot;:[]},&quot;aspect_ratio&quot;:&quot;9:16&quot;,&quot;columns_tablet&quot;:4,&quot;columns_mobile&quot;:5,&quot;gap_tablet&quot;:{&quot;unit&quot;:&quot;px&quot;,&quot;size&quot;:14,&quot;sizes&quot;:[]},&quot;gap_mobile&quot;:{&quot;unit&quot;:&quot;px&quot;,&quot;size&quot;:14,&quot;sizes&quot;:[]},&quot;lazyload&quot;:&quot;yes&quot;,&quot;gallery_layout&quot;:&quot;grid&quot;,&quot;content_hover_animation&quot;:&quot;fade-in&quot;}\" data-widget_type=\"gallery.default\">\n\t\t\t\t<div class=\"elementor-widget-container\">\n\t\t\t\t\t\t\t<div class=\"elementor-gallery__container\">\n\t\t\t\t\t\t\t<div class=\"e-gallery-item elementor-gallery-item elementor-animated-content\">\n\t\t\t\t\t<div class=\"e-gallery-image elementor-gallery-item__image\" data-thumbnail=\"https:\/\/mespack.com\/wp-content\/uploads\/2021\/07\/4-side-seal-square.svg\" data-width=\"0\" data-height=\"0\" aria-label=\"\" role=\"img\" ><\/div>\n\t\t\t\t\t\t\t\t\t\t\t\t\t\t<\/div>\n\t\t\t\t\t\t\t<div class=\"e-gallery-item elementor-gallery-item elementor-animated-content\">\n\t\t\t\t\t<div class=\"e-gallery-image elementor-gallery-item__image\" data-thumbnail=\"https:\/\/mespack.com\/wp-content\/uploads\/2021\/08\/4-side-seal.svg\" data-width=\"0\" data-height=\"0\" aria-label=\"\" role=\"img\" ><\/div>\n\t\t\t\t\t\t\t\t\t\t\t\t\t\t<\/div>\n\t\t\t\t\t\t\t<div class=\"e-gallery-item elementor-gallery-item elementor-animated-content\">\n\t\t\t\t\t<div class=\"e-gallery-image elementor-gallery-item__image\" data-thumbnail=\"https:\/\/mespack.com\/wp-content\/uploads\/2021\/07\/stand-up.svg\" data-width=\"0\" data-height=\"0\" aria-label=\"\" role=\"img\" ><\/div>\n\t\t\t\t\t\t\t\t\t\t\t\t\t\t<\/div>\n\t\t\t\t\t\t\t<div class=\"e-gallery-item elementor-gallery-item elementor-animated-content\">\n\t\t\t\t\t<div class=\"e-gallery-image elementor-gallery-item__image\" data-thumbnail=\"https:\/\/mespack.com\/wp-content\/uploads\/2021\/07\/zipper-stand-up.svg\" data-width=\"0\" data-height=\"0\" aria-label=\"\" role=\"img\" ><\/div>\n\t\t\t\t\t\t\t\t\t\t\t\t\t\t<\/div>\n\t\t\t\t\t<\/div>\n\t\t\t\t\t<\/div>\n\t\t\t\t<\/div>\n\t\t\t\t\t<\/div>\n\t\t<\/div>\n\t\t\t\t<div class=\"elementor-column elementor-col-33 elementor-top-column elementor-element elementor-element-1a464f8\" data-id=\"1a464f8\" data-element_type=\"column\" data-e-type=\"column\">\n\t\t\t<div class=\"elementor-widget-wrap\">\n\t\t\t\t\t\t\t<\/div>\n\t\t<\/div>\n\t\t\t\t<div class=\"elementor-column elementor-col-33 elementor-top-column elementor-element elementor-element-7cf50ad\" data-id=\"7cf50ad\" data-element_type=\"column\" data-e-type=\"column\">\n\t\t\t<div class=\"elementor-widget-wrap elementor-element-populated\">\n\t\t\t\t\t\t<div class=\"elementor-element elementor-element-7aee163 elementor-widget elementor-widget-text-editor\" data-id=\"7aee163\" data-element_type=\"widget\" data-e-type=\"widget\" data-widget_type=\"text-editor.default\">\n\t\t\t\t<div class=\"elementor-widget-container\">\n\t\t\t\t\t\t\t\t\t<p>Cette s\u00e9rie apporte aux fabricants une extraordinaire possibilit\u00e9 d&rsquo;options configurables dans une seule solution tr\u00e8s performante. C&rsquo;est pourquoi elle est aussi consid\u00e9r\u00e9e comme une machine d&rsquo;entr\u00e9e de gamme, malgr\u00e9 ses deux modes de travail, emballage pr\u00e9form\u00e9 et lamin\u00e9.<\/p>\n<p>Les machines de la s\u00e9rie IHM ont \u00e9t\u00e9 cr\u00e9\u00e9es pour r\u00e9pondre aux besoins sp\u00e9cifiques des clients. Les machines peuvent \u00eatre \u00e9tir\u00e9es pour permettre plusieurs m\u00e9thodes de remplissage en fournissant n&rsquo;importe quel nombre de stations de remplissage.<\/p>\n<p>Le syst\u00e8me d&rsquo;entonnoirs mobiles de Mespack est utilis\u00e9 dans les stations de remplissage qui sont remplies avec une tr\u00e9mie de synchronisation. Ce syst\u00e8me augmente beaucoup la vitesse de la machine. De plus, les entonnoirs permettent des changements sans outil pour un remplacement rapide.<\/p>\n\t\t\t\t\t\t\t\t<\/div>\n\t\t\t\t<\/div>\n\t\t\t\t\t<\/div>\n\t\t<\/div>\n\t\t\t\t\t<\/div>\n\t\t<\/section>\n\t\t\t\t<section class=\"elementor-section elementor-top-section elementor-element elementor-element-7067f27 elementor-section-boxed elementor-section-height-default elementor-section-height-default\" data-id=\"7067f27\" data-element_type=\"section\" data-e-type=\"section\">\n\t\t\t\t\t\t<div class=\"elementor-container elementor-column-gap-default\">\n\t\t\t\t\t<div class=\"elementor-column elementor-col-100 elementor-top-column elementor-element elementor-element-2cd256d\" data-id=\"2cd256d\" data-element_type=\"column\" data-e-type=\"column\">\n\t\t\t<div class=\"elementor-widget-wrap elementor-element-populated\">\n\t\t\t\t\t\t<div class=\"elementor-element elementor-element-21393af elementor-widget elementor-widget-heading\" data-id=\"21393af\" data-element_type=\"widget\" data-e-type=\"widget\" data-widget_type=\"heading.default\">\n\t\t\t\t<div class=\"elementor-widget-container\">\n\t\t\t\t\t<h3 class=\"elementor-heading-title elementor-size-default\">S\u00e9rie<\/h3>\t\t\t\t<\/div>\n\t\t\t\t<\/div>\n\t\t\t\t<section class=\"elementor-section elementor-inner-section elementor-element elementor-element-190a971 elementor-section-full_width elementor-section-content-middle elementor-section-height-default elementor-section-height-default\" data-id=\"190a971\" data-element_type=\"section\" data-e-type=\"section\" data-settings=\"{&quot;background_background&quot;:&quot;gradient&quot;}\">\n\t\t\t\t\t\t<div class=\"elementor-container elementor-column-gap-default\">\n\t\t\t\t\t<div class=\"elementor-column elementor-col-50 elementor-inner-column elementor-element elementor-element-bf88e79\" data-id=\"bf88e79\" data-element_type=\"column\" data-e-type=\"column\">\n\t\t\t<div class=\"elementor-widget-wrap elementor-element-populated\">\n\t\t\t\t\t\t<div class=\"elementor-element elementor-element-79caa3b elementor-widget elementor-widget-image\" data-id=\"79caa3b\" data-element_type=\"widget\" data-e-type=\"widget\" data-widget_type=\"image.default\">\n\t\t\t\t<div class=\"elementor-widget-container\">\n\t\t\t\t\t\t\t\t\t\t\t\t\t\t\t<img fetchpriority=\"high\" decoding=\"async\" width=\"800\" height=\"245\" src=\"https:\/\/mespack.com\/wp-content\/uploads\/2021\/11\/IMH-scaled-1-1024x313.png\" class=\"attachment-large size-large wp-image-8518\" alt=\"\" srcset=\"https:\/\/mespack.com\/wp-content\/uploads\/2021\/11\/IMH-scaled-1-1024x313.png 1024w, https:\/\/mespack.com\/wp-content\/uploads\/2021\/11\/IMH-scaled-1-300x92.png 300w, https:\/\/mespack.com\/wp-content\/uploads\/2021\/11\/IMH-scaled-1-768x235.png 768w, https:\/\/mespack.com\/wp-content\/uploads\/2021\/11\/IMH-scaled-1-1536x470.png 1536w, https:\/\/mespack.com\/wp-content\/uploads\/2021\/11\/IMH-scaled-1-2048x626.png 2048w\" sizes=\"(max-width: 800px) 100vw, 800px\" \/>\t\t\t\t\t\t\t\t\t\t\t\t\t\t\t<\/div>\n\t\t\t\t<\/div>\n\t\t\t\t\t<\/div>\n\t\t<\/div>\n\t\t\t\t<div class=\"elementor-column elementor-col-50 elementor-inner-column elementor-element elementor-element-0136698\" data-id=\"0136698\" data-element_type=\"column\" data-e-type=\"column\">\n\t\t\t<div class=\"elementor-widget-wrap elementor-element-populated\">\n\t\t\t\t\t\t<div class=\"elementor-element elementor-element-6f92262 elementor-widget elementor-widget-heading\" data-id=\"6f92262\" data-element_type=\"widget\" data-e-type=\"widget\" data-widget_type=\"heading.default\">\n\t\t\t\t<div class=\"elementor-widget-container\">\n\t\t\t\t\t<h3 class=\"elementor-heading-title elementor-size-default\">IMH<\/h3>\t\t\t\t<\/div>\n\t\t\t\t<\/div>\n\t\t\t\t<div class=\"elementor-element elementor-element-3a21d8a elementor-widget elementor-widget-spacer\" data-id=\"3a21d8a\" data-element_type=\"widget\" data-e-type=\"widget\" data-widget_type=\"spacer.default\">\n\t\t\t\t<div class=\"elementor-widget-container\">\n\t\t\t\t\t\t\t<div class=\"elementor-spacer\">\n\t\t\t<div class=\"elementor-spacer-inner\"><\/div>\n\t\t<\/div>\n\t\t\t\t\t\t<\/div>\n\t\t\t\t<\/div>\n\t\t\t\t<div class=\"elementor-element elementor-element-f1d4cb4 elementor-widget elementor-widget-heading\" data-id=\"f1d4cb4\" data-element_type=\"widget\" data-e-type=\"widget\" data-widget_type=\"heading.default\">\n\t\t\t\t<div class=\"elementor-widget-container\">\n\t\t\t\t\t<h4 class=\"elementor-heading-title elementor-size-default\">Le solution d'emballage de sachets Roberts la plus polyvalente pour les fabricants d\u00e9butants qui peut fonctionner comme lamin\u00e9 ou avec un sachet pr\u00e9form\u00e9.<\/h4>\t\t\t\t<\/div>\n\t\t\t\t<\/div>\n\t\t\t\t<div class=\"elementor-element elementor-element-21d9d9d elementor-widget elementor-widget-spacer\" data-id=\"21d9d9d\" data-element_type=\"widget\" data-e-type=\"widget\" data-widget_type=\"spacer.default\">\n\t\t\t\t<div class=\"elementor-widget-container\">\n\t\t\t\t\t\t\t<div class=\"elementor-spacer\">\n\t\t\t<div class=\"elementor-spacer-inner\"><\/div>\n\t\t<\/div>\n\t\t\t\t\t\t<\/div>\n\t\t\t\t<\/div>\n\t\t\t\t<div class=\"elementor-element elementor-element-3a7955d elementor-widget__width-auto elementor-widget elementor-widget-button\" data-id=\"3a7955d\" data-element_type=\"widget\" data-e-type=\"widget\" data-widget_type=\"button.default\">\n\t\t\t\t<div class=\"elementor-widget-container\">\n\t\t\t\t\t\t\t\t\t<div class=\"elementor-button-wrapper\">\n\t\t\t\t\t<a class=\"elementor-button elementor-button-link elementor-size-sm\" href=\"https:\/\/mespack.com\/fr\/model\/imh-mespack\/\">\n\t\t\t\t\t\t<span class=\"elementor-button-content-wrapper\">\n\t\t\t\t\t\t\t\t\t<span class=\"elementor-button-text\">Davantage d'informations<\/span>\n\t\t\t\t\t<\/span>\n\t\t\t\t\t<\/a>\n\t\t\t\t<\/div>\n\t\t\t\t\t\t\t\t<\/div>\n\t\t\t\t<\/div>\n\t\t\t\t\t<\/div>\n\t\t<\/div>\n\t\t\t\t\t<\/div>\n\t\t<\/section>\n\t\t\t\t\t<\/div>\n\t\t<\/div>\n\t\t\t\t\t<\/div>\n\t\t<\/section>\n\t\t\t\t<\/div>\n\t\t","protected":false},"excerpt":{"rendered":"<p>La s\u00e9rie IMH est une machine d&#8217;emballage polyvalente \u00e0 mouvement intermittent qui peut fonctionner comme une machine d&#8217;emballage pr\u00e9-fait ou lamin\u00e9\u00a0; ce mode d&rsquo;\u00e9change peut \u00eatre ex\u00e9cut\u00e9 avec l&rsquo;utilisation d&rsquo;un simple programme. Cette s\u00e9rie apporte aux fabricants une extraordinaire possibilit\u00e9 d&rsquo;options configurables dans une seule solution tr\u00e8s performante. C&rsquo;est pourquoi elle est aussi consid\u00e9r\u00e9e comme [&hellip;]<\/p>\n","protected":false},"author":21,"featured_media":0,"parent":0,"menu_order":0,"comment_status":"closed","ping_status":"closed","template":"","meta":{"_acf_changed":false,"footnotes":""},"class_list":["post-14970","page","type-page","status-publish","hentry"],"acf":[],"yoast_head":"<!-- This site is optimized with the Yoast SEO plugin v27.5 - https:\/\/yoast.com\/product\/yoast-seo-wordpress\/ -->\n<title>Hybride Horizontal\u00a0: Emballage lamin\u00e9 et pr\u00e9-fait | Mespack<\/title>\n<meta name=\"description\" content=\"La s\u00e9rie IMH est une machine d&#039;emballage polyvalente avec un mouvement intermittent qui peut fonctionner comme une machine d&#039;emballage pr\u00e9-fait ou lamin\u00e9.\" \/>\n<meta name=\"robots\" content=\"index, follow, max-snippet:-1, max-image-preview:large, max-video-preview:-1\" \/>\n<link rel=\"canonical\" href=\"https:\/\/mespack.com\/fr\/hybride-horizontal-emballage-lamine-et-pre-fait\/\" \/>\n<meta property=\"og:locale\" content=\"fr_FR\" \/>\n<meta property=\"og:type\" content=\"article\" \/>\n<meta property=\"og:title\" content=\"Hybride Horizontal\u00a0: Emballage lamin\u00e9 et pr\u00e9-fait | Mespack\" \/>\n<meta property=\"og:description\" content=\"La s\u00e9rie IMH est une machine d&#039;emballage polyvalente avec un mouvement intermittent qui peut fonctionner comme une machine d&#039;emballage pr\u00e9-fait ou lamin\u00e9.\" \/>\n<meta property=\"og:url\" content=\"https:\/\/mespack.com\/fr\/hybride-horizontal-emballage-lamine-et-pre-fait\/\" \/>\n<meta property=\"og:site_name\" content=\"Mespack\" \/>\n<meta property=\"article:modified_time\" content=\"2024-02-20T08:07:22+00:00\" \/>\n<meta property=\"og:image\" content=\"https:\/\/mespack.com\/wp-content\/uploads\/2021\/11\/IMH-scaled-1-1024x313.png\" \/>\n<meta name=\"twitter:card\" content=\"summary_large_image\" \/>\n<meta name=\"twitter:label1\" content=\"Dur\u00e9e de lecture estim\u00e9e\" \/>\n\t<meta name=\"twitter:data1\" content=\"1 minute\" \/>\n<script type=\"application\/ld+json\" class=\"yoast-schema-graph\">{\"@context\":\"https:\\\/\\\/schema.org\",\"@graph\":[{\"@type\":\"WebPage\",\"@id\":\"https:\\\/\\\/mespack.com\\\/fr\\\/hybride-horizontal-emballage-lamine-et-pre-fait\\\/\",\"url\":\"https:\\\/\\\/mespack.com\\\/fr\\\/hybride-horizontal-emballage-lamine-et-pre-fait\\\/\",\"name\":\"Hybride Horizontal\u00a0: Emballage lamin\u00e9 et pr\u00e9-fait | Mespack\",\"isPartOf\":{\"@id\":\"https:\\\/\\\/mespack.com\\\/fr\\\/#website\"},\"primaryImageOfPage\":{\"@id\":\"https:\\\/\\\/mespack.com\\\/fr\\\/hybride-horizontal-emballage-lamine-et-pre-fait\\\/#primaryimage\"},\"image\":{\"@id\":\"https:\\\/\\\/mespack.com\\\/fr\\\/hybride-horizontal-emballage-lamine-et-pre-fait\\\/#primaryimage\"},\"thumbnailUrl\":\"https:\\\/\\\/mespack.com\\\/wp-content\\\/uploads\\\/2021\\\/11\\\/IMH-scaled-1-1024x313.png\",\"datePublished\":\"2021-11-25T13:22:27+00:00\",\"dateModified\":\"2024-02-20T08:07:22+00:00\",\"description\":\"La s\u00e9rie IMH est une machine d'emballage polyvalente avec un mouvement intermittent qui peut fonctionner comme une machine d'emballage pr\u00e9-fait ou lamin\u00e9.\",\"breadcrumb\":{\"@id\":\"https:\\\/\\\/mespack.com\\\/fr\\\/hybride-horizontal-emballage-lamine-et-pre-fait\\\/#breadcrumb\"},\"inLanguage\":\"fr-FR\",\"potentialAction\":[{\"@type\":\"ReadAction\",\"target\":[\"https:\\\/\\\/mespack.com\\\/fr\\\/hybride-horizontal-emballage-lamine-et-pre-fait\\\/\"]}]},{\"@type\":\"ImageObject\",\"inLanguage\":\"fr-FR\",\"@id\":\"https:\\\/\\\/mespack.com\\\/fr\\\/hybride-horizontal-emballage-lamine-et-pre-fait\\\/#primaryimage\",\"url\":\"https:\\\/\\\/mespack.com\\\/wp-content\\\/uploads\\\/2021\\\/11\\\/IMH-scaled-1-1024x313.png\",\"contentUrl\":\"https:\\\/\\\/mespack.com\\\/wp-content\\\/uploads\\\/2021\\\/11\\\/IMH-scaled-1-1024x313.png\"},{\"@type\":\"BreadcrumbList\",\"@id\":\"https:\\\/\\\/mespack.com\\\/fr\\\/hybride-horizontal-emballage-lamine-et-pre-fait\\\/#breadcrumb\",\"itemListElement\":[{\"@type\":\"ListItem\",\"position\":1,\"name\":\"Home\",\"item\":\"https:\\\/\\\/mespack.com\\\/fr\\\/\"},{\"@type\":\"ListItem\",\"position\":2,\"name\":\"Hybride Horizontal\u00a0: Emballage lamin\u00e9 et pr\u00e9-fait\"}]},{\"@type\":\"WebSite\",\"@id\":\"https:\\\/\\\/mespack.com\\\/fr\\\/#website\",\"url\":\"https:\\\/\\\/mespack.com\\\/fr\\\/\",\"name\":\"Mespack\",\"description\":\"A Duravant Company\",\"publisher\":{\"@id\":\"https:\\\/\\\/mespack.com\\\/fr\\\/#organization\"},\"potentialAction\":[{\"@type\":\"SearchAction\",\"target\":{\"@type\":\"EntryPoint\",\"urlTemplate\":\"https:\\\/\\\/mespack.com\\\/fr\\\/?s={search_term_string}\"},\"query-input\":{\"@type\":\"PropertyValueSpecification\",\"valueRequired\":true,\"valueName\":\"search_term_string\"}}],\"inLanguage\":\"fr-FR\"},{\"@type\":\"Organization\",\"@id\":\"https:\\\/\\\/mespack.com\\\/fr\\\/#organization\",\"name\":\"Mespack\",\"url\":\"https:\\\/\\\/mespack.com\\\/fr\\\/\",\"logo\":{\"@type\":\"ImageObject\",\"inLanguage\":\"fr-FR\",\"@id\":\"https:\\\/\\\/mespack.com\\\/fr\\\/#\\\/schema\\\/logo\\\/image\\\/\",\"url\":\"https:\\\/\\\/mespack.com\\\/wp-content\\\/uploads\\\/2021\\\/07\\\/logo-mespack-1.svg\",\"contentUrl\":\"https:\\\/\\\/mespack.com\\\/wp-content\\\/uploads\\\/2021\\\/07\\\/logo-mespack-1.svg\",\"width\":1,\"height\":1,\"caption\":\"Mespack\"},\"image\":{\"@id\":\"https:\\\/\\\/mespack.com\\\/fr\\\/#\\\/schema\\\/logo\\\/image\\\/\"},\"sameAs\":[\"https:\\\/\\\/www.linkedin.com\\\/company\\\/mespack\\\/\"]}]}<\/script>\n<!-- \/ Yoast SEO plugin. -->","yoast_head_json":{"title":"Hybride Horizontal\u00a0: Emballage lamin\u00e9 et pr\u00e9-fait | Mespack","description":"La s\u00e9rie IMH est une machine d'emballage polyvalente avec un mouvement intermittent qui peut fonctionner comme une machine d'emballage pr\u00e9-fait ou lamin\u00e9.","robots":{"index":"index","follow":"follow","max-snippet":"max-snippet:-1","max-image-preview":"max-image-preview:large","max-video-preview":"max-video-preview:-1"},"canonical":"https:\/\/mespack.com\/fr\/hybride-horizontal-emballage-lamine-et-pre-fait\/","og_locale":"fr_FR","og_type":"article","og_title":"Hybride Horizontal\u00a0: Emballage lamin\u00e9 et pr\u00e9-fait | Mespack","og_description":"La s\u00e9rie IMH est une machine d'emballage polyvalente avec un mouvement intermittent qui peut fonctionner comme une machine d'emballage pr\u00e9-fait ou lamin\u00e9.","og_url":"https:\/\/mespack.com\/fr\/hybride-horizontal-emballage-lamine-et-pre-fait\/","og_site_name":"Mespack","article_modified_time":"2024-02-20T08:07:22+00:00","og_image":[{"url":"https:\/\/mespack.com\/wp-content\/uploads\/2021\/11\/IMH-scaled-1-1024x313.png","type":"","width":"","height":""}],"twitter_card":"summary_large_image","twitter_misc":{"Dur\u00e9e de lecture estim\u00e9e":"1 minute"},"schema":{"@context":"https:\/\/schema.org","@graph":[{"@type":"WebPage","@id":"https:\/\/mespack.com\/fr\/hybride-horizontal-emballage-lamine-et-pre-fait\/","url":"https:\/\/mespack.com\/fr\/hybride-horizontal-emballage-lamine-et-pre-fait\/","name":"Hybride Horizontal\u00a0: Emballage lamin\u00e9 et pr\u00e9-fait | Mespack","isPartOf":{"@id":"https:\/\/mespack.com\/fr\/#website"},"primaryImageOfPage":{"@id":"https:\/\/mespack.com\/fr\/hybride-horizontal-emballage-lamine-et-pre-fait\/#primaryimage"},"image":{"@id":"https:\/\/mespack.com\/fr\/hybride-horizontal-emballage-lamine-et-pre-fait\/#primaryimage"},"thumbnailUrl":"https:\/\/mespack.com\/wp-content\/uploads\/2021\/11\/IMH-scaled-1-1024x313.png","datePublished":"2021-11-25T13:22:27+00:00","dateModified":"2024-02-20T08:07:22+00:00","description":"La s\u00e9rie IMH est une machine d'emballage polyvalente avec un mouvement intermittent qui peut fonctionner comme une machine d'emballage pr\u00e9-fait ou lamin\u00e9.","breadcrumb":{"@id":"https:\/\/mespack.com\/fr\/hybride-horizontal-emballage-lamine-et-pre-fait\/#breadcrumb"},"inLanguage":"fr-FR","potentialAction":[{"@type":"ReadAction","target":["https:\/\/mespack.com\/fr\/hybride-horizontal-emballage-lamine-et-pre-fait\/"]}]},{"@type":"ImageObject","inLanguage":"fr-FR","@id":"https:\/\/mespack.com\/fr\/hybride-horizontal-emballage-lamine-et-pre-fait\/#primaryimage","url":"https:\/\/mespack.com\/wp-content\/uploads\/2021\/11\/IMH-scaled-1-1024x313.png","contentUrl":"https:\/\/mespack.com\/wp-content\/uploads\/2021\/11\/IMH-scaled-1-1024x313.png"},{"@type":"BreadcrumbList","@id":"https:\/\/mespack.com\/fr\/hybride-horizontal-emballage-lamine-et-pre-fait\/#breadcrumb","itemListElement":[{"@type":"ListItem","position":1,"name":"Home","item":"https:\/\/mespack.com\/fr\/"},{"@type":"ListItem","position":2,"name":"Hybride Horizontal\u00a0: Emballage lamin\u00e9 et pr\u00e9-fait"}]},{"@type":"WebSite","@id":"https:\/\/mespack.com\/fr\/#website","url":"https:\/\/mespack.com\/fr\/","name":"Mespack","description":"A Duravant Company","publisher":{"@id":"https:\/\/mespack.com\/fr\/#organization"},"potentialAction":[{"@type":"SearchAction","target":{"@type":"EntryPoint","urlTemplate":"https:\/\/mespack.com\/fr\/?s={search_term_string}"},"query-input":{"@type":"PropertyValueSpecification","valueRequired":true,"valueName":"search_term_string"}}],"inLanguage":"fr-FR"},{"@type":"Organization","@id":"https:\/\/mespack.com\/fr\/#organization","name":"Mespack","url":"https:\/\/mespack.com\/fr\/","logo":{"@type":"ImageObject","inLanguage":"fr-FR","@id":"https:\/\/mespack.com\/fr\/#\/schema\/logo\/image\/","url":"https:\/\/mespack.com\/wp-content\/uploads\/2021\/07\/logo-mespack-1.svg","contentUrl":"https:\/\/mespack.com\/wp-content\/uploads\/2021\/07\/logo-mespack-1.svg","width":1,"height":1,"caption":"Mespack"},"image":{"@id":"https:\/\/mespack.com\/fr\/#\/schema\/logo\/image\/"},"sameAs":["https:\/\/www.linkedin.com\/company\/mespack\/"]}]}},"_links":{"self":[{"href":"https:\/\/mespack.com\/fr\/wp-json\/wp\/v2\/pages\/14970","targetHints":{"allow":["GET"]}}],"collection":[{"href":"https:\/\/mespack.com\/fr\/wp-json\/wp\/v2\/pages"}],"about":[{"href":"https:\/\/mespack.com\/fr\/wp-json\/wp\/v2\/types\/page"}],"author":[{"embeddable":true,"href":"https:\/\/mespack.com\/fr\/wp-json\/wp\/v2\/users\/21"}],"replies":[{"embeddable":true,"href":"https:\/\/mespack.com\/fr\/wp-json\/wp\/v2\/comments?post=14970"}],"version-history":[{"count":0,"href":"https:\/\/mespack.com\/fr\/wp-json\/wp\/v2\/pages\/14970\/revisions"}],"wp:attachment":[{"href":"https:\/\/mespack.com\/fr\/wp-json\/wp\/v2\/media?parent=14970"}],"curies":[{"name":"wp","href":"https:\/\/api.w.org\/{rel}","templated":true}]}}