{"id":9427,"date":"2021-09-23T14:28:16","date_gmt":"2021-09-23T13:28:16","guid":{"rendered":"https:\/\/mespack.com\/aviso-legal\/"},"modified":"2025-12-09T10:39:52","modified_gmt":"2025-12-09T09:39:52","slug":"aviso-legal","status":"publish","type":"page","link":"https:\/\/mespack.com\/es\/aviso-legal\/","title":{"rendered":"Aviso legal"},"content":{"rendered":"\t\t<div data-elementor-type=\"wp-page\" data-elementor-id=\"9427\" class=\"elementor elementor-9427 elementor-5194\" data-elementor-post-type=\"page\">\n\t\t\t\t\t\t<section class=\"elementor-section elementor-top-section elementor-element elementor-element-2dde5ee elementor-section-boxed elementor-section-height-default elementor-section-height-default\" data-id=\"2dde5ee\" data-element_type=\"section\" data-e-type=\"section\">\n\t\t\t\t\t\t<div class=\"elementor-container elementor-column-gap-default\">\n\t\t\t\t\t<div class=\"elementor-column elementor-col-100 elementor-top-column elementor-element elementor-element-ae0f52a\" data-id=\"ae0f52a\" data-element_type=\"column\" data-e-type=\"column\">\n\t\t\t<div class=\"elementor-widget-wrap elementor-element-populated\">\n\t\t\t\t\t\t<div class=\"elementor-element elementor-element-b522226 elementor-widget elementor-widget-template\" data-id=\"b522226\" data-element_type=\"widget\" data-e-type=\"widget\" data-widget_type=\"template.default\">\n\t\t\t\t<div class=\"elementor-widget-container\">\n\t\t\t\t\t\t\t<div class=\"elementor-template\">\n\t\t\t\t\t<div data-elementor-type=\"section\" data-elementor-id=\"9746\" class=\"elementor elementor-9746 elementor-423 elementor-423\" data-elementor-post-type=\"elementor_library\">\n\t\t\t\t\t<section class=\"elementor-section elementor-top-section elementor-element elementor-element-7394da99 elementor-section-boxed elementor-section-height-default elementor-section-height-default\" data-id=\"7394da99\" data-element_type=\"section\" data-e-type=\"section\" id=\"page-header\">\n\t\t\t\t\t\t<div class=\"elementor-container elementor-column-gap-default\">\n\t\t\t\t\t<div class=\"elementor-column elementor-col-100 elementor-top-column elementor-element elementor-element-1a16b5cb\" data-id=\"1a16b5cb\" data-element_type=\"column\" data-e-type=\"column\">\n\t\t\t<div class=\"elementor-widget-wrap elementor-element-populated\">\n\t\t\t\t\t\t<div class=\"elementor-element elementor-element-b424e45 elementor-widget elementor-widget-shortcode\" data-id=\"b424e45\" data-element_type=\"widget\" data-e-type=\"widget\" data-widget_type=\"shortcode.default\">\n\t\t\t\t<div class=\"elementor-widget-container\">\n\t\t\t\t\t\t\t<div class=\"elementor-shortcode\"><span><span><a href=\"https:\/\/mespack.com\/es\/\">Home<\/a><\/span><\/span><\/div>\n\t\t\t\t\t\t<\/div>\n\t\t\t\t<\/div>\n\t\t\t\t<div class=\"elementor-element elementor-element-6763ce8f elementor-widget elementor-widget-spacer\" data-id=\"6763ce8f\" data-element_type=\"widget\" data-e-type=\"widget\" data-widget_type=\"spacer.default\">\n\t\t\t\t<div class=\"elementor-widget-container\">\n\t\t\t\t\t\t\t<div class=\"elementor-spacer\">\n\t\t\t<div class=\"elementor-spacer-inner\"><\/div>\n\t\t<\/div>\n\t\t\t\t\t\t<\/div>\n\t\t\t\t<\/div>\n\t\t\t\t<div class=\"elementor-element elementor-element-6972426 elementor-widget-divider--view-line_icon elementor-widget-divider--element-align-left elementor-view-default elementor-widget elementor-widget-divider\" data-id=\"6972426\" data-element_type=\"widget\" data-e-type=\"widget\" data-widget_type=\"divider.default\">\n\t\t\t\t<div class=\"elementor-widget-container\">\n\t\t\t\t\t\t\t<div class=\"elementor-divider\">\n\t\t\t<span class=\"elementor-divider-separator\">\n\t\t\t\t\t\t\t<div class=\"elementor-icon elementor-divider__element\">\n\t\t\t\t\t<svg xmlns=\"http:\/\/www.w3.org\/2000\/svg\" width=\"230\" height=\"19\" viewBox=\"0 0 230 19\" fill=\"none\"><rect width=\"230\" height=\"19\" fill=\"#E3092C\"><\/rect><\/svg><\/div>\n\t\t\t\t\t\t<\/span>\n\t\t<\/div>\n\t\t\t\t\t\t<\/div>\n\t\t\t\t<\/div>\n\t\t\t\t\t<\/div>\n\t\t<\/div>\n\t\t\t\t\t<\/div>\n\t\t<\/section>\n\t\t\t\t<\/div>\n\t\t\t\t<\/div>\n\t\t\t\t\t\t<\/div>\n\t\t\t\t<\/div>\n\t\t\t\t\t<\/div>\n\t\t<\/div>\n\t\t\t\t\t<\/div>\n\t\t<\/section>\n\t\t\t\t<section class=\"elementor-section elementor-top-section elementor-element elementor-element-195760ef elementor-section-boxed elementor-section-height-default elementor-section-height-default\" data-id=\"195760ef\" data-element_type=\"section\" data-e-type=\"section\">\n\t\t\t\t\t\t<div class=\"elementor-container elementor-column-gap-default\">\n\t\t\t\t\t<div class=\"elementor-column elementor-col-100 elementor-top-column elementor-element elementor-element-533ab4f0\" data-id=\"533ab4f0\" data-element_type=\"column\" data-e-type=\"column\">\n\t\t\t<div class=\"elementor-widget-wrap elementor-element-populated\">\n\t\t\t\t\t\t<div class=\"elementor-element elementor-element-2b7cef20 elementor-widget elementor-widget-text-editor\" data-id=\"2b7cef20\" data-element_type=\"widget\" data-e-type=\"widget\" data-widget_type=\"text-editor.default\">\n\t\t\t\t<div class=\"elementor-widget-container\">\n\t\t\t\t\t\t\t\t\t<p>Este sitio web es propiedad de MESPACK, S.L., cuyo CIF (Id. fiscal) es B60718749 y cuya direcci\u00f3n es MAR ADRI\u00c0TIC, 18 PO. IND. TORRE DEL RECTOR 08130, Santa Perpetua de Mogoda (BARCELONA), y que est\u00e1 registrada en el Registro mercantil de Barcelona, en el Volumen 27.772, p\u00e1gina 50, p\u00e1gina B-123.329<\/p>\n<p>Para consultas o propuestas, env\u00edenos un correo electr\u00f3nico a rgpd@mespack.com<br \/>Este sitio web se rige exclusivamente por la legislaci\u00f3n espa\u00f1ola, y todos aquellos que lo utilicen, ya sean ciudadanos espa\u00f1oles o extranjeros, est\u00e1n sujetos a la misma.<br \/>El acceso a nuestro sitio web por parte del USUARIO es libre y se concede con la condici\u00f3n de que el usuario haya le\u00eddo detenidamente y aceptado de forma plena, expresa y sin reserva las CONDICIONES GENERALES DE USO aplicables en el momento del acceso. En el momento en el que el USUARIO utilice nuestro portal, su contenido o servicios, acepta y se somete expresamente a las condiciones generales de uso de los mismos. Si el usuario no est\u00e1 de acuerdo con estas condiciones de uso, debe evitar utilizar y trabajar con este portal.<br \/>En cualquier momento podemos cambiar la presentaci\u00f3n y configuraci\u00f3n de nuestro sitio web, ampliar o reducir servicios, e incluso retirarlo de la red, junto con los servicios y contenido proporcionados, unilateralmente y sin aviso previo.<\/p>\n<p><strong>A. PROPIEDAD INTELECTUAL<\/strong><\/p>\n<p>Todo el contenido, texto, im\u00e1genes, marcas y c\u00f3digo fuente son de nuestra propiedad o de propiedad de aquellos terceros de los cuales se hayan obtenido derechos de uso, y est\u00e1n protegidos por derechos de propiedad intelectual e industrial.<\/p>\n<p>El usuario solo tiene derecho a utilizarlos de forma privada, no motivado por una ganancia financiera, y requiere autorizaci\u00f3n expresa para modificarlos, reproducirlos, explotarlos o distribuirlos, o para ejercer cualquier derecho que pertenezca a su propietario.<\/p>\n<p><strong>B. CONDICIONES DE ACCESO<\/strong><\/p>\n<p>El acceso a nuestro sitio web es gratuito y no requiere ninguna suscripci\u00f3n ni registro.<\/p>\n<p>La transmisi\u00f3n por parte del USUARIO de datos personales implica la aceptaci\u00f3n expresa por parte de este \u00faltimo de nuestra pol\u00edtica de privacidad.<br \/>Al acceder a nuestro sitio web, el usuario debe actuar de buena fe, de acuerdo con las normas del orden p\u00fablico y con estas Condiciones de uso generales. El acceso a nuestro sitio web es responsabilidad \u00fanica y exclusiva del usuario, que en todos los casos ser\u00e1 responsable de cualquier da\u00f1o que dicho acceso pueda causar a terceros o a nosotros.<\/p>\n<p>Dada la imposibilidad de controlar la informaci\u00f3n, contenido y servicios que puedan encontrarse en otros sitios web a los que pueda accederse mediante los v\u00ednculos que se ponen a disposici\u00f3n en nuestro sitio web, por la presente le informamos que no somos responsables de ning\u00fan da\u00f1o o perjuicio de cualquier tipo que pueda surgir del uso, por parte del usuario, de dichos sitios web no asociados con nuestra empresa.<\/p>\n<p><strong>C. RESPONSABILIDADES<\/strong><\/p>\n<p>Al poner a disposici\u00f3n del usuario este sitio web, nuestra intenci\u00f3n es la de ofrecer un servicio de calidad aplicando el grado de diligencia m\u00e1s alto en la prestaci\u00f3n de dicho servicio, y en los medios tecnol\u00f3gicos empleados. No obstante, no somos responsables de la presencia de virus y otros elementos que puedan da\u00f1ar de alguna forma el sistema inform\u00e1tico del usuario.<\/p>\n<p>No garantizamos el servicio continuo o ininterrumpido.<br \/>Se proh\u00edbe que el USUARIO realice cualquier acci\u00f3n en nuestro portal que provoque una excesiva sobrecarga de nuestros sistemas inform\u00e1ticos, adem\u00e1s de la introducci\u00f3n de cualquier virus o instalaci\u00f3n de cualquier robot o software que altere el funcionamiento normal de nuestro sitio web, o de cualquier forma que sea capaz de da\u00f1ar nuestros sistemas inform\u00e1ticos.<\/p>\n<p>El USUARIO asume toda la responsabilidad que surja del uso de nuestro sistema web.<\/p>\n<p>El USUARIO reconoce que ha comprendido toda la informaci\u00f3n en relaci\u00f3n con las condiciones de uso de nuestro portal, y reconoce que son suficientes para excluir cualquier error en las mismas, y por lo tanto las acepta de forma plena y expresa.<\/p>\t\t\t\t\t\t\t\t<\/div>\n\t\t\t\t<\/div>\n\t\t\t\t\t<\/div>\n\t\t<\/div>\n\t\t\t\t\t<\/div>\n\t\t<\/section>\n\t\t\t\t<\/div>\n\t\t","protected":false},"excerpt":{"rendered":"<p>Este sitio web es propiedad de MESPACK, S.L., cuyo CIF (Id. fiscal) es B60718749 y cuya direcci\u00f3n es MAR ADRI\u00c0TIC, 18 PO. IND. TORRE DEL RECTOR 08130, Santa Perpetua de Mogoda (BARCELONA), y que est\u00e1 registrada en el Registro mercantil de Barcelona, en el Volumen 27.772, p\u00e1gina 50, p\u00e1gina B-123.329 Para consultas o propuestas, env\u00edenos [&hellip;]<\/p>\n","protected":false},"author":21,"featured_media":0,"parent":0,"menu_order":0,"comment_status":"closed","ping_status":"closed","template":"elementor_header_footer","meta":{"_acf_changed":false,"footnotes":""},"class_list":["post-9427","page","type-page","status-publish","hentry"],"acf":[],"yoast_head":"<!-- This site is optimized with the Yoast SEO plugin v27.4 - https:\/\/yoast.com\/product\/yoast-seo-wordpress\/ -->\n<title>Aviso legal &#183; Mespack<\/title>\n<meta name=\"description\" content=\"Aviso legal\" \/>\n<meta name=\"robots\" content=\"noindex, follow\" \/>\n<meta property=\"og:locale\" content=\"es_ES\" \/>\n<meta property=\"og:type\" content=\"article\" \/>\n<meta property=\"og:title\" content=\"Aviso legal &#183; Mespack\" \/>\n<meta property=\"og:description\" content=\"Aviso legal\" \/>\n<meta property=\"og:url\" content=\"https:\/\/mespack.com\/es\/aviso-legal\/\" \/>\n<meta property=\"og:site_name\" content=\"Mespack\" \/>\n<meta property=\"article:modified_time\" content=\"2025-12-09T09:39:52+00:00\" \/>\n<meta name=\"twitter:card\" content=\"summary_large_image\" \/>\n<meta name=\"twitter:label1\" content=\"Tiempo de lectura\" \/>\n\t<meta name=\"twitter:data1\" content=\"3 minutos\" \/>\n<script type=\"application\/ld+json\" class=\"yoast-schema-graph\">{\"@context\":\"https:\\\/\\\/schema.org\",\"@graph\":[{\"@type\":\"WebPage\",\"@id\":\"https:\\\/\\\/mespack.com\\\/es\\\/aviso-legal\\\/\",\"url\":\"https:\\\/\\\/mespack.com\\\/es\\\/aviso-legal\\\/\",\"name\":\"Aviso legal &#183; Mespack\",\"isPartOf\":{\"@id\":\"https:\\\/\\\/mespack.com\\\/es\\\/#website\"},\"datePublished\":\"2021-09-23T13:28:16+00:00\",\"dateModified\":\"2025-12-09T09:39:52+00:00\",\"description\":\"Aviso legal\",\"breadcrumb\":{\"@id\":\"https:\\\/\\\/mespack.com\\\/es\\\/aviso-legal\\\/#breadcrumb\"},\"inLanguage\":\"es\",\"potentialAction\":[{\"@type\":\"ReadAction\",\"target\":[\"https:\\\/\\\/mespack.com\\\/es\\\/aviso-legal\\\/\"]}]},{\"@type\":\"BreadcrumbList\",\"@id\":\"https:\\\/\\\/mespack.com\\\/es\\\/aviso-legal\\\/#breadcrumb\",\"itemListElement\":[{\"@type\":\"ListItem\",\"position\":1,\"name\":\"Home\",\"item\":\"https:\\\/\\\/mespack.com\\\/es\\\/\"},{\"@type\":\"ListItem\",\"position\":2,\"name\":\"Aviso legal\"}]},{\"@type\":\"WebSite\",\"@id\":\"https:\\\/\\\/mespack.com\\\/es\\\/#website\",\"url\":\"https:\\\/\\\/mespack.com\\\/es\\\/\",\"name\":\"Mespack\",\"description\":\"A Duravant Company\",\"publisher\":{\"@id\":\"https:\\\/\\\/mespack.com\\\/es\\\/#organization\"},\"potentialAction\":[{\"@type\":\"SearchAction\",\"target\":{\"@type\":\"EntryPoint\",\"urlTemplate\":\"https:\\\/\\\/mespack.com\\\/es\\\/?s={search_term_string}\"},\"query-input\":{\"@type\":\"PropertyValueSpecification\",\"valueRequired\":true,\"valueName\":\"search_term_string\"}}],\"inLanguage\":\"es\"},{\"@type\":\"Organization\",\"@id\":\"https:\\\/\\\/mespack.com\\\/es\\\/#organization\",\"name\":\"Mespack\",\"url\":\"https:\\\/\\\/mespack.com\\\/es\\\/\",\"logo\":{\"@type\":\"ImageObject\",\"inLanguage\":\"es\",\"@id\":\"https:\\\/\\\/mespack.com\\\/es\\\/#\\\/schema\\\/logo\\\/image\\\/\",\"url\":\"https:\\\/\\\/mespack.com\\\/wp-content\\\/uploads\\\/2021\\\/07\\\/logo-mespack-1.svg\",\"contentUrl\":\"https:\\\/\\\/mespack.com\\\/wp-content\\\/uploads\\\/2021\\\/07\\\/logo-mespack-1.svg\",\"width\":1,\"height\":1,\"caption\":\"Mespack\"},\"image\":{\"@id\":\"https:\\\/\\\/mespack.com\\\/es\\\/#\\\/schema\\\/logo\\\/image\\\/\"},\"sameAs\":[\"https:\\\/\\\/www.linkedin.com\\\/company\\\/mespack\\\/\"]}]}<\/script>\n<!-- \/ Yoast SEO plugin. -->","yoast_head_json":{"title":"Aviso legal &#183; Mespack","description":"Aviso legal","robots":{"index":"noindex","follow":"follow"},"og_locale":"es_ES","og_type":"article","og_title":"Aviso legal &#183; Mespack","og_description":"Aviso legal","og_url":"https:\/\/mespack.com\/es\/aviso-legal\/","og_site_name":"Mespack","article_modified_time":"2025-12-09T09:39:52+00:00","twitter_card":"summary_large_image","twitter_misc":{"Tiempo de lectura":"3 minutos"},"schema":{"@context":"https:\/\/schema.org","@graph":[{"@type":"WebPage","@id":"https:\/\/mespack.com\/es\/aviso-legal\/","url":"https:\/\/mespack.com\/es\/aviso-legal\/","name":"Aviso legal &#183; Mespack","isPartOf":{"@id":"https:\/\/mespack.com\/es\/#website"},"datePublished":"2021-09-23T13:28:16+00:00","dateModified":"2025-12-09T09:39:52+00:00","description":"Aviso legal","breadcrumb":{"@id":"https:\/\/mespack.com\/es\/aviso-legal\/#breadcrumb"},"inLanguage":"es","potentialAction":[{"@type":"ReadAction","target":["https:\/\/mespack.com\/es\/aviso-legal\/"]}]},{"@type":"BreadcrumbList","@id":"https:\/\/mespack.com\/es\/aviso-legal\/#breadcrumb","itemListElement":[{"@type":"ListItem","position":1,"name":"Home","item":"https:\/\/mespack.com\/es\/"},{"@type":"ListItem","position":2,"name":"Aviso legal"}]},{"@type":"WebSite","@id":"https:\/\/mespack.com\/es\/#website","url":"https:\/\/mespack.com\/es\/","name":"Mespack","description":"A Duravant Company","publisher":{"@id":"https:\/\/mespack.com\/es\/#organization"},"potentialAction":[{"@type":"SearchAction","target":{"@type":"EntryPoint","urlTemplate":"https:\/\/mespack.com\/es\/?s={search_term_string}"},"query-input":{"@type":"PropertyValueSpecification","valueRequired":true,"valueName":"search_term_string"}}],"inLanguage":"es"},{"@type":"Organization","@id":"https:\/\/mespack.com\/es\/#organization","name":"Mespack","url":"https:\/\/mespack.com\/es\/","logo":{"@type":"ImageObject","inLanguage":"es","@id":"https:\/\/mespack.com\/es\/#\/schema\/logo\/image\/","url":"https:\/\/mespack.com\/wp-content\/uploads\/2021\/07\/logo-mespack-1.svg","contentUrl":"https:\/\/mespack.com\/wp-content\/uploads\/2021\/07\/logo-mespack-1.svg","width":1,"height":1,"caption":"Mespack"},"image":{"@id":"https:\/\/mespack.com\/es\/#\/schema\/logo\/image\/"},"sameAs":["https:\/\/www.linkedin.com\/company\/mespack\/"]}]}},"_links":{"self":[{"href":"https:\/\/mespack.com\/es\/wp-json\/wp\/v2\/pages\/9427","targetHints":{"allow":["GET"]}}],"collection":[{"href":"https:\/\/mespack.com\/es\/wp-json\/wp\/v2\/pages"}],"about":[{"href":"https:\/\/mespack.com\/es\/wp-json\/wp\/v2\/types\/page"}],"author":[{"embeddable":true,"href":"https:\/\/mespack.com\/es\/wp-json\/wp\/v2\/users\/21"}],"replies":[{"embeddable":true,"href":"https:\/\/mespack.com\/es\/wp-json\/wp\/v2\/comments?post=9427"}],"version-history":[{"count":0,"href":"https:\/\/mespack.com\/es\/wp-json\/wp\/v2\/pages\/9427\/revisions"}],"wp:attachment":[{"href":"https:\/\/mespack.com\/es\/wp-json\/wp\/v2\/media?parent=9427"}],"curies":[{"name":"wp","href":"https:\/\/api.w.org\/{rel}","templated":true}]}}