{"id":9413,"date":"2021-09-22T12:08:51","date_gmt":"2021-09-22T12:08:51","guid":{"rendered":"https:\/\/mespack.com\/industrias\/"},"modified":"2022-08-19T06:41:28","modified_gmt":"2022-08-19T06:41:28","slug":"industrias-a-las-que-servimos","status":"publish","type":"page","link":"https:\/\/mespack.com\/es\/industrias-a-las-que-servimos\/","title":{"rendered":"Industrias"},"content":{"rendered":"","protected":false},"excerpt":{"rendered":"","protected":false},"author":21,"featured_media":0,"parent":0,"menu_order":0,"comment_status":"closed","ping_status":"closed","template":"page-gotochild.php","meta":{"_acf_changed":false,"footnotes":""},"class_list":["post-9413","page","type-page","status-publish","hentry"],"acf":[],"yoast_head":"<!-- This site is optimized with the Yoast SEO plugin v27.4 - https:\/\/yoast.com\/product\/yoast-seo-wordpress\/ -->\n<title>Industrias &#183; Mespack<\/title>\n<meta name=\"description\" content=\"Mespack da servicio a m\u00faltiples ind\u00fastrias; Alimentaci\u00f3n, Bebidad, Alimentos para mascotas, farmac\u00e9uticos, de cuidado personal y hogar\" \/>\n<meta name=\"robots\" content=\"index, follow, max-snippet:-1, max-image-preview:large, max-video-preview:-1\" \/>\n<link rel=\"canonical\" href=\"https:\/\/mespack.com\/es\/industrias-a-las-que-servimos\/\" \/>\n<meta property=\"og:locale\" content=\"es_ES\" \/>\n<meta property=\"og:type\" content=\"article\" \/>\n<meta property=\"og:title\" content=\"Industrias &#183; Mespack\" \/>\n<meta property=\"og:description\" content=\"Mespack da servicio a m\u00faltiples ind\u00fastrias; Alimentaci\u00f3n, Bebidad, Alimentos para mascotas, farmac\u00e9uticos, de cuidado personal y hogar\" \/>\n<meta property=\"og:url\" content=\"https:\/\/mespack.com\/es\/industrias-a-las-que-servimos\/\" \/>\n<meta property=\"og:site_name\" content=\"Mespack\" \/>\n<meta property=\"article:modified_time\" content=\"2022-08-19T06:41:28+00:00\" \/>\n<meta name=\"twitter:card\" content=\"summary_large_image\" \/>\n<script type=\"application\/ld+json\" class=\"yoast-schema-graph\">{\"@context\":\"https:\\\/\\\/schema.org\",\"@graph\":[{\"@type\":\"WebPage\",\"@id\":\"https:\\\/\\\/mespack.com\\\/es\\\/industrias-a-las-que-servimos\\\/\",\"url\":\"https:\\\/\\\/mespack.com\\\/es\\\/industrias-a-las-que-servimos\\\/\",\"name\":\"Industrias &#183; Mespack\",\"isPartOf\":{\"@id\":\"https:\\\/\\\/mespack.com\\\/es\\\/#website\"},\"datePublished\":\"2021-09-22T12:08:51+00:00\",\"dateModified\":\"2022-08-19T06:41:28+00:00\",\"description\":\"Mespack da servicio a m\u00faltiples ind\u00fastrias; Alimentaci\u00f3n, Bebidad, Alimentos para mascotas, farmac\u00e9uticos, de cuidado personal y hogar\",\"breadcrumb\":{\"@id\":\"https:\\\/\\\/mespack.com\\\/es\\\/industrias-a-las-que-servimos\\\/#breadcrumb\"},\"inLanguage\":\"es\",\"potentialAction\":[{\"@type\":\"ReadAction\",\"target\":[\"https:\\\/\\\/mespack.com\\\/es\\\/industrias-a-las-que-servimos\\\/\"]}]},{\"@type\":\"BreadcrumbList\",\"@id\":\"https:\\\/\\\/mespack.com\\\/es\\\/industrias-a-las-que-servimos\\\/#breadcrumb\",\"itemListElement\":[{\"@type\":\"ListItem\",\"position\":1,\"name\":\"Home\",\"item\":\"https:\\\/\\\/mespack.com\\\/es\\\/\"},{\"@type\":\"ListItem\",\"position\":2,\"name\":\"Industrias\"}]},{\"@type\":\"WebSite\",\"@id\":\"https:\\\/\\\/mespack.com\\\/es\\\/#website\",\"url\":\"https:\\\/\\\/mespack.com\\\/es\\\/\",\"name\":\"Mespack\",\"description\":\"A Duravant Company\",\"publisher\":{\"@id\":\"https:\\\/\\\/mespack.com\\\/es\\\/#organization\"},\"potentialAction\":[{\"@type\":\"SearchAction\",\"target\":{\"@type\":\"EntryPoint\",\"urlTemplate\":\"https:\\\/\\\/mespack.com\\\/es\\\/?s={search_term_string}\"},\"query-input\":{\"@type\":\"PropertyValueSpecification\",\"valueRequired\":true,\"valueName\":\"search_term_string\"}}],\"inLanguage\":\"es\"},{\"@type\":\"Organization\",\"@id\":\"https:\\\/\\\/mespack.com\\\/es\\\/#organization\",\"name\":\"Mespack\",\"url\":\"https:\\\/\\\/mespack.com\\\/es\\\/\",\"logo\":{\"@type\":\"ImageObject\",\"inLanguage\":\"es\",\"@id\":\"https:\\\/\\\/mespack.com\\\/es\\\/#\\\/schema\\\/logo\\\/image\\\/\",\"url\":\"https:\\\/\\\/mespack.com\\\/wp-content\\\/uploads\\\/2021\\\/07\\\/logo-mespack-1.svg\",\"contentUrl\":\"https:\\\/\\\/mespack.com\\\/wp-content\\\/uploads\\\/2021\\\/07\\\/logo-mespack-1.svg\",\"width\":1,\"height\":1,\"caption\":\"Mespack\"},\"image\":{\"@id\":\"https:\\\/\\\/mespack.com\\\/es\\\/#\\\/schema\\\/logo\\\/image\\\/\"},\"sameAs\":[\"https:\\\/\\\/www.linkedin.com\\\/company\\\/mespack\\\/\"]}]}<\/script>\n<!-- \/ Yoast SEO plugin. -->","yoast_head_json":{"title":"Industrias &#183; Mespack","description":"Mespack da servicio a m\u00faltiples ind\u00fastrias; Alimentaci\u00f3n, Bebidad, Alimentos para mascotas, farmac\u00e9uticos, de cuidado personal y hogar","robots":{"index":"index","follow":"follow","max-snippet":"max-snippet:-1","max-image-preview":"max-image-preview:large","max-video-preview":"max-video-preview:-1"},"canonical":"https:\/\/mespack.com\/es\/industrias-a-las-que-servimos\/","og_locale":"es_ES","og_type":"article","og_title":"Industrias &#183; Mespack","og_description":"Mespack da servicio a m\u00faltiples ind\u00fastrias; Alimentaci\u00f3n, Bebidad, Alimentos para mascotas, farmac\u00e9uticos, de cuidado personal y hogar","og_url":"https:\/\/mespack.com\/es\/industrias-a-las-que-servimos\/","og_site_name":"Mespack","article_modified_time":"2022-08-19T06:41:28+00:00","twitter_card":"summary_large_image","schema":{"@context":"https:\/\/schema.org","@graph":[{"@type":"WebPage","@id":"https:\/\/mespack.com\/es\/industrias-a-las-que-servimos\/","url":"https:\/\/mespack.com\/es\/industrias-a-las-que-servimos\/","name":"Industrias &#183; Mespack","isPartOf":{"@id":"https:\/\/mespack.com\/es\/#website"},"datePublished":"2021-09-22T12:08:51+00:00","dateModified":"2022-08-19T06:41:28+00:00","description":"Mespack da servicio a m\u00faltiples ind\u00fastrias; Alimentaci\u00f3n, Bebidad, Alimentos para mascotas, farmac\u00e9uticos, de cuidado personal y hogar","breadcrumb":{"@id":"https:\/\/mespack.com\/es\/industrias-a-las-que-servimos\/#breadcrumb"},"inLanguage":"es","potentialAction":[{"@type":"ReadAction","target":["https:\/\/mespack.com\/es\/industrias-a-las-que-servimos\/"]}]},{"@type":"BreadcrumbList","@id":"https:\/\/mespack.com\/es\/industrias-a-las-que-servimos\/#breadcrumb","itemListElement":[{"@type":"ListItem","position":1,"name":"Home","item":"https:\/\/mespack.com\/es\/"},{"@type":"ListItem","position":2,"name":"Industrias"}]},{"@type":"WebSite","@id":"https:\/\/mespack.com\/es\/#website","url":"https:\/\/mespack.com\/es\/","name":"Mespack","description":"A Duravant Company","publisher":{"@id":"https:\/\/mespack.com\/es\/#organization"},"potentialAction":[{"@type":"SearchAction","target":{"@type":"EntryPoint","urlTemplate":"https:\/\/mespack.com\/es\/?s={search_term_string}"},"query-input":{"@type":"PropertyValueSpecification","valueRequired":true,"valueName":"search_term_string"}}],"inLanguage":"es"},{"@type":"Organization","@id":"https:\/\/mespack.com\/es\/#organization","name":"Mespack","url":"https:\/\/mespack.com\/es\/","logo":{"@type":"ImageObject","inLanguage":"es","@id":"https:\/\/mespack.com\/es\/#\/schema\/logo\/image\/","url":"https:\/\/mespack.com\/wp-content\/uploads\/2021\/07\/logo-mespack-1.svg","contentUrl":"https:\/\/mespack.com\/wp-content\/uploads\/2021\/07\/logo-mespack-1.svg","width":1,"height":1,"caption":"Mespack"},"image":{"@id":"https:\/\/mespack.com\/es\/#\/schema\/logo\/image\/"},"sameAs":["https:\/\/www.linkedin.com\/company\/mespack\/"]}]}},"_links":{"self":[{"href":"https:\/\/mespack.com\/es\/wp-json\/wp\/v2\/pages\/9413","targetHints":{"allow":["GET"]}}],"collection":[{"href":"https:\/\/mespack.com\/es\/wp-json\/wp\/v2\/pages"}],"about":[{"href":"https:\/\/mespack.com\/es\/wp-json\/wp\/v2\/types\/page"}],"author":[{"embeddable":true,"href":"https:\/\/mespack.com\/es\/wp-json\/wp\/v2\/users\/21"}],"replies":[{"embeddable":true,"href":"https:\/\/mespack.com\/es\/wp-json\/wp\/v2\/comments?post=9413"}],"version-history":[{"count":0,"href":"https:\/\/mespack.com\/es\/wp-json\/wp\/v2\/pages\/9413\/revisions"}],"wp:attachment":[{"href":"https:\/\/mespack.com\/es\/wp-json\/wp\/v2\/media?parent=9413"}],"curies":[{"name":"wp","href":"https:\/\/api.w.org\/{rel}","templated":true}]}}