{"id":9403,"date":"2021-09-13T16:38:06","date_gmt":"2021-09-13T16:38:06","guid":{"rendered":"https:\/\/mespack.com\/soluciones-higienicas\/"},"modified":"2022-09-23T10:07:17","modified_gmt":"2022-09-23T10:07:17","slug":"soluciones-higienicas","status":"publish","type":"page","link":"https:\/\/mespack.com\/es\/soluciones-higienicas\/","title":{"rendered":"Soluciones higi\u00e9nicas"},"content":{"rendered":"\t\t<div data-elementor-type=\"wp-page\" data-elementor-id=\"9403\" class=\"elementor elementor-9403 elementor-3435\" data-elementor-post-type=\"page\">\n\t\t\t\t\t\t<section class=\"elementor-section elementor-top-section elementor-element elementor-element-2a8a267 elementor-section-boxed elementor-section-height-default elementor-section-height-default\" data-id=\"2a8a267\" data-element_type=\"section\" data-e-type=\"section\">\n\t\t\t\t\t\t<div class=\"elementor-container elementor-column-gap-default\">\n\t\t\t\t\t<div class=\"elementor-column elementor-col-100 elementor-top-column elementor-element elementor-element-bccd5b7\" data-id=\"bccd5b7\" data-element_type=\"column\" data-e-type=\"column\">\n\t\t\t<div class=\"elementor-widget-wrap elementor-element-populated\">\n\t\t\t\t\t\t<div class=\"elementor-element elementor-element-abbc2b5 elementor-widget elementor-widget-spacer\" data-id=\"abbc2b5\" data-element_type=\"widget\" data-e-type=\"widget\" data-widget_type=\"spacer.default\">\n\t\t\t\t<div class=\"elementor-widget-container\">\n\t\t\t\t\t\t\t<div class=\"elementor-spacer\">\n\t\t\t<div class=\"elementor-spacer-inner\"><\/div>\n\t\t<\/div>\n\t\t\t\t\t\t<\/div>\n\t\t\t\t<\/div>\n\t\t\t\t<div class=\"elementor-element elementor-element-79fe2ad elementor-widget elementor-widget-heading\" data-id=\"79fe2ad\" data-element_type=\"widget\" data-e-type=\"widget\" data-widget_type=\"heading.default\">\n\t\t\t\t<div class=\"elementor-widget-container\">\n\t\t\t\t\t<h1 class=\"elementor-heading-title elementor-size-default\">Soluciones higi\u00e9nicas<\/h1>\t\t\t\t<\/div>\n\t\t\t\t<\/div>\n\t\t\t\t<div class=\"elementor-element elementor-element-8f843ab elementor-widget-divider--view-line_icon elementor-widget-divider--element-align-left elementor-view-default elementor-widget elementor-widget-divider\" data-id=\"8f843ab\" data-element_type=\"widget\" data-e-type=\"widget\" data-widget_type=\"divider.default\">\n\t\t\t\t<div class=\"elementor-widget-container\">\n\t\t\t\t\t\t\t<div class=\"elementor-divider\">\n\t\t\t<span class=\"elementor-divider-separator\">\n\t\t\t\t\t\t\t<div class=\"elementor-icon elementor-divider__element\">\n\t\t\t\t\t<svg xmlns=\"http:\/\/www.w3.org\/2000\/svg\" width=\"230\" height=\"19\" viewBox=\"0 0 230 19\" fill=\"none\"><rect width=\"230\" height=\"19\" fill=\"#E3092C\"><\/rect><\/svg><\/div>\n\t\t\t\t\t\t<\/span>\n\t\t<\/div>\n\t\t\t\t\t\t<\/div>\n\t\t\t\t<\/div>\n\t\t\t\t\t<\/div>\n\t\t<\/div>\n\t\t\t\t\t<\/div>\n\t\t<\/section>\n\t\t\t\t<section class=\"elementor-section elementor-top-section elementor-element elementor-element-5d12e97 elementor-section-boxed elementor-section-height-default elementor-section-height-default\" data-id=\"5d12e97\" data-element_type=\"section\" data-e-type=\"section\">\n\t\t\t\t\t\t<div class=\"elementor-container elementor-column-gap-default\">\n\t\t\t\t\t<div class=\"elementor-column elementor-col-100 elementor-top-column elementor-element elementor-element-a99ca83\" data-id=\"a99ca83\" data-element_type=\"column\" data-e-type=\"column\">\n\t\t\t<div class=\"elementor-widget-wrap elementor-element-populated\">\n\t\t\t\t\t\t<div class=\"elementor-element elementor-element-9a0b2ed elementor-widget elementor-widget-text-editor\" data-id=\"9a0b2ed\" data-element_type=\"widget\" data-e-type=\"widget\" data-widget_type=\"text-editor.default\">\n\t\t\t\t<div class=\"elementor-widget-container\">\n\t\t\t\t\t\t\t\t\t<p><span data-sheets-value=\"{&quot;1&quot;:2,&quot;2&quot;:&quot;Different levels of hygienic solutions, from washdown machine to higher levels of sanitization for your machines. Laminar flow can achieve up to 99,999% bacteria free production.&quot;}\" data-sheets-userformat=\"{&quot;2&quot;:15297,&quot;3&quot;:{&quot;1&quot;:0},&quot;9&quot;:0,&quot;10&quot;:0,&quot;11&quot;:4,&quot;12&quot;:0,&quot;14&quot;:[null,2,0],&quot;15&quot;:&quot;Calibri, sans-serif&quot;,&quot;16&quot;:11}\">Diferentes niveles de soluciones higi\u00e9nicas, desde m\u00e1quina de lavado a presi\u00f3n a niveles mayores de desinfecci\u00f3n para sus m\u00e1quinas. Flujo laminar puede llegar a alcanzar una producci\u00f3n 99,999% libre de bacterias.<\/span><\/p>\t\t\t\t\t\t\t\t<\/div>\n\t\t\t\t<\/div>\n\t\t\t\t\t<\/div>\n\t\t<\/div>\n\t\t\t\t\t<\/div>\n\t\t<\/section>\n\t\t\t\t<section class=\"elementor-section elementor-top-section elementor-element elementor-element-7d2a7bf elementor-section-boxed elementor-section-height-default elementor-section-height-default\" data-id=\"7d2a7bf\" data-element_type=\"section\" data-e-type=\"section\">\n\t\t\t\t\t\t<div class=\"elementor-container elementor-column-gap-default\">\n\t\t\t\t\t<div class=\"elementor-column elementor-col-50 elementor-top-column elementor-element elementor-element-973db5b\" data-id=\"973db5b\" data-element_type=\"column\" data-e-type=\"column\">\n\t\t\t<div class=\"elementor-widget-wrap elementor-element-populated\">\n\t\t\t\t\t\t<div class=\"elementor-element elementor-element-1f7015e elementor-widget elementor-widget-heading\" data-id=\"1f7015e\" data-element_type=\"widget\" data-e-type=\"widget\" data-widget_type=\"heading.default\">\n\t\t\t\t<div class=\"elementor-widget-container\">\n\t\t\t\t\t<h3 class=\"elementor-heading-title elementor-size-default\">Inyecci\u00f3n de gas<\/h3>\t\t\t\t<\/div>\n\t\t\t\t<\/div>\n\t\t\t\t<div class=\"elementor-element elementor-element-a78897e elementor-widget elementor-widget-text-editor\" data-id=\"a78897e\" data-element_type=\"widget\" data-e-type=\"widget\" data-widget_type=\"text-editor.default\">\n\t\t\t\t<div class=\"elementor-widget-container\">\n\t\t\t\t\t\t\t\t\t<p>Tres sistemas diferentes de inyecci\u00f3n de gas para reducir el ox\u00edgeno residual en el sobre: b\u00e1sico 7-10% \/ intermedio 3-5% \/ total 1,5-2% El sistema de inyecci\u00f3n de gas b\u00e1sico consiste en dos puntos de entrada de nitr\u00f3geno: uno situado en el \u00e1rea de llenado (en el embudo o boquilla\/en funci\u00f3n del producto) y el otro situado en el \u00e1rea de estirado del sobre. El sistema de inyecci\u00f3n de gas intermedio consiste en puntos de entrada continua de nitr\u00f3geno situados dentro de la tolva, el \u00e1rea de llenado, los embudos y\/o boquillas (en funci\u00f3n del producto) y el \u00e1rea de estirado del sobre. El sistema de inyecci\u00f3n de gas total est\u00e1 formado por un sistema de inyecci\u00f3n controlado de forma electroneum\u00e1tica con puntos de inyecci\u00f3n de gas inerte en la tolva, \u00e1rea de llenado, embudos y sopladores que ayudan a abrir el sobre. Para alcanzar un volumen tan bajo de ox\u00edgeno residual, es necesario construir un \u00e1rea de llenado casi herm\u00e9tica. Adem\u00e1s, el dise\u00f1o y construcci\u00f3n del interior del \u00e1rea de llenado elimina \u00e1ngulos muertos, incorpora un colector de polvo y utiliza materiales con superficies ultra pulidas para facilitar la limpieza. Para los inyectores de gas se utiliza acero inoxidable AISI 304.<\/p>\t\t\t\t\t\t\t\t<\/div>\n\t\t\t\t<\/div>\n\t\t\t\t\t<\/div>\n\t\t<\/div>\n\t\t\t\t<div class=\"elementor-column elementor-col-50 elementor-top-column elementor-element elementor-element-3878a80\" data-id=\"3878a80\" data-element_type=\"column\" data-e-type=\"column\">\n\t\t\t<div class=\"elementor-widget-wrap elementor-element-populated\">\n\t\t\t\t\t\t<div class=\"elementor-element elementor-element-00e68cc elementor-widget elementor-widget-heading\" data-id=\"00e68cc\" data-element_type=\"widget\" data-e-type=\"widget\" data-widget_type=\"heading.default\">\n\t\t\t\t<div class=\"elementor-widget-container\">\n\t\t\t\t\t<h3 class=\"elementor-heading-title elementor-size-default\">Flujo laminar<\/h3>\t\t\t\t<\/div>\n\t\t\t\t<\/div>\n\t\t\t\t<div class=\"elementor-element elementor-element-2fc56e2 elementor-widget elementor-widget-text-editor\" data-id=\"2fc56e2\" data-element_type=\"widget\" data-e-type=\"widget\" data-widget_type=\"text-editor.default\">\n\t\t\t\t<div class=\"elementor-widget-container\">\n\t\t\t\t\t\t\t\t\t<p>El banco de trabajo de flujo laminar horizontal de alta calidad proporciona un flujo de aire laminar horizontal filtrado HEPA (flujo cruzado). Este sistema crea un \u00e1rea de trabajo ISO 14644-1 (Clase 5) \/ Anexo 1 GMP (Clase A) y evita que el aire ambiente entre en el \u00e1rea de trabajo, garantizando la protecci\u00f3n del producto. La protecci\u00f3n \u00f3ptima del film se asegura como resultado de la filtraci\u00f3n HEPA (filtro HEPA H14, 99,999% (DOP) clase 10) junto con la longitud elegida de la m\u00e1quina envasadora horizontal. Principio de trabajo: Los m\u00f3dulos de impulsi\u00f3n crean condiciones est\u00e9riles y libres de part\u00edculas (ISO 5 \u2013 Clase 100), debido a la aplicaci\u00f3n del principio de barrido continuo del \u00e1rea de trabajo con aire ultra filtrado en condiciones de flujo laminar. &#8211; El aire se succiona con ventilador mediante etapas pre-filtro, se conduce a la c\u00e1mara de distribuci\u00f3n de aire y se filtra en el filtro HEPA. El flujo laminar generado, despu\u00e9s de que el filtro HEPA barra y proteja el \u00e1rea de trabajo, conduce cualquier part\u00edcula presente en el aire fuera del \u00e1rea a trav\u00e9s de la zona inferior de las cortinas.<\/p>\t\t\t\t\t\t\t\t<\/div>\n\t\t\t\t<\/div>\n\t\t\t\t\t<\/div>\n\t\t<\/div>\n\t\t\t\t\t<\/div>\n\t\t<\/section>\n\t\t\t\t<section class=\"elementor-section elementor-top-section elementor-element elementor-element-c7fa369 elementor-section-boxed elementor-section-height-default elementor-section-height-default\" data-id=\"c7fa369\" data-element_type=\"section\" data-e-type=\"section\">\n\t\t\t\t\t\t<div class=\"elementor-container elementor-column-gap-default\">\n\t\t\t\t\t<div class=\"elementor-column elementor-col-50 elementor-top-column elementor-element elementor-element-b7d6a67\" data-id=\"b7d6a67\" data-element_type=\"column\" data-e-type=\"column\">\n\t\t\t<div class=\"elementor-widget-wrap elementor-element-populated\">\n\t\t\t\t\t\t<div class=\"elementor-element elementor-element-1989521 elementor-widget elementor-widget-heading\" data-id=\"1989521\" data-element_type=\"widget\" data-e-type=\"widget\" data-widget_type=\"heading.default\">\n\t\t\t\t<div class=\"elementor-widget-container\">\n\t\t\t\t\t<h3 class=\"elementor-heading-title elementor-size-default\">L\u00e1mpara UV<\/h3>\t\t\t\t<\/div>\n\t\t\t\t<\/div>\n\t\t\t\t<div class=\"elementor-element elementor-element-92a9287 elementor-widget elementor-widget-text-editor\" data-id=\"92a9287\" data-element_type=\"widget\" data-e-type=\"widget\" data-widget_type=\"text-editor.default\">\n\t\t\t\t<div class=\"elementor-widget-container\">\n\t\t\t\t\t\t\t\t\t<p>El sistema de desinfecci\u00f3n del film con luz ultravioleta se encuentra en el desbobinador de la m\u00e1quina, antes del grupo de formato del sobre. Con una duraci\u00f3n de aprox. 8.000 h, esta l\u00e1mpara ultravioleta proporciona un nivel de desinfecci\u00f3n LOG 3. La l\u00e1mpara est\u00e1 formada por 4 mono tubos de luz germicida de 180 W (65 W UV-C) que no generan ozono ni residuos. La unidad se monta en un armario estanco de acero inoxidable con una base reflectante y protecci\u00f3n IP65.<\/p>\t\t\t\t\t\t\t\t<\/div>\n\t\t\t\t<\/div>\n\t\t\t\t\t<\/div>\n\t\t<\/div>\n\t\t\t\t<div class=\"elementor-column elementor-col-50 elementor-top-column elementor-element elementor-element-249ae3f\" data-id=\"249ae3f\" data-element_type=\"column\" data-e-type=\"column\">\n\t\t\t<div class=\"elementor-widget-wrap elementor-element-populated\">\n\t\t\t\t\t\t<div class=\"elementor-element elementor-element-98baecf elementor-widget elementor-widget-heading\" data-id=\"98baecf\" data-element_type=\"widget\" data-e-type=\"widget\" data-widget_type=\"heading.default\">\n\t\t\t\t<div class=\"elementor-widget-container\">\n\t\t\t\t\t<h3 class=\"elementor-heading-title elementor-size-default\">Lavado a presi\u00f3n<\/h3>\t\t\t\t<\/div>\n\t\t\t\t<\/div>\n\t\t\t\t<div class=\"elementor-element elementor-element-d4b3e8d elementor-widget elementor-widget-text-editor\" data-id=\"d4b3e8d\" data-element_type=\"widget\" data-e-type=\"widget\" data-widget_type=\"text-editor.default\">\n\t\t\t\t<div class=\"elementor-widget-container\">\n\t\t\t\t\t\t\t\t\t<p>Por motivos higi\u00e9nicos, la opci\u00f3n de lavado a presi\u00f3n incluye: &#8211; Preparaci\u00f3n de la m\u00e1quina para lavado con agua a presi\u00f3n &#8211; Dise\u00f1o higi\u00e9nico (superficies inclinadas para evitar estancamiento de agua, eliminaci\u00f3n de agujeros y esquinas, soldadura con radio 3, juntas de silicona en la parte posterior de las mordazas para garantizar la estanqueidad, uniones estrechas autorizadas por la FDA con dise\u00f1o higi\u00e9nico, facilidad para limpiar componentes y sistema de llenado en la parte superior de las protecciones para mejorar la rapidez y facilidad de la limpieza)<br \/>&#8211; Armarios IP66 <br \/>&#8211; Conectores IP68<\/p>\t\t\t\t\t\t\t\t<\/div>\n\t\t\t\t<\/div>\n\t\t\t\t\t<\/div>\n\t\t<\/div>\n\t\t\t\t\t<\/div>\n\t\t<\/section>\n\t\t\t\t<\/div>\n\t\t","protected":false},"excerpt":{"rendered":"<p>Diferentes niveles de soluciones higi\u00e9nicas, desde m\u00e1quina de lavado a presi\u00f3n a niveles mayores de desinfecci\u00f3n para sus m\u00e1quinas. Flujo laminar puede llegar a alcanzar una producci\u00f3n 99,999% libre de bacterias. Inyecci\u00f3n de gas Tres sistemas diferentes de inyecci\u00f3n de gas para reducir el ox\u00edgeno residual en el sobre: b\u00e1sico 7-10% \/ intermedio 3-5% \/ [&hellip;]<\/p>\n","protected":false},"author":20,"featured_media":0,"parent":0,"menu_order":0,"comment_status":"closed","ping_status":"closed","template":"elementor_header_footer","meta":{"_acf_changed":false,"footnotes":""},"class_list":["post-9403","page","type-page","status-publish","hentry"],"acf":[],"yoast_head":"<!-- This site is optimized with the Yoast SEO plugin v27.5 - https:\/\/yoast.com\/product\/yoast-seo-wordpress\/ -->\n<title>Soluciones higi\u00e9nicas para equipos de envasado | Mespack<\/title>\n<meta name=\"description\" content=\"Diferentes niveles de soluciones higi\u00e9nicas, desde m\u00e1quina de lavado a presi\u00f3n a niveles mayores de desinfecci\u00f3n para sus m\u00e1quinas.\" \/>\n<meta name=\"robots\" content=\"index, follow, max-snippet:-1, max-image-preview:large, max-video-preview:-1\" \/>\n<link rel=\"canonical\" href=\"https:\/\/mespack.com\/es\/soluciones-higienicas\/\" \/>\n<meta property=\"og:locale\" content=\"es_ES\" \/>\n<meta property=\"og:type\" content=\"article\" \/>\n<meta property=\"og:title\" content=\"Soluciones higi\u00e9nicas para equipos de envasado | Mespack\" \/>\n<meta property=\"og:description\" content=\"Diferentes niveles de soluciones higi\u00e9nicas, desde m\u00e1quina de lavado a presi\u00f3n a niveles mayores de desinfecci\u00f3n para sus m\u00e1quinas.\" \/>\n<meta property=\"og:url\" content=\"https:\/\/mespack.com\/es\/soluciones-higienicas\/\" \/>\n<meta property=\"og:site_name\" content=\"Mespack\" \/>\n<meta property=\"article:modified_time\" content=\"2022-09-23T10:07:17+00:00\" \/>\n<meta name=\"twitter:card\" content=\"summary_large_image\" \/>\n<meta name=\"twitter:label1\" content=\"Tiempo de lectura\" \/>\n\t<meta name=\"twitter:data1\" content=\"3 minutos\" \/>\n<script type=\"application\/ld+json\" class=\"yoast-schema-graph\">{\"@context\":\"https:\\\/\\\/schema.org\",\"@graph\":[{\"@type\":\"WebPage\",\"@id\":\"https:\\\/\\\/mespack.com\\\/es\\\/soluciones-higienicas\\\/\",\"url\":\"https:\\\/\\\/mespack.com\\\/es\\\/soluciones-higienicas\\\/\",\"name\":\"Soluciones higi\u00e9nicas para equipos de envasado | Mespack\",\"isPartOf\":{\"@id\":\"https:\\\/\\\/mespack.com\\\/es\\\/#website\"},\"datePublished\":\"2021-09-13T16:38:06+00:00\",\"dateModified\":\"2022-09-23T10:07:17+00:00\",\"description\":\"Diferentes niveles de soluciones higi\u00e9nicas, desde m\u00e1quina de lavado a presi\u00f3n a niveles mayores de desinfecci\u00f3n para sus m\u00e1quinas.\",\"breadcrumb\":{\"@id\":\"https:\\\/\\\/mespack.com\\\/es\\\/soluciones-higienicas\\\/#breadcrumb\"},\"inLanguage\":\"es\",\"potentialAction\":[{\"@type\":\"ReadAction\",\"target\":[\"https:\\\/\\\/mespack.com\\\/es\\\/soluciones-higienicas\\\/\"]}]},{\"@type\":\"BreadcrumbList\",\"@id\":\"https:\\\/\\\/mespack.com\\\/es\\\/soluciones-higienicas\\\/#breadcrumb\",\"itemListElement\":[{\"@type\":\"ListItem\",\"position\":1,\"name\":\"Home\",\"item\":\"https:\\\/\\\/mespack.com\\\/es\\\/\"},{\"@type\":\"ListItem\",\"position\":2,\"name\":\"Soluciones higi\u00e9nicas\"}]},{\"@type\":\"WebSite\",\"@id\":\"https:\\\/\\\/mespack.com\\\/es\\\/#website\",\"url\":\"https:\\\/\\\/mespack.com\\\/es\\\/\",\"name\":\"Mespack\",\"description\":\"A Duravant Company\",\"publisher\":{\"@id\":\"https:\\\/\\\/mespack.com\\\/es\\\/#organization\"},\"potentialAction\":[{\"@type\":\"SearchAction\",\"target\":{\"@type\":\"EntryPoint\",\"urlTemplate\":\"https:\\\/\\\/mespack.com\\\/es\\\/?s={search_term_string}\"},\"query-input\":{\"@type\":\"PropertyValueSpecification\",\"valueRequired\":true,\"valueName\":\"search_term_string\"}}],\"inLanguage\":\"es\"},{\"@type\":\"Organization\",\"@id\":\"https:\\\/\\\/mespack.com\\\/es\\\/#organization\",\"name\":\"Mespack\",\"url\":\"https:\\\/\\\/mespack.com\\\/es\\\/\",\"logo\":{\"@type\":\"ImageObject\",\"inLanguage\":\"es\",\"@id\":\"https:\\\/\\\/mespack.com\\\/es\\\/#\\\/schema\\\/logo\\\/image\\\/\",\"url\":\"https:\\\/\\\/mespack.com\\\/wp-content\\\/uploads\\\/2021\\\/07\\\/logo-mespack-1.svg\",\"contentUrl\":\"https:\\\/\\\/mespack.com\\\/wp-content\\\/uploads\\\/2021\\\/07\\\/logo-mespack-1.svg\",\"width\":1,\"height\":1,\"caption\":\"Mespack\"},\"image\":{\"@id\":\"https:\\\/\\\/mespack.com\\\/es\\\/#\\\/schema\\\/logo\\\/image\\\/\"},\"sameAs\":[\"https:\\\/\\\/www.linkedin.com\\\/company\\\/mespack\\\/\"]}]}<\/script>\n<!-- \/ Yoast SEO plugin. -->","yoast_head_json":{"title":"Soluciones higi\u00e9nicas para equipos de envasado | Mespack","description":"Diferentes niveles de soluciones higi\u00e9nicas, desde m\u00e1quina de lavado a presi\u00f3n a niveles mayores de desinfecci\u00f3n para sus m\u00e1quinas.","robots":{"index":"index","follow":"follow","max-snippet":"max-snippet:-1","max-image-preview":"max-image-preview:large","max-video-preview":"max-video-preview:-1"},"canonical":"https:\/\/mespack.com\/es\/soluciones-higienicas\/","og_locale":"es_ES","og_type":"article","og_title":"Soluciones higi\u00e9nicas para equipos de envasado | Mespack","og_description":"Diferentes niveles de soluciones higi\u00e9nicas, desde m\u00e1quina de lavado a presi\u00f3n a niveles mayores de desinfecci\u00f3n para sus m\u00e1quinas.","og_url":"https:\/\/mespack.com\/es\/soluciones-higienicas\/","og_site_name":"Mespack","article_modified_time":"2022-09-23T10:07:17+00:00","twitter_card":"summary_large_image","twitter_misc":{"Tiempo de lectura":"3 minutos"},"schema":{"@context":"https:\/\/schema.org","@graph":[{"@type":"WebPage","@id":"https:\/\/mespack.com\/es\/soluciones-higienicas\/","url":"https:\/\/mespack.com\/es\/soluciones-higienicas\/","name":"Soluciones higi\u00e9nicas para equipos de envasado | Mespack","isPartOf":{"@id":"https:\/\/mespack.com\/es\/#website"},"datePublished":"2021-09-13T16:38:06+00:00","dateModified":"2022-09-23T10:07:17+00:00","description":"Diferentes niveles de soluciones higi\u00e9nicas, desde m\u00e1quina de lavado a presi\u00f3n a niveles mayores de desinfecci\u00f3n para sus m\u00e1quinas.","breadcrumb":{"@id":"https:\/\/mespack.com\/es\/soluciones-higienicas\/#breadcrumb"},"inLanguage":"es","potentialAction":[{"@type":"ReadAction","target":["https:\/\/mespack.com\/es\/soluciones-higienicas\/"]}]},{"@type":"BreadcrumbList","@id":"https:\/\/mespack.com\/es\/soluciones-higienicas\/#breadcrumb","itemListElement":[{"@type":"ListItem","position":1,"name":"Home","item":"https:\/\/mespack.com\/es\/"},{"@type":"ListItem","position":2,"name":"Soluciones higi\u00e9nicas"}]},{"@type":"WebSite","@id":"https:\/\/mespack.com\/es\/#website","url":"https:\/\/mespack.com\/es\/","name":"Mespack","description":"A Duravant Company","publisher":{"@id":"https:\/\/mespack.com\/es\/#organization"},"potentialAction":[{"@type":"SearchAction","target":{"@type":"EntryPoint","urlTemplate":"https:\/\/mespack.com\/es\/?s={search_term_string}"},"query-input":{"@type":"PropertyValueSpecification","valueRequired":true,"valueName":"search_term_string"}}],"inLanguage":"es"},{"@type":"Organization","@id":"https:\/\/mespack.com\/es\/#organization","name":"Mespack","url":"https:\/\/mespack.com\/es\/","logo":{"@type":"ImageObject","inLanguage":"es","@id":"https:\/\/mespack.com\/es\/#\/schema\/logo\/image\/","url":"https:\/\/mespack.com\/wp-content\/uploads\/2021\/07\/logo-mespack-1.svg","contentUrl":"https:\/\/mespack.com\/wp-content\/uploads\/2021\/07\/logo-mespack-1.svg","width":1,"height":1,"caption":"Mespack"},"image":{"@id":"https:\/\/mespack.com\/es\/#\/schema\/logo\/image\/"},"sameAs":["https:\/\/www.linkedin.com\/company\/mespack\/"]}]}},"_links":{"self":[{"href":"https:\/\/mespack.com\/es\/wp-json\/wp\/v2\/pages\/9403","targetHints":{"allow":["GET"]}}],"collection":[{"href":"https:\/\/mespack.com\/es\/wp-json\/wp\/v2\/pages"}],"about":[{"href":"https:\/\/mespack.com\/es\/wp-json\/wp\/v2\/types\/page"}],"author":[{"embeddable":true,"href":"https:\/\/mespack.com\/es\/wp-json\/wp\/v2\/users\/20"}],"replies":[{"embeddable":true,"href":"https:\/\/mespack.com\/es\/wp-json\/wp\/v2\/comments?post=9403"}],"version-history":[{"count":0,"href":"https:\/\/mespack.com\/es\/wp-json\/wp\/v2\/pages\/9403\/revisions"}],"wp:attachment":[{"href":"https:\/\/mespack.com\/es\/wp-json\/wp\/v2\/media?parent=9403"}],"curies":[{"name":"wp","href":"https:\/\/api.w.org\/{rel}","templated":true}]}}