{"id":9401,"date":"2021-09-13T16:04:20","date_gmt":"2021-09-13T15:04:20","guid":{"rendered":"https:\/\/mespack.com\/automatizaciones-y-facilidad-de-uso\/"},"modified":"2022-08-17T07:29:42","modified_gmt":"2022-08-17T07:29:42","slug":"automatizaciones-y-facilidad-de-uso","status":"publish","type":"page","link":"https:\/\/mespack.com\/es\/automatizaciones-y-facilidad-de-uso\/","title":{"rendered":"Automatizaciones y facilidad de uso"},"content":{"rendered":"\t\t<div data-elementor-type=\"wp-page\" data-elementor-id=\"9401\" class=\"elementor elementor-9401 elementor-3413\" data-elementor-post-type=\"page\">\n\t\t\t\t\t\t<section class=\"elementor-section elementor-top-section elementor-element elementor-element-2a8a267 elementor-section-boxed elementor-section-height-default elementor-section-height-default\" data-id=\"2a8a267\" data-element_type=\"section\" data-e-type=\"section\">\n\t\t\t\t\t\t<div class=\"elementor-container elementor-column-gap-default\">\n\t\t\t\t\t<div class=\"elementor-column elementor-col-100 elementor-top-column elementor-element elementor-element-bccd5b7\" data-id=\"bccd5b7\" data-element_type=\"column\" data-e-type=\"column\">\n\t\t\t<div class=\"elementor-widget-wrap elementor-element-populated\">\n\t\t\t\t\t\t<div class=\"elementor-element elementor-element-abbc2b5 elementor-widget elementor-widget-spacer\" data-id=\"abbc2b5\" data-element_type=\"widget\" data-e-type=\"widget\" data-widget_type=\"spacer.default\">\n\t\t\t\t<div class=\"elementor-widget-container\">\n\t\t\t\t\t\t\t<div class=\"elementor-spacer\">\n\t\t\t<div class=\"elementor-spacer-inner\"><\/div>\n\t\t<\/div>\n\t\t\t\t\t\t<\/div>\n\t\t\t\t<\/div>\n\t\t\t\t<div class=\"elementor-element elementor-element-79fe2ad elementor-widget elementor-widget-heading\" data-id=\"79fe2ad\" data-element_type=\"widget\" data-e-type=\"widget\" data-widget_type=\"heading.default\">\n\t\t\t\t<div class=\"elementor-widget-container\">\n\t\t\t\t\t<h1 class=\"elementor-heading-title elementor-size-default\">Automatizaciones y facilidad de uso<\/h1>\t\t\t\t<\/div>\n\t\t\t\t<\/div>\n\t\t\t\t<div class=\"elementor-element elementor-element-8f843ab elementor-widget-divider--view-line_icon elementor-widget-divider--element-align-left elementor-view-default elementor-widget elementor-widget-divider\" data-id=\"8f843ab\" data-element_type=\"widget\" data-e-type=\"widget\" data-widget_type=\"divider.default\">\n\t\t\t\t<div class=\"elementor-widget-container\">\n\t\t\t\t\t\t\t<div class=\"elementor-divider\">\n\t\t\t<span class=\"elementor-divider-separator\">\n\t\t\t\t\t\t\t<div class=\"elementor-icon elementor-divider__element\">\n\t\t\t\t\t<svg xmlns=\"http:\/\/www.w3.org\/2000\/svg\" width=\"230\" height=\"19\" viewBox=\"0 0 230 19\" fill=\"none\"><rect width=\"230\" height=\"19\" fill=\"#E3092C\"><\/rect><\/svg><\/div>\n\t\t\t\t\t\t<\/span>\n\t\t<\/div>\n\t\t\t\t\t\t<\/div>\n\t\t\t\t<\/div>\n\t\t\t\t\t<\/div>\n\t\t<\/div>\n\t\t\t\t\t<\/div>\n\t\t<\/section>\n\t\t\t\t<section class=\"elementor-section elementor-top-section elementor-element elementor-element-3152826 elementor-section-boxed elementor-section-height-default elementor-section-height-default\" data-id=\"3152826\" data-element_type=\"section\" data-e-type=\"section\">\n\t\t\t\t\t\t<div class=\"elementor-container elementor-column-gap-default\">\n\t\t\t\t\t<div class=\"elementor-column elementor-col-100 elementor-top-column elementor-element elementor-element-956abf0\" data-id=\"956abf0\" data-element_type=\"column\" data-e-type=\"column\">\n\t\t\t<div class=\"elementor-widget-wrap elementor-element-populated\">\n\t\t\t\t\t\t<div class=\"elementor-element elementor-element-546b77e elementor-widget elementor-widget-text-editor\" data-id=\"546b77e\" data-element_type=\"widget\" data-e-type=\"widget\" data-widget_type=\"text-editor.default\">\n\t\t\t\t<div class=\"elementor-widget-container\">\n\t\t\t\t\t\t\t\t\t<p><span data-sheets-value=\"{\" data-sheets-userformat=\"{\">La automatizaci\u00f3n es muy valorada en nuestros equipos. Creemos que es uno de los procesos m\u00e1s importantes que ayuda a reducir el tiempo de inactividad de la m\u00e1quina y aumentar la producci\u00f3n. En Mespack, hemos integrado el concepto de automatizaci\u00f3n en varias partes de nuestras m\u00e1quinas, como por ejemplo un cambio autom\u00e1tico de formato, un cambio r\u00e1pido de formato y un desbobinador con empalme autom\u00e1tico.<\/span><\/p>\t\t\t\t\t\t\t\t<\/div>\n\t\t\t\t<\/div>\n\t\t\t\t\t<\/div>\n\t\t<\/div>\n\t\t\t\t\t<\/div>\n\t\t<\/section>\n\t\t\t\t<section class=\"elementor-section elementor-top-section elementor-element elementor-element-7d2a7bf elementor-section-boxed elementor-section-height-default elementor-section-height-default\" data-id=\"7d2a7bf\" data-element_type=\"section\" data-e-type=\"section\">\n\t\t\t\t\t\t<div class=\"elementor-container elementor-column-gap-default\">\n\t\t\t\t\t<div class=\"elementor-column elementor-col-33 elementor-top-column elementor-element elementor-element-973db5b\" data-id=\"973db5b\" data-element_type=\"column\" data-e-type=\"column\">\n\t\t\t<div class=\"elementor-widget-wrap elementor-element-populated\">\n\t\t\t\t\t\t<div class=\"elementor-element elementor-element-9117bd6 elementor-widget elementor-widget-image\" data-id=\"9117bd6\" data-element_type=\"widget\" data-e-type=\"widget\" data-widget_type=\"image.default\">\n\t\t\t\t<div class=\"elementor-widget-container\">\n\t\t\t\t\t\t\t\t\t\t\t\t\t\t\t<img fetchpriority=\"high\" decoding=\"async\" width=\"800\" height=\"533\" src=\"https:\/\/mespack.com\/wp-content\/uploads\/2021\/09\/automations-automatic-changeover.jpg\" class=\"attachment-large size-large wp-image-8045\" alt=\"\" srcset=\"https:\/\/mespack.com\/wp-content\/uploads\/2021\/09\/automations-automatic-changeover.jpg 900w, https:\/\/mespack.com\/wp-content\/uploads\/2021\/09\/automations-automatic-changeover-300x200.jpg 300w, https:\/\/mespack.com\/wp-content\/uploads\/2021\/09\/automations-automatic-changeover-768x512.jpg 768w\" sizes=\"(max-width: 800px) 100vw, 800px\" \/>\t\t\t\t\t\t\t\t\t\t\t\t\t\t\t<\/div>\n\t\t\t\t<\/div>\n\t\t\t\t<div class=\"elementor-element elementor-element-1f7015e elementor-widget elementor-widget-heading\" data-id=\"1f7015e\" data-element_type=\"widget\" data-e-type=\"widget\" data-widget_type=\"heading.default\">\n\t\t\t\t<div class=\"elementor-widget-container\">\n\t\t\t\t\t<h3 class=\"elementor-heading-title elementor-size-default\">Cambio autom\u00e1tico de formato<\/h3>\t\t\t\t<\/div>\n\t\t\t\t<\/div>\n\t\t\t\t<div class=\"elementor-element elementor-element-a78897e elementor-widget elementor-widget-text-editor\" data-id=\"a78897e\" data-element_type=\"widget\" data-e-type=\"widget\" data-widget_type=\"text-editor.default\">\n\t\t\t\t<div class=\"elementor-widget-container\">\n\t\t\t\t\t\t\t\t\t<p>El sistema de cambio autom\u00e1tico de formato est\u00e1 formado por:<\/p><ul><li>Servomotorizaci\u00f3n del grupo de sellado sin necesidad de realizar ajustes.<\/li><li>Sistema f\u00e1cil de utilizar a trav\u00e9s de la HMI.<\/li><\/ul>\t\t\t\t\t\t\t\t<\/div>\n\t\t\t\t<\/div>\n\t\t\t\t\t<\/div>\n\t\t<\/div>\n\t\t\t\t<div class=\"elementor-column elementor-col-33 elementor-top-column elementor-element elementor-element-3878a80\" data-id=\"3878a80\" data-element_type=\"column\" data-e-type=\"column\">\n\t\t\t<div class=\"elementor-widget-wrap elementor-element-populated\">\n\t\t\t\t\t\t<div class=\"elementor-element elementor-element-b83d977 elementor-widget elementor-widget-image\" data-id=\"b83d977\" data-element_type=\"widget\" data-e-type=\"widget\" data-widget_type=\"image.default\">\n\t\t\t\t<div class=\"elementor-widget-container\">\n\t\t\t\t\t\t\t\t\t\t\t\t\t\t\t<img decoding=\"async\" width=\"800\" height=\"533\" src=\"https:\/\/mespack.com\/wp-content\/uploads\/2021\/09\/automations-quick-changeover.jpg\" class=\"attachment-large size-large wp-image-8049\" alt=\"\" srcset=\"https:\/\/mespack.com\/wp-content\/uploads\/2021\/09\/automations-quick-changeover.jpg 900w, https:\/\/mespack.com\/wp-content\/uploads\/2021\/09\/automations-quick-changeover-300x200.jpg 300w, https:\/\/mespack.com\/wp-content\/uploads\/2021\/09\/automations-quick-changeover-768x512.jpg 768w\" sizes=\"(max-width: 800px) 100vw, 800px\" \/>\t\t\t\t\t\t\t\t\t\t\t\t\t\t\t<\/div>\n\t\t\t\t<\/div>\n\t\t\t\t<div class=\"elementor-element elementor-element-00e68cc elementor-widget elementor-widget-heading\" data-id=\"00e68cc\" data-element_type=\"widget\" data-e-type=\"widget\" data-widget_type=\"heading.default\">\n\t\t\t\t<div class=\"elementor-widget-container\">\n\t\t\t\t\t<h3 class=\"elementor-heading-title elementor-size-default\">Cambio r\u00e1pido de formato<\/h3>\t\t\t\t<\/div>\n\t\t\t\t<\/div>\n\t\t\t\t<div class=\"elementor-element elementor-element-2fc56e2 elementor-widget elementor-widget-text-editor\" data-id=\"2fc56e2\" data-element_type=\"widget\" data-e-type=\"widget\" data-widget_type=\"text-editor.default\">\n\t\t\t\t<div class=\"elementor-widget-container\">\n\t\t\t\t\t\t\t\t\t<p>El sistema Rev\u00f3lver de cambio r\u00e1pido de formato est\u00e1 formado por una barra de posicionamiento, que es paralela a la gu\u00eda longitudinal y tiene mordazas de posici\u00f3n preconfiguradas para cada formato de sobre. Para cambiar el formato, es necesario liberar el grupo de sellado, establecer la gu\u00eda en la posici\u00f3n correspondiente al nuevo formato y volver a fijar el grupo de sellado acoplando los retenes en la posici\u00f3n definida. Este sistema permite un r\u00e1pido cambio de formato sin necesidad de realizar otros ajustes.<\/p>\t\t\t\t\t\t\t\t<\/div>\n\t\t\t\t<\/div>\n\t\t\t\t\t<\/div>\n\t\t<\/div>\n\t\t\t\t<div class=\"elementor-column elementor-col-33 elementor-top-column elementor-element elementor-element-b7d6a67\" data-id=\"b7d6a67\" data-element_type=\"column\" data-e-type=\"column\">\n\t\t\t<div class=\"elementor-widget-wrap elementor-element-populated\">\n\t\t\t\t\t\t<div class=\"elementor-element elementor-element-2d5370e elementor-widget elementor-widget-image\" data-id=\"2d5370e\" data-element_type=\"widget\" data-e-type=\"widget\" data-widget_type=\"image.default\">\n\t\t\t\t<div class=\"elementor-widget-container\">\n\t\t\t\t\t\t\t\t\t\t\t\t\t\t\t<img decoding=\"async\" width=\"800\" height=\"533\" src=\"https:\/\/mespack.com\/wp-content\/uploads\/2021\/09\/automations-autosplice-unwinder.jpg\" class=\"attachment-large size-large wp-image-8047\" alt=\"\" srcset=\"https:\/\/mespack.com\/wp-content\/uploads\/2021\/09\/automations-autosplice-unwinder.jpg 900w, https:\/\/mespack.com\/wp-content\/uploads\/2021\/09\/automations-autosplice-unwinder-300x200.jpg 300w, https:\/\/mespack.com\/wp-content\/uploads\/2021\/09\/automations-autosplice-unwinder-768x512.jpg 768w\" sizes=\"(max-width: 800px) 100vw, 800px\" \/>\t\t\t\t\t\t\t\t\t\t\t\t\t\t\t<\/div>\n\t\t\t\t<\/div>\n\t\t\t\t<div class=\"elementor-element elementor-element-1989521 elementor-widget elementor-widget-heading\" data-id=\"1989521\" data-element_type=\"widget\" data-e-type=\"widget\" data-widget_type=\"heading.default\">\n\t\t\t\t<div class=\"elementor-widget-container\">\n\t\t\t\t\t<h3 class=\"elementor-heading-title elementor-size-default\">Desbobinador con empalme autom\u00e1tico<\/h3>\t\t\t\t<\/div>\n\t\t\t\t<\/div>\n\t\t\t\t<div class=\"elementor-element elementor-element-92a9287 elementor-widget elementor-widget-text-editor\" data-id=\"92a9287\" data-element_type=\"widget\" data-e-type=\"widget\" data-widget_type=\"text-editor.default\">\n\t\t\t\t<div class=\"elementor-widget-container\">\n\t\t\t\t\t\t\t\t\t<p>El sistema de empalme autom\u00e1tico de la bobina integra el dispositivo Butler, que empalma autom\u00e1ticamente la secci\u00f3n final de la bobina finalizada con la secci\u00f3n inicial de la nueva bobina, evitando por lo tanto paradas de producci\u00f3n para realizar este proceso. Fabricado en una estructura con soporte para dos bobinas, el dispositivo Butler se encuentra en la mesa de empalme de bobinas, entre la bobina superior y la inferior.&nbsp;<\/p>\t\t\t\t\t\t\t\t<\/div>\n\t\t\t\t<\/div>\n\t\t\t\t\t<\/div>\n\t\t<\/div>\n\t\t\t\t\t<\/div>\n\t\t<\/section>\n\t\t\t\t<\/div>\n\t\t","protected":false},"excerpt":{"rendered":"<p>La automatizaci\u00f3n es muy valorada en nuestros equipos. Creemos que es uno de los procesos m\u00e1s importantes que ayuda a reducir el tiempo de inactividad de la m\u00e1quina y aumentar la producci\u00f3n. En Mespack, hemos integrado el concepto de automatizaci\u00f3n en varias partes de nuestras m\u00e1quinas, como por ejemplo un cambio autom\u00e1tico de formato, un [&hellip;]<\/p>\n","protected":false},"author":20,"featured_media":0,"parent":0,"menu_order":0,"comment_status":"closed","ping_status":"closed","template":"elementor_header_footer","meta":{"_acf_changed":false,"footnotes":""},"class_list":["post-9401","page","type-page","status-publish","hentry"],"acf":[],"yoast_head":"<!-- This site is optimized with the Yoast SEO plugin v27.5 - https:\/\/yoast.com\/product\/yoast-seo-wordpress\/ -->\n<title>Automatizaciones y facilidad de uso | Mespack<\/title>\n<meta name=\"description\" content=\"Hemos integrado automatizaciones en partes de nuestras m\u00e1quinas, como por ejemplo un cambio autom\u00e1tico de formato, un cambio r\u00e1pido de formato y un desbobinador con empalme autom\u00e1tico.\" \/>\n<meta name=\"robots\" content=\"index, follow, max-snippet:-1, max-image-preview:large, max-video-preview:-1\" \/>\n<link rel=\"canonical\" href=\"https:\/\/mespack.com\/es\/automatizaciones-y-facilidad-de-uso\/\" \/>\n<meta property=\"og:locale\" content=\"es_ES\" \/>\n<meta property=\"og:type\" content=\"article\" \/>\n<meta property=\"og:title\" content=\"Automatizaciones y facilidad de uso | Mespack\" \/>\n<meta property=\"og:description\" content=\"Hemos integrado automatizaciones en partes de nuestras m\u00e1quinas, como por ejemplo un cambio autom\u00e1tico de formato, un cambio r\u00e1pido de formato y un desbobinador con empalme autom\u00e1tico.\" \/>\n<meta property=\"og:url\" content=\"https:\/\/mespack.com\/es\/automatizaciones-y-facilidad-de-uso\/\" \/>\n<meta property=\"og:site_name\" content=\"Mespack\" \/>\n<meta property=\"article:modified_time\" content=\"2022-08-17T07:29:42+00:00\" \/>\n<meta property=\"og:image\" content=\"https:\/\/mespack.com\/wp-content\/uploads\/2021\/09\/automations-automatic-changeover.jpg\" \/>\n<meta name=\"twitter:card\" content=\"summary_large_image\" \/>\n<meta name=\"twitter:label1\" content=\"Tiempo de lectura\" \/>\n\t<meta name=\"twitter:data1\" content=\"1 minuto\" \/>\n<script type=\"application\/ld+json\" class=\"yoast-schema-graph\">{\"@context\":\"https:\\\/\\\/schema.org\",\"@graph\":[{\"@type\":\"WebPage\",\"@id\":\"https:\\\/\\\/mespack.com\\\/es\\\/automatizaciones-y-facilidad-de-uso\\\/\",\"url\":\"https:\\\/\\\/mespack.com\\\/es\\\/automatizaciones-y-facilidad-de-uso\\\/\",\"name\":\"Automatizaciones y facilidad de uso | Mespack\",\"isPartOf\":{\"@id\":\"https:\\\/\\\/mespack.com\\\/es\\\/#website\"},\"primaryImageOfPage\":{\"@id\":\"https:\\\/\\\/mespack.com\\\/es\\\/automatizaciones-y-facilidad-de-uso\\\/#primaryimage\"},\"image\":{\"@id\":\"https:\\\/\\\/mespack.com\\\/es\\\/automatizaciones-y-facilidad-de-uso\\\/#primaryimage\"},\"thumbnailUrl\":\"https:\\\/\\\/mespack.com\\\/wp-content\\\/uploads\\\/2021\\\/09\\\/automations-automatic-changeover.jpg\",\"datePublished\":\"2021-09-13T15:04:20+00:00\",\"dateModified\":\"2022-08-17T07:29:42+00:00\",\"description\":\"Hemos integrado automatizaciones en partes de nuestras m\u00e1quinas, como por ejemplo un cambio autom\u00e1tico de formato, un cambio r\u00e1pido de formato y un desbobinador con empalme autom\u00e1tico.\",\"breadcrumb\":{\"@id\":\"https:\\\/\\\/mespack.com\\\/es\\\/automatizaciones-y-facilidad-de-uso\\\/#breadcrumb\"},\"inLanguage\":\"es\",\"potentialAction\":[{\"@type\":\"ReadAction\",\"target\":[\"https:\\\/\\\/mespack.com\\\/es\\\/automatizaciones-y-facilidad-de-uso\\\/\"]}]},{\"@type\":\"ImageObject\",\"inLanguage\":\"es\",\"@id\":\"https:\\\/\\\/mespack.com\\\/es\\\/automatizaciones-y-facilidad-de-uso\\\/#primaryimage\",\"url\":\"https:\\\/\\\/mespack.com\\\/wp-content\\\/uploads\\\/2021\\\/09\\\/automations-automatic-changeover.jpg\",\"contentUrl\":\"https:\\\/\\\/mespack.com\\\/wp-content\\\/uploads\\\/2021\\\/09\\\/automations-automatic-changeover.jpg\"},{\"@type\":\"BreadcrumbList\",\"@id\":\"https:\\\/\\\/mespack.com\\\/es\\\/automatizaciones-y-facilidad-de-uso\\\/#breadcrumb\",\"itemListElement\":[{\"@type\":\"ListItem\",\"position\":1,\"name\":\"Home\",\"item\":\"https:\\\/\\\/mespack.com\\\/es\\\/\"},{\"@type\":\"ListItem\",\"position\":2,\"name\":\"Automatizaciones y facilidad de uso\"}]},{\"@type\":\"WebSite\",\"@id\":\"https:\\\/\\\/mespack.com\\\/es\\\/#website\",\"url\":\"https:\\\/\\\/mespack.com\\\/es\\\/\",\"name\":\"Mespack\",\"description\":\"A Duravant Company\",\"publisher\":{\"@id\":\"https:\\\/\\\/mespack.com\\\/es\\\/#organization\"},\"potentialAction\":[{\"@type\":\"SearchAction\",\"target\":{\"@type\":\"EntryPoint\",\"urlTemplate\":\"https:\\\/\\\/mespack.com\\\/es\\\/?s={search_term_string}\"},\"query-input\":{\"@type\":\"PropertyValueSpecification\",\"valueRequired\":true,\"valueName\":\"search_term_string\"}}],\"inLanguage\":\"es\"},{\"@type\":\"Organization\",\"@id\":\"https:\\\/\\\/mespack.com\\\/es\\\/#organization\",\"name\":\"Mespack\",\"url\":\"https:\\\/\\\/mespack.com\\\/es\\\/\",\"logo\":{\"@type\":\"ImageObject\",\"inLanguage\":\"es\",\"@id\":\"https:\\\/\\\/mespack.com\\\/es\\\/#\\\/schema\\\/logo\\\/image\\\/\",\"url\":\"https:\\\/\\\/mespack.com\\\/wp-content\\\/uploads\\\/2021\\\/07\\\/logo-mespack-1.svg\",\"contentUrl\":\"https:\\\/\\\/mespack.com\\\/wp-content\\\/uploads\\\/2021\\\/07\\\/logo-mespack-1.svg\",\"width\":1,\"height\":1,\"caption\":\"Mespack\"},\"image\":{\"@id\":\"https:\\\/\\\/mespack.com\\\/es\\\/#\\\/schema\\\/logo\\\/image\\\/\"},\"sameAs\":[\"https:\\\/\\\/www.linkedin.com\\\/company\\\/mespack\\\/\"]}]}<\/script>\n<!-- \/ Yoast SEO plugin. -->","yoast_head_json":{"title":"Automatizaciones y facilidad de uso | Mespack","description":"Hemos integrado automatizaciones en partes de nuestras m\u00e1quinas, como por ejemplo un cambio autom\u00e1tico de formato, un cambio r\u00e1pido de formato y un desbobinador con empalme autom\u00e1tico.","robots":{"index":"index","follow":"follow","max-snippet":"max-snippet:-1","max-image-preview":"max-image-preview:large","max-video-preview":"max-video-preview:-1"},"canonical":"https:\/\/mespack.com\/es\/automatizaciones-y-facilidad-de-uso\/","og_locale":"es_ES","og_type":"article","og_title":"Automatizaciones y facilidad de uso | Mespack","og_description":"Hemos integrado automatizaciones en partes de nuestras m\u00e1quinas, como por ejemplo un cambio autom\u00e1tico de formato, un cambio r\u00e1pido de formato y un desbobinador con empalme autom\u00e1tico.","og_url":"https:\/\/mespack.com\/es\/automatizaciones-y-facilidad-de-uso\/","og_site_name":"Mespack","article_modified_time":"2022-08-17T07:29:42+00:00","og_image":[{"url":"https:\/\/mespack.com\/wp-content\/uploads\/2021\/09\/automations-automatic-changeover.jpg","type":"","width":"","height":""}],"twitter_card":"summary_large_image","twitter_misc":{"Tiempo de lectura":"1 minuto"},"schema":{"@context":"https:\/\/schema.org","@graph":[{"@type":"WebPage","@id":"https:\/\/mespack.com\/es\/automatizaciones-y-facilidad-de-uso\/","url":"https:\/\/mespack.com\/es\/automatizaciones-y-facilidad-de-uso\/","name":"Automatizaciones y facilidad de uso | Mespack","isPartOf":{"@id":"https:\/\/mespack.com\/es\/#website"},"primaryImageOfPage":{"@id":"https:\/\/mespack.com\/es\/automatizaciones-y-facilidad-de-uso\/#primaryimage"},"image":{"@id":"https:\/\/mespack.com\/es\/automatizaciones-y-facilidad-de-uso\/#primaryimage"},"thumbnailUrl":"https:\/\/mespack.com\/wp-content\/uploads\/2021\/09\/automations-automatic-changeover.jpg","datePublished":"2021-09-13T15:04:20+00:00","dateModified":"2022-08-17T07:29:42+00:00","description":"Hemos integrado automatizaciones en partes de nuestras m\u00e1quinas, como por ejemplo un cambio autom\u00e1tico de formato, un cambio r\u00e1pido de formato y un desbobinador con empalme autom\u00e1tico.","breadcrumb":{"@id":"https:\/\/mespack.com\/es\/automatizaciones-y-facilidad-de-uso\/#breadcrumb"},"inLanguage":"es","potentialAction":[{"@type":"ReadAction","target":["https:\/\/mespack.com\/es\/automatizaciones-y-facilidad-de-uso\/"]}]},{"@type":"ImageObject","inLanguage":"es","@id":"https:\/\/mespack.com\/es\/automatizaciones-y-facilidad-de-uso\/#primaryimage","url":"https:\/\/mespack.com\/wp-content\/uploads\/2021\/09\/automations-automatic-changeover.jpg","contentUrl":"https:\/\/mespack.com\/wp-content\/uploads\/2021\/09\/automations-automatic-changeover.jpg"},{"@type":"BreadcrumbList","@id":"https:\/\/mespack.com\/es\/automatizaciones-y-facilidad-de-uso\/#breadcrumb","itemListElement":[{"@type":"ListItem","position":1,"name":"Home","item":"https:\/\/mespack.com\/es\/"},{"@type":"ListItem","position":2,"name":"Automatizaciones y facilidad de uso"}]},{"@type":"WebSite","@id":"https:\/\/mespack.com\/es\/#website","url":"https:\/\/mespack.com\/es\/","name":"Mespack","description":"A Duravant Company","publisher":{"@id":"https:\/\/mespack.com\/es\/#organization"},"potentialAction":[{"@type":"SearchAction","target":{"@type":"EntryPoint","urlTemplate":"https:\/\/mespack.com\/es\/?s={search_term_string}"},"query-input":{"@type":"PropertyValueSpecification","valueRequired":true,"valueName":"search_term_string"}}],"inLanguage":"es"},{"@type":"Organization","@id":"https:\/\/mespack.com\/es\/#organization","name":"Mespack","url":"https:\/\/mespack.com\/es\/","logo":{"@type":"ImageObject","inLanguage":"es","@id":"https:\/\/mespack.com\/es\/#\/schema\/logo\/image\/","url":"https:\/\/mespack.com\/wp-content\/uploads\/2021\/07\/logo-mespack-1.svg","contentUrl":"https:\/\/mespack.com\/wp-content\/uploads\/2021\/07\/logo-mespack-1.svg","width":1,"height":1,"caption":"Mespack"},"image":{"@id":"https:\/\/mespack.com\/es\/#\/schema\/logo\/image\/"},"sameAs":["https:\/\/www.linkedin.com\/company\/mespack\/"]}]}},"_links":{"self":[{"href":"https:\/\/mespack.com\/es\/wp-json\/wp\/v2\/pages\/9401","targetHints":{"allow":["GET"]}}],"collection":[{"href":"https:\/\/mespack.com\/es\/wp-json\/wp\/v2\/pages"}],"about":[{"href":"https:\/\/mespack.com\/es\/wp-json\/wp\/v2\/types\/page"}],"author":[{"embeddable":true,"href":"https:\/\/mespack.com\/es\/wp-json\/wp\/v2\/users\/20"}],"replies":[{"embeddable":true,"href":"https:\/\/mespack.com\/es\/wp-json\/wp\/v2\/comments?post=9401"}],"version-history":[{"count":0,"href":"https:\/\/mespack.com\/es\/wp-json\/wp\/v2\/pages\/9401\/revisions"}],"wp:attachment":[{"href":"https:\/\/mespack.com\/es\/wp-json\/wp\/v2\/media?parent=9401"}],"curies":[{"name":"wp","href":"https:\/\/api.w.org\/{rel}","templated":true}]}}