{"id":20119,"date":"2024-06-14T10:10:00","date_gmt":"2024-06-14T09:10:00","guid":{"rendered":"https:\/\/mespack.com\/cdti\/"},"modified":"2024-06-17T10:53:46","modified_gmt":"2024-06-17T09:53:46","slug":"cdti","status":"publish","type":"page","link":"https:\/\/mespack.com\/es\/cdti\/","title":{"rendered":"CDTI"},"content":{"rendered":"<p><img fetchpriority=\"high\" decoding=\"async\" class=\"alignnone  wp-image-20135\" src=\"https:\/\/mespack.com\/wp-content\/uploads\/2024\/06\/logos-eu-hisenda.jpg\" alt=\"\" width=\"813\" height=\"92\" srcset=\"https:\/\/mespack.com\/wp-content\/uploads\/2024\/06\/logos-eu-hisenda.jpg 1795w, https:\/\/mespack.com\/wp-content\/uploads\/2024\/06\/logos-eu-hisenda-300x34.jpg 300w, https:\/\/mespack.com\/wp-content\/uploads\/2024\/06\/logos-eu-hisenda-1024x116.jpg 1024w, https:\/\/mespack.com\/wp-content\/uploads\/2024\/06\/logos-eu-hisenda-768x87.jpg 768w, https:\/\/mespack.com\/wp-content\/uploads\/2024\/06\/logos-eu-hisenda-1536x174.jpg 1536w\" sizes=\"(max-width: 813px) 100vw, 813px\" \/><\/p>\n<h2><\/h2>\n<h2>ATHENA 2.0: DESARROLLO EXPERIMENTAL DE UN NUEVO SISTEMA DE MANTENIMIENTO PREDICTIVO PARA MAQUINARIA DE ENVASADO FLEXIBLE, APLICADO A LA NUEVA GENERACI\u00d3N DE M\u00c1QUINAS SUSTAINABILITY COMO PRUEBA DE CONCEPTO<\/h2>\n<h4>Objectivo:<\/h4>\n<ul>\n<li>Desarrollar un nuevo sistema de mantenimiento predictivo: La compa\u00f1\u00eda a\u00f1adir\u00e1 al sistema nueva algor\u00edtmica innovadora sustentadas por t\u00e9cnicas de IA que permitan crear un sistema de mantenimiento predictivo aplicado al prototipo de Sustainability, de manera que se pueda estimar con un alto grado de precisi\u00f3n, detalle y sensibilidad el comportamiento futuro de una m\u00e1quina y de los diferentes componentes que forman parte de la misma, pudiendo detectar la necesidad de cambio o reparaci\u00f3n de piezas antes de que se produzcan fallos o aver\u00edas mayores que resulten en una interrupci\u00f3n del sistema productivo.<\/li>\n<li>Crear un digital-twin de Sustainability: Con los conocimientos profundos de la m\u00e1quina que se generar\u00e1n a partir del desarrollo del primer sistema, la compa\u00f1\u00eda desarrollar\u00e1 un digital-twin o gemelo digital de la maquina Sustainability que se comporte igual que la misma, de manera que se puedan realizar pruebas y simulaciones en un entorno 100% digital, agilizando el proceso de realizaci\u00f3n de las mismas.<\/li>\n<\/ul>\n<h4>Resultados:<\/h4>\n<ul>\n<li>Adquisici\u00f3n de conocimiento relevante en el mundo de la inteligencia artificial.<\/li>\n<li>Preparaci\u00f3n de la arquitectura de base de datos para la ingesta y tratamiento de datos por parte de los algoritmos de mantenimiento predictivo<\/li>\n<li>Desarrollo de un modelo predictivo que permite detectar fugas neum\u00e1ticas en las mordazas de soldadura.<\/li>\n<li>Desarrollo de un modelo de clasificaci\u00f3n de films seg\u00fan sus caracter\u00edsticas de soldadura<\/li>\n<\/ul>\n<p><strong>Duraci\u00f3n: 18 meses<\/strong><br \/>\n<strong>Inversi\u00f3n: 311.524,45\u20ac<\/strong><\/p>\n<p><img decoding=\"async\" class=\"wp-image-19354 alignright\" src=\"https:\/\/mespack.com\/wp-content\/uploads\/2021\/07\/logo-cdti.webp\" alt=\"\" width=\"465\" height=\"83\" srcset=\"https:\/\/mespack.com\/wp-content\/uploads\/2021\/07\/logo-cdti.webp 988w, https:\/\/mespack.com\/wp-content\/uploads\/2021\/07\/logo-cdti-300x53.webp 300w, https:\/\/mespack.com\/wp-content\/uploads\/2021\/07\/logo-cdti-768x137.webp 768w\" sizes=\"(max-width: 465px) 100vw, 465px\" \/><\/p>\n","protected":false},"excerpt":{"rendered":"<p>ATHENA 2.0: DESARROLLO EXPERIMENTAL DE UN NUEVO SISTEMA DE MANTENIMIENTO PREDICTIVO PARA MAQUINARIA DE ENVASADO FLEXIBLE, APLICADO A LA NUEVA GENERACI\u00d3N DE M\u00c1QUINAS SUSTAINABILITY COMO PRUEBA DE CONCEPTO Objectivo: Desarrollar un nuevo sistema de mantenimiento predictivo: La compa\u00f1\u00eda a\u00f1adir\u00e1 al sistema nueva algor\u00edtmica innovadora sustentadas por t\u00e9cnicas de IA que permitan crear un sistema de [&hellip;]<\/p>\n","protected":false},"author":20,"featured_media":0,"parent":0,"menu_order":0,"comment_status":"closed","ping_status":"closed","template":"","meta":{"_acf_changed":false,"footnotes":""},"class_list":["post-20119","page","type-page","status-publish","hentry"],"acf":[],"yoast_head":"<!-- This site is optimized with the Yoast SEO plugin v27.4 - https:\/\/yoast.com\/product\/yoast-seo-wordpress\/ -->\n<title>CDTI &#183; Mespack<\/title>\n<meta name=\"robots\" content=\"index, follow, max-snippet:-1, max-image-preview:large, max-video-preview:-1\" \/>\n<link rel=\"canonical\" href=\"https:\/\/mespack.com\/es\/cdti\/\" \/>\n<meta property=\"og:locale\" content=\"es_ES\" \/>\n<meta property=\"og:type\" content=\"article\" \/>\n<meta property=\"og:title\" content=\"CDTI &#183; Mespack\" \/>\n<meta property=\"og:description\" content=\"ATHENA 2.0: DESARROLLO EXPERIMENTAL DE UN NUEVO SISTEMA DE MANTENIMIENTO PREDICTIVO PARA MAQUINARIA DE ENVASADO FLEXIBLE, APLICADO A LA NUEVA GENERACI\u00d3N DE M\u00c1QUINAS SUSTAINABILITY COMO PRUEBA DE CONCEPTO Objectivo: Desarrollar un nuevo sistema de mantenimiento predictivo: La compa\u00f1\u00eda a\u00f1adir\u00e1 al sistema nueva algor\u00edtmica innovadora sustentadas por t\u00e9cnicas de IA que permitan crear un sistema de [&hellip;]\" \/>\n<meta property=\"og:url\" content=\"https:\/\/mespack.com\/es\/cdti\/\" \/>\n<meta property=\"og:site_name\" content=\"Mespack\" \/>\n<meta property=\"article:modified_time\" content=\"2024-06-17T09:53:46+00:00\" \/>\n<meta property=\"og:image\" content=\"https:\/\/mespack.com\/wp-content\/uploads\/2024\/06\/logos-eu-hisenda.jpg\" \/>\n<meta name=\"twitter:card\" content=\"summary_large_image\" \/>\n<meta name=\"twitter:label1\" content=\"Tiempo de lectura\" \/>\n\t<meta name=\"twitter:data1\" content=\"1 minuto\" \/>\n<script type=\"application\/ld+json\" class=\"yoast-schema-graph\">{\"@context\":\"https:\\\/\\\/schema.org\",\"@graph\":[{\"@type\":\"WebPage\",\"@id\":\"https:\\\/\\\/mespack.com\\\/es\\\/cdti\\\/\",\"url\":\"https:\\\/\\\/mespack.com\\\/es\\\/cdti\\\/\",\"name\":\"CDTI &#183; Mespack\",\"isPartOf\":{\"@id\":\"https:\\\/\\\/mespack.com\\\/es\\\/#website\"},\"primaryImageOfPage\":{\"@id\":\"https:\\\/\\\/mespack.com\\\/es\\\/cdti\\\/#primaryimage\"},\"image\":{\"@id\":\"https:\\\/\\\/mespack.com\\\/es\\\/cdti\\\/#primaryimage\"},\"thumbnailUrl\":\"https:\\\/\\\/mespack.com\\\/wp-content\\\/uploads\\\/2024\\\/06\\\/logos-eu-hisenda.jpg\",\"datePublished\":\"2024-06-14T09:10:00+00:00\",\"dateModified\":\"2024-06-17T09:53:46+00:00\",\"breadcrumb\":{\"@id\":\"https:\\\/\\\/mespack.com\\\/es\\\/cdti\\\/#breadcrumb\"},\"inLanguage\":\"es\",\"potentialAction\":[{\"@type\":\"ReadAction\",\"target\":[\"https:\\\/\\\/mespack.com\\\/es\\\/cdti\\\/\"]}]},{\"@type\":\"ImageObject\",\"inLanguage\":\"es\",\"@id\":\"https:\\\/\\\/mespack.com\\\/es\\\/cdti\\\/#primaryimage\",\"url\":\"https:\\\/\\\/mespack.com\\\/wp-content\\\/uploads\\\/2024\\\/06\\\/logos-eu-hisenda.jpg\",\"contentUrl\":\"https:\\\/\\\/mespack.com\\\/wp-content\\\/uploads\\\/2024\\\/06\\\/logos-eu-hisenda.jpg\"},{\"@type\":\"BreadcrumbList\",\"@id\":\"https:\\\/\\\/mespack.com\\\/es\\\/cdti\\\/#breadcrumb\",\"itemListElement\":[{\"@type\":\"ListItem\",\"position\":1,\"name\":\"Home\",\"item\":\"https:\\\/\\\/mespack.com\\\/es\\\/\"},{\"@type\":\"ListItem\",\"position\":2,\"name\":\"CDTI\"}]},{\"@type\":\"WebSite\",\"@id\":\"https:\\\/\\\/mespack.com\\\/es\\\/#website\",\"url\":\"https:\\\/\\\/mespack.com\\\/es\\\/\",\"name\":\"Mespack\",\"description\":\"A Duravant Company\",\"publisher\":{\"@id\":\"https:\\\/\\\/mespack.com\\\/es\\\/#organization\"},\"potentialAction\":[{\"@type\":\"SearchAction\",\"target\":{\"@type\":\"EntryPoint\",\"urlTemplate\":\"https:\\\/\\\/mespack.com\\\/es\\\/?s={search_term_string}\"},\"query-input\":{\"@type\":\"PropertyValueSpecification\",\"valueRequired\":true,\"valueName\":\"search_term_string\"}}],\"inLanguage\":\"es\"},{\"@type\":\"Organization\",\"@id\":\"https:\\\/\\\/mespack.com\\\/es\\\/#organization\",\"name\":\"Mespack\",\"url\":\"https:\\\/\\\/mespack.com\\\/es\\\/\",\"logo\":{\"@type\":\"ImageObject\",\"inLanguage\":\"es\",\"@id\":\"https:\\\/\\\/mespack.com\\\/es\\\/#\\\/schema\\\/logo\\\/image\\\/\",\"url\":\"https:\\\/\\\/mespack.com\\\/wp-content\\\/uploads\\\/2021\\\/07\\\/logo-mespack-1.svg\",\"contentUrl\":\"https:\\\/\\\/mespack.com\\\/wp-content\\\/uploads\\\/2021\\\/07\\\/logo-mespack-1.svg\",\"width\":1,\"height\":1,\"caption\":\"Mespack\"},\"image\":{\"@id\":\"https:\\\/\\\/mespack.com\\\/es\\\/#\\\/schema\\\/logo\\\/image\\\/\"},\"sameAs\":[\"https:\\\/\\\/www.linkedin.com\\\/company\\\/mespack\\\/\"]}]}<\/script>\n<!-- \/ Yoast SEO plugin. -->","yoast_head_json":{"title":"CDTI &#183; Mespack","robots":{"index":"index","follow":"follow","max-snippet":"max-snippet:-1","max-image-preview":"max-image-preview:large","max-video-preview":"max-video-preview:-1"},"canonical":"https:\/\/mespack.com\/es\/cdti\/","og_locale":"es_ES","og_type":"article","og_title":"CDTI &#183; Mespack","og_description":"ATHENA 2.0: DESARROLLO EXPERIMENTAL DE UN NUEVO SISTEMA DE MANTENIMIENTO PREDICTIVO PARA MAQUINARIA DE ENVASADO FLEXIBLE, APLICADO A LA NUEVA GENERACI\u00d3N DE M\u00c1QUINAS SUSTAINABILITY COMO PRUEBA DE CONCEPTO Objectivo: Desarrollar un nuevo sistema de mantenimiento predictivo: La compa\u00f1\u00eda a\u00f1adir\u00e1 al sistema nueva algor\u00edtmica innovadora sustentadas por t\u00e9cnicas de IA que permitan crear un sistema de [&hellip;]","og_url":"https:\/\/mespack.com\/es\/cdti\/","og_site_name":"Mespack","article_modified_time":"2024-06-17T09:53:46+00:00","og_image":[{"url":"https:\/\/mespack.com\/wp-content\/uploads\/2024\/06\/logos-eu-hisenda.jpg","type":"","width":"","height":""}],"twitter_card":"summary_large_image","twitter_misc":{"Tiempo de lectura":"1 minuto"},"schema":{"@context":"https:\/\/schema.org","@graph":[{"@type":"WebPage","@id":"https:\/\/mespack.com\/es\/cdti\/","url":"https:\/\/mespack.com\/es\/cdti\/","name":"CDTI &#183; Mespack","isPartOf":{"@id":"https:\/\/mespack.com\/es\/#website"},"primaryImageOfPage":{"@id":"https:\/\/mespack.com\/es\/cdti\/#primaryimage"},"image":{"@id":"https:\/\/mespack.com\/es\/cdti\/#primaryimage"},"thumbnailUrl":"https:\/\/mespack.com\/wp-content\/uploads\/2024\/06\/logos-eu-hisenda.jpg","datePublished":"2024-06-14T09:10:00+00:00","dateModified":"2024-06-17T09:53:46+00:00","breadcrumb":{"@id":"https:\/\/mespack.com\/es\/cdti\/#breadcrumb"},"inLanguage":"es","potentialAction":[{"@type":"ReadAction","target":["https:\/\/mespack.com\/es\/cdti\/"]}]},{"@type":"ImageObject","inLanguage":"es","@id":"https:\/\/mespack.com\/es\/cdti\/#primaryimage","url":"https:\/\/mespack.com\/wp-content\/uploads\/2024\/06\/logos-eu-hisenda.jpg","contentUrl":"https:\/\/mespack.com\/wp-content\/uploads\/2024\/06\/logos-eu-hisenda.jpg"},{"@type":"BreadcrumbList","@id":"https:\/\/mespack.com\/es\/cdti\/#breadcrumb","itemListElement":[{"@type":"ListItem","position":1,"name":"Home","item":"https:\/\/mespack.com\/es\/"},{"@type":"ListItem","position":2,"name":"CDTI"}]},{"@type":"WebSite","@id":"https:\/\/mespack.com\/es\/#website","url":"https:\/\/mespack.com\/es\/","name":"Mespack","description":"A Duravant Company","publisher":{"@id":"https:\/\/mespack.com\/es\/#organization"},"potentialAction":[{"@type":"SearchAction","target":{"@type":"EntryPoint","urlTemplate":"https:\/\/mespack.com\/es\/?s={search_term_string}"},"query-input":{"@type":"PropertyValueSpecification","valueRequired":true,"valueName":"search_term_string"}}],"inLanguage":"es"},{"@type":"Organization","@id":"https:\/\/mespack.com\/es\/#organization","name":"Mespack","url":"https:\/\/mespack.com\/es\/","logo":{"@type":"ImageObject","inLanguage":"es","@id":"https:\/\/mespack.com\/es\/#\/schema\/logo\/image\/","url":"https:\/\/mespack.com\/wp-content\/uploads\/2021\/07\/logo-mespack-1.svg","contentUrl":"https:\/\/mespack.com\/wp-content\/uploads\/2021\/07\/logo-mespack-1.svg","width":1,"height":1,"caption":"Mespack"},"image":{"@id":"https:\/\/mespack.com\/es\/#\/schema\/logo\/image\/"},"sameAs":["https:\/\/www.linkedin.com\/company\/mespack\/"]}]}},"_links":{"self":[{"href":"https:\/\/mespack.com\/es\/wp-json\/wp\/v2\/pages\/20119","targetHints":{"allow":["GET"]}}],"collection":[{"href":"https:\/\/mespack.com\/es\/wp-json\/wp\/v2\/pages"}],"about":[{"href":"https:\/\/mespack.com\/es\/wp-json\/wp\/v2\/types\/page"}],"author":[{"embeddable":true,"href":"https:\/\/mespack.com\/es\/wp-json\/wp\/v2\/users\/20"}],"replies":[{"embeddable":true,"href":"https:\/\/mespack.com\/es\/wp-json\/wp\/v2\/comments?post=20119"}],"version-history":[{"count":0,"href":"https:\/\/mespack.com\/es\/wp-json\/wp\/v2\/pages\/20119\/revisions"}],"wp:attachment":[{"href":"https:\/\/mespack.com\/es\/wp-json\/wp\/v2\/media?parent=20119"}],"curies":[{"name":"wp","href":"https:\/\/api.w.org\/{rel}","templated":true}]}}