{"id":13424,"date":"2023-06-15T08:51:57","date_gmt":"2023-06-15T07:51:57","guid":{"rendered":"https:\/\/mespack.com\/?page_id=13424"},"modified":"2025-12-15T18:43:55","modified_gmt":"2025-12-15T17:43:55","slug":"votech","status":"publish","type":"page","link":"https:\/\/mespack.com\/es\/familia-duravant\/votech\/","title":{"rendered":"Votech"},"content":{"rendered":"\t\t<div data-elementor-type=\"wp-page\" data-elementor-id=\"13424\" class=\"elementor elementor-13424 elementor-13423\" data-elementor-post-type=\"page\">\n\t\t\t\t\t\t<section class=\"elementor-section elementor-top-section elementor-element elementor-element-847557e elementor-section-boxed elementor-section-height-default elementor-section-height-default\" data-id=\"847557e\" data-element_type=\"section\" data-e-type=\"section\">\n\t\t\t\t\t\t<div class=\"elementor-container elementor-column-gap-default\">\n\t\t\t\t\t<div class=\"elementor-column elementor-col-100 elementor-top-column elementor-element elementor-element-31ee78e\" data-id=\"31ee78e\" data-element_type=\"column\" data-e-type=\"column\">\n\t\t\t<div class=\"elementor-widget-wrap elementor-element-populated\">\n\t\t\t\t\t\t<div class=\"elementor-element elementor-element-f365b68 elementor-widget elementor-widget-template\" data-id=\"f365b68\" data-element_type=\"widget\" data-e-type=\"widget\" data-widget_type=\"template.default\">\n\t\t\t\t<div class=\"elementor-widget-container\">\n\t\t\t\t\t\t\t<div class=\"elementor-template\">\n\t\t\t\t\t<div data-elementor-type=\"section\" data-elementor-id=\"9746\" class=\"elementor elementor-9746 elementor-423 elementor-423\" data-elementor-post-type=\"elementor_library\">\n\t\t\t\t\t<section class=\"elementor-section elementor-top-section elementor-element elementor-element-7394da99 elementor-section-boxed elementor-section-height-default elementor-section-height-default\" data-id=\"7394da99\" data-element_type=\"section\" data-e-type=\"section\" id=\"page-header\">\n\t\t\t\t\t\t<div class=\"elementor-container elementor-column-gap-default\">\n\t\t\t\t\t<div class=\"elementor-column elementor-col-100 elementor-top-column elementor-element elementor-element-1a16b5cb\" data-id=\"1a16b5cb\" data-element_type=\"column\" data-e-type=\"column\">\n\t\t\t<div class=\"elementor-widget-wrap elementor-element-populated\">\n\t\t\t\t\t\t<div class=\"elementor-element elementor-element-b424e45 elementor-widget elementor-widget-shortcode\" data-id=\"b424e45\" data-element_type=\"widget\" data-e-type=\"widget\" data-widget_type=\"shortcode.default\">\n\t\t\t\t<div class=\"elementor-widget-container\">\n\t\t\t\t\t\t\t<div class=\"elementor-shortcode\"><span><span><a href=\"https:\/\/mespack.com\/es\/\">Home<\/a><\/span><\/span><\/div>\n\t\t\t\t\t\t<\/div>\n\t\t\t\t<\/div>\n\t\t\t\t<div class=\"elementor-element elementor-element-6763ce8f elementor-widget elementor-widget-spacer\" data-id=\"6763ce8f\" data-element_type=\"widget\" data-e-type=\"widget\" data-widget_type=\"spacer.default\">\n\t\t\t\t<div class=\"elementor-widget-container\">\n\t\t\t\t\t\t\t<div class=\"elementor-spacer\">\n\t\t\t<div class=\"elementor-spacer-inner\"><\/div>\n\t\t<\/div>\n\t\t\t\t\t\t<\/div>\n\t\t\t\t<\/div>\n\t\t\t\t<div class=\"elementor-element elementor-element-6972426 elementor-widget-divider--view-line_icon elementor-widget-divider--element-align-left elementor-view-default elementor-widget elementor-widget-divider\" data-id=\"6972426\" data-element_type=\"widget\" data-e-type=\"widget\" data-widget_type=\"divider.default\">\n\t\t\t\t<div class=\"elementor-widget-container\">\n\t\t\t\t\t\t\t<div class=\"elementor-divider\">\n\t\t\t<span class=\"elementor-divider-separator\">\n\t\t\t\t\t\t\t<div class=\"elementor-icon elementor-divider__element\">\n\t\t\t\t\t<svg xmlns=\"http:\/\/www.w3.org\/2000\/svg\" width=\"230\" height=\"19\" viewBox=\"0 0 230 19\" fill=\"none\"><rect width=\"230\" height=\"19\" fill=\"#E3092C\"><\/rect><\/svg><\/div>\n\t\t\t\t\t\t<\/span>\n\t\t<\/div>\n\t\t\t\t\t\t<\/div>\n\t\t\t\t<\/div>\n\t\t\t\t\t<\/div>\n\t\t<\/div>\n\t\t\t\t\t<\/div>\n\t\t<\/section>\n\t\t\t\t<\/div>\n\t\t\t\t<\/div>\n\t\t\t\t\t\t<\/div>\n\t\t\t\t<\/div>\n\t\t\t\t\t<\/div>\n\t\t<\/div>\n\t\t\t\t\t<\/div>\n\t\t<\/section>\n\t\t\t\t<section class=\"elementor-section elementor-top-section elementor-element elementor-element-6abb9ca3 elementor-section-boxed elementor-section-height-default elementor-section-height-default\" data-id=\"6abb9ca3\" data-element_type=\"section\" data-e-type=\"section\">\n\t\t\t\t\t\t<div class=\"elementor-container elementor-column-gap-default\">\n\t\t\t\t\t<div class=\"elementor-column elementor-col-50 elementor-top-column elementor-element elementor-element-47387936\" data-id=\"47387936\" data-element_type=\"column\" data-e-type=\"column\">\n\t\t\t<div class=\"elementor-widget-wrap elementor-element-populated\">\n\t\t\t\t\t\t<div class=\"elementor-element elementor-element-c57277d elementor-widget elementor-widget-image\" data-id=\"c57277d\" data-element_type=\"widget\" data-e-type=\"widget\" data-widget_type=\"image.default\">\n\t\t\t\t<div class=\"elementor-widget-container\">\n\t\t\t\t\t\t\t\t\t\t\t\t\t\t\t<img fetchpriority=\"high\" decoding=\"async\" width=\"680\" height=\"220\" src=\"https:\/\/mespack.com\/wp-content\/uploads\/2023\/06\/web-image-banner-votech.jpg\" class=\"attachment-full size-full wp-image-13443\" alt=\"\" srcset=\"https:\/\/mespack.com\/wp-content\/uploads\/2023\/06\/web-image-banner-votech.jpg 680w, https:\/\/mespack.com\/wp-content\/uploads\/2023\/06\/web-image-banner-votech-300x97.jpg 300w\" sizes=\"(max-width: 680px) 100vw, 680px\" \/>\t\t\t\t\t\t\t\t\t\t\t\t\t\t\t<\/div>\n\t\t\t\t<\/div>\n\t\t\t\t<div class=\"elementor-element elementor-element-4e6d855e elementor-widget elementor-widget-text-editor\" data-id=\"4e6d855e\" data-element_type=\"widget\" data-e-type=\"widget\" data-widget_type=\"text-editor.default\">\n\t\t\t\t<div class=\"elementor-widget-container\">\n\t\t\t\t\t\t\t\t\tVotech es un proveedor de soluciones de automatizaci\u00f3n de envasado de l\u00ednea completa que re\u00fane m\u00e1s de 100 a\u00f1os de experiencia en envasado con las principales marcas de productos de la industria, Fischbein, Saxon y Votech, para ofrecer mayor eficiencia, productividad y rentabilidad a clientes de todo el mundo.<br>Votech garantiza un mayor valor a los clientes al dise\u00f1ar soluciones de gesti\u00f3n de bolsas y embolsado semiautom\u00e1ticas y totalmente autom\u00e1ticas para productos granulados y en polvo en una amplia gama de industrias y aplicaciones. Desde el llenado y el cierre hasta el paletizado y el transporte, el equipo de ingenieros y t\u00e9cnicos de Votech se esmera en garantizar que la calidad de cada componente, cada sistema y cada l\u00ednea integrada supere las expectativas de los clientes.\t\t\t\t\t\t\t\t<\/div>\n\t\t\t\t<\/div>\n\t\t\t\t<div class=\"elementor-element elementor-element-41953bc elementor-widget elementor-widget-button\" data-id=\"41953bc\" data-element_type=\"widget\" data-e-type=\"widget\" data-widget_type=\"button.default\">\n\t\t\t\t<div class=\"elementor-widget-container\">\n\t\t\t\t\t\t\t\t\t<div class=\"elementor-button-wrapper\">\n\t\t\t\t\t<a class=\"elementor-button elementor-button-link elementor-size-lg\" href=\"https:\/\/www.votechbv.com\/\" target=\"_blank\">\n\t\t\t\t\t\t<span class=\"elementor-button-content-wrapper\">\n\t\t\t\t\t\t\t\t\t<span class=\"elementor-button-text\">Visita Votech<\/span>\n\t\t\t\t\t<\/span>\n\t\t\t\t\t<\/a>\n\t\t\t\t<\/div>\n\t\t\t\t\t\t\t\t<\/div>\n\t\t\t\t<\/div>\n\t\t\t\t\t<\/div>\n\t\t<\/div>\n\t\t\t\t<div class=\"elementor-column elementor-col-50 elementor-top-column elementor-element elementor-element-6aafa18\" data-id=\"6aafa18\" data-element_type=\"column\" data-e-type=\"column\">\n\t\t\t<div class=\"elementor-widget-wrap elementor-element-populated\">\n\t\t\t\t\t\t<div class=\"elementor-element elementor-element-6d5557a elementor-nav-menu--dropdown-none elementor-hidden-phone elementor-widget elementor-widget-nav-menu\" data-id=\"6d5557a\" data-element_type=\"widget\" data-e-type=\"widget\" data-settings=\"{&quot;layout&quot;:&quot;vertical&quot;,&quot;submenu_icon&quot;:{&quot;value&quot;:&quot;&lt;svg aria-hidden=\\&quot;true\\&quot; class=\\&quot;e-font-icon-svg e-fas-caret-down\\&quot; viewBox=\\&quot;0 0 320 512\\&quot; xmlns=\\&quot;http:\\\/\\\/www.w3.org\\\/2000\\\/svg\\&quot;&gt;&lt;path d=\\&quot;M31.3 192h257.3c17.8 0 26.7 21.5 14.1 34.1L174.1 354.8c-7.8 7.8-20.5 7.8-28.3 0L17.2 226.1C4.6 213.5 13.5 192 31.3 192z\\&quot;&gt;&lt;\\\/path&gt;&lt;\\\/svg&gt;&quot;,&quot;library&quot;:&quot;fa-solid&quot;}}\" data-widget_type=\"nav-menu.default\">\n\t\t\t\t<div class=\"elementor-widget-container\">\n\t\t\t\t\t\t\t\t<nav aria-label=\"Menu\" class=\"elementor-nav-menu--main elementor-nav-menu__container elementor-nav-menu--layout-vertical e--pointer-underline e--animation-fade\">\n\t\t\t\t<ul id=\"menu-1-6d5557a\" class=\"elementor-nav-menu sm-vertical\"><li class=\"menu-item menu-item-type-post_type menu-item-object-page menu-item-10492\"><a href=\"https:\/\/mespack.com\/es\/familia-duravant\/fmh-conveyors\/\" class=\"elementor-item\">FMH Conveyors<\/a><\/li>\n<li class=\"menu-item menu-item-type-post_type menu-item-object-page menu-item-10494\"><a href=\"https:\/\/mespack.com\/es\/familia-duravant\/foodmate\/\" class=\"elementor-item\">Foodmate<\/a><\/li>\n<li class=\"menu-item menu-item-type-post_type menu-item-object-page menu-item-19918\"><a href=\"https:\/\/mespack.com\/es\/familia-duravant\/henneken\/\" class=\"elementor-item\">Henneken<\/a><\/li>\n<li class=\"menu-item menu-item-type-post_type menu-item-object-page menu-item-10495\"><a href=\"https:\/\/mespack.com\/es\/familia-duravant\/key-technology\/\" class=\"elementor-item\">Key Technology<\/a><\/li>\n<li class=\"menu-item menu-item-type-post_type menu-item-object-page menu-item-14472\"><a href=\"https:\/\/mespack.com\/es\/familia-duravant\/marelec\/\" class=\"elementor-item\">Marelec<\/a><\/li>\n<li class=\"menu-item menu-item-type-post_type menu-item-object-page menu-item-10496\"><a href=\"https:\/\/mespack.com\/es\/familia-duravant\/marlen\/\" class=\"elementor-item\">Marlen<\/a><\/li>\n<li class=\"menu-item menu-item-type-post_type menu-item-object-page menu-item-10497\"><a href=\"https:\/\/mespack.com\/es\/familia-duravant\/mespack\/\" class=\"elementor-item\">Mespack<\/a><\/li>\n<li class=\"menu-item menu-item-type-post_type menu-item-object-page menu-item-10499\"><a href=\"https:\/\/mespack.com\/es\/familia-duravant\/motion06\/\" class=\"elementor-item\">Motion06<\/a><\/li>\n<li class=\"menu-item menu-item-type-post_type menu-item-object-page menu-item-14473\"><a href=\"https:\/\/mespack.com\/es\/familia-duravant\/multiscan\/\" class=\"elementor-item\">Multiscan<\/a><\/li>\n<li class=\"menu-item menu-item-type-post_type menu-item-object-page menu-item-22214\"><a href=\"https:\/\/mespack.com\/es\/familia-duravant\/npi\/\" class=\"elementor-item\">NPI<\/a><\/li>\n<li class=\"menu-item menu-item-type-post_type menu-item-object-page menu-item-10500\"><a href=\"https:\/\/mespack.com\/es\/familia-duravant\/nvenia\/\" class=\"elementor-item\">nVenia<\/a><\/li>\n<li class=\"menu-item menu-item-type-post_type menu-item-object-page menu-item-25463\"><a href=\"https:\/\/mespack.com\/es\/familia-duravant\/pattyn\/\" class=\"elementor-item\">Pattyn<\/a><\/li>\n<li class=\"menu-item menu-item-type-post_type menu-item-object-page menu-item-22215\"><a href=\"https:\/\/mespack.com\/es\/familia-duravant\/poss\/\" class=\"elementor-item\">POSS<\/a><\/li>\n<li class=\"menu-item menu-item-type-post_type menu-item-object-page menu-item-22216\"><a href=\"https:\/\/mespack.com\/es\/familia-duravant\/ppm\/\" class=\"elementor-item\">PPM<\/a><\/li>\n<li class=\"menu-item menu-item-type-post_type menu-item-object-page menu-item-10501\"><a href=\"https:\/\/mespack.com\/es\/familia-duravant\/qc-conveyors\/\" class=\"elementor-item\">QC Conveyors<\/a><\/li>\n<li class=\"menu-item menu-item-type-post_type menu-item-object-page menu-item-22217\"><a href=\"https:\/\/mespack.com\/es\/familia-duravant\/t-tek\/\" class=\"elementor-item\">T-Tek<\/a><\/li>\n<li class=\"menu-item menu-item-type-post_type menu-item-object-page menu-item-14474\"><a href=\"https:\/\/mespack.com\/es\/familia-duravant\/votech\/\" class=\"elementor-item\">Votech<\/a><\/li>\n<li class=\"menu-item menu-item-type-post_type menu-item-object-page menu-item-10502\"><a href=\"https:\/\/mespack.com\/es\/familia-duravant\/weco\/\" class=\"elementor-item\">WECO<\/a><\/li>\n<li class=\"menu-item menu-item-type-post_type menu-item-object-page menu-item-10503\"><a href=\"https:\/\/mespack.com\/es\/familia-duravant\/wulftec\/\" class=\"elementor-item\">Wulftec<\/a><\/li>\n<\/ul>\t\t\t<\/nav>\n\t\t\t\t\t\t<nav class=\"elementor-nav-menu--dropdown elementor-nav-menu__container\" aria-hidden=\"true\">\n\t\t\t\t<ul id=\"menu-2-6d5557a\" class=\"elementor-nav-menu sm-vertical\"><li class=\"menu-item menu-item-type-post_type menu-item-object-page menu-item-10492\"><a href=\"https:\/\/mespack.com\/es\/familia-duravant\/fmh-conveyors\/\" class=\"elementor-item\" tabindex=\"-1\">FMH Conveyors<\/a><\/li>\n<li class=\"menu-item menu-item-type-post_type menu-item-object-page menu-item-10494\"><a href=\"https:\/\/mespack.com\/es\/familia-duravant\/foodmate\/\" class=\"elementor-item\" tabindex=\"-1\">Foodmate<\/a><\/li>\n<li class=\"menu-item menu-item-type-post_type menu-item-object-page menu-item-19918\"><a href=\"https:\/\/mespack.com\/es\/familia-duravant\/henneken\/\" class=\"elementor-item\" tabindex=\"-1\">Henneken<\/a><\/li>\n<li class=\"menu-item menu-item-type-post_type menu-item-object-page menu-item-10495\"><a href=\"https:\/\/mespack.com\/es\/familia-duravant\/key-technology\/\" class=\"elementor-item\" tabindex=\"-1\">Key Technology<\/a><\/li>\n<li class=\"menu-item menu-item-type-post_type menu-item-object-page menu-item-14472\"><a href=\"https:\/\/mespack.com\/es\/familia-duravant\/marelec\/\" class=\"elementor-item\" tabindex=\"-1\">Marelec<\/a><\/li>\n<li class=\"menu-item menu-item-type-post_type menu-item-object-page menu-item-10496\"><a href=\"https:\/\/mespack.com\/es\/familia-duravant\/marlen\/\" class=\"elementor-item\" tabindex=\"-1\">Marlen<\/a><\/li>\n<li class=\"menu-item menu-item-type-post_type menu-item-object-page menu-item-10497\"><a href=\"https:\/\/mespack.com\/es\/familia-duravant\/mespack\/\" class=\"elementor-item\" tabindex=\"-1\">Mespack<\/a><\/li>\n<li class=\"menu-item menu-item-type-post_type menu-item-object-page menu-item-10499\"><a href=\"https:\/\/mespack.com\/es\/familia-duravant\/motion06\/\" class=\"elementor-item\" tabindex=\"-1\">Motion06<\/a><\/li>\n<li class=\"menu-item menu-item-type-post_type menu-item-object-page menu-item-14473\"><a href=\"https:\/\/mespack.com\/es\/familia-duravant\/multiscan\/\" class=\"elementor-item\" tabindex=\"-1\">Multiscan<\/a><\/li>\n<li class=\"menu-item menu-item-type-post_type menu-item-object-page menu-item-22214\"><a href=\"https:\/\/mespack.com\/es\/familia-duravant\/npi\/\" class=\"elementor-item\" tabindex=\"-1\">NPI<\/a><\/li>\n<li class=\"menu-item menu-item-type-post_type menu-item-object-page menu-item-10500\"><a href=\"https:\/\/mespack.com\/es\/familia-duravant\/nvenia\/\" class=\"elementor-item\" tabindex=\"-1\">nVenia<\/a><\/li>\n<li class=\"menu-item menu-item-type-post_type menu-item-object-page menu-item-25463\"><a href=\"https:\/\/mespack.com\/es\/familia-duravant\/pattyn\/\" class=\"elementor-item\" tabindex=\"-1\">Pattyn<\/a><\/li>\n<li class=\"menu-item menu-item-type-post_type menu-item-object-page menu-item-22215\"><a href=\"https:\/\/mespack.com\/es\/familia-duravant\/poss\/\" class=\"elementor-item\" tabindex=\"-1\">POSS<\/a><\/li>\n<li class=\"menu-item menu-item-type-post_type menu-item-object-page menu-item-22216\"><a href=\"https:\/\/mespack.com\/es\/familia-duravant\/ppm\/\" class=\"elementor-item\" tabindex=\"-1\">PPM<\/a><\/li>\n<li class=\"menu-item menu-item-type-post_type menu-item-object-page menu-item-10501\"><a href=\"https:\/\/mespack.com\/es\/familia-duravant\/qc-conveyors\/\" class=\"elementor-item\" tabindex=\"-1\">QC Conveyors<\/a><\/li>\n<li class=\"menu-item menu-item-type-post_type menu-item-object-page menu-item-22217\"><a href=\"https:\/\/mespack.com\/es\/familia-duravant\/t-tek\/\" class=\"elementor-item\" tabindex=\"-1\">T-Tek<\/a><\/li>\n<li class=\"menu-item menu-item-type-post_type menu-item-object-page menu-item-14474\"><a href=\"https:\/\/mespack.com\/es\/familia-duravant\/votech\/\" class=\"elementor-item\" tabindex=\"-1\">Votech<\/a><\/li>\n<li class=\"menu-item menu-item-type-post_type menu-item-object-page menu-item-10502\"><a href=\"https:\/\/mespack.com\/es\/familia-duravant\/weco\/\" class=\"elementor-item\" tabindex=\"-1\">WECO<\/a><\/li>\n<li class=\"menu-item menu-item-type-post_type menu-item-object-page menu-item-10503\"><a href=\"https:\/\/mespack.com\/es\/familia-duravant\/wulftec\/\" class=\"elementor-item\" tabindex=\"-1\">Wulftec<\/a><\/li>\n<\/ul>\t\t\t<\/nav>\n\t\t\t\t\t\t<\/div>\n\t\t\t\t<\/div>\n\t\t\t\t\t<\/div>\n\t\t<\/div>\n\t\t\t\t\t<\/div>\n\t\t<\/section>\n\t\t\t\t<\/div>\n\t\t","protected":false},"excerpt":{"rendered":"<p>Votech es un proveedor de soluciones de automatizaci\u00f3n de envasado de l\u00ednea completa que re\u00fane m\u00e1s de 100 a\u00f1os de experiencia en envasado con las principales marcas de productos de la industria, Fischbein, Saxon y Votech, para ofrecer mayor eficiencia, productividad y rentabilidad a clientes de todo el mundo.Votech garantiza un mayor valor a los [&hellip;]<\/p>\n","protected":false},"author":20,"featured_media":0,"parent":9464,"menu_order":0,"comment_status":"closed","ping_status":"closed","template":"elementor_header_footer","meta":{"_acf_changed":false,"footnotes":""},"class_list":["post-13424","page","type-page","status-publish","hentry"],"acf":[],"yoast_head":"<!-- This site is optimized with the Yoast SEO plugin v27.4 - https:\/\/yoast.com\/product\/yoast-seo-wordpress\/ -->\n<title>Votech &#183; Mespack<\/title>\n<meta name=\"description\" content=\"Fischbein International, l\u00edder mundial en sistemas de sellado, dise\u00f1a y fabrica equipos de envasado de packaging y sistemas completos.\" \/>\n<meta name=\"robots\" content=\"index, follow, max-snippet:-1, max-image-preview:large, max-video-preview:-1\" \/>\n<link rel=\"canonical\" href=\"https:\/\/mespack.com\/es\/familia-duravant\/votech\/\" \/>\n<meta property=\"og:locale\" content=\"es_ES\" \/>\n<meta property=\"og:type\" content=\"article\" \/>\n<meta property=\"og:title\" content=\"Votech &#183; Mespack\" \/>\n<meta property=\"og:description\" content=\"Fischbein International, l\u00edder mundial en sistemas de sellado, dise\u00f1a y fabrica equipos de envasado de packaging y sistemas completos.\" \/>\n<meta property=\"og:url\" content=\"https:\/\/mespack.com\/es\/familia-duravant\/votech\/\" \/>\n<meta property=\"og:site_name\" content=\"Mespack\" \/>\n<meta property=\"article:modified_time\" content=\"2025-12-15T17:43:55+00:00\" \/>\n<meta property=\"og:image\" content=\"https:\/\/mespack.com\/wp-content\/uploads\/2023\/06\/web-image-banner-votech.jpg\" \/>\n\t<meta property=\"og:image:width\" content=\"680\" \/>\n\t<meta property=\"og:image:height\" content=\"220\" \/>\n\t<meta property=\"og:image:type\" content=\"image\/jpeg\" \/>\n<meta name=\"twitter:card\" content=\"summary_large_image\" \/>\n<meta name=\"twitter:label1\" content=\"Tiempo de lectura\" \/>\n\t<meta name=\"twitter:data1\" content=\"1 minuto\" \/>\n<script type=\"application\/ld+json\" class=\"yoast-schema-graph\">{\"@context\":\"https:\\\/\\\/schema.org\",\"@graph\":[{\"@type\":\"WebPage\",\"@id\":\"https:\\\/\\\/mespack.com\\\/es\\\/familia-duravant\\\/votech\\\/\",\"url\":\"https:\\\/\\\/mespack.com\\\/es\\\/familia-duravant\\\/votech\\\/\",\"name\":\"Votech &#183; Mespack\",\"isPartOf\":{\"@id\":\"https:\\\/\\\/mespack.com\\\/es\\\/#website\"},\"primaryImageOfPage\":{\"@id\":\"https:\\\/\\\/mespack.com\\\/es\\\/familia-duravant\\\/votech\\\/#primaryimage\"},\"image\":{\"@id\":\"https:\\\/\\\/mespack.com\\\/es\\\/familia-duravant\\\/votech\\\/#primaryimage\"},\"thumbnailUrl\":\"https:\\\/\\\/mespack.com\\\/wp-content\\\/uploads\\\/2023\\\/06\\\/web-image-banner-votech.jpg\",\"datePublished\":\"2023-06-15T07:51:57+00:00\",\"dateModified\":\"2025-12-15T17:43:55+00:00\",\"description\":\"Fischbein International, l\u00edder mundial en sistemas de sellado, dise\u00f1a y fabrica equipos de envasado de packaging y sistemas completos.\",\"breadcrumb\":{\"@id\":\"https:\\\/\\\/mespack.com\\\/es\\\/familia-duravant\\\/votech\\\/#breadcrumb\"},\"inLanguage\":\"es\",\"potentialAction\":[{\"@type\":\"ReadAction\",\"target\":[\"https:\\\/\\\/mespack.com\\\/es\\\/familia-duravant\\\/votech\\\/\"]}]},{\"@type\":\"ImageObject\",\"inLanguage\":\"es\",\"@id\":\"https:\\\/\\\/mespack.com\\\/es\\\/familia-duravant\\\/votech\\\/#primaryimage\",\"url\":\"https:\\\/\\\/mespack.com\\\/wp-content\\\/uploads\\\/2023\\\/06\\\/web-image-banner-votech.jpg\",\"contentUrl\":\"https:\\\/\\\/mespack.com\\\/wp-content\\\/uploads\\\/2023\\\/06\\\/web-image-banner-votech.jpg\"},{\"@type\":\"BreadcrumbList\",\"@id\":\"https:\\\/\\\/mespack.com\\\/es\\\/familia-duravant\\\/votech\\\/#breadcrumb\",\"itemListElement\":[{\"@type\":\"ListItem\",\"position\":1,\"name\":\"Home\",\"item\":\"https:\\\/\\\/mespack.com\\\/es\\\/\"},{\"@type\":\"ListItem\",\"position\":2,\"name\":\"Familia Duravant\",\"item\":\"https:\\\/\\\/mespack.com\\\/es\\\/duravant-family\\\/\"},{\"@type\":\"ListItem\",\"position\":3,\"name\":\"Votech\"}]},{\"@type\":\"WebSite\",\"@id\":\"https:\\\/\\\/mespack.com\\\/es\\\/#website\",\"url\":\"https:\\\/\\\/mespack.com\\\/es\\\/\",\"name\":\"Mespack\",\"description\":\"A Duravant Company\",\"publisher\":{\"@id\":\"https:\\\/\\\/mespack.com\\\/es\\\/#organization\"},\"potentialAction\":[{\"@type\":\"SearchAction\",\"target\":{\"@type\":\"EntryPoint\",\"urlTemplate\":\"https:\\\/\\\/mespack.com\\\/es\\\/?s={search_term_string}\"},\"query-input\":{\"@type\":\"PropertyValueSpecification\",\"valueRequired\":true,\"valueName\":\"search_term_string\"}}],\"inLanguage\":\"es\"},{\"@type\":\"Organization\",\"@id\":\"https:\\\/\\\/mespack.com\\\/es\\\/#organization\",\"name\":\"Mespack\",\"url\":\"https:\\\/\\\/mespack.com\\\/es\\\/\",\"logo\":{\"@type\":\"ImageObject\",\"inLanguage\":\"es\",\"@id\":\"https:\\\/\\\/mespack.com\\\/es\\\/#\\\/schema\\\/logo\\\/image\\\/\",\"url\":\"https:\\\/\\\/mespack.com\\\/wp-content\\\/uploads\\\/2021\\\/07\\\/logo-mespack-1.svg\",\"contentUrl\":\"https:\\\/\\\/mespack.com\\\/wp-content\\\/uploads\\\/2021\\\/07\\\/logo-mespack-1.svg\",\"width\":1,\"height\":1,\"caption\":\"Mespack\"},\"image\":{\"@id\":\"https:\\\/\\\/mespack.com\\\/es\\\/#\\\/schema\\\/logo\\\/image\\\/\"},\"sameAs\":[\"https:\\\/\\\/www.linkedin.com\\\/company\\\/mespack\\\/\"]}]}<\/script>\n<!-- \/ Yoast SEO plugin. -->","yoast_head_json":{"title":"Votech &#183; Mespack","description":"Fischbein International, l\u00edder mundial en sistemas de sellado, dise\u00f1a y fabrica equipos de envasado de packaging y sistemas completos.","robots":{"index":"index","follow":"follow","max-snippet":"max-snippet:-1","max-image-preview":"max-image-preview:large","max-video-preview":"max-video-preview:-1"},"canonical":"https:\/\/mespack.com\/es\/familia-duravant\/votech\/","og_locale":"es_ES","og_type":"article","og_title":"Votech &#183; Mespack","og_description":"Fischbein International, l\u00edder mundial en sistemas de sellado, dise\u00f1a y fabrica equipos de envasado de packaging y sistemas completos.","og_url":"https:\/\/mespack.com\/es\/familia-duravant\/votech\/","og_site_name":"Mespack","article_modified_time":"2025-12-15T17:43:55+00:00","og_image":[{"width":680,"height":220,"url":"https:\/\/mespack.com\/wp-content\/uploads\/2023\/06\/web-image-banner-votech.jpg","type":"image\/jpeg"}],"twitter_card":"summary_large_image","twitter_misc":{"Tiempo de lectura":"1 minuto"},"schema":{"@context":"https:\/\/schema.org","@graph":[{"@type":"WebPage","@id":"https:\/\/mespack.com\/es\/familia-duravant\/votech\/","url":"https:\/\/mespack.com\/es\/familia-duravant\/votech\/","name":"Votech &#183; Mespack","isPartOf":{"@id":"https:\/\/mespack.com\/es\/#website"},"primaryImageOfPage":{"@id":"https:\/\/mespack.com\/es\/familia-duravant\/votech\/#primaryimage"},"image":{"@id":"https:\/\/mespack.com\/es\/familia-duravant\/votech\/#primaryimage"},"thumbnailUrl":"https:\/\/mespack.com\/wp-content\/uploads\/2023\/06\/web-image-banner-votech.jpg","datePublished":"2023-06-15T07:51:57+00:00","dateModified":"2025-12-15T17:43:55+00:00","description":"Fischbein International, l\u00edder mundial en sistemas de sellado, dise\u00f1a y fabrica equipos de envasado de packaging y sistemas completos.","breadcrumb":{"@id":"https:\/\/mespack.com\/es\/familia-duravant\/votech\/#breadcrumb"},"inLanguage":"es","potentialAction":[{"@type":"ReadAction","target":["https:\/\/mespack.com\/es\/familia-duravant\/votech\/"]}]},{"@type":"ImageObject","inLanguage":"es","@id":"https:\/\/mespack.com\/es\/familia-duravant\/votech\/#primaryimage","url":"https:\/\/mespack.com\/wp-content\/uploads\/2023\/06\/web-image-banner-votech.jpg","contentUrl":"https:\/\/mespack.com\/wp-content\/uploads\/2023\/06\/web-image-banner-votech.jpg"},{"@type":"BreadcrumbList","@id":"https:\/\/mespack.com\/es\/familia-duravant\/votech\/#breadcrumb","itemListElement":[{"@type":"ListItem","position":1,"name":"Home","item":"https:\/\/mespack.com\/es\/"},{"@type":"ListItem","position":2,"name":"Familia Duravant","item":"https:\/\/mespack.com\/es\/duravant-family\/"},{"@type":"ListItem","position":3,"name":"Votech"}]},{"@type":"WebSite","@id":"https:\/\/mespack.com\/es\/#website","url":"https:\/\/mespack.com\/es\/","name":"Mespack","description":"A Duravant Company","publisher":{"@id":"https:\/\/mespack.com\/es\/#organization"},"potentialAction":[{"@type":"SearchAction","target":{"@type":"EntryPoint","urlTemplate":"https:\/\/mespack.com\/es\/?s={search_term_string}"},"query-input":{"@type":"PropertyValueSpecification","valueRequired":true,"valueName":"search_term_string"}}],"inLanguage":"es"},{"@type":"Organization","@id":"https:\/\/mespack.com\/es\/#organization","name":"Mespack","url":"https:\/\/mespack.com\/es\/","logo":{"@type":"ImageObject","inLanguage":"es","@id":"https:\/\/mespack.com\/es\/#\/schema\/logo\/image\/","url":"https:\/\/mespack.com\/wp-content\/uploads\/2021\/07\/logo-mespack-1.svg","contentUrl":"https:\/\/mespack.com\/wp-content\/uploads\/2021\/07\/logo-mespack-1.svg","width":1,"height":1,"caption":"Mespack"},"image":{"@id":"https:\/\/mespack.com\/es\/#\/schema\/logo\/image\/"},"sameAs":["https:\/\/www.linkedin.com\/company\/mespack\/"]}]}},"_links":{"self":[{"href":"https:\/\/mespack.com\/es\/wp-json\/wp\/v2\/pages\/13424","targetHints":{"allow":["GET"]}}],"collection":[{"href":"https:\/\/mespack.com\/es\/wp-json\/wp\/v2\/pages"}],"about":[{"href":"https:\/\/mespack.com\/es\/wp-json\/wp\/v2\/types\/page"}],"author":[{"embeddable":true,"href":"https:\/\/mespack.com\/es\/wp-json\/wp\/v2\/users\/20"}],"replies":[{"embeddable":true,"href":"https:\/\/mespack.com\/es\/wp-json\/wp\/v2\/comments?post=13424"}],"version-history":[{"count":2,"href":"https:\/\/mespack.com\/es\/wp-json\/wp\/v2\/pages\/13424\/revisions"}],"predecessor-version":[{"id":26465,"href":"https:\/\/mespack.com\/es\/wp-json\/wp\/v2\/pages\/13424\/revisions\/26465"}],"up":[{"embeddable":true,"href":"https:\/\/mespack.com\/es\/wp-json\/wp\/v2\/pages\/9464"}],"wp:attachment":[{"href":"https:\/\/mespack.com\/es\/wp-json\/wp\/v2\/media?parent=13424"}],"curies":[{"name":"wp","href":"https:\/\/api.w.org\/{rel}","templated":true}]}}